{"id":23403,"date":"2025-03-15T10:20:22","date_gmt":"2025-03-15T14:20:22","guid":{"rendered":"https:\/\/naillycosmetics.com\/product\/staleks-carbide-nail-drill-bit-nail-cleaner-diameter-1-2mm-working-part-2-5mm-ft11-012-2-5\/"},"modified":"2026-05-13T15:07:46","modified_gmt":"2026-05-13T19:07:46","slug":"staleks-carbide-nail-drill-bit-nail-cleaner-diameter-1-2mm-working-part-2-5mm-ft11-012-2-5","status":"publish","type":"product","link":"https:\/\/naillycosmetics.com\/fr\/produit\/staleks-carbide-nail-drill-bit-nail-cleaner-diameter-1-2mm-working-part-2-5mm-ft11-012-2-5\/","title":{"rendered":"Staleks Carbide Nail Drill Bit, \"Nail Cleaner\", Diameter 1.2mm, Working Part 2.5mm (FT11\/012\/2.5)"},"content":{"rendered":"","protected":false},"excerpt":{"rendered":"<p>FT11\/012\/2.5<\/p>","protected":false},"featured_media":24962,"comment_status":"open","ping_status":"closed","template":"","meta":{"jetpack_post_was_ever_published":false,"jetpack_publicize_message":"","jetpack_publicize_feature_enabled":true,"jetpack_social_post_already_shared":true,"jetpack_social_options":{"image_generator_settings":{"template":"highway","default_image_id":0,"font":"","enabled":false},"version":2}},"product_brand":[931],"product_cat":[365],"product_tag":[603],"class_list":{"0":"post-23403","1":"product","2":"type-product","3":"status-publish","4":"has-post-thumbnail","6":"product_brand-staleks","7":"product_cat-staleks-nail-bits","8":"product_tag-carbide-drill-bits","10":"first","11":"instock","12":"taxable","13":"shipping-taxable","14":"purchasable","15":"product-type-simple"},"jetpack_publicize_connections":[],"jetpack-related-posts":[{"id":23481,"url":"https:\/\/naillycosmetics.com\/fr\/produit\/staleks-pro-expert-diamond-nail-drill-bit-duo-cone-red-blue-head-diameter-2-5-mm-working-part-8-mm\/","url_meta":{"origin":23403,"position":0},"title":"Staleks PRO EXPERT Foret diamant\u00e9 pour ongles DUO Cone Rouge et Bleu (diam\u00e8tre de la t\u00eate 2.5 mm \/ partie travaillante 8 mm)","author":"Serge Sahakian","date":"mars 14, 2025","format":false,"excerpt":"FA70RB025\/8","rel":"","context":"Article similaire","block_context":{"text":"Article similaire","link":""},"img":{"alt_text":"","src":"https:\/\/i0.wp.com\/naillycosmetics.com\/wp-content\/uploads\/2026\/02\/fa70rb025_8-2_result-1.jpg?fit=1200%2C1200&ssl=1&resize=350%2C200","width":350,"height":200,"srcset":"https:\/\/i0.wp.com\/naillycosmetics.com\/wp-content\/uploads\/2026\/02\/fa70rb025_8-2_result-1.jpg?fit=1200%2C1200&ssl=1&resize=350%2C200 1x, https:\/\/i0.wp.com\/naillycosmetics.com\/wp-content\/uploads\/2026\/02\/fa70rb025_8-2_result-1.jpg?fit=1200%2C1200&ssl=1&resize=525%2C300 1.5x, https:\/\/i0.wp.com\/naillycosmetics.com\/wp-content\/uploads\/2026\/02\/fa70rb025_8-2_result-1.jpg?fit=1200%2C1200&ssl=1&resize=700%2C400 2x, https:\/\/i0.wp.com\/naillycosmetics.com\/wp-content\/uploads\/2026\/02\/fa70rb025_8-2_result-1.jpg?fit=1200%2C1200&ssl=1&resize=1050%2C600 3x"},"classes":[]},{"id":23483,"url":"https:\/\/naillycosmetics.com\/fr\/produit\/staleks-pro-expert-diamond-nail-drill-bit-duo-cone-blue-green-head-diameter-2-5-mm-working-part-8-mm\/","url_meta":{"origin":23403,"position":1},"title":"Staleks PRO EXPERT Foret diamant\u00e9 pour ongles DUO Cone Bleu et Vert (diam\u00e8tre de la t\u00eate 2.5 mm \/ partie travaillante 8 mm)","author":"Serge Sahakian","date":"mars 14, 2025","format":false,"excerpt":"FA70BG025\/8","rel":"","context":"Article similaire","block_context":{"text":"Article similaire","link":""},"img":{"alt_text":"","src":"https:\/\/i0.wp.com\/naillycosmetics.com\/wp-content\/uploads\/2026\/02\/fa70bg025_8-2_result-1.jpg?fit=1200%2C1200&ssl=1&resize=350%2C200","width":350,"height":200,"srcset":"https:\/\/i0.wp.com\/naillycosmetics.com\/wp-content\/uploads\/2026\/02\/fa70bg025_8-2_result-1.jpg?fit=1200%2C1200&ssl=1&resize=350%2C200 1x, https:\/\/i0.wp.com\/naillycosmetics.com\/wp-content\/uploads\/2026\/02\/fa70bg025_8-2_result-1.jpg?fit=1200%2C1200&ssl=1&resize=525%2C300 1.5x, https:\/\/i0.wp.com\/naillycosmetics.com\/wp-content\/uploads\/2026\/02\/fa70bg025_8-2_result-1.jpg?fit=1200%2C1200&ssl=1&resize=700%2C400 2x, https:\/\/i0.wp.com\/naillycosmetics.com\/wp-content\/uploads\/2026\/02\/fa70bg025_8-2_result-1.jpg?fit=1200%2C1200&ssl=1&resize=1050%2C600 3x"},"classes":[]},{"id":12362,"url":"https:\/\/naillycosmetics.com\/fr\/produit\/nailly-professional-ceramic-nail-drill-bit-flame-medium-coarse-3-32-blue\/","url_meta":{"origin":23403,"position":2},"title":"Nailly Professional Ceramic Nail Drill Bit Flame Medium Coarse 3\/32\u2033 Blue","author":"Serge Sahakian","date":"juin 5, 2023","format":false,"excerpt":"","rel":"","context":"Article similaire","block_context":{"text":"Article similaire","link":""},"img":{"alt_text":"","src":"https:\/\/i0.wp.com\/naillycosmetics.com\/wp-content\/uploads\/2026\/02\/ceramic-nail-drill-bit-flame-33222-c-medium-2-1.png?fit=750%2C1000&ssl=1&resize=350%2C200","width":350,"height":200,"srcset":"https:\/\/i0.wp.com\/naillycosmetics.com\/wp-content\/uploads\/2026\/02\/ceramic-nail-drill-bit-flame-33222-c-medium-2-1.png?fit=750%2C1000&ssl=1&resize=350%2C200 1x, https:\/\/i0.wp.com\/naillycosmetics.com\/wp-content\/uploads\/2026\/02\/ceramic-nail-drill-bit-flame-33222-c-medium-2-1.png?fit=750%2C1000&ssl=1&resize=525%2C300 1.5x, https:\/\/i0.wp.com\/naillycosmetics.com\/wp-content\/uploads\/2026\/02\/ceramic-nail-drill-bit-flame-33222-c-medium-2-1.png?fit=750%2C1000&ssl=1&resize=700%2C400 2x"},"classes":[]},{"id":22656,"url":"https:\/\/naillycosmetics.com\/fr\/produit\/msmo-nail-drill-bits-set-of-6-01-2\/","url_meta":{"origin":23403,"position":3},"title":"MSMO Forets pour clous Set de 6 #01","author":"Serge Sahakian","date":"octobre 16, 2025","format":false,"excerpt":"","rel":"","context":"Article similaire","block_context":{"text":"Article similaire","link":""},"img":{"alt_text":"","src":"https:\/\/i0.wp.com\/naillycosmetics.com\/wp-content\/uploads\/2026\/02\/msmo1-3.png?fit=1200%2C1200&ssl=1&resize=350%2C200","width":350,"height":200,"srcset":"https:\/\/i0.wp.com\/naillycosmetics.com\/wp-content\/uploads\/2026\/02\/msmo1-3.png?fit=1200%2C1200&ssl=1&resize=350%2C200 1x, https:\/\/i0.wp.com\/naillycosmetics.com\/wp-content\/uploads\/2026\/02\/msmo1-3.png?fit=1200%2C1200&ssl=1&resize=525%2C300 1.5x, https:\/\/i0.wp.com\/naillycosmetics.com\/wp-content\/uploads\/2026\/02\/msmo1-3.png?fit=1200%2C1200&ssl=1&resize=700%2C400 2x, https:\/\/i0.wp.com\/naillycosmetics.com\/wp-content\/uploads\/2026\/02\/msmo1-3.png?fit=1200%2C1200&ssl=1&resize=1050%2C600 3x"},"classes":[]},{"id":22654,"url":"https:\/\/naillycosmetics.com\/fr\/produit\/msmo-nail-drill-bits-set-of-6-02-2\/","url_meta":{"origin":23403,"position":4},"title":"MSMO Forets pour clous Set de 6 #02","author":"Serge Sahakian","date":"octobre 16, 2025","format":false,"excerpt":"","rel":"","context":"Article similaire","block_context":{"text":"Article similaire","link":""},"img":{"alt_text":"","src":"https:\/\/i0.wp.com\/naillycosmetics.com\/wp-content\/uploads\/2026\/02\/msmo1-2.png?fit=1200%2C1200&ssl=1&resize=350%2C200","width":350,"height":200,"srcset":"https:\/\/i0.wp.com\/naillycosmetics.com\/wp-content\/uploads\/2026\/02\/msmo1-2.png?fit=1200%2C1200&ssl=1&resize=350%2C200 1x, https:\/\/i0.wp.com\/naillycosmetics.com\/wp-content\/uploads\/2026\/02\/msmo1-2.png?fit=1200%2C1200&ssl=1&resize=525%2C300 1.5x, https:\/\/i0.wp.com\/naillycosmetics.com\/wp-content\/uploads\/2026\/02\/msmo1-2.png?fit=1200%2C1200&ssl=1&resize=700%2C400 2x, https:\/\/i0.wp.com\/naillycosmetics.com\/wp-content\/uploads\/2026\/02\/msmo1-2.png?fit=1200%2C1200&ssl=1&resize=1050%2C600 3x"},"classes":[]},{"id":28423,"url":"https:\/\/naillycosmetics.com\/fr\/produit\/staleks-straight-mineral-nail-file-expert-20-100-180-grit-25-pcs\/","url_meta":{"origin":23403,"position":5},"title":"Staleks Lime \u00e0 ongles min\u00e9rale droite EXPERT 20 100\/180 grit (25 pcs)","author":"Serge Sahakian","date":"mars 4, 2026","format":false,"excerpt":"","rel":"","context":"Article similaire","block_context":{"text":"Article similaire","link":""},"img":{"alt_text":"","src":"https:\/\/i0.wp.com\/naillycosmetics.com\/wp-content\/uploads\/2026\/03\/nfe-20-100-180-25-1.jpg?fit=1200%2C1200&ssl=1&resize=350%2C200","width":350,"height":200,"srcset":"https:\/\/i0.wp.com\/naillycosmetics.com\/wp-content\/uploads\/2026\/03\/nfe-20-100-180-25-1.jpg?fit=1200%2C1200&ssl=1&resize=350%2C200 1x, https:\/\/i0.wp.com\/naillycosmetics.com\/wp-content\/uploads\/2026\/03\/nfe-20-100-180-25-1.jpg?fit=1200%2C1200&ssl=1&resize=525%2C300 1.5x, https:\/\/i0.wp.com\/naillycosmetics.com\/wp-content\/uploads\/2026\/03\/nfe-20-100-180-25-1.jpg?fit=1200%2C1200&ssl=1&resize=700%2C400 2x, https:\/\/i0.wp.com\/naillycosmetics.com\/wp-content\/uploads\/2026\/03\/nfe-20-100-180-25-1.jpg?fit=1200%2C1200&ssl=1&resize=1050%2C600 3x"},"classes":[]}],"jetpack_sharing_enabled":true,"_links":{"self":[{"href":"https:\/\/naillycosmetics.com\/fr\/wp-json\/wp\/v2\/product\/23403","targetHints":{"allow":["GET"]}}],"collection":[{"href":"https:\/\/naillycosmetics.com\/fr\/wp-json\/wp\/v2\/product"}],"about":[{"href":"https:\/\/naillycosmetics.com\/fr\/wp-json\/wp\/v2\/types\/product"}],"replies":[{"embeddable":true,"href":"https:\/\/naillycosmetics.com\/fr\/wp-json\/wp\/v2\/comments?post=23403"}],"wp:featuredmedia":[{"embeddable":true,"href":"https:\/\/naillycosmetics.com\/fr\/wp-json\/wp\/v2\/media\/24962"}],"wp:attachment":[{"href":"https:\/\/naillycosmetics.com\/fr\/wp-json\/wp\/v2\/media?parent=23403"}],"wp:term":[{"taxonomy":"product_brand","embeddable":true,"href":"https:\/\/naillycosmetics.com\/fr\/wp-json\/wp\/v2\/product_brand?post=23403"},{"taxonomy":"product_cat","embeddable":true,"href":"https:\/\/naillycosmetics.com\/fr\/wp-json\/wp\/v2\/product_cat?post=23403"},{"taxonomy":"product_tag","embeddable":true,"href":"https:\/\/naillycosmetics.com\/fr\/wp-json\/wp\/v2\/product_tag?post=23403"}],"curies":[{"name":"wp","href":"https:\/\/api.w.org\/{rel}","templated":true}]}}