{"id":23374,"date":"2025-03-14T18:20:20","date_gmt":"2025-03-14T22:20:20","guid":{"rendered":"https:\/\/naillycosmetics.com\/product\/staleks-pro-combo-uniq-35-narrow-toenail-file-with-a-bent-end-working-part-of-the-pedicure-pusher\/"},"modified":"2026-03-04T20:10:59","modified_gmt":"2026-03-05T01:10:59","slug":"staleks-combo-uniq-35-narrow-toenail-file-with-a-bent-end-working-part-of-the-pedicure-pusher","status":"publish","type":"product","link":"https:\/\/naillycosmetics.com\/fr\/produit\/staleks-combo-uniq-35-narrow-toenail-file-with-a-bent-end-working-part-of-the-pedicure-pusher\/","title":{"rendered":"Staleks Combo UNIQ 35 lime \u00e9troite pour ongles d'orteils avec une extr\u00e9mit\u00e9 courb\u00e9e (partie fonctionnelle du pousseur de p\u00e9dicure)"},"content":{"rendered":"","protected":false},"excerpt":{"rendered":"<p>WPPQ-35<\/p>","protected":false},"featured_media":25101,"comment_status":"open","ping_status":"closed","template":"","meta":{"jetpack_post_was_ever_published":false,"jetpack_publicize_message":"","jetpack_publicize_feature_enabled":true,"jetpack_social_post_already_shared":true,"jetpack_social_options":{"image_generator_settings":{"template":"highway","default_image_id":0,"font":"","enabled":false},"version":2}},"product_brand":[931],"product_cat":[362],"product_tag":[606],"class_list":{"0":"post-23374","1":"product","2":"type-product","3":"status-publish","4":"has-post-thumbnail","6":"product_brand-staleks","7":"product_cat-staleks-cuticle-pushers","8":"product_tag-cuticle-pushers","10":"first","11":"instock","12":"taxable","13":"shipping-taxable","14":"purchasable","15":"product-type-simple"},"jetpack_publicize_connections":[],"jetpack-related-posts":[{"id":23378,"url":"https:\/\/naillycosmetics.com\/fr\/produit\/staleks-combo-uniq-37-toenail-file-with-a-bent-end-working-part-of-the-pedicure-pusher\/","url_meta":{"origin":23374,"position":0},"title":"Staleks Combo UNIQ 37 lime \u00e0 ongles avec une extr\u00e9mit\u00e9 courb\u00e9e (partie active du pousseur de p\u00e9dicure)","author":"Serge Sahakian","date":"mars 14, 2025","format":false,"excerpt":"WPPQ-37","rel":"","context":"Article similaire","block_context":{"text":"Article similaire","link":""},"img":{"alt_text":"","src":"https:\/\/i0.wp.com\/naillycosmetics.com\/wp-content\/uploads\/2026\/02\/25331348acf563cf5c6f9bc299fb2791-1.jpg?fit=1200%2C1200&ssl=1&resize=350%2C200","width":350,"height":200,"srcset":"https:\/\/i0.wp.com\/naillycosmetics.com\/wp-content\/uploads\/2026\/02\/25331348acf563cf5c6f9bc299fb2791-1.jpg?fit=1200%2C1200&ssl=1&resize=350%2C200 1x, https:\/\/i0.wp.com\/naillycosmetics.com\/wp-content\/uploads\/2026\/02\/25331348acf563cf5c6f9bc299fb2791-1.jpg?fit=1200%2C1200&ssl=1&resize=525%2C300 1.5x, https:\/\/i0.wp.com\/naillycosmetics.com\/wp-content\/uploads\/2026\/02\/25331348acf563cf5c6f9bc299fb2791-1.jpg?fit=1200%2C1200&ssl=1&resize=700%2C400 2x, https:\/\/i0.wp.com\/naillycosmetics.com\/wp-content\/uploads\/2026\/02\/25331348acf563cf5c6f9bc299fb2791-1.jpg?fit=1200%2C1200&ssl=1&resize=1050%2C600 3x"},"classes":[]},{"id":23376,"url":"https:\/\/naillycosmetics.com\/fr\/produit\/staleks-combo-uniq-36-straight-narrow-toenail-file-working-part-of-the-pedicure-pusher\/","url_meta":{"origin":23374,"position":1},"title":"Staleks Combo UNIQ 36 lime droite et \u00e9troite pour ongles d'orteils (partie fonctionnelle du pousseur de p\u00e9dicure)","author":"Serge Sahakian","date":"mars 14, 2025","format":false,"excerpt":"WPPQ-36","rel":"","context":"Article similaire","block_context":{"text":"Article similaire","link":""},"img":{"alt_text":"","src":"https:\/\/i0.wp.com\/naillycosmetics.com\/wp-content\/uploads\/2026\/02\/f6c5ac270088c716b67f94e295f8ebfa-1.jpg?fit=1200%2C1200&ssl=1&resize=350%2C200","width":350,"height":200,"srcset":"https:\/\/i0.wp.com\/naillycosmetics.com\/wp-content\/uploads\/2026\/02\/f6c5ac270088c716b67f94e295f8ebfa-1.jpg?fit=1200%2C1200&ssl=1&resize=350%2C200 1x, https:\/\/i0.wp.com\/naillycosmetics.com\/wp-content\/uploads\/2026\/02\/f6c5ac270088c716b67f94e295f8ebfa-1.jpg?fit=1200%2C1200&ssl=1&resize=525%2C300 1.5x, https:\/\/i0.wp.com\/naillycosmetics.com\/wp-content\/uploads\/2026\/02\/f6c5ac270088c716b67f94e295f8ebfa-1.jpg?fit=1200%2C1200&ssl=1&resize=700%2C400 2x, https:\/\/i0.wp.com\/naillycosmetics.com\/wp-content\/uploads\/2026\/02\/f6c5ac270088c716b67f94e295f8ebfa-1.jpg?fit=1200%2C1200&ssl=1&resize=1050%2C600 3x"},"classes":[]},{"id":23380,"url":"https:\/\/naillycosmetics.com\/fr\/produit\/staleks-combo-uniq-38-straight-toenail-file-working-part-of-the-pedicure-pusher\/","url_meta":{"origin":23374,"position":2},"title":"Staleks Combo UNIQ 38 lime droite pour ongles d'orteils (partie fonctionnelle du pousseur de p\u00e9dicure)","author":"Serge Sahakian","date":"mars 14, 2025","format":false,"excerpt":"WPPQ-38","rel":"","context":"Article similaire","block_context":{"text":"Article similaire","link":""},"img":{"alt_text":"","src":"https:\/\/i0.wp.com\/naillycosmetics.com\/wp-content\/uploads\/2026\/02\/717006ee04a389e6301113f033598b03-1.jpg?fit=1200%2C1200&ssl=1&resize=350%2C200","width":350,"height":200,"srcset":"https:\/\/i0.wp.com\/naillycosmetics.com\/wp-content\/uploads\/2026\/02\/717006ee04a389e6301113f033598b03-1.jpg?fit=1200%2C1200&ssl=1&resize=350%2C200 1x, https:\/\/i0.wp.com\/naillycosmetics.com\/wp-content\/uploads\/2026\/02\/717006ee04a389e6301113f033598b03-1.jpg?fit=1200%2C1200&ssl=1&resize=525%2C300 1.5x, https:\/\/i0.wp.com\/naillycosmetics.com\/wp-content\/uploads\/2026\/02\/717006ee04a389e6301113f033598b03-1.jpg?fit=1200%2C1200&ssl=1&resize=700%2C400 2x, https:\/\/i0.wp.com\/naillycosmetics.com\/wp-content\/uploads\/2026\/02\/717006ee04a389e6301113f033598b03-1.jpg?fit=1200%2C1200&ssl=1&resize=1050%2C600 3x"},"classes":[]},{"id":23372,"url":"https:\/\/naillycosmetics.com\/fr\/produit\/staleks-combo-uniq-34-toenail-cleaner-working-part-of-the-pedicure-pusher\/","url_meta":{"origin":23374,"position":3},"title":"Staleks Combo UNIQ 34 Nettoyeur d'ongles de pied (partie active du pousseur de p\u00e9dicure)","author":"Serge Sahakian","date":"mars 14, 2025","format":false,"excerpt":"WPPQ-34","rel":"","context":"Article similaire","block_context":{"text":"Article similaire","link":""},"img":{"alt_text":"","src":"https:\/\/i0.wp.com\/naillycosmetics.com\/wp-content\/uploads\/2026\/02\/698dfc8f25e0187880ee51d114c155d8-1.jpg?fit=1200%2C1200&ssl=1&resize=350%2C200","width":350,"height":200,"srcset":"https:\/\/i0.wp.com\/naillycosmetics.com\/wp-content\/uploads\/2026\/02\/698dfc8f25e0187880ee51d114c155d8-1.jpg?fit=1200%2C1200&ssl=1&resize=350%2C200 1x, https:\/\/i0.wp.com\/naillycosmetics.com\/wp-content\/uploads\/2026\/02\/698dfc8f25e0187880ee51d114c155d8-1.jpg?fit=1200%2C1200&ssl=1&resize=525%2C300 1.5x, https:\/\/i0.wp.com\/naillycosmetics.com\/wp-content\/uploads\/2026\/02\/698dfc8f25e0187880ee51d114c155d8-1.jpg?fit=1200%2C1200&ssl=1&resize=700%2C400 2x, https:\/\/i0.wp.com\/naillycosmetics.com\/wp-content\/uploads\/2026\/02\/698dfc8f25e0187880ee51d114c155d8-1.jpg?fit=1200%2C1200&ssl=1&resize=1050%2C600 3x"},"classes":[]},{"id":23370,"url":"https:\/\/naillycosmetics.com\/fr\/produit\/staleks-combo-uniq-33-hemisphere-curette-working-part-of-the-pedicure-pusher\/","url_meta":{"origin":23374,"position":4},"title":"Staleks Combo UNIQ 33 Hemisphere Curette (Partie active du pousseur p\u00e9dicure)","author":"Serge Sahakian","date":"mars 14, 2025","format":false,"excerpt":"WPPQ-33","rel":"","context":"Article similaire","block_context":{"text":"Article similaire","link":""},"img":{"alt_text":"","src":"https:\/\/i0.wp.com\/naillycosmetics.com\/wp-content\/uploads\/2026\/02\/61c126975fb27a281e64cec52c807d5c-1.jpg?fit=1200%2C1200&ssl=1&resize=350%2C200","width":350,"height":200,"srcset":"https:\/\/i0.wp.com\/naillycosmetics.com\/wp-content\/uploads\/2026\/02\/61c126975fb27a281e64cec52c807d5c-1.jpg?fit=1200%2C1200&ssl=1&resize=350%2C200 1x, https:\/\/i0.wp.com\/naillycosmetics.com\/wp-content\/uploads\/2026\/02\/61c126975fb27a281e64cec52c807d5c-1.jpg?fit=1200%2C1200&ssl=1&resize=525%2C300 1.5x, https:\/\/i0.wp.com\/naillycosmetics.com\/wp-content\/uploads\/2026\/02\/61c126975fb27a281e64cec52c807d5c-1.jpg?fit=1200%2C1200&ssl=1&resize=700%2C400 2x, https:\/\/i0.wp.com\/naillycosmetics.com\/wp-content\/uploads\/2026\/02\/61c126975fb27a281e64cec52c807d5c-1.jpg?fit=1200%2C1200&ssl=1&resize=1050%2C600 3x"},"classes":[]},{"id":23414,"url":"https:\/\/naillycosmetics.com\/fr\/produit\/staleks-combo-uniq-32-curette-bend-to-the-right-working-part-of-the-pedicure-pusher\/","url_meta":{"origin":23374,"position":5},"title":"Staleks Combo UNIQ 32 Curette \"plier vers la droite\" (Partie active du pousseur p\u00e9dicure)","author":"Serge Sahakian","date":"mars 14, 2025","format":false,"excerpt":"WPPQ-32","rel":"","context":"Article similaire","block_context":{"text":"Article similaire","link":""},"img":{"alt_text":"","src":"https:\/\/i0.wp.com\/naillycosmetics.com\/wp-content\/uploads\/2026\/02\/08b84d0b26212c1d8dd533094d869827-1.jpg?fit=1200%2C1200&ssl=1&resize=350%2C200","width":350,"height":200,"srcset":"https:\/\/i0.wp.com\/naillycosmetics.com\/wp-content\/uploads\/2026\/02\/08b84d0b26212c1d8dd533094d869827-1.jpg?fit=1200%2C1200&ssl=1&resize=350%2C200 1x, https:\/\/i0.wp.com\/naillycosmetics.com\/wp-content\/uploads\/2026\/02\/08b84d0b26212c1d8dd533094d869827-1.jpg?fit=1200%2C1200&ssl=1&resize=525%2C300 1.5x, https:\/\/i0.wp.com\/naillycosmetics.com\/wp-content\/uploads\/2026\/02\/08b84d0b26212c1d8dd533094d869827-1.jpg?fit=1200%2C1200&ssl=1&resize=700%2C400 2x, https:\/\/i0.wp.com\/naillycosmetics.com\/wp-content\/uploads\/2026\/02\/08b84d0b26212c1d8dd533094d869827-1.jpg?fit=1200%2C1200&ssl=1&resize=1050%2C600 3x"},"classes":[]}],"jetpack_sharing_enabled":true,"_links":{"self":[{"href":"https:\/\/naillycosmetics.com\/fr\/wp-json\/wp\/v2\/product\/23374","targetHints":{"allow":["GET"]}}],"collection":[{"href":"https:\/\/naillycosmetics.com\/fr\/wp-json\/wp\/v2\/product"}],"about":[{"href":"https:\/\/naillycosmetics.com\/fr\/wp-json\/wp\/v2\/types\/product"}],"replies":[{"embeddable":true,"href":"https:\/\/naillycosmetics.com\/fr\/wp-json\/wp\/v2\/comments?post=23374"}],"wp:featuredmedia":[{"embeddable":true,"href":"https:\/\/naillycosmetics.com\/fr\/wp-json\/wp\/v2\/media\/25101"}],"wp:attachment":[{"href":"https:\/\/naillycosmetics.com\/fr\/wp-json\/wp\/v2\/media?parent=23374"}],"wp:term":[{"taxonomy":"product_brand","embeddable":true,"href":"https:\/\/naillycosmetics.com\/fr\/wp-json\/wp\/v2\/product_brand?post=23374"},{"taxonomy":"product_cat","embeddable":true,"href":"https:\/\/naillycosmetics.com\/fr\/wp-json\/wp\/v2\/product_cat?post=23374"},{"taxonomy":"product_tag","embeddable":true,"href":"https:\/\/naillycosmetics.com\/fr\/wp-json\/wp\/v2\/product_tag?post=23374"}],"curies":[{"name":"wp","href":"https:\/\/api.w.org\/{rel}","templated":true}]}}