{"id":23298,"date":"2025-12-23T11:37:17","date_gmt":"2025-12-23T16:37:17","guid":{"rendered":"https:\/\/naillycosmetics.com\/en\/product\/ulka-built-in-tornado-desktop-black-manicure-dust-collector-kit-2-hepa-filter-1-wooden-stick-1-brush-2\/"},"modified":"2026-02-17T19:32:00","modified_gmt":"2026-02-18T00:32:00","slug":"ulka-built-in-tornado-desktop-black-manicure-dust-collector-kit-2-hepa-filter-1-wooden-stick-1-brush","status":"publish","type":"product","link":"https:\/\/naillycosmetics.com\/fr\/produit\/ulka-built-in-tornado-desktop-black-manicure-dust-collector-kit-2-hepa-filter-1-wooden-stick-1-brush\/","title":{"rendered":"\u00dcLKA D\u00e9poussi\u00e9reur de bureau Tornado int\u00e9gr\u00e9 pour manucure + Kit (2 filtres HEPA, 1 b\u00e2ton en bois et 1 brosse)"},"content":{"rendered":"<p>Le syst\u00e8me \u00e0 double ventilateur assure une aspiration r\u00e9guli\u00e8re et \u00e9quilibr\u00e9e sur toute la surface, du centre aux bords. Avec une puissance de 60 W et une vitesse d'aspiration de 3,2 m\/s, il \u00e9limine rapidement la poussi\u00e8re des ongles, pour un espace de travail impeccable.<\/p><p>Le format int\u00e9gr\u00e9 permet \u00e0 l'appareil d'affleurer votre table de travail, lib\u00e9rant ainsi de l'espace et permettant une circulation totale. L'\u00e9vacuation lat\u00e9rale de l'air \u00e9loigne le flux d'air du client et du technicien, garantissant ainsi une exp\u00e9rience confortable.<\/p><p>Les grilles magn\u00e9tiques facilitent l'acc\u00e8s aux filtres. Le bouton de r\u00e9glage de la puissance vous permet d'ajuster la force d'aspiration \u00e0 chaque t\u00e2che en temps r\u00e9el.<\/p><p>L'\u00dcLKA Tornado est construit avec des composants durables con\u00e7us pour une utilisation quotidienne, et b\u00e9n\u00e9ficie d'une garantie officielle de 5 ans.<\/p><ul class=\"wp-block-list\"><li>Puissance : 60W<\/li>\n\n<li>Niveau sonore : 85 dB<\/li>\n\n<li>Vitesse d'aspiration : 3,2 m\/s<\/li>\n\n<li>Nombre de ventilateurs : 2<\/li>\n\n<li>Dimensions : 30,5 \u00d7 21,8 \u00d7 8,7 cm<\/li>\n\n<li>Poids : 1,57 kg<\/li>\n\n<li>Garantie : 5 ans<\/li><\/ul><p>MISE \u00c0 JOUR IMPORTANTE<\/p><p>\u00c0 partir du 1er juillet 2025, de nouvelles conditions de garantie s'appliqueront \u00e0 toutes les ventes effectu\u00e9es \u00e0 partir de cette date. Ces mises \u00e0 jour sont con\u00e7ues pour aider les clients \u00e0 maintenir leurs machines en parfait \u00e9tat et entra\u00eeneront \u00e9galement une augmentation de la demande de filtres de remplacement, ce qui cr\u00e9era une excellente opportunit\u00e9 de vente pour vous.<\/p><p>Qu'est-ce qui change ?<br>Remplacement r\u00e9gulier du filtre pour une performance optimale<br>Les clients doivent remplacer leurs filtres HEPA tous les 2 mois et leurs filtres \u00e0 poches tous les 4 mois pour garantir un fonctionnement optimal. Pour les demandes de garantie, ils devront fournir la preuve de l'achat des filtres.<\/p>","protected":false},"excerpt":{"rendered":"<p>D\u00e9poussi\u00e9reur int\u00e9gr\u00e9 \u00dcLKA Tornado \u00dcLKA Tornado \u00e9l\u00e8ve la propret\u00e9 de l'espace de travail \u00e0 un niveau sup\u00e9rieur. Ce d\u00e9poussi\u00e9reur professionnel encastrable est \u00e9quip\u00e9 de deux ventilateurs puissants pour une aspiration homog\u00e8ne et constante sur toute la surface, et pas seulement au centre. Il est \u00e9quip\u00e9 d'une commande d'aspiration r\u00e9glable, d'une sortie d'air lat\u00e9rale et de grilles magn\u00e9tiques pour faciliter l'entretien.<\/p>\n<ul>\n<li>Conception int\u00e9gr\u00e9e - \u00e9conomise de l'espace et garde votre bureau d\u00e9gag\u00e9<\/li>\n<li>Aspiration performante - d\u00e9poussi\u00e9rage rapide et efficace<\/li>\n<li>Garantie officielle de 5 ans<\/li>\n<\/ul>\n<p>Sp\u00e9cifications du produit :<\/p>\n<p><img loading=\"lazy\" decoding=\"async\" class=\"size-full wp-image-21796 alignleft\" src=\"http:\/\/victoriavynn.ca\/wp-content\/uploads\/2025\/05\/dust-extracted.webp\" alt=\"DUST EXTRACTED\" width=\"125\" height=\"150\" \/><\/p>\n<p><img loading=\"lazy\" decoding=\"async\" class=\"size-full wp-image-43102 alignleft\" src=\"http:\/\/victoriavynn.ca\/wp-content\/uploads\/2025\/12\/60w-power.webp\" alt=\"60w power\" width=\"125\" height=\"150\" \/><\/p>\n<p><img loading=\"lazy\" decoding=\"async\" class=\"size-full wp-image-21798 alignleft\" src=\"http:\/\/victoriavynn.ca\/wp-content\/uploads\/2025\/05\/5-years-warranty.webp\" alt=\"5 YEARS WARRANTY\" width=\"125\" height=\"150\" \/><\/p>\n<p>&nbsp;<\/p>\n<p>&nbsp;<\/p>\n<p>&nbsp;<\/p>\n<p>&nbsp;<\/p>\n<p>&nbsp;<\/p>\n<p>&nbsp;<\/p>\n<p>&nbsp;<\/p>","protected":false},"featured_media":23292,"comment_status":"open","ping_status":"closed","template":"","meta":{"jetpack_post_was_ever_published":false,"jetpack_publicize_message":"","jetpack_publicize_feature_enabled":true,"jetpack_social_post_already_shared":true,"jetpack_social_options":{"image_generator_settings":{"template":"highway","default_image_id":0,"font":"","enabled":false},"version":2}},"product_brand":[900],"product_cat":[899],"product_tag":[898],"class_list":{"0":"post-23298","1":"product","2":"type-product","3":"status-publish","4":"has-post-thumbnail","6":"product_brand-ulka","7":"product_cat-nano-dust-collectors","8":"product_tag-dust-collectors","9":"pa_color-black-2","10":"pa_color-gray","11":"pa_color-white-2","13":"first","14":"instock","15":"taxable","16":"shipping-taxable","17":"purchasable","18":"product-type-variable"},"jetpack_publicize_connections":[],"jetpack-related-posts":[{"id":23300,"url":"https:\/\/naillycosmetics.com\/fr\/produit\/ulka-hepa-filter-textile-for-ulka-nano-tornado-bee-dust-collectors\/","url_meta":{"origin":23298,"position":0},"title":"\u00dcLKA HEPA Filter Textile pour les d\u00e9poussi\u00e9reurs \u00dcLKA Nano\/Tornado\/Bee","author":"Serge Sahakian","date":"d\u00e9cembre 23, 2025","format":false,"excerpt":"Filtre textile HEPA \u00e0 haute efficacit\u00e9 pour les d\u00e9poussi\u00e9reurs \u00dcLKA Nano, Tornado et Bee. Capture sup\u00e9rieure de la poussi\u00e8re et flux d'air propre.","rel":"","context":"Article similaire","block_context":{"text":"Article similaire","link":""},"img":{"alt_text":"","src":"https:\/\/i0.wp.com\/naillycosmetics.com\/wp-content\/uploads\/2025\/12\/ulka-nanobee-filter-1-1.jpg?fit=750%2C1000&ssl=1&resize=350%2C200","width":350,"height":200,"srcset":"https:\/\/i0.wp.com\/naillycosmetics.com\/wp-content\/uploads\/2025\/12\/ulka-nanobee-filter-1-1.jpg?fit=750%2C1000&ssl=1&resize=350%2C200 1x, https:\/\/i0.wp.com\/naillycosmetics.com\/wp-content\/uploads\/2025\/12\/ulka-nanobee-filter-1-1.jpg?fit=750%2C1000&ssl=1&resize=525%2C300 1.5x, https:\/\/i0.wp.com\/naillycosmetics.com\/wp-content\/uploads\/2025\/12\/ulka-nanobee-filter-1-1.jpg?fit=750%2C1000&ssl=1&resize=700%2C400 2x"},"classes":[]},{"id":5181,"url":"https:\/\/naillycosmetics.com\/fr\/produit\/cat-eye-gel-polish-234-kyanite\/","url_meta":{"origin":23298,"position":1},"title":"Victoria VYNN Salon Gel Polish No. 234 Cat Eye Kyanite","author":"Serge Sahakian","date":"septembre 4, 2022","format":false,"excerpt":"Le vernis hybride magn\u00e9tique de la collection Cat Eye garantit un design \u00e0 la mode avec un effet \u00e9l\u00e9gant de poussi\u00e8re magn\u00e9tique, dont l'emplacement sur l'ongle peut \u00eatre contr\u00f4l\u00e9 \u00e0 l'aide d'un aimant. Cat Eye Kyanite avec des accents verts et bleus. La couleur de vernis gel Victoria VYNN la plus vendue au Canada est...","rel":"","context":"Article similaire","block_context":{"text":"Article similaire","link":""},"img":{"alt_text":"cat eye gel polish 234_","src":"https:\/\/i0.wp.com\/naillycosmetics.com\/wp-content\/uploads\/2026\/02\/salon-gel-polish-234_.png?fit=1000%2C1000&ssl=1&resize=350%2C200","width":350,"height":200,"srcset":"https:\/\/i0.wp.com\/naillycosmetics.com\/wp-content\/uploads\/2026\/02\/salon-gel-polish-234_.png?fit=1000%2C1000&ssl=1&resize=350%2C200 1x, https:\/\/i0.wp.com\/naillycosmetics.com\/wp-content\/uploads\/2026\/02\/salon-gel-polish-234_.png?fit=1000%2C1000&ssl=1&resize=525%2C300 1.5x, https:\/\/i0.wp.com\/naillycosmetics.com\/wp-content\/uploads\/2026\/02\/salon-gel-polish-234_.png?fit=1000%2C1000&ssl=1&resize=700%2C400 2x"},"classes":[]},{"id":1116,"url":"https:\/\/naillycosmetics.com\/fr\/produit\/spider-gel\/","url_meta":{"origin":23298,"position":2},"title":"Gel pour araign\u00e9e Victoria VYNN","author":"Serge Sahakian","date":"mars 11, 2020","format":false,"excerpt":"Victoria VYNN Spider Gel est un gel flexible pour la d\u00e9coration, parfait pour r\u00e9aliser un nail art spectaculaire et, en m\u00eame temps, tr\u00e8s rapide. Sa consistance dense et caoutchouteuse permet de r\u00e9aliser des lignes parfaitement droites et des motifs g\u00e9om\u00e9triques. Il peut \u00eatre appliqu\u00e9 sur le gel, le gel acrylique et les vernis hybrides. Il...","rel":"","context":"Article similaire","block_context":{"text":"Article similaire","link":""},"img":{"alt_text":"Spider Gel","src":"https:\/\/i0.wp.com\/naillycosmetics.com\/wp-content\/uploads\/2020\/03\/Spider-Gel-White.png?fit=1000%2C1000&ssl=1&resize=350%2C200","width":350,"height":200,"srcset":"https:\/\/i0.wp.com\/naillycosmetics.com\/wp-content\/uploads\/2020\/03\/Spider-Gel-White.png?fit=1000%2C1000&ssl=1&resize=350%2C200 1x, https:\/\/i0.wp.com\/naillycosmetics.com\/wp-content\/uploads\/2020\/03\/Spider-Gel-White.png?fit=1000%2C1000&ssl=1&resize=525%2C300 1.5x, https:\/\/i0.wp.com\/naillycosmetics.com\/wp-content\/uploads\/2020\/03\/Spider-Gel-White.png?fit=1000%2C1000&ssl=1&resize=700%2C400 2x"},"classes":[]},{"id":23189,"url":"https:\/\/naillycosmetics.com\/fr\/produit\/ulka-sterilization-pouches-with-indicator-100mmx200mm-100-pcs\/","url_meta":{"origin":23298,"position":3},"title":"\u00dcLKA Sachets de st\u00e9rilisation avec indicateur 100mmx200mm (100 pcs)","author":"Serge Sahakian","date":"d\u00e9cembre 10, 2025","format":false,"excerpt":"Les sachets de st\u00e9rilisation \u00dcLKA avec indicateur (100 mm x 200 mm) permettent un stockage s\u00fbr et st\u00e9rile des outils de grande taille. R\u00e9sistantes aux temp\u00e9ratures \u00e9lev\u00e9es, elles sont parfaites pour les st\u00e9rilisateurs \u00e0 chaleur s\u00e8che. Sp\u00e9cifications du produit : Pochettes de st\u00e9rilisation de 100 mm x 200 mm (100 pi\u00e8ces par paquet) Indicateur de couleur int\u00e9gr\u00e9 confirmant la temp\u00e9rature de st\u00e9rilisation Fermeture auto-scellante pour une protection s\u00fbre et inviolable R\u00e9sistant aux hautes temp\u00e9ratures - id\u00e9al...","rel":"","context":"Article similaire","block_context":{"text":"Article similaire","link":""},"img":{"alt_text":"sterilization pouche 200mmx100mm","src":"https:\/\/i0.wp.com\/naillycosmetics.com\/wp-content\/uploads\/2026\/02\/sterilization-pouche-200mmx100mm-.webp?fit=750%2C1000&ssl=1&resize=350%2C200","width":350,"height":200,"srcset":"https:\/\/i0.wp.com\/naillycosmetics.com\/wp-content\/uploads\/2026\/02\/sterilization-pouche-200mmx100mm-.webp?fit=750%2C1000&ssl=1&resize=350%2C200 1x, https:\/\/i0.wp.com\/naillycosmetics.com\/wp-content\/uploads\/2026\/02\/sterilization-pouche-200mmx100mm-.webp?fit=750%2C1000&ssl=1&resize=525%2C300 1.5x, https:\/\/i0.wp.com\/naillycosmetics.com\/wp-content\/uploads\/2026\/02\/sterilization-pouche-200mmx100mm-.webp?fit=750%2C1000&ssl=1&resize=700%2C400 2x"},"classes":[]},{"id":11350,"url":"https:\/\/naillycosmetics.com\/fr\/produit\/pharm-foot-best-hand-and-body-butter\/","url_meta":{"origin":23298,"position":4},"title":"Pharm Foot Paradise Butter 120ml (SPA Ritual Paradise Touch)","author":"Serge Sahakian","date":"avril 13, 2023","format":false,"excerpt":"SPA Ritual Paradise Touch Butter is the Best Hand and Body Butter which is especially used to keep the skin of the whole body in perfect condition, healthy, radiant and nourished. Enriched with 100% natural ingredients such as apricot, avocado, sweet almond oils, shea butter and beeswax, the SPA Ritual\u2026","rel":"","context":"Article similaire","block_context":{"text":"Article similaire","link":""},"img":{"alt_text":"Victoria VYNN Pharm Foot SPA Ritual Paradise Touch Best Hand and Body butter bergamot & grapefruit","src":"https:\/\/i0.wp.com\/naillycosmetics.com\/wp-content\/uploads\/2026\/02\/victoria-vynn-pharm-foot-spa-ritual-paradise-touch-best-hand-and-body-butter-bergamot-grapefruit-1-1.webp?fit=750%2C1000&ssl=1&resize=350%2C200","width":350,"height":200,"srcset":"https:\/\/i0.wp.com\/naillycosmetics.com\/wp-content\/uploads\/2026\/02\/victoria-vynn-pharm-foot-spa-ritual-paradise-touch-best-hand-and-body-butter-bergamot-grapefruit-1-1.webp?fit=750%2C1000&ssl=1&resize=350%2C200 1x, https:\/\/i0.wp.com\/naillycosmetics.com\/wp-content\/uploads\/2026\/02\/victoria-vynn-pharm-foot-spa-ritual-paradise-touch-best-hand-and-body-butter-bergamot-grapefruit-1-1.webp?fit=750%2C1000&ssl=1&resize=525%2C300 1.5x, https:\/\/i0.wp.com\/naillycosmetics.com\/wp-content\/uploads\/2026\/02\/victoria-vynn-pharm-foot-spa-ritual-paradise-touch-best-hand-and-body-butter-bergamot-grapefruit-1-1.webp?fit=750%2C1000&ssl=1&resize=700%2C400 2x"},"classes":[]},{"id":4557,"url":"https:\/\/naillycosmetics.com\/fr\/produit\/beige-cream-nail-polish-003\/","url_meta":{"origin":23298,"position":5},"title":"Victoria VYNN iQ Vernis \u00e0 ongles No. 003 Beige Cream","author":"Serge Sahakian","date":"septembre 4, 2022","format":false,"excerpt":"Le vernis \u00e0 ongles cr\u00e8me beige, un beige translucide, est parfait pour les motifs fran\u00e7ais. Il a son \u00e9quivalent dans la collection Gel Polish 006. Avec les couleurs du vernis \u00e0 ongles Victoria VYNN iQ, vous pouvez profiter de l'effet pendant 10 jours, comme apr\u00e8s une visite au salon ! La formule riche en...","rel":"","context":"Article similaire","block_context":{"text":"Article similaire","link":""},"img":{"alt_text":"beige cream nail polish","src":"https:\/\/i0.wp.com\/naillycosmetics.com\/wp-content\/uploads\/2026\/02\/beige-cream-nail-polish.png?fit=750%2C1000&ssl=1&resize=350%2C200","width":350,"height":200,"srcset":"https:\/\/i0.wp.com\/naillycosmetics.com\/wp-content\/uploads\/2026\/02\/beige-cream-nail-polish.png?fit=750%2C1000&ssl=1&resize=350%2C200 1x, https:\/\/i0.wp.com\/naillycosmetics.com\/wp-content\/uploads\/2026\/02\/beige-cream-nail-polish.png?fit=750%2C1000&ssl=1&resize=525%2C300 1.5x, https:\/\/i0.wp.com\/naillycosmetics.com\/wp-content\/uploads\/2026\/02\/beige-cream-nail-polish.png?fit=750%2C1000&ssl=1&resize=700%2C400 2x"},"classes":[]}],"jetpack_sharing_enabled":true,"_links":{"self":[{"href":"https:\/\/naillycosmetics.com\/fr\/wp-json\/wp\/v2\/product\/23298","targetHints":{"allow":["GET"]}}],"collection":[{"href":"https:\/\/naillycosmetics.com\/fr\/wp-json\/wp\/v2\/product"}],"about":[{"href":"https:\/\/naillycosmetics.com\/fr\/wp-json\/wp\/v2\/types\/product"}],"replies":[{"embeddable":true,"href":"https:\/\/naillycosmetics.com\/fr\/wp-json\/wp\/v2\/comments?post=23298"}],"wp:featuredmedia":[{"embeddable":true,"href":"https:\/\/naillycosmetics.com\/fr\/wp-json\/wp\/v2\/media\/23292"}],"wp:attachment":[{"href":"https:\/\/naillycosmetics.com\/fr\/wp-json\/wp\/v2\/media?parent=23298"}],"wp:term":[{"taxonomy":"product_brand","embeddable":true,"href":"https:\/\/naillycosmetics.com\/fr\/wp-json\/wp\/v2\/product_brand?post=23298"},{"taxonomy":"product_cat","embeddable":true,"href":"https:\/\/naillycosmetics.com\/fr\/wp-json\/wp\/v2\/product_cat?post=23298"},{"taxonomy":"product_tag","embeddable":true,"href":"https:\/\/naillycosmetics.com\/fr\/wp-json\/wp\/v2\/product_tag?post=23298"}],"curies":[{"name":"wp","href":"https:\/\/api.w.org\/{rel}","templated":true}]}}