{"id":22901,"date":"2025-11-09T20:30:54","date_gmt":"2025-11-10T01:30:54","guid":{"rendered":"https:\/\/naillycosmetics.com\/en\/product\/victoria-vynn-salon-gel-polish-top-coat-top-it-no-wipe\/"},"modified":"2026-04-07T18:43:13","modified_gmt":"2026-04-07T22:43:13","slug":"victoria-vynn-salon-gel-polish-top-coat-top-it-no-wipe","status":"publish","type":"product","link":"https:\/\/naillycosmetics.com\/fr\/produit\/victoria-vynn-salon-gel-polish-top-coat-top-it-no-wipe\/","title":{"rendered":"Victoria VYNN Salon Gel Polish Top Coat \u201cTop It\u201d No Wipe"},"content":{"rendered":"<h2 class=\"wp-block-heading\">\u2705 Qu'est-ce que c'est ?<\/h2><ul class=\"wp-block-list\"><li>Il s'agit d'un <strong>vernis de finition en gel transparent<\/strong> con\u00e7u pour la cure UV\/LED que vous appliquez sur votre vernis gel ou votre manucure hybride. <\/li>\n\n<li>\u201cLa mention \u201dNo Wipe\" signifie qu'apr\u00e8s le durcissement, vous devez <strong>il n'est pas n\u00e9cessaire d'enlever une couche collante\/dispersive<\/strong> - c'est-\u00e0-dire qu'il n'est pas n\u00e9cessaire d'essuyer l'ongle avec un nettoyant apr\u00e8s le durcissement.<\/li>\n\n<li>Il dispose d'un <strong>consistance fine et autolissante<\/strong>, Ce syst\u00e8me permet d'obtenir une finition lisse sans inonder la zone des cuticules. <\/li>\n\n<li>Il se caract\u00e9rise par une subtile <strong>teinte bleue<\/strong> qui, selon la marque, permet d'\u00e9claircir les couleurs n\u00e9on ou pastel (sous certains \u00e9clairages) et de renforcer la brillance.<\/li>\n\n<li>Selon le fabricant, il est destin\u00e9 \u00e0 un usage professionnel (ou du moins avec une pr\u00e9paration des ongles et un \u00e9quipement appropri\u00e9s).<\/li><\/ul><hr class=\"wp-block-separator has-alpha-channel-opacity\" \/><h2 class=\"wp-block-heading\">? ??? Principales caract\u00e9ristiques et avantages<\/h2><ul class=\"wp-block-list\"><li>Comme il ne s'essuie pas, il permet d'\u00e9conomiser une \u00e9tape dans la finition de la manucure (pas besoin d'essuyer la couche collante). Cela permet d'acc\u00e9l\u00e9rer les choses et de r\u00e9duire le risque de salir la couche de finition fra\u00eeche.<\/li>\n\n<li>La brillance miroir : Il met l'accent sur la \u201cbrillance spectaculaire, semblable \u00e0 celle d'un miroir\u201d et sur la \u201cdurabilit\u00e9 ... pendant plusieurs semaines\u201d.\u201d <\/li>\n\n<li>Protection : Aide \u00e0 prot\u00e9ger la manucure des rayures, des abrasions et de l'usure g\u00e9n\u00e9rale.<\/li>\n\n<li>Compatibilit\u00e9 : Convient aux manucures au vernis gel ainsi qu'aux ongles en gel et en polygel.<\/li>\n\n<li>La consistance fine auto-nivelante permet une application uniforme et r\u00e9duit l'accumulation des bords.<\/li><\/ul><hr class=\"wp-block-separator has-alpha-channel-opacity\" \/><h2 class=\"wp-block-heading\">? ??? Mode d'emploi<\/h2><ol class=\"wp-block-list\"><li>Effectuez votre pr\u00e9paration habituelle : formez, nettoyez l'ongle, \u00e9liminez les huiles, appliquez la couche de base et les couches de couleur souhait\u00e9es.<\/li>\n\n<li>Appliquez la derni\u00e8re couche de couleur et faites durcir comme d'habitude (selon les instructions du vernis).<\/li>\n\n<li>Appliquez le Top It No Wipe sur la couleur durcie, en veillant \u00e0 recouvrir le bord libre (facultatif mais utile pour la durabilit\u00e9).<\/li>\n\n<li>Durcir la couche de finition sous une lampe UV\/LED : La sp\u00e9cification indique que pour une lampe UV\/LED de 36 W, le temps de durcissement est d'environ 1 \u00e0 2 heures. <strong>60 secondes<\/strong>. <\/li>\n\n<li>Comme il s'agit d'un \u201cno wipe\u201d, apr\u00e8s le durcissement vous <strong>n'ont pas besoin d'\u00eatre essuy\u00e9s<\/strong> toute couche d'interf\u00e9rence\/dispersion. La manucure devrait \u00eatre pr\u00eate.<\/li>\n\n<li>Pour le retrait : le fabricant indique que le retrait se fait \u00e0 l'aide d'une lime \u00e0 ongles ou d'une perceuse (selon le cas) pour un retrait en toute s\u00e9curit\u00e9 de la manucure compl\u00e8te au gel. <\/li><\/ol><hr class=\"wp-block-separator has-alpha-channel-opacity\" \/><h2 class=\"wp-block-heading\">? ??? Caract\u00e9ristiques techniques et sp\u00e9cifications des ingr\u00e9dients<\/h2><ul class=\"wp-block-list\"><li>Le produit indique : Couche dispersive : <strong>non<\/strong> (c'est-\u00e0-dire sans couche collante)<\/li>\n\n<li>Indice de viscosit\u00e9 : <strong>moyen<\/strong> - ce qui signifie que l'\u00e9paisseur\/le d\u00e9bit est mod\u00e9r\u00e9, ce qui affecte la maniabilit\u00e9. <\/li>\n\n<li>Durcissable sous lampes UV et LED (sp\u00e9cification 36W) <\/li>\n\n<li>Id\u00e9al pour l'utilisation de poudres de chrome \u00e9galement (c'est-\u00e0-dire que vous pouvez appliquer la poudre de chrome par-dessus apr\u00e8s environ 20 secondes de durcissement pour une lampe de 36W).<\/li><\/ul><hr class=\"wp-block-separator has-alpha-channel-opacity\" \/><h2 class=\"wp-block-heading\">? ??? Quand et pourquoi vous le choisirez<\/h2><ul class=\"wp-block-list\"><li>Si vous souhaitez un <strong>finition brillante et durable<\/strong> avec un minimum d'\u00e9tapes de finition.<\/li>\n\n<li>Si vous travaillez avec un gel\/polygel multicouche et que vous souhaitez un top coat qui scelle bien le tout et donne une brillance professionnelle.<\/li>\n\n<li>Si vous n'aimez pas la couche collante que produisent de nombreux top coats et que vous voulez sauter l'\u00e9tape du nettoyage.<\/li>\n\n<li>Si vous r\u00e9alisez des finitions en couleur o\u00f9 l'effet de teinte bleue\/\u00e9claircissement peut \u00eatre utile (n\u00e9ons\/p\u00e2tes) - bien qu'il s'agisse d'un effet subtil.<\/li>\n\n<li>Dans un salon de coiffure ou pour les utilisateurs avanc\u00e9s \u00e0 domicile qui disposent d'une lampe appropri\u00e9e et qui sont \u00e0 l'aise avec les syst\u00e8mes de gel.<\/li><\/ul><hr class=\"wp-block-separator has-alpha-channel-opacity\" \/><h2 class=\"wp-block-heading\">? ??? INCI<\/h2><p>COPOLYM\u00c8RE D'ACRYLATES, M\u00c9THACRYLATE D'ISOBORNYLE, HYDROXYCYCLOHEXYL PH\u00c9NYLC\u00c9TONE, OXYDE DE BIS-TRIM\u00c9THYLBENZOYLE PH\u00c9NYLPHOSPHINE, SILICE. <\/p>","protected":false},"excerpt":{"rendered":"<p data-pm-slice=\"1 1 []\">Le Top Coat Top It No Wipe de Victoria VYNN est un top coat solide de qualit\u00e9 professionnelle dont les caract\u00e9ristiques s'adaptent bien \u00e0 l'utilisation en salon - en particulier la commodit\u00e9 du no-wipe, la fluidit\u00e9 de l'auto-nivellement et la finition tr\u00e8s brillante.<\/p>\n<p data-pm-slice=\"1 1 []\">Sp\u00e9cification du produit :<\/p>\n<p data-pm-slice=\"1 1 []\"><img loading=\"lazy\" decoding=\"async\" class=\"size-full wp-image-8772 alignleft\" src=\"http:\/\/victoriavynn.ca\/wp-content\/uploads\/2019\/11\/SALON-QUALITY.webp\" alt=\"GEL NAIL BUILDER\" width=\"125\" height=\"150\" \/><img loading=\"lazy\" decoding=\"async\" class=\"size-full wp-image-8758 alignleft\" src=\"http:\/\/victoriavynn.ca\/wp-content\/uploads\/2020\/03\/FOR-UV-LED-LAMPS.webp\" alt=\"rubber base coat\" width=\"125\" height=\"150\" \/><img loading=\"lazy\" decoding=\"async\" class=\"size-full wp-image-11853 alignleft\" src=\"http:\/\/victoriavynn.ca\/wp-content\/uploads\/2023\/03\/LONG-LASTING.webp\" alt=\"LONG LASTING\" width=\"125\" height=\"150\" srcset=\"https:\/\/i0.wp.com\/naillycosmetics.com\/wp-content\/uploads\/2023\/03\/LONG-LASTING.webp?w=125&amp;ssl=1 125w, https:\/\/i0.wp.com\/naillycosmetics.com\/wp-content\/uploads\/2023\/03\/LONG-LASTING.webp?resize=10%2C12&amp;ssl=1 10w\" sizes=\"auto, (max-width: 125px) 100vw, 125px\" \/><img loading=\"lazy\" decoding=\"async\" class=\"size-medium wp-image-37120 alignleft\" src=\"http:\/\/victoriavynn.ca\/wp-content\/uploads\/2025\/10\/super-shine-effect.webp\" alt=\"\" width=\"125\" height=\"150\" \/><\/p>\n<p data-pm-slice=\"1 1 []\">\u00a0<\/p>\n<p data-pm-slice=\"1 1 []\">\u00a0<\/p>\n<p data-pm-slice=\"1 1 []\">\u00a0<\/p>\n<p data-pm-slice=\"1 1 []\">\u00a0<\/p>\n<p data-pm-slice=\"1 1 []\">\u00a0<\/p>\n<p data-pm-slice=\"1 1 []\">\u00a0<\/p>","protected":false},"featured_media":22899,"comment_status":"open","ping_status":"closed","template":"","meta":{"jetpack_post_was_ever_published":false,"jetpack_publicize_message":"","jetpack_publicize_feature_enabled":true,"jetpack_social_post_already_shared":true,"jetpack_social_options":{"image_generator_settings":{"template":"highway","default_image_id":0,"font":"","enabled":false},"version":2}},"product_brand":[932],"product_cat":[55],"product_tag":[930],"class_list":{"0":"post-22901","1":"product","2":"type-product","3":"status-publish","4":"has-post-thumbnail","6":"product_brand-victoria-vynn","7":"product_cat-best-gel-top-coats","8":"product_tag-top-it-top-coat","9":"pa_size-15ml","10":"pa_size-8ml","12":"first","13":"instock","14":"taxable","15":"shipping-taxable","16":"purchasable","17":"product-type-variable","18":"wvs-archive-product-wrapper"},"jetpack_publicize_connections":[],"jetpack-related-posts":[{"id":1698,"url":"https:\/\/naillycosmetics.com\/fr\/produit\/victoria-vynn-salon-gel-polish-top-coat-matt-no-wipe\/","url_meta":{"origin":22901,"position":0},"title":"Victoria VYNN Salon Gel Polish Top Coat No Wipe MATT","author":"Serge Sahakian","date":"mars 17, 2020","format":false,"excerpt":"Victoria VYNN Salon Gel Polish","rel":"","context":"Article similaire","block_context":{"text":"Article similaire","link":""},"img":{"alt_text":"","src":"https:\/\/i0.wp.com\/naillycosmetics.com\/wp-content\/uploads\/2020\/03\/gel-polish-top-no-wipe-matt.jpg?fit=753%2C753&ssl=1&resize=350%2C200","width":350,"height":200,"srcset":"https:\/\/i0.wp.com\/naillycosmetics.com\/wp-content\/uploads\/2020\/03\/gel-polish-top-no-wipe-matt.jpg?fit=753%2C753&ssl=1&resize=350%2C200 1x, https:\/\/i0.wp.com\/naillycosmetics.com\/wp-content\/uploads\/2020\/03\/gel-polish-top-no-wipe-matt.jpg?fit=753%2C753&ssl=1&resize=525%2C300 1.5x, https:\/\/i0.wp.com\/naillycosmetics.com\/wp-content\/uploads\/2020\/03\/gel-polish-top-no-wipe-matt.jpg?fit=753%2C753&ssl=1&resize=700%2C400 2x"},"classes":[]},{"id":1702,"url":"https:\/\/naillycosmetics.com\/fr\/produit\/victoria-vynn-salon-gel-polish-top-coat-shimmer-purple-no-wipe\/","url_meta":{"origin":22901,"position":1},"title":"Victoria VYNN Salon Gel Polish Top Coat No Wipe Shimmer Purple","author":"Serge Sahakian","date":"mars 17, 2020","format":false,"excerpt":"Victoria VYNN Salon Gel Polish","rel":"","context":"Article similaire","block_context":{"text":"Article similaire","link":""},"img":{"alt_text":"","src":"https:\/\/i0.wp.com\/naillycosmetics.com\/wp-content\/uploads\/2020\/03\/Top_Purple.jpg?fit=753%2C753&ssl=1&resize=350%2C200","width":350,"height":200,"srcset":"https:\/\/i0.wp.com\/naillycosmetics.com\/wp-content\/uploads\/2020\/03\/Top_Purple.jpg?fit=753%2C753&ssl=1&resize=350%2C200 1x, https:\/\/i0.wp.com\/naillycosmetics.com\/wp-content\/uploads\/2020\/03\/Top_Purple.jpg?fit=753%2C753&ssl=1&resize=525%2C300 1.5x, https:\/\/i0.wp.com\/naillycosmetics.com\/wp-content\/uploads\/2020\/03\/Top_Purple.jpg?fit=753%2C753&ssl=1&resize=700%2C400 2x"},"classes":[]},{"id":1700,"url":"https:\/\/naillycosmetics.com\/fr\/produit\/victoria-vynn-salon-gel-polish-top-coat-shimmer-multicolor-no-wipe\/","url_meta":{"origin":22901,"position":2},"title":"Victoria VYNN Salon Gel Polish Top Coat No Wipe Shimmer Multicolor","author":"Serge Sahakian","date":"mars 17, 2020","format":false,"excerpt":"Victoria VYNN Salon Gel Polish","rel":"","context":"Article similaire","block_context":{"text":"Article similaire","link":""},"img":{"alt_text":"","src":"https:\/\/i0.wp.com\/naillycosmetics.com\/wp-content\/uploads\/2020\/03\/Top_Multicolor-rend.jpg?fit=753%2C753&ssl=1&resize=350%2C200","width":350,"height":200,"srcset":"https:\/\/i0.wp.com\/naillycosmetics.com\/wp-content\/uploads\/2020\/03\/Top_Multicolor-rend.jpg?fit=753%2C753&ssl=1&resize=350%2C200 1x, https:\/\/i0.wp.com\/naillycosmetics.com\/wp-content\/uploads\/2020\/03\/Top_Multicolor-rend.jpg?fit=753%2C753&ssl=1&resize=525%2C300 1.5x, https:\/\/i0.wp.com\/naillycosmetics.com\/wp-content\/uploads\/2020\/03\/Top_Multicolor-rend.jpg?fit=753%2C753&ssl=1&resize=700%2C400 2x"},"classes":[]},{"id":22895,"url":"https:\/\/naillycosmetics.com\/fr\/produit\/victoria-vynn-salon-gel-polish-top-coat-top-gun-no-wipe\/","url_meta":{"origin":22901,"position":3},"title":"Victoria VYNN Salon Gel Polish Top Coat \u201cTop Gun\u201d No Wipe","author":"Serge Sahakian","date":"octobre 18, 2025","format":false,"excerpt":"Une brillance pure en une seule couche. Le Top Coat GUN donne \u00e0 votre manucure la brillance miroir et la protection ultimes - lisse, solide et parfaite sans essuyage. Sp\u00e9cifications du produit : \u00a0 \u00a0 \u00a0 \u00a0 \u00a0 \u00a0","rel":"","context":"Article similaire","block_context":{"text":"Article similaire","link":""},"img":{"alt_text":"victoria vynn top coat gun 8ml","src":"https:\/\/i0.wp.com\/naillycosmetics.com\/wp-content\/uploads\/2026\/02\/victoria-vynn-top-coat-gun-8ml.webp?fit=750%2C1000&ssl=1&resize=350%2C200","width":350,"height":200,"srcset":"https:\/\/i0.wp.com\/naillycosmetics.com\/wp-content\/uploads\/2026\/02\/victoria-vynn-top-coat-gun-8ml.webp?fit=750%2C1000&ssl=1&resize=350%2C200 1x, https:\/\/i0.wp.com\/naillycosmetics.com\/wp-content\/uploads\/2026\/02\/victoria-vynn-top-coat-gun-8ml.webp?fit=750%2C1000&ssl=1&resize=525%2C300 1.5x, https:\/\/i0.wp.com\/naillycosmetics.com\/wp-content\/uploads\/2026\/02\/victoria-vynn-top-coat-gun-8ml.webp?fit=750%2C1000&ssl=1&resize=700%2C400 2x"},"classes":[]},{"id":1704,"url":"https:\/\/naillycosmetics.com\/fr\/produit\/gel-unblue-top-coat-no-wipe\/","url_meta":{"origin":22901,"position":4},"title":"Victoria VYNN Salon Gel Polish Top Coat No Wipe UNBLUE","author":"Serge Sahakian","date":"mars 17, 2020","format":false,"excerpt":"The Ultimate Unblue Top Coat No Wipe Without a Blue Afterglow. Gives the nails a gloss effect for up to 5 weeks. Cured in UV and LED lamps. Top unblue is the perfect finish for hybrid and gel designs as well as nail art. Especially recommended for dark colors. Transparent\u2026","rel":"","context":"Article similaire","block_context":{"text":"Article similaire","link":""},"img":{"alt_text":"Victoria VYNN Unblue Top Coat No Wipe","src":"https:\/\/i0.wp.com\/naillycosmetics.com\/wp-content\/uploads\/2020\/03\/unblue-top-coat-no-wipe.webp?fit=750%2C1000&ssl=1&resize=350%2C200","width":350,"height":200,"srcset":"https:\/\/i0.wp.com\/naillycosmetics.com\/wp-content\/uploads\/2020\/03\/unblue-top-coat-no-wipe.webp?fit=750%2C1000&ssl=1&resize=350%2C200 1x, https:\/\/i0.wp.com\/naillycosmetics.com\/wp-content\/uploads\/2020\/03\/unblue-top-coat-no-wipe.webp?fit=750%2C1000&ssl=1&resize=525%2C300 1.5x, https:\/\/i0.wp.com\/naillycosmetics.com\/wp-content\/uploads\/2020\/03\/unblue-top-coat-no-wipe.webp?fit=750%2C1000&ssl=1&resize=700%2C400 2x"},"classes":[]},{"id":1696,"url":"https:\/\/naillycosmetics.com\/fr\/produit\/top-coat-no-wipe-gloss\/","url_meta":{"origin":22901,"position":5},"title":"Victoria VYNN Salon Gel Polish Top Coat No Wipe Gloss","author":"Serge Sahakian","date":"mars 17, 2020","format":false,"excerpt":"Canada's Best Selling Top Coat No Wipe. The Ultimate Long Lasting Top Coat has an extraordinary shiny effect without leaving a sticky layer. No Need to use a cleanser!!! Without Matt effect, doesn\u2019t crack, chip or yellow. Recommended as a finish for hybrid, gel and acrylic decorations. Can be cured\u2026","rel":"","context":"Article similaire","block_context":{"text":"Article similaire","link":""},"img":{"alt_text":"Victoria VYNN Top Coat No Wipe Gloss 8ML","src":"https:\/\/i0.wp.com\/naillycosmetics.com\/wp-content\/uploads\/2020\/03\/victoria-vynn-top-coat-no-wipe-gloss-8ml.webp?fit=750%2C1000&ssl=1&resize=350%2C200","width":350,"height":200,"srcset":"https:\/\/i0.wp.com\/naillycosmetics.com\/wp-content\/uploads\/2020\/03\/victoria-vynn-top-coat-no-wipe-gloss-8ml.webp?fit=750%2C1000&ssl=1&resize=350%2C200 1x, https:\/\/i0.wp.com\/naillycosmetics.com\/wp-content\/uploads\/2020\/03\/victoria-vynn-top-coat-no-wipe-gloss-8ml.webp?fit=750%2C1000&ssl=1&resize=525%2C300 1.5x, https:\/\/i0.wp.com\/naillycosmetics.com\/wp-content\/uploads\/2020\/03\/victoria-vynn-top-coat-no-wipe-gloss-8ml.webp?fit=750%2C1000&ssl=1&resize=700%2C400 2x"},"classes":[]}],"jetpack_sharing_enabled":true,"_links":{"self":[{"href":"https:\/\/naillycosmetics.com\/fr\/wp-json\/wp\/v2\/product\/22901","targetHints":{"allow":["GET"]}}],"collection":[{"href":"https:\/\/naillycosmetics.com\/fr\/wp-json\/wp\/v2\/product"}],"about":[{"href":"https:\/\/naillycosmetics.com\/fr\/wp-json\/wp\/v2\/types\/product"}],"replies":[{"embeddable":true,"href":"https:\/\/naillycosmetics.com\/fr\/wp-json\/wp\/v2\/comments?post=22901"}],"wp:featuredmedia":[{"embeddable":true,"href":"https:\/\/naillycosmetics.com\/fr\/wp-json\/wp\/v2\/media\/22899"}],"wp:attachment":[{"href":"https:\/\/naillycosmetics.com\/fr\/wp-json\/wp\/v2\/media?parent=22901"}],"wp:term":[{"taxonomy":"product_brand","embeddable":true,"href":"https:\/\/naillycosmetics.com\/fr\/wp-json\/wp\/v2\/product_brand?post=22901"},{"taxonomy":"product_cat","embeddable":true,"href":"https:\/\/naillycosmetics.com\/fr\/wp-json\/wp\/v2\/product_cat?post=22901"},{"taxonomy":"product_tag","embeddable":true,"href":"https:\/\/naillycosmetics.com\/fr\/wp-json\/wp\/v2\/product_tag?post=22901"}],"curies":[{"name":"wp","href":"https:\/\/api.w.org\/{rel}","templated":true}]}}