{"id":22895,"date":"2025-10-18T13:19:09","date_gmt":"2025-10-18T17:19:09","guid":{"rendered":"https:\/\/naillycosmetics.com\/en\/product\/victoria-vynn-salon-gel-polish-top-coat-top-gun-no-wipe\/"},"modified":"2026-04-06T15:02:48","modified_gmt":"2026-04-06T19:02:48","slug":"victoria-vynn-salon-gel-polish-top-coat-top-gun-no-wipe","status":"publish","type":"product","link":"https:\/\/naillycosmetics.com\/fr\/produit\/victoria-vynn-salon-gel-polish-top-coat-top-gun-no-wipe\/","title":{"rendered":"Victoria VYNN Salon Gel Polish Top Coat \u201cTop Gun\u201d No Wipe"},"content":{"rendered":"<h3 class=\"wp-block-heading\">\u2705 Qu'est-ce que c'est ?<\/h3><ul class=\"wp-block-list\"><li>Il s'agit d'un <em>pas d'effacement<\/em> gel top coat, c'est-\u00e0-dire qu'apr\u00e8s durcissement, vous <strong>ne pas<\/strong> doivent essuyer toute couche collante (inhibition).<\/li>\n\n<li>Nom complet du produit : <em>GUN No Wipe, 8 ml \/ 15 ml Gel Polish Top<\/em>.<\/li>\n\n<li>Con\u00e7u pour \u00eatre utilis\u00e9 sur les manucures au gel (et compatible avec les syst\u00e8mes gel\/polygel) afin de fournir une finition durable et brillante.<\/li><\/ul><hr class=\"wp-block-separator has-alpha-channel-opacity\" \/><h3 class=\"wp-block-heading\">? ??? Principales caract\u00e9ristiques et avantages<\/h3><ul class=\"wp-block-list\"><li><strong>Pas de couche dispersive (collante)<\/strong>: Cela signifie qu'apr\u00e8s le durcissement, il n'est pas n\u00e9cessaire d'utiliser un nettoyant ou une lingette en coton pour enlever le film collant.<\/li>\n\n<li><strong>Consistance fine et autolissante<\/strong>: Le fabricant indique que la formule est fine et auto-nivelante, ce qui permet d'\u00e9viter les accumulations importantes ou les flaques autour de la zone de la cuticule.<\/li>\n\n<li><strong>Durabilit\u00e9 + brillance<\/strong>: Promu pour donner un brillant \u00e9clatant qui va <strong>pas terne pendant plusieurs semaines<\/strong>, et r\u00e9sistance aux rayures et \u00e0 l'abrasion.<\/li>\n\n<li><strong>Brosse plate en forme d'\u00e9ventail<\/strong>: La page du produit mentionne que la conception de la brosse aide sp\u00e9cifiquement \u00e0 l'application et au risque d'inondation.<\/li>\n\n<li><strong>Compatible avec les lampes UV\/LED<\/strong>: Il durcit sous les deux types de lampes. La sp\u00e9cification mentionne une lampe UV\/LED de 36 W avec un temps de durcissement d'environ 60 secondes. <\/li><\/ul><hr class=\"wp-block-separator has-alpha-channel-opacity\" \/><h3 class=\"wp-block-heading\">? ??? Mode d'emploi<\/h3><ol class=\"wp-block-list\"><li>R\u00e9alisez votre manucure habituelle au gel : pr\u00e9paration, couche de base, couches de couleur, durcissement comme d'habitude.<\/li>\n\n<li>Appliquer le GUN No Wipe Top Coat sur la derni\u00e8re couche de couleur durcie.<\/li>\n\n<li>Sur le bord libre, appliquez une couche fine et r\u00e9guli\u00e8re (car le produit est auto-nivelant) et \u00e9vitez d'inonder les cuticules.<\/li>\n\n<li>Durcissement sous lampe UV\/LED : par exemple, lampe de 36 W pendant environ 60 secondes.<\/li>\n\n<li>Parce qu'il est facile \u00e0 utiliser, vous <strong>sauter<\/strong> l'\u00e9tape consistant \u00e0 utiliser un nettoyant ou \u00e0 essuyer une couche collante apr\u00e8s le durcissement.<\/li>\n\n<li>Pour le retrait : le produit indique qu'il faut retirer le produit \u00e0 l'aide d'une lime \u00e0 ongles ou d'une perceuse (c'est-\u00e0-dire un retrait professionnel) plut\u00f4t qu'en le d\u00e9collant simplement. <\/li><\/ol><hr class=\"wp-block-separator has-alpha-channel-opacity\" \/><h3 class=\"wp-block-heading\">? ??? INCI<\/h3><p>DIACRYLATE D'UR\u00c9THANE ALIPHATIQUE, T\u00c9TRAACRYLATE DE DITRIM\u00c9THYLOLPROPANE, T\u00c9TRAMERCAPTOPROPIONATE DE PENTA\u00c9RYTHRITYLE, M\u00c9THACRYLATE D'HYDROXYPROPYLE, BENZOATE DE SACCHAROSE, OXYDE DE TRIM\u00c9THYLBENZOYLE DITOLYLPHOSPHINE, P-HYDROXYANISOLE, CI 60725.<\/p><p><\/p>","protected":false},"excerpt":{"rendered":"<p><strong data-start=\"591\" data-end=\"619\">Brillant pur en une seule couche.<\/strong> Le Top Coat GUN donne \u00e0 votre manucure la brillance miroir et la protection ultimes - lisse, solide et parfaite sans essuyage.<\/p>\n<p>Sp\u00e9cifications du produit :<\/p>\n<p><img loading=\"lazy\" decoding=\"async\" class=\"size-full wp-image-37120 alignleft\" src=\"http:\/\/victoriavynn.ca\/wp-content\/uploads\/2025\/10\/super-shine-effect.webp\" alt=\"\" width=\"125\" height=\"150\" \/> <img loading=\"lazy\" decoding=\"async\" class=\"size-full wp-image-11856 alignleft\" src=\"http:\/\/victoriavynn.ca\/wp-content\/uploads\/2023\/03\/LONG-LASTING-1.webp\" alt=\"LONG LASTING\" width=\"125\" height=\"150\" srcset=\"https:\/\/i0.wp.com\/naillycosmetics.com\/wp-content\/uploads\/2023\/03\/LONG-LASTING-1.webp?w=125&amp;ssl=1 125w, https:\/\/i0.wp.com\/naillycosmetics.com\/wp-content\/uploads\/2023\/03\/LONG-LASTING-1.webp?resize=10%2C12&amp;ssl=1 10w\" sizes=\"auto, (max-width: 125px) 100vw, 125px\" \/> <img loading=\"lazy\" decoding=\"async\" class=\"size-full wp-image-8772 alignleft\" src=\"http:\/\/victoriavynn.ca\/wp-content\/uploads\/2019\/11\/SALON-QUALITY.webp\" alt=\"GEL NAIL BUILDER\" width=\"125\" height=\"150\" \/><img loading=\"lazy\" decoding=\"async\" class=\"size-full wp-image-8758 alignleft\" src=\"http:\/\/victoriavynn.ca\/wp-content\/uploads\/2020\/03\/FOR-UV-LED-LAMPS.webp\" alt=\"rubber base coat\" width=\"125\" height=\"150\" \/><\/p>\n<p>&nbsp;<\/p>\n<p>&nbsp;<\/p>\n<p>&nbsp;<\/p>\n<p>&nbsp;<\/p>\n<p>&nbsp;<\/p>\n<p>&nbsp;<\/p>","protected":false},"featured_media":27633,"comment_status":"open","ping_status":"closed","template":"","meta":{"jetpack_post_was_ever_published":false,"jetpack_publicize_message":"","jetpack_publicize_feature_enabled":true,"jetpack_social_post_already_shared":true,"jetpack_social_options":{"image_generator_settings":{"template":"highway","default_image_id":0,"font":"","enabled":false},"version":2}},"product_brand":[932],"product_cat":[55],"product_tag":[929],"class_list":{"0":"post-22895","1":"product","2":"type-product","3":"status-publish","4":"has-post-thumbnail","6":"product_brand-victoria-vynn","7":"product_cat-best-gel-top-coats","8":"product_tag-top-gun-top-coat","9":"pa_size-15ml","10":"pa_size-8ml","12":"first","13":"instock","14":"taxable","15":"shipping-taxable","16":"purchasable","17":"product-type-variable","18":"wvs-archive-product-wrapper"},"jetpack_publicize_connections":[],"jetpack-related-posts":[{"id":22901,"url":"https:\/\/naillycosmetics.com\/fr\/produit\/victoria-vynn-salon-gel-polish-top-coat-top-it-no-wipe\/","url_meta":{"origin":22895,"position":0},"title":"Victoria VYNN Salon Gel Polish Top Coat \u201cTop It\u201d No Wipe","author":"Serge Sahakian","date":"novembre 9, 2025","format":false,"excerpt":"Victoria VYNN Top It No Wipe Top Coat est un vernis de finition solide de qualit\u00e9 professionnelle dont les caract\u00e9ristiques s'adaptent bien \u00e0 l'utilisation en salon - en particulier la facilit\u00e9 d'application sans essuyage, la fluidit\u00e9 de l'auto-nivellement et la finition tr\u00e8s brillante. Sp\u00e9cification du produit : \u00a0 \u00a0 \u00a0 \u00a0 \u00a0 \u00a0","rel":"","context":"Article similaire","block_context":{"text":"Article similaire","link":""},"img":{"alt_text":"","src":"https:\/\/i0.wp.com\/naillycosmetics.com\/wp-content\/uploads\/2025\/11\/victoria-vynn-top-it-8ml.webp?fit=750%2C1000&ssl=1&resize=350%2C200","width":350,"height":200,"srcset":"https:\/\/i0.wp.com\/naillycosmetics.com\/wp-content\/uploads\/2025\/11\/victoria-vynn-top-it-8ml.webp?fit=750%2C1000&ssl=1&resize=350%2C200 1x, https:\/\/i0.wp.com\/naillycosmetics.com\/wp-content\/uploads\/2025\/11\/victoria-vynn-top-it-8ml.webp?fit=750%2C1000&ssl=1&resize=525%2C300 1.5x, https:\/\/i0.wp.com\/naillycosmetics.com\/wp-content\/uploads\/2025\/11\/victoria-vynn-top-it-8ml.webp?fit=750%2C1000&ssl=1&resize=700%2C400 2x"},"classes":[]},{"id":23655,"url":"https:\/\/naillycosmetics.com\/fr\/produit\/victoria-vynn-8-pack-cherry-on-top-gel-polish-423-429-free-on-top-top-coat-no-wipe\/","url_meta":{"origin":22895,"position":1},"title":"Victoria VYNN 8 Pack Cherry on Top Gel Polish 423-429 + Free On Top Top Coat No Wipe","author":"Serge Sahakian","date":"septembre 17, 2025","format":false,"excerpt":"Victoria Vynn\u2019s Cherry on Top Collection is a TPO-free range of dessert-inspired gel polishes, blending creamy neutrals, rich browns, and cherry tones with long-lasting shine. Finished with a shimmering \u201cOn Top\u201d top coat, it\u2019s the sweetest way to add elegance and indulgence to any manicure. Collection:\u00a0Cherry on Top The Set\u2026","rel":"","context":"Article similaire","block_context":{"text":"Article similaire","link":""},"img":{"alt_text":"victoria vynn hcerry on top pack of 7+1","src":"https:\/\/i0.wp.com\/naillycosmetics.com\/wp-content\/uploads\/2026\/02\/victoria-vynn-hcerry-on-top-pack-of-71-.webp?fit=750%2C1000&ssl=1&resize=350%2C200","width":350,"height":200,"srcset":"https:\/\/i0.wp.com\/naillycosmetics.com\/wp-content\/uploads\/2026\/02\/victoria-vynn-hcerry-on-top-pack-of-71-.webp?fit=750%2C1000&ssl=1&resize=350%2C200 1x, https:\/\/i0.wp.com\/naillycosmetics.com\/wp-content\/uploads\/2026\/02\/victoria-vynn-hcerry-on-top-pack-of-71-.webp?fit=750%2C1000&ssl=1&resize=525%2C300 1.5x, https:\/\/i0.wp.com\/naillycosmetics.com\/wp-content\/uploads\/2026\/02\/victoria-vynn-hcerry-on-top-pack-of-71-.webp?fit=750%2C1000&ssl=1&resize=700%2C400 2x"},"classes":[]},{"id":23788,"url":"https:\/\/naillycosmetics.com\/fr\/produit\/victoria-vynn-starter-kit-7-2-free\/","url_meta":{"origin":22895,"position":2},"title":"Victoria VYNN 9 Pack Starter Kit 2026","author":"Serge Sahakian","date":"f\u00e9vrier 6, 2026","format":false,"excerpt":"What\u2019s Inside the 9 Pack? \u2714 PREPARATION Salon Nail Prep 15 ml \u2013 Effectively dehydrates the natural nail plate for maximum adhesion. Gel Polish Tape Bond 8 ml \u2013 Acid-free bonding primer for long-lasting wear. \u2714 BASE SYSTEM Boost Base Clearell 8 ml \u2013 Self-leveling strengthening base. Mega Base Cold\u2026","rel":"","context":"Article similaire","block_context":{"text":"Article similaire","link":""},"img":{"alt_text":"victoria vynn 9 pack","src":"https:\/\/i0.wp.com\/naillycosmetics.com\/wp-content\/uploads\/2026\/02\/victoria-vynn-9-pack-1-2.webp?fit=750%2C1000&ssl=1&resize=350%2C200","width":350,"height":200,"srcset":"https:\/\/i0.wp.com\/naillycosmetics.com\/wp-content\/uploads\/2026\/02\/victoria-vynn-9-pack-1-2.webp?fit=750%2C1000&ssl=1&resize=350%2C200 1x, https:\/\/i0.wp.com\/naillycosmetics.com\/wp-content\/uploads\/2026\/02\/victoria-vynn-9-pack-1-2.webp?fit=750%2C1000&ssl=1&resize=525%2C300 1.5x, https:\/\/i0.wp.com\/naillycosmetics.com\/wp-content\/uploads\/2026\/02\/victoria-vynn-9-pack-1-2.webp?fit=750%2C1000&ssl=1&resize=700%2C400 2x"},"classes":[]},{"id":1702,"url":"https:\/\/naillycosmetics.com\/fr\/produit\/victoria-vynn-salon-gel-polish-top-coat-shimmer-purple-no-wipe\/","url_meta":{"origin":22895,"position":3},"title":"Victoria VYNN Salon Gel Polish Top Coat No Wipe Shimmer Purple","author":"Serge Sahakian","date":"mars 17, 2020","format":false,"excerpt":"Victoria VYNN Salon Gel Polish","rel":"","context":"Article similaire","block_context":{"text":"Article similaire","link":""},"img":{"alt_text":"","src":"https:\/\/i0.wp.com\/naillycosmetics.com\/wp-content\/uploads\/2020\/03\/Top_Purple.jpg?fit=753%2C753&ssl=1&resize=350%2C200","width":350,"height":200,"srcset":"https:\/\/i0.wp.com\/naillycosmetics.com\/wp-content\/uploads\/2020\/03\/Top_Purple.jpg?fit=753%2C753&ssl=1&resize=350%2C200 1x, https:\/\/i0.wp.com\/naillycosmetics.com\/wp-content\/uploads\/2020\/03\/Top_Purple.jpg?fit=753%2C753&ssl=1&resize=525%2C300 1.5x, https:\/\/i0.wp.com\/naillycosmetics.com\/wp-content\/uploads\/2020\/03\/Top_Purple.jpg?fit=753%2C753&ssl=1&resize=700%2C400 2x"},"classes":[]},{"id":1700,"url":"https:\/\/naillycosmetics.com\/fr\/produit\/victoria-vynn-salon-gel-polish-top-coat-shimmer-multicolor-no-wipe\/","url_meta":{"origin":22895,"position":4},"title":"Victoria VYNN Salon Gel Polish Top Coat No Wipe Shimmer Multicolor","author":"Serge Sahakian","date":"mars 17, 2020","format":false,"excerpt":"Victoria VYNN Salon Gel Polish","rel":"","context":"Article similaire","block_context":{"text":"Article similaire","link":""},"img":{"alt_text":"","src":"https:\/\/i0.wp.com\/naillycosmetics.com\/wp-content\/uploads\/2020\/03\/Top_Multicolor-rend.jpg?fit=753%2C753&ssl=1&resize=350%2C200","width":350,"height":200,"srcset":"https:\/\/i0.wp.com\/naillycosmetics.com\/wp-content\/uploads\/2020\/03\/Top_Multicolor-rend.jpg?fit=753%2C753&ssl=1&resize=350%2C200 1x, https:\/\/i0.wp.com\/naillycosmetics.com\/wp-content\/uploads\/2020\/03\/Top_Multicolor-rend.jpg?fit=753%2C753&ssl=1&resize=525%2C300 1.5x, https:\/\/i0.wp.com\/naillycosmetics.com\/wp-content\/uploads\/2020\/03\/Top_Multicolor-rend.jpg?fit=753%2C753&ssl=1&resize=700%2C400 2x"},"classes":[]},{"id":1696,"url":"https:\/\/naillycosmetics.com\/fr\/produit\/top-coat-no-wipe-gloss\/","url_meta":{"origin":22895,"position":5},"title":"Victoria VYNN Salon Gel Polish Top Coat No Wipe Gloss","author":"Serge Sahakian","date":"mars 17, 2020","format":false,"excerpt":"Canada's Best Selling Top Coat No Wipe. The Ultimate Long Lasting Top Coat has an extraordinary shiny effect without leaving a sticky layer. No Need to use a cleanser!!! Without Matt effect, doesn\u2019t crack, chip or yellow. Recommended as a finish for hybrid, gel and acrylic decorations. Can be cured\u2026","rel":"","context":"Article similaire","block_context":{"text":"Article similaire","link":""},"img":{"alt_text":"Victoria VYNN Top Coat No Wipe Gloss 8ML","src":"https:\/\/i0.wp.com\/naillycosmetics.com\/wp-content\/uploads\/2020\/03\/victoria-vynn-top-coat-no-wipe-gloss-8ml.webp?fit=750%2C1000&ssl=1&resize=350%2C200","width":350,"height":200,"srcset":"https:\/\/i0.wp.com\/naillycosmetics.com\/wp-content\/uploads\/2020\/03\/victoria-vynn-top-coat-no-wipe-gloss-8ml.webp?fit=750%2C1000&ssl=1&resize=350%2C200 1x, https:\/\/i0.wp.com\/naillycosmetics.com\/wp-content\/uploads\/2020\/03\/victoria-vynn-top-coat-no-wipe-gloss-8ml.webp?fit=750%2C1000&ssl=1&resize=525%2C300 1.5x, https:\/\/i0.wp.com\/naillycosmetics.com\/wp-content\/uploads\/2020\/03\/victoria-vynn-top-coat-no-wipe-gloss-8ml.webp?fit=750%2C1000&ssl=1&resize=700%2C400 2x"},"classes":[]}],"jetpack_sharing_enabled":true,"_links":{"self":[{"href":"https:\/\/naillycosmetics.com\/fr\/wp-json\/wp\/v2\/product\/22895","targetHints":{"allow":["GET"]}}],"collection":[{"href":"https:\/\/naillycosmetics.com\/fr\/wp-json\/wp\/v2\/product"}],"about":[{"href":"https:\/\/naillycosmetics.com\/fr\/wp-json\/wp\/v2\/types\/product"}],"replies":[{"embeddable":true,"href":"https:\/\/naillycosmetics.com\/fr\/wp-json\/wp\/v2\/comments?post=22895"}],"wp:featuredmedia":[{"embeddable":true,"href":"https:\/\/naillycosmetics.com\/fr\/wp-json\/wp\/v2\/media\/27633"}],"wp:attachment":[{"href":"https:\/\/naillycosmetics.com\/fr\/wp-json\/wp\/v2\/media?parent=22895"}],"wp:term":[{"taxonomy":"product_brand","embeddable":true,"href":"https:\/\/naillycosmetics.com\/fr\/wp-json\/wp\/v2\/product_brand?post=22895"},{"taxonomy":"product_cat","embeddable":true,"href":"https:\/\/naillycosmetics.com\/fr\/wp-json\/wp\/v2\/product_cat?post=22895"},{"taxonomy":"product_tag","embeddable":true,"href":"https:\/\/naillycosmetics.com\/fr\/wp-json\/wp\/v2\/product_tag?post=22895"}],"curies":[{"name":"wp","href":"https:\/\/api.w.org\/{rel}","templated":true}]}}