{"id":22880,"date":"2025-10-18T13:23:48","date_gmt":"2025-10-18T17:23:48","guid":{"rendered":"https:\/\/naillycosmetics.com\/en\/product\/victoria-vynn-liquid-polygel-15ml\/"},"modified":"2026-05-12T17:48:19","modified_gmt":"2026-05-12T21:48:19","slug":"victoria-vynn-liquid-polygel-15ml","status":"publish","type":"product","link":"https:\/\/naillycosmetics.com\/fr\/produit\/victoria-vynn-liquid-polygel-15ml\/","title":{"rendered":"Victoria VYNN Polygel liquide 15ml"},"content":{"rendered":"<h2 class=\"wp-block-heading\">What it is<\/h2><ul class=\"wp-block-list\"><li>Liquid Poly Gel (also called \u201cLiquid Poly Gel\u201d on the Victoria Vynn site) is described as a <em>liquid acryl-gel<\/em> (sometimes \u201cacrylic-gel\u201d) that combines the strength of acrylic with the flexibility and ease of gel.<\/li>\n\n<li>It\u2019s part of Victoria Vynn\u2019s polygel \/ builder system: they list it under \u201cLiquids polygels\u201d in their polygel section.<\/li>\n\n<li>Example formulation: The \u201c01 Misty Milk 15 ml\u201d version states: \u201cConsistence: medium-thick, with self-levelling properties \u2026 combination of gel and acrylic.\u201d<\/li>\n\n<li>Another example: \u201c02 Sugar Cloud 15 ml \u2026 consistency allows for nail extensions using dual forms and nail forms (templates\/stencils) \u2026 self-leveling liquid formula \u2026\u201d<\/li><\/ul><p>So in essence: this product is designed for nail tech professionals (and perhaps advanced home users) who want to build or extend nails (overlay, architectural structure) using a hybrid gel\/acrylic system in liquid form (rather than traditional thick builder gel or powder acrylic).<\/p><h2 class=\"wp-block-heading\">Key Features &amp; Benefits<\/h2><ul class=\"wp-block-list\"><li><strong>Hybrid performance<\/strong>: \u201cMerges the flexibility of gel with the durability of acrylic.\u201d<\/li>\n\n<li><strong>Self-leveling formula<\/strong>: The product is described as \u201cmedium-thick, self-levelling\u201d which helps smooth out the surface and build structure.<\/li>\n\n<li><strong>Designed for extensions and overlays<\/strong>: Can be used for natural nail strengthening, overlays, and extensions up to ~5 mm (depending on the version) using dual forms or nail forms\/templates.<\/li>\n\n<li><strong>No intense acrylic odor<\/strong>: The description claims: \u201cNo intense, characteristic acrylic odor.\u201d<\/li>\n\n<li><strong>Reduced heat-spike<\/strong>: They mention \u201cMinimized heat spike\/burning sensation \u2013 the intensity of the sensation may depend on the condition of the nail plate and the lamp\u2019s power.\u201d <\/li>\n\n<li><strong>Finish \/ look<\/strong>: It helps achieve a natural look and elegance: \u201cNatural look, allowing you to achieve thin, elegant styles.\u201d<\/li>\n\n<li><strong>System compatibility<\/strong>: Works within Victoria Vynn\u2019s system: base coat + this product + top, with recommended lamp curing.<\/li><\/ul><hr class=\"wp-block-separator has-alpha-channel-opacity\"\/><h2 class=\"wp-block-heading\">How to Use (Summary of Application)<\/h2><h3 class=\"wp-block-heading\">For Natural Nail Strengthening \/ Overlay:<\/h3><ol class=\"wp-block-list\"><li>Prep the natural nail plate: shape, lightly buff, clean &amp; degrease. <\/li>\n\n<li>Apply NAIL PREP, wait ~30 sec; then TAPE BOND, wait ~30 sec. <\/li>\n\n<li>Apply a very thin first layer of BOOST BASE (Clearell) and rub it into the nail plate. Cure in the lamp for 60 seconds. <\/li>\n\n<li>Precisely apply a layer of Liquid Poly Gel, smooth out irregularities, cure for 60 s. <\/li>\n\n<li>Remove the inhibition\/dispersion layer with a dry cotton pad. Then finish with the desired design (color &amp; top coat). <\/li><\/ol><h3 class=\"wp-block-heading\">For Nail Extensions:<\/h3><ol class=\"wp-block-list\"><li>Prep natural nail plate (same as above). <\/li>\n\n<li>After base, apply a nail form to the free edge. <\/li>\n\n<li>Apply a small amount of Liquid Poly Gel on the form, create the skeletal structure (framework). Cure for 15-30 s. Then remove the form. <\/li>\n\n<li>Apply a second layer of Liquid Poly Gel, build apex\/shape the nail. Cure for 60 s. <\/li>\n\n<li>Wipe with alcohol-based cleanser, file\/buff\/clean\/degede, then finish with your design. <\/li><\/ol><h3 class=\"wp-block-heading\">Curing Info (one example version):<\/h3><ul class=\"wp-block-list\"><li>For UV\/LED lamp (36 W) cure time: 60 seconds.<\/li><\/ul><hr class=\"wp-block-separator has-alpha-channel-opacity\"\/><h2 class=\"wp-block-heading\">INCI<\/h2><p>ACRYLATES COPOLYMER, GLYCERYL ACRYLATE\/ACRYLIC ACID COPOLYMER, SILICA, DIMETHICONE [+\/-] MICA, CI 15850, CI 42090, CI 77492, CI 77499, CI 77742, CI 77891.<\/p><hr class=\"wp-block-separator has-alpha-channel-opacity\"\/><h2 class=\"wp-block-heading\">Downloads<\/h2><div class=\"wp-block-group is-vertical is-layout-flex wp-container-core-group-is-layout-fe9cc265 wp-block-group-is-layout-flex\"><p><a href=\"http:\/\/victoriavynn.ca\/wp-content\/uploads\/2025\/10\/product-specification-sheet-liquid-poly-gel-ang.pdf\" target=\"_blank\" rel=\"noopener\">Product Specifications (English)<\/a><\/p>\n\n<p><a href=\"http:\/\/victoriavynn.ca\/wp-content\/uploads\/2025\/10\/vynn_vv_liquidpolygel_leaflet_145x210_gbe_webdl.pdf\" target=\"_blank\" rel=\"noopener\">Product Flyer (English)<\/a><\/p>\n\n<p><a href=\"http:\/\/victoriavynn.ca\/wp-content\/uploads\/2025\/10\/fiche_technique_liquid_poly_gel_fr.pdf\" target=\"_blank\" rel=\"noopener\">Product Specifications (French)<\/a><\/p><\/div>","protected":false},"excerpt":{"rendered":"<p data-start=\"145\" data-end=\"566\">D\u00e9couvrez l'avenir de l'architecture des ongles avec <strong data-start=\"193\" data-end=\"225\">PolyGel liquide Victoria Vynn<\/strong> - la fusion parfaite de <strong data-start=\"250\" data-end=\"269\">flexibilit\u00e9 du gel<\/strong> et <strong data-start=\"274\" data-end=\"294\">r\u00e9sistance de l'acrylique<\/strong>. Son <strong data-start=\"300\" data-end=\"339\">autolissant, texture moyenne-\u00e9paisse<\/strong> glisse sans effort pour des superpositions et des extensions impeccables, en offrant une qualit\u00e9 d'image exceptionnelle. <strong data-start=\"409\" data-end=\"444\">des r\u00e9sultats l\u00e9gers mais durables<\/strong> avec une finition naturelle et \u00e9l\u00e9gante.<br data-start=\"476\" data-end=\"479\" \/>Pas d'odeur forte, pas de pic de chaleur - juste une performance professionnelle et douce dans chaque goutte.<\/p>\n<p data-start=\"568\" data-end=\"648\">\u2728 Id\u00e9al pour les professionnels de l'ongle qui exigent <strong data-start=\"601\" data-end=\"631\">vitesse, contr\u00f4le et beaut\u00e9<\/strong> dans une seule bouteille.<\/p>\n<p data-start=\"568\" data-end=\"648\">Sp\u00e9cification du produit :<\/p>\n<p data-start=\"568\" data-end=\"648\"><img loading=\"lazy\" decoding=\"async\" class=\"size-full wp-image-8773 alignleft\" src=\"http:\/\/victoriavynn.ca\/wp-content\/uploads\/2019\/11\/THREE-PHASE-SYSTEM.webp\" alt=\"THREE PHASE SYSTEM\" width=\"125\" height=\"150\" \/><img loading=\"lazy\" decoding=\"async\" class=\"size-full wp-image-9072 alignleft\" src=\"http:\/\/victoriavynn.ca\/wp-content\/uploads\/2020\/03\/ACRYLIC-GEL.webp\" alt=\"ACRYLIC &amp; GEL\" width=\"125\" height=\"150\" \/><img loading=\"lazy\" decoding=\"async\" class=\"size-full wp-image-8756 alignleft\" src=\"http:\/\/victoriavynn.ca\/wp-content\/uploads\/2020\/03\/SELF-LEVELING.webp\" alt=\"rubber base coat\" width=\"125\" height=\"150\" \/><img loading=\"lazy\" decoding=\"async\" class=\"size-full wp-image-8758 alignleft\" src=\"http:\/\/victoriavynn.ca\/wp-content\/uploads\/2020\/03\/FOR-UV-LED-LAMPS.webp\" alt=\"rubber base coat\" width=\"125\" height=\"150\" \/><\/p>\n<p data-start=\"568\" data-end=\"648\">\u00a0<\/p>\n<p data-start=\"568\" data-end=\"648\">\u00a0<\/p>\n<p data-start=\"568\" data-end=\"648\">\u00a0<\/p>\n<p data-start=\"568\" data-end=\"648\">\u00a0<\/p>\n<p data-start=\"568\" data-end=\"648\">\u00a0<\/p>\n<p data-start=\"568\" data-end=\"648\">\u00a0<\/p>","protected":false},"featured_media":27620,"comment_status":"open","ping_status":"closed","template":"","meta":{"jetpack_post_was_ever_published":false,"jetpack_publicize_message":"","jetpack_publicize_feature_enabled":true,"jetpack_social_post_already_shared":true,"jetpack_social_options":{"image_generator_settings":{"template":"highway","default_image_id":0,"font":"","enabled":false},"version":2}},"product_brand":[932],"product_cat":[922],"product_tag":[921],"class_list":{"0":"post-22880","1":"product","2":"type-product","3":"status-publish","4":"has-post-thumbnail","6":"product_brand-victoria-vynn","7":"product_cat-liquid-polygel","8":"product_tag-liquid-polygel","9":"pa_color-no-01-misty-milk","10":"pa_color-no-02-sugar-cloud","11":"pa_color-no-03-pink-fog","12":"pa_color-no-04-rose-air","13":"pa_color-no-05-rose-air","14":"pa_color-no-06-vanilla-sky","16":"first","17":"instock","18":"taxable","19":"shipping-taxable","20":"purchasable","21":"product-type-variable"},"jetpack_publicize_connections":[],"jetpack-related-posts":[{"id":1116,"url":"https:\/\/naillycosmetics.com\/fr\/produit\/spider-gel\/","url_meta":{"origin":22880,"position":0},"title":"Gel pour araign\u00e9e Victoria VYNN","author":"Serge Sahakian","date":"mars 11, 2020","format":false,"excerpt":"Victoria VYNN Spider Gel est un gel flexible pour la d\u00e9coration, parfait pour r\u00e9aliser un nail art spectaculaire et, en m\u00eame temps, tr\u00e8s rapide. Sa consistance dense et caoutchouteuse permet de r\u00e9aliser des lignes parfaitement droites et des motifs g\u00e9om\u00e9triques. Il peut \u00eatre appliqu\u00e9 sur le gel, le gel acrylique et les vernis hybrides. Il...","rel":"","context":"Article similaire","block_context":{"text":"Article similaire","link":""},"img":{"alt_text":"Spider Gel","src":"https:\/\/i0.wp.com\/naillycosmetics.com\/wp-content\/uploads\/2020\/03\/Spider-Gel-White.png?fit=1000%2C1000&ssl=1&resize=350%2C200","width":350,"height":200,"srcset":"https:\/\/i0.wp.com\/naillycosmetics.com\/wp-content\/uploads\/2020\/03\/Spider-Gel-White.png?fit=1000%2C1000&ssl=1&resize=350%2C200 1x, https:\/\/i0.wp.com\/naillycosmetics.com\/wp-content\/uploads\/2020\/03\/Spider-Gel-White.png?fit=1000%2C1000&ssl=1&resize=525%2C300 1.5x, https:\/\/i0.wp.com\/naillycosmetics.com\/wp-content\/uploads\/2020\/03\/Spider-Gel-White.png?fit=1000%2C1000&ssl=1&resize=700%2C400 2x"},"classes":[]},{"id":22498,"url":"https:\/\/naillycosmetics.com\/fr\/produit\/victoria-vynn-gel-polish-no-426-mocha-eclair\/","url_meta":{"origin":22880,"position":1},"title":"Victoria VYNN Gel Polish No. 426 Mocha \u00c9clair","author":"Serge Sahakian","date":"septembre 16, 2025","format":false,"excerpt":"Le vernis en gel n\u00b0 426 \u201cMocha \u00c9clair\u201d est un riche brun caf\u00e9 avec un effet chat-eye scintillant, donnant aux ongles un aspect brillant et glac\u00e9 au chocolat. Avec sa formule auto-nivelante, son s\u00e9chage UV\/LED et son retrait facile par trempage, c'est le m\u00e9lange parfait d'\u00e9l\u00e9gance et de drame dans la collection Cherry on Top. Collection : Cherry on Top Cherry on...","rel":"","context":"Article similaire","block_context":{"text":"Article similaire","link":""},"img":{"alt_text":"victoria vynn salon gel polish cherry on top collection mocha eclaire 426","src":"https:\/\/i0.wp.com\/naillycosmetics.com\/wp-content\/uploads\/2026\/02\/victoria-vynn-salon-gel-polish-cherry-on-top-collection-mocha-eclaire-426.webp?fit=750%2C1000&ssl=1&resize=350%2C200","width":350,"height":200,"srcset":"https:\/\/i0.wp.com\/naillycosmetics.com\/wp-content\/uploads\/2026\/02\/victoria-vynn-salon-gel-polish-cherry-on-top-collection-mocha-eclaire-426.webp?fit=750%2C1000&ssl=1&resize=350%2C200 1x, https:\/\/i0.wp.com\/naillycosmetics.com\/wp-content\/uploads\/2026\/02\/victoria-vynn-salon-gel-polish-cherry-on-top-collection-mocha-eclaire-426.webp?fit=750%2C1000&ssl=1&resize=525%2C300 1.5x, https:\/\/i0.wp.com\/naillycosmetics.com\/wp-content\/uploads\/2026\/02\/victoria-vynn-salon-gel-polish-cherry-on-top-collection-mocha-eclaire-426.webp?fit=750%2C1000&ssl=1&resize=700%2C400 2x"},"classes":[]},{"id":22496,"url":"https:\/\/naillycosmetics.com\/fr\/produit\/victoria-vynn-gel-polish-no-427-cat-eye-sparkle-brownie\/","url_meta":{"origin":22880,"position":2},"title":"Victoria VYNN Gel Polish No. 427 Cat Eye Sparkle Brownie","author":"Serge Sahakian","date":"septembre 16, 2025","format":false,"excerpt":"Le vernis en gel n\u00b0 426 \u201cMocha \u00c9clair\u201d est un riche brun caf\u00e9 avec un effet chat-eye scintillant, donnant aux ongles un aspect brillant, glac\u00e9 au chocolat. Avec sa formule auto-nivelante, son s\u00e9chage UV\/LED et son retrait facile par trempage, c'est le m\u00e9lange parfait d'\u00e9l\u00e9gance et de drame dans la collection Cherry on Top. Collection : Cherry on Top Collection Cherry on Top...","rel":"","context":"Article similaire","block_context":{"text":"Article similaire","link":""},"img":{"alt_text":"victoria vynn salon gel polish cherry on top collection sparkle brownie 427","src":"https:\/\/i0.wp.com\/naillycosmetics.com\/wp-content\/uploads\/2026\/02\/victoria-vynn-salon-gel-polish-cherry-on-top-collection-sparkle-brownie-427.webp?fit=750%2C1000&ssl=1&resize=350%2C200","width":350,"height":200,"srcset":"https:\/\/i0.wp.com\/naillycosmetics.com\/wp-content\/uploads\/2026\/02\/victoria-vynn-salon-gel-polish-cherry-on-top-collection-sparkle-brownie-427.webp?fit=750%2C1000&ssl=1&resize=350%2C200 1x, https:\/\/i0.wp.com\/naillycosmetics.com\/wp-content\/uploads\/2026\/02\/victoria-vynn-salon-gel-polish-cherry-on-top-collection-sparkle-brownie-427.webp?fit=750%2C1000&ssl=1&resize=525%2C300 1.5x, https:\/\/i0.wp.com\/naillycosmetics.com\/wp-content\/uploads\/2026\/02\/victoria-vynn-salon-gel-polish-cherry-on-top-collection-sparkle-brownie-427.webp?fit=750%2C1000&ssl=1&resize=700%2C400 2x"},"classes":[]},{"id":23703,"url":"https:\/\/naillycosmetics.com\/fr\/produit\/victoria-vynn-gel-polish-no-433-jeanious\/","url_meta":{"origin":22880,"position":3},"title":"Victoria VYNN Gel Polish No. 433 Jeanious","author":"Serge Sahakian","date":"novembre 19, 2025","format":false,"excerpt":"A denim navy that feels like your favorite pair of jeans: reliable, relaxed and always stylish. This shade brings casual, urban character to everyday nails and is great for all-over color or combined with nudes and whites for trendy, street-style designs. Collection:\u00a0Fashion Follower Product Specifications: \u00a0 \u00a0 \u00a0 \u00a0 \u00a0\u2026","rel":"","context":"Article similaire","block_context":{"text":"Article similaire","link":""},"img":{"alt_text":"Victoria vynn gel polish fashion follower no. 433 Jeanious","src":"https:\/\/i0.wp.com\/naillycosmetics.com\/wp-content\/uploads\/2026\/02\/victoria-vynn-gel-polish-fashion-follower-no.-433-jeanious.webp?fit=750%2C1000&ssl=1&resize=350%2C200","width":350,"height":200,"srcset":"https:\/\/i0.wp.com\/naillycosmetics.com\/wp-content\/uploads\/2026\/02\/victoria-vynn-gel-polish-fashion-follower-no.-433-jeanious.webp?fit=750%2C1000&ssl=1&resize=350%2C200 1x, https:\/\/i0.wp.com\/naillycosmetics.com\/wp-content\/uploads\/2026\/02\/victoria-vynn-gel-polish-fashion-follower-no.-433-jeanious.webp?fit=750%2C1000&ssl=1&resize=525%2C300 1.5x, https:\/\/i0.wp.com\/naillycosmetics.com\/wp-content\/uploads\/2026\/02\/victoria-vynn-gel-polish-fashion-follower-no.-433-jeanious.webp?fit=750%2C1000&ssl=1&resize=700%2C400 2x"},"classes":[]},{"id":22500,"url":"https:\/\/naillycosmetics.com\/fr\/produit\/victoria-vynn-gel-polish-no-425-macarose\/","url_meta":{"origin":22880,"position":4},"title":"Victoria VYNN Gel Polish No. 425 MacaRose","author":"Serge Sahakian","date":"septembre 16, 2025","format":false,"excerpt":"Le vernis en gel n\u00b0 425 MacaRose est le blush doux de l'\u00e9l\u00e9gance - un rose poudr\u00e9 aussi d\u00e9licat que les p\u00e9tales de rose et parfait pour des ongles f\u00e9minins et intemporels. Collection : Cherry on Top La collection Cherry on Top est une friandise pour vos ongles - une gamme de vernis gel sans TPO inspir\u00e9e de desserts d\u00e9cadents....","rel":"","context":"Article similaire","block_context":{"text":"Article similaire","link":""},"img":{"alt_text":"victoria vynn salon gel polish cherry on top collection macarose 425","src":"https:\/\/i0.wp.com\/naillycosmetics.com\/wp-content\/uploads\/2026\/02\/victoria-vynn-salon-gel-polish-cherry-on-top-collection-macarose-425.webp?fit=750%2C1000&ssl=1&resize=350%2C200","width":350,"height":200,"srcset":"https:\/\/i0.wp.com\/naillycosmetics.com\/wp-content\/uploads\/2026\/02\/victoria-vynn-salon-gel-polish-cherry-on-top-collection-macarose-425.webp?fit=750%2C1000&ssl=1&resize=350%2C200 1x, https:\/\/i0.wp.com\/naillycosmetics.com\/wp-content\/uploads\/2026\/02\/victoria-vynn-salon-gel-polish-cherry-on-top-collection-macarose-425.webp?fit=750%2C1000&ssl=1&resize=525%2C300 1.5x, https:\/\/i0.wp.com\/naillycosmetics.com\/wp-content\/uploads\/2026\/02\/victoria-vynn-salon-gel-polish-cherry-on-top-collection-macarose-425.webp?fit=750%2C1000&ssl=1&resize=700%2C400 2x"},"classes":[]},{"id":22504,"url":"https:\/\/naillycosmetics.com\/fr\/produit\/victoria-vynn-gel-polish-no-423-pavlover\/","url_meta":{"origin":22880,"position":5},"title":"Victoria VYNN Gel Polish No. 423 PavLover","author":"Serge Sahakian","date":"septembre 16, 2025","format":false,"excerpt":"Le vernis en gel n\u00b0 424 \u201cNugat\u201d est un beige chaud et cr\u00e9meux inspir\u00e9 par le nougat. C'est une couleur neutre chic et polyvalente, parfaite pour des ongles \u00e9l\u00e9gants de tous les jours ou comme base pour des designs cr\u00e9atifs. Collection : Cherry on Top La collection Cherry on Top est un r\u00e9gal sucr\u00e9 pour vos ongles - un vernis gel sans TPO...","rel":"","context":"Article similaire","block_context":{"text":"Article similaire","link":""},"img":{"alt_text":"victoria vynn salon gel polish cherry on top collection pav lover no. 424","src":"https:\/\/i0.wp.com\/naillycosmetics.com\/wp-content\/uploads\/2026\/02\/victoria-vynn-salon-gel-polish-cherry-on-top-collection-pav-lover.webp?fit=750%2C1000&ssl=1&resize=350%2C200","width":350,"height":200,"srcset":"https:\/\/i0.wp.com\/naillycosmetics.com\/wp-content\/uploads\/2026\/02\/victoria-vynn-salon-gel-polish-cherry-on-top-collection-pav-lover.webp?fit=750%2C1000&ssl=1&resize=350%2C200 1x, https:\/\/i0.wp.com\/naillycosmetics.com\/wp-content\/uploads\/2026\/02\/victoria-vynn-salon-gel-polish-cherry-on-top-collection-pav-lover.webp?fit=750%2C1000&ssl=1&resize=525%2C300 1.5x, https:\/\/i0.wp.com\/naillycosmetics.com\/wp-content\/uploads\/2026\/02\/victoria-vynn-salon-gel-polish-cherry-on-top-collection-pav-lover.webp?fit=750%2C1000&ssl=1&resize=700%2C400 2x"},"classes":[]}],"jetpack_sharing_enabled":true,"_links":{"self":[{"href":"https:\/\/naillycosmetics.com\/fr\/wp-json\/wp\/v2\/product\/22880","targetHints":{"allow":["GET"]}}],"collection":[{"href":"https:\/\/naillycosmetics.com\/fr\/wp-json\/wp\/v2\/product"}],"about":[{"href":"https:\/\/naillycosmetics.com\/fr\/wp-json\/wp\/v2\/types\/product"}],"replies":[{"embeddable":true,"href":"https:\/\/naillycosmetics.com\/fr\/wp-json\/wp\/v2\/comments?post=22880"}],"wp:featuredmedia":[{"embeddable":true,"href":"https:\/\/naillycosmetics.com\/fr\/wp-json\/wp\/v2\/media\/27620"}],"wp:attachment":[{"href":"https:\/\/naillycosmetics.com\/fr\/wp-json\/wp\/v2\/media?parent=22880"}],"wp:term":[{"taxonomy":"product_brand","embeddable":true,"href":"https:\/\/naillycosmetics.com\/fr\/wp-json\/wp\/v2\/product_brand?post=22880"},{"taxonomy":"product_cat","embeddable":true,"href":"https:\/\/naillycosmetics.com\/fr\/wp-json\/wp\/v2\/product_cat?post=22880"},{"taxonomy":"product_tag","embeddable":true,"href":"https:\/\/naillycosmetics.com\/fr\/wp-json\/wp\/v2\/product_tag?post=22880"}],"curies":[{"name":"wp","href":"https:\/\/api.w.org\/{rel}","templated":true}]}}