{"id":22463,"date":"2025-08-28T14:23:55","date_gmt":"2025-08-28T18:23:55","guid":{"rendered":"https:\/\/naillycosmetics.com\/product\/msmo-refill-sanding-bands-180-grit\/"},"modified":"2026-02-18T14:30:50","modified_gmt":"2026-02-18T19:30:50","slug":"msmo-refill-sanding-bands-180-grit","status":"publish","type":"product","link":"https:\/\/naillycosmetics.com\/fr\/produit\/msmo-refill-sanding-bands-180-grit\/","title":{"rendered":"MSMO Refill - Bandes abrasives 180 Grit"},"content":{"rendered":"","protected":false},"excerpt":{"rendered":"","protected":false},"featured_media":25574,"comment_status":"open","ping_status":"closed","template":"","meta":{"jetpack_post_was_ever_published":false,"jetpack_publicize_message":"","jetpack_publicize_feature_enabled":true,"jetpack_social_post_already_shared":true,"jetpack_social_options":{"image_generator_settings":{"template":"highway","default_image_id":0,"font":"","enabled":false},"version":2}},"product_brand":[957],"product_cat":[913],"product_tag":[],"class_list":{"0":"post-22463","1":"product","2":"type-product","3":"status-publish","4":"has-post-thumbnail","6":"product_brand-msmo","7":"product_cat-msmo-nail-files-buffers","9":"first","10":"outofstock","11":"taxable","12":"shipping-taxable","13":"purchasable","14":"product-type-simple"},"jetpack_publicize_connections":[],"jetpack-related-posts":[{"id":22427,"url":"https:\/\/naillycosmetics.com\/fr\/produit\/msmo-mini-nail-sanding-bands-240-grit-smooth-precise-finishing\/","url_meta":{"origin":22463,"position":0},"title":"MSMO Mini-plaquettes \u00e0 poncer les ongles - grain 240 | Finition lisse et pr\u00e9cise","author":"Serge Sahakian","date":"ao\u00fbt 28, 2025","format":false,"excerpt":"","rel":"","context":"Article similaire","block_context":{"text":"Article similaire","link":""},"img":{"alt_text":"","src":"https:\/\/i0.wp.com\/naillycosmetics.com\/wp-content\/uploads\/2026\/02\/monstylemesongles_2-1.png?fit=1200%2C1200&ssl=1&resize=350%2C200","width":350,"height":200,"srcset":"https:\/\/i0.wp.com\/naillycosmetics.com\/wp-content\/uploads\/2026\/02\/monstylemesongles_2-1.png?fit=1200%2C1200&ssl=1&resize=350%2C200 1x, https:\/\/i0.wp.com\/naillycosmetics.com\/wp-content\/uploads\/2026\/02\/monstylemesongles_2-1.png?fit=1200%2C1200&ssl=1&resize=525%2C300 1.5x, https:\/\/i0.wp.com\/naillycosmetics.com\/wp-content\/uploads\/2026\/02\/monstylemesongles_2-1.png?fit=1200%2C1200&ssl=1&resize=700%2C400 2x, https:\/\/i0.wp.com\/naillycosmetics.com\/wp-content\/uploads\/2026\/02\/monstylemesongles_2-1.png?fit=1200%2C1200&ssl=1&resize=1050%2C600 3x"},"classes":[]},{"id":28423,"url":"https:\/\/naillycosmetics.com\/fr\/produit\/staleks-straight-mineral-nail-file-expert-20-100-180-grit-25-pcs\/","url_meta":{"origin":22463,"position":1},"title":"Staleks Lime \u00e0 ongles min\u00e9rale droite EXPERT 20 100\/180 grit (25 pcs)","author":"Serge Sahakian","date":"mars 4, 2026","format":false,"excerpt":"","rel":"","context":"Article similaire","block_context":{"text":"Article similaire","link":""},"img":{"alt_text":"","src":"https:\/\/i0.wp.com\/naillycosmetics.com\/wp-content\/uploads\/2026\/03\/nfe-20-100-180-25-1.jpg?fit=1200%2C1200&ssl=1&resize=350%2C200","width":350,"height":200,"srcset":"https:\/\/i0.wp.com\/naillycosmetics.com\/wp-content\/uploads\/2026\/03\/nfe-20-100-180-25-1.jpg?fit=1200%2C1200&ssl=1&resize=350%2C200 1x, https:\/\/i0.wp.com\/naillycosmetics.com\/wp-content\/uploads\/2026\/03\/nfe-20-100-180-25-1.jpg?fit=1200%2C1200&ssl=1&resize=525%2C300 1.5x, https:\/\/i0.wp.com\/naillycosmetics.com\/wp-content\/uploads\/2026\/03\/nfe-20-100-180-25-1.jpg?fit=1200%2C1200&ssl=1&resize=700%2C400 2x, https:\/\/i0.wp.com\/naillycosmetics.com\/wp-content\/uploads\/2026\/03\/nfe-20-100-180-25-1.jpg?fit=1200%2C1200&ssl=1&resize=1050%2C600 3x"},"classes":[]},{"id":22589,"url":"https:\/\/naillycosmetics.com\/fr\/produit\/msmo-mini-sander-emery-roller-180\/","url_meta":{"origin":22463,"position":2},"title":"MSMO Mini ponceuse \/ rouleau \u00e9meri 180","author":"Serge Sahakian","date":"octobre 8, 2025","format":false,"excerpt":"","rel":"","context":"Article similaire","block_context":{"text":"Article similaire","link":""},"img":{"alt_text":"","src":"https:\/\/i0.wp.com\/naillycosmetics.com\/wp-content\/uploads\/2026\/02\/roller-180-mini.png?fit=1200%2C1200&ssl=1&resize=350%2C200","width":350,"height":200,"srcset":"https:\/\/i0.wp.com\/naillycosmetics.com\/wp-content\/uploads\/2026\/02\/roller-180-mini.png?fit=1200%2C1200&ssl=1&resize=350%2C200 1x, https:\/\/i0.wp.com\/naillycosmetics.com\/wp-content\/uploads\/2026\/02\/roller-180-mini.png?fit=1200%2C1200&ssl=1&resize=525%2C300 1.5x, https:\/\/i0.wp.com\/naillycosmetics.com\/wp-content\/uploads\/2026\/02\/roller-180-mini.png?fit=1200%2C1200&ssl=1&resize=700%2C400 2x, https:\/\/i0.wp.com\/naillycosmetics.com\/wp-content\/uploads\/2026\/02\/roller-180-mini.png?fit=1200%2C1200&ssl=1&resize=1050%2C600 3x"},"classes":[]},{"id":22587,"url":"https:\/\/naillycosmetics.com\/fr\/produit\/msmo-buffer-100-180-professional-pack-of-10\/","url_meta":{"origin":22463,"position":3},"title":"MSMO Tampon 100\/180 - Professionnel (paquet de 10)","author":"Serge Sahakian","date":"octobre 8, 2025","format":false,"excerpt":"","rel":"","context":"Article similaire","block_context":{"text":"Article similaire","link":""},"img":{"alt_text":"","src":"https:\/\/i0.wp.com\/naillycosmetics.com\/wp-content\/uploads\/2026\/02\/buffer-pacquet-de-10.png?fit=1200%2C1200&ssl=1&resize=350%2C200","width":350,"height":200,"srcset":"https:\/\/i0.wp.com\/naillycosmetics.com\/wp-content\/uploads\/2026\/02\/buffer-pacquet-de-10.png?fit=1200%2C1200&ssl=1&resize=350%2C200 1x, https:\/\/i0.wp.com\/naillycosmetics.com\/wp-content\/uploads\/2026\/02\/buffer-pacquet-de-10.png?fit=1200%2C1200&ssl=1&resize=525%2C300 1.5x, https:\/\/i0.wp.com\/naillycosmetics.com\/wp-content\/uploads\/2026\/02\/buffer-pacquet-de-10.png?fit=1200%2C1200&ssl=1&resize=700%2C400 2x, https:\/\/i0.wp.com\/naillycosmetics.com\/wp-content\/uploads\/2026\/02\/buffer-pacquet-de-10.png?fit=1200%2C1200&ssl=1&resize=1050%2C600 3x"},"classes":[]},{"id":22660,"url":"https:\/\/naillycosmetics.com\/fr\/produit\/msmo-square-nail-files-100-180-pack-of-50\/","url_meta":{"origin":22463,"position":4},"title":"MSMO Limes \u00e0 ongles carr\u00e9es 100\/180 (paquet de 50)","author":"Serge Sahakian","date":"octobre 16, 2025","format":false,"excerpt":"","rel":"","context":"Article similaire","block_context":{"text":"Article similaire","link":""},"img":{"alt_text":"","src":"https:\/\/i0.wp.com\/naillycosmetics.com\/wp-content\/uploads\/2026\/02\/nail-file-carre-100180-1.png?fit=1200%2C1200&ssl=1&resize=350%2C200","width":350,"height":200,"srcset":"https:\/\/i0.wp.com\/naillycosmetics.com\/wp-content\/uploads\/2026\/02\/nail-file-carre-100180-1.png?fit=1200%2C1200&ssl=1&resize=350%2C200 1x, https:\/\/i0.wp.com\/naillycosmetics.com\/wp-content\/uploads\/2026\/02\/nail-file-carre-100180-1.png?fit=1200%2C1200&ssl=1&resize=525%2C300 1.5x, https:\/\/i0.wp.com\/naillycosmetics.com\/wp-content\/uploads\/2026\/02\/nail-file-carre-100180-1.png?fit=1200%2C1200&ssl=1&resize=700%2C400 2x, https:\/\/i0.wp.com\/naillycosmetics.com\/wp-content\/uploads\/2026\/02\/nail-file-carre-100180-1.png?fit=1200%2C1200&ssl=1&resize=1050%2C600 3x"},"classes":[]},{"id":22658,"url":"https:\/\/naillycosmetics.com\/fr\/produit\/msmo-thin-square-nail-files-100-180-pack-of-50\/","url_meta":{"origin":22463,"position":5},"title":"MSMO Limes \u00e0 ongles fines et carr\u00e9es 100\/180 (paquet de 50)","author":"Serge Sahakian","date":"octobre 16, 2025","format":false,"excerpt":"","rel":"","context":"Article similaire","block_context":{"text":"Article similaire","link":""},"img":{"alt_text":"","src":"https:\/\/i0.wp.com\/naillycosmetics.com\/wp-content\/uploads\/2026\/02\/nail-file-carre-100180.png?fit=1200%2C1200&ssl=1&resize=350%2C200","width":350,"height":200,"srcset":"https:\/\/i0.wp.com\/naillycosmetics.com\/wp-content\/uploads\/2026\/02\/nail-file-carre-100180.png?fit=1200%2C1200&ssl=1&resize=350%2C200 1x, https:\/\/i0.wp.com\/naillycosmetics.com\/wp-content\/uploads\/2026\/02\/nail-file-carre-100180.png?fit=1200%2C1200&ssl=1&resize=525%2C300 1.5x, https:\/\/i0.wp.com\/naillycosmetics.com\/wp-content\/uploads\/2026\/02\/nail-file-carre-100180.png?fit=1200%2C1200&ssl=1&resize=700%2C400 2x, https:\/\/i0.wp.com\/naillycosmetics.com\/wp-content\/uploads\/2026\/02\/nail-file-carre-100180.png?fit=1200%2C1200&ssl=1&resize=1050%2C600 3x"},"classes":[]}],"jetpack_sharing_enabled":true,"_links":{"self":[{"href":"https:\/\/naillycosmetics.com\/fr\/wp-json\/wp\/v2\/product\/22463","targetHints":{"allow":["GET"]}}],"collection":[{"href":"https:\/\/naillycosmetics.com\/fr\/wp-json\/wp\/v2\/product"}],"about":[{"href":"https:\/\/naillycosmetics.com\/fr\/wp-json\/wp\/v2\/types\/product"}],"replies":[{"embeddable":true,"href":"https:\/\/naillycosmetics.com\/fr\/wp-json\/wp\/v2\/comments?post=22463"}],"wp:featuredmedia":[{"embeddable":true,"href":"https:\/\/naillycosmetics.com\/fr\/wp-json\/wp\/v2\/media\/25574"}],"wp:attachment":[{"href":"https:\/\/naillycosmetics.com\/fr\/wp-json\/wp\/v2\/media?parent=22463"}],"wp:term":[{"taxonomy":"product_brand","embeddable":true,"href":"https:\/\/naillycosmetics.com\/fr\/wp-json\/wp\/v2\/product_brand?post=22463"},{"taxonomy":"product_cat","embeddable":true,"href":"https:\/\/naillycosmetics.com\/fr\/wp-json\/wp\/v2\/product_cat?post=22463"},{"taxonomy":"product_tag","embeddable":true,"href":"https:\/\/naillycosmetics.com\/fr\/wp-json\/wp\/v2\/product_tag?post=22463"}],"curies":[{"name":"wp","href":"https:\/\/api.w.org\/{rel}","templated":true}]}}