{"id":20824,"date":"2025-05-16T17:45:39","date_gmt":"2025-05-16T21:45:39","guid":{"rendered":"https:\/\/naillycosmetics.com\/product\/ulka-nano-desktop-white-manicure-dust-collector-kit-2-hepa-filter-1-wooden-stick-1-brush\/"},"modified":"2026-03-04T19:58:56","modified_gmt":"2026-03-05T00:58:56","slug":"ulka-nano-desktop-white-manicure-dust-collector-kit-2-hepa-filter-1-wooden-stick-1-brush","status":"publish","type":"product","link":"https:\/\/naillycosmetics.com\/fr\/produit\/ulka-nano-desktop-white-manicure-dust-collector-kit-2-hepa-filter-1-wooden-stick-1-brush\/","title":{"rendered":"\u00dcLKA Nano Desktop White Manicure Dust Collector + Kit (2 filtres HEPA, 1 b\u00e2ton en bois et 1 brosse)"},"content":{"rendered":"<p>2 ventilateurs surpuissants pour absorber toute la poussi\u00e8re de la zone de travail et pr\u00e9server les poumons de la proth\u00e9siste ongulaire.<\/p><p>Ports de charge, vous pouvez d\u00e9sormais charger des appareils mobiles directement depuis le d\u00e9poussi\u00e9reur (nous avons pr\u00e9vu les deux formats Type-C et USB). Les d\u00e9poussi\u00e9reurs peuvent avoir diff\u00e9rents connecteurs : ils peuvent avoir 2 Type-C, 2 USB, ou une combinaison de Type-C et USB. Veuillez v\u00e9rifier les sp\u00e9cifications de votre d\u00e9poussi\u00e9reur pour voir quels sont les connecteurs disponibles. Cette fonctionnalit\u00e9 ajoute de la commodit\u00e9 au travail, car les sp\u00e9cialistes des ongles n'ont plus besoin de chercher des sources d'alimentation suppl\u00e9mentaires pour leurs gadgets, ce qui garantit un fonctionnement ininterrompu et l'acc\u00e8s \u00e0 tous les outils n\u00e9cessaires en un seul endroit.<\/p><p>Compact et ergonomique : c'est le d\u00e9poussi\u00e9reur le plus bas et le plus l\u00e9ger du march\u00e9 avec une telle puissance de sortie.<\/p><p>Purification efficace de l'air : \u00e9limine activement les poussi\u00e8res et les allerg\u00e8nes et maintient un niveau d'hygi\u00e8ne \u00e9lev\u00e9 sur le lieu de travail.<br>Entretien facile - le filtre est tr\u00e8s facile et rapide \u00e0 nettoyer ou \u00e0 remplacer ; 2 filtres et une brosse \u00e0 \u00e9pousseter sont d\u00e9j\u00e0 inclus dans le kit !<\/p><ul class=\"wp-block-list\"><li>Tension d'alimentation (V) et fr\u00e9quence<\/li>\n\n<li>(Hz) : 220\/50 et 110V<\/li>\n\n<li>Niveau sonore (dB) : 85<\/li>\n\n<li>Puissance (W):58<\/li>\n\n<li>Vitesse d'aspiration (m\/s) : 3,5<\/li>\n\n<li>Ports int\u00e9gr\u00e9s : Type-C\/ USB*<\/li>\n\n<li>Dimensions (cm) : 18x29x7.6 (r\u00e9el)<\/li>\n\n<li>Poids du produit (kg) : 1,2 (r\u00e9el)<br>*Dans les d\u00e9poussi\u00e9reurs de clous, les ports peuvent varier : il peut y avoir 2 Type-C, 2 USB, ou une combinaison de Type-C et USB.<\/li><\/ul><p>MISE \u00c0 JOUR IMPORTANTE<\/p><p>\u00c0 partir du 1er juillet 2025, de nouvelles conditions de garantie s'appliqueront \u00e0 toutes les ventes effectu\u00e9es \u00e0 partir de cette date. Ces mises \u00e0 jour sont con\u00e7ues pour aider les clients \u00e0 maintenir leurs machines en parfait \u00e9tat et entra\u00eeneront \u00e9galement une augmentation de la demande de filtres de remplacement, ce qui cr\u00e9era une excellente opportunit\u00e9 de vente pour vous.<\/p><p>Qu'est-ce qui change ?<br>Remplacement r\u00e9gulier du filtre pour une performance optimale<br>Les clients doivent remplacer leurs filtres HEPA tous les 2 mois et leurs filtres \u00e0 poches tous les 4 mois pour garantir un fonctionnement optimal. Pour les demandes de garantie, ils devront fournir la preuve de l'achat des filtres.<\/p>","protected":false},"excerpt":{"rendered":"<p>Ce d\u00e9poussi\u00e9reur est le choix id\u00e9al pour les salons et studios professionnels qui privil\u00e9gient la qualit\u00e9, la commodit\u00e9 et la propret\u00e9. Mod\u00e8le \u00e9conome en \u00e9nergie, dot\u00e9 de deux ventilateurs puissants et de ports pour recharger les appareils mobiles, il est deux fois plus puissant que les d\u00e9poussi\u00e9reurs \u00e0 sacs comparables et fonctionne avec un faible niveau sonore.<\/p>\n<ul>\n<li>Corps en plastique r\u00e9sistant aux chocs<\/li>\n<li>Deux modes de fonctionnement<\/li>\n<li>Utilisation efficace de l'\u00e9nergie<\/li>\n<\/ul>\n<p>Sp\u00e9cifications du produit :<\/p>\n<p><img loading=\"lazy\" decoding=\"async\" class=\"size-full wp-image-21796 alignleft\" src=\"http:\/\/victoriavynn.ca\/wp-content\/uploads\/2025\/05\/dust-extracted.webp\" alt=\"DUST EXTRACTED\" width=\"125\" height=\"150\" \/><\/p>\n<p><img loading=\"lazy\" decoding=\"async\" class=\"size-full wp-image-21797 alignleft\" src=\"http:\/\/victoriavynn.ca\/wp-content\/uploads\/2025\/05\/52w-power.webp\" alt=\"52W POWER\" width=\"125\" height=\"150\" \/><img loading=\"lazy\" decoding=\"async\" class=\"size-full wp-image-21798 alignleft\" src=\"http:\/\/victoriavynn.ca\/wp-content\/uploads\/2025\/05\/5-years-warranty.webp\" alt=\"5 YEARS WARRANTY\" width=\"125\" height=\"150\" \/><\/p>\n<p>&nbsp;<\/p>\n<p>&nbsp;<\/p>\n<p>&nbsp;<\/p>\n<p>&nbsp;<\/p>\n<p>&nbsp;<\/p>","protected":false},"featured_media":24669,"comment_status":"open","ping_status":"closed","template":"","meta":{"jetpack_post_was_ever_published":false,"jetpack_publicize_message":"","jetpack_publicize_feature_enabled":true,"jetpack_social_post_already_shared":true,"jetpack_social_options":{"image_generator_settings":{"template":"highway","default_image_id":0,"font":"","enabled":false},"version":2}},"product_brand":[900],"product_cat":[899],"product_tag":[898],"class_list":{"0":"post-20824","1":"product","2":"type-product","3":"status-publish","4":"has-post-thumbnail","6":"product_brand-ulka","7":"product_cat-nano-dust-collectors","8":"product_tag-dust-collectors","10":"first","11":"instock","12":"taxable","13":"shipping-taxable","14":"purchasable","15":"product-type-simple"},"jetpack_publicize_connections":[],"jetpack-related-posts":[{"id":23298,"url":"https:\/\/naillycosmetics.com\/fr\/produit\/ulka-built-in-tornado-desktop-black-manicure-dust-collector-kit-2-hepa-filter-1-wooden-stick-1-brush\/","url_meta":{"origin":20824,"position":0},"title":"\u00dcLKA D\u00e9poussi\u00e9reur de bureau Tornado int\u00e9gr\u00e9 pour manucure + Kit (2 filtres HEPA, 1 b\u00e2ton en bois et 1 brosse)","author":"Serge Sahakian","date":"d\u00e9cembre 23, 2025","format":false,"excerpt":"D\u00e9poussi\u00e9reur int\u00e9gr\u00e9 \u00dcLKA Tornado \u00dcLKA Tornado \u00e9l\u00e8ve la propret\u00e9 de l'espace de travail \u00e0 un niveau sup\u00e9rieur. Ce d\u00e9poussi\u00e9reur professionnel encastrable est \u00e9quip\u00e9 de deux ventilateurs puissants pour une aspiration homog\u00e8ne et constante sur toute la surface, et pas seulement au centre. Il est \u00e9quip\u00e9 d'une commande d'aspiration r\u00e9glable, d'une sortie d'air lat\u00e9rale et de grilles magn\u00e9tiques pour...","rel":"","context":"Article similaire","block_context":{"text":"Article similaire","link":""},"img":{"alt_text":"","src":"https:\/\/i0.wp.com\/naillycosmetics.com\/wp-content\/uploads\/2025\/12\/victoria-vynn-tornado-new.webp?fit=750%2C1000&ssl=1&resize=350%2C200","width":350,"height":200,"srcset":"https:\/\/i0.wp.com\/naillycosmetics.com\/wp-content\/uploads\/2025\/12\/victoria-vynn-tornado-new.webp?fit=750%2C1000&ssl=1&resize=350%2C200 1x, https:\/\/i0.wp.com\/naillycosmetics.com\/wp-content\/uploads\/2025\/12\/victoria-vynn-tornado-new.webp?fit=750%2C1000&ssl=1&resize=525%2C300 1.5x, https:\/\/i0.wp.com\/naillycosmetics.com\/wp-content\/uploads\/2025\/12\/victoria-vynn-tornado-new.webp?fit=750%2C1000&ssl=1&resize=700%2C400 2x"},"classes":[]},{"id":23300,"url":"https:\/\/naillycosmetics.com\/fr\/produit\/ulka-hepa-filter-textile-for-ulka-nano-tornado-bee-dust-collectors\/","url_meta":{"origin":20824,"position":1},"title":"\u00dcLKA HEPA Filter Textile pour les d\u00e9poussi\u00e9reurs \u00dcLKA Nano\/Tornado\/Bee","author":"Serge Sahakian","date":"d\u00e9cembre 23, 2025","format":false,"excerpt":"Filtre textile HEPA \u00e0 haute efficacit\u00e9 pour les d\u00e9poussi\u00e9reurs \u00dcLKA Nano, Tornado et Bee. Capture sup\u00e9rieure de la poussi\u00e8re et flux d'air propre.","rel":"","context":"Article similaire","block_context":{"text":"Article similaire","link":""},"img":{"alt_text":"","src":"https:\/\/i0.wp.com\/naillycosmetics.com\/wp-content\/uploads\/2025\/12\/ulka-nanobee-filter-1-1.jpg?fit=750%2C1000&ssl=1&resize=350%2C200","width":350,"height":200,"srcset":"https:\/\/i0.wp.com\/naillycosmetics.com\/wp-content\/uploads\/2025\/12\/ulka-nanobee-filter-1-1.jpg?fit=750%2C1000&ssl=1&resize=350%2C200 1x, https:\/\/i0.wp.com\/naillycosmetics.com\/wp-content\/uploads\/2025\/12\/ulka-nanobee-filter-1-1.jpg?fit=750%2C1000&ssl=1&resize=525%2C300 1.5x, https:\/\/i0.wp.com\/naillycosmetics.com\/wp-content\/uploads\/2025\/12\/ulka-nanobee-filter-1-1.jpg?fit=750%2C1000&ssl=1&resize=700%2C400 2x"},"classes":[]},{"id":1116,"url":"https:\/\/naillycosmetics.com\/fr\/produit\/spider-gel\/","url_meta":{"origin":20824,"position":2},"title":"Gel pour araign\u00e9e Victoria VYNN","author":"Serge Sahakian","date":"mars 11, 2020","format":false,"excerpt":"Victoria VYNN Spider Gel est un gel flexible pour la d\u00e9coration, parfait pour r\u00e9aliser un nail art spectaculaire et, en m\u00eame temps, tr\u00e8s rapide. Sa consistance dense et caoutchouteuse permet de r\u00e9aliser des lignes parfaitement droites et des motifs g\u00e9om\u00e9triques. Il peut \u00eatre appliqu\u00e9 sur le gel, le gel acrylique et les vernis hybrides. Il...","rel":"","context":"Article similaire","block_context":{"text":"Article similaire","link":""},"img":{"alt_text":"Spider Gel","src":"https:\/\/i0.wp.com\/naillycosmetics.com\/wp-content\/uploads\/2020\/03\/Spider-Gel-White.png?fit=1000%2C1000&ssl=1&resize=350%2C200","width":350,"height":200,"srcset":"https:\/\/i0.wp.com\/naillycosmetics.com\/wp-content\/uploads\/2020\/03\/Spider-Gel-White.png?fit=1000%2C1000&ssl=1&resize=350%2C200 1x, https:\/\/i0.wp.com\/naillycosmetics.com\/wp-content\/uploads\/2020\/03\/Spider-Gel-White.png?fit=1000%2C1000&ssl=1&resize=525%2C300 1.5x, https:\/\/i0.wp.com\/naillycosmetics.com\/wp-content\/uploads\/2020\/03\/Spider-Gel-White.png?fit=1000%2C1000&ssl=1&resize=700%2C400 2x"},"classes":[]},{"id":5181,"url":"https:\/\/naillycosmetics.com\/fr\/produit\/cat-eye-gel-polish-234-kyanite\/","url_meta":{"origin":20824,"position":3},"title":"Victoria VYNN Salon Gel Polish No. 234 Cat Eye Kyanite","author":"Serge Sahakian","date":"septembre 4, 2022","format":false,"excerpt":"Le vernis hybride magn\u00e9tique de la collection Cat Eye garantit un design \u00e0 la mode avec un effet \u00e9l\u00e9gant de poussi\u00e8re magn\u00e9tique, dont l'emplacement sur l'ongle peut \u00eatre contr\u00f4l\u00e9 \u00e0 l'aide d'un aimant. Cat Eye Kyanite avec des accents verts et bleus. La couleur de vernis gel Victoria VYNN la plus vendue au Canada est...","rel":"","context":"Article similaire","block_context":{"text":"Article similaire","link":""},"img":{"alt_text":"cat eye gel polish 234_","src":"https:\/\/i0.wp.com\/naillycosmetics.com\/wp-content\/uploads\/2026\/02\/salon-gel-polish-234_.png?fit=1000%2C1000&ssl=1&resize=350%2C200","width":350,"height":200,"srcset":"https:\/\/i0.wp.com\/naillycosmetics.com\/wp-content\/uploads\/2026\/02\/salon-gel-polish-234_.png?fit=1000%2C1000&ssl=1&resize=350%2C200 1x, https:\/\/i0.wp.com\/naillycosmetics.com\/wp-content\/uploads\/2026\/02\/salon-gel-polish-234_.png?fit=1000%2C1000&ssl=1&resize=525%2C300 1.5x, https:\/\/i0.wp.com\/naillycosmetics.com\/wp-content\/uploads\/2026\/02\/salon-gel-polish-234_.png?fit=1000%2C1000&ssl=1&resize=700%2C400 2x"},"classes":[]},{"id":4557,"url":"https:\/\/naillycosmetics.com\/fr\/produit\/beige-cream-nail-polish-003\/","url_meta":{"origin":20824,"position":4},"title":"Victoria VYNN iQ Vernis \u00e0 ongles No. 003 Beige Cream","author":"Serge Sahakian","date":"septembre 4, 2022","format":false,"excerpt":"Le vernis \u00e0 ongles cr\u00e8me beige, un beige translucide, est parfait pour les motifs fran\u00e7ais. Il a son \u00e9quivalent dans la collection Gel Polish 006. Avec les couleurs du vernis \u00e0 ongles Victoria VYNN iQ, vous pouvez profiter de l'effet pendant 10 jours, comme apr\u00e8s une visite au salon ! La formule riche en...","rel":"","context":"Article similaire","block_context":{"text":"Article similaire","link":""},"img":{"alt_text":"beige cream nail polish","src":"https:\/\/i0.wp.com\/naillycosmetics.com\/wp-content\/uploads\/2026\/02\/beige-cream-nail-polish.png?fit=750%2C1000&ssl=1&resize=350%2C200","width":350,"height":200,"srcset":"https:\/\/i0.wp.com\/naillycosmetics.com\/wp-content\/uploads\/2026\/02\/beige-cream-nail-polish.png?fit=750%2C1000&ssl=1&resize=350%2C200 1x, https:\/\/i0.wp.com\/naillycosmetics.com\/wp-content\/uploads\/2026\/02\/beige-cream-nail-polish.png?fit=750%2C1000&ssl=1&resize=525%2C300 1.5x, https:\/\/i0.wp.com\/naillycosmetics.com\/wp-content\/uploads\/2026\/02\/beige-cream-nail-polish.png?fit=750%2C1000&ssl=1&resize=700%2C400 2x"},"classes":[]},{"id":5009,"url":"https:\/\/naillycosmetics.com\/fr\/produit\/vegan-nail-polish-iq-032-new-moorland\/","url_meta":{"origin":20824,"position":5},"title":"Victoria VYNN iQ Vernis \u00e0 ongles No. 032 New Moorland","author":"Serge Sahakian","date":"septembre 4, 2022","format":false,"excerpt":"The New Moorland violet has been delicately warmed with beige to match Pure Creamy Hybrid 154. With the Victoria VYNN iQ Vegan Nail Polish colors you may enjoy the effect for 10 days as if after visit to a salon! The formula rich in high-quality vegan ingredients ensures long-lasting adhesion\u2026","rel":"","context":"Article similaire","block_context":{"text":"Article similaire","link":""},"img":{"alt_text":"iq-vegan-nail-polish-032-","src":"https:\/\/i0.wp.com\/naillycosmetics.com\/wp-content\/uploads\/2026\/02\/iq-vegan-nail-polish-032-.webp?fit=750%2C1000&ssl=1&resize=350%2C200","width":350,"height":200,"srcset":"https:\/\/i0.wp.com\/naillycosmetics.com\/wp-content\/uploads\/2026\/02\/iq-vegan-nail-polish-032-.webp?fit=750%2C1000&ssl=1&resize=350%2C200 1x, https:\/\/i0.wp.com\/naillycosmetics.com\/wp-content\/uploads\/2026\/02\/iq-vegan-nail-polish-032-.webp?fit=750%2C1000&ssl=1&resize=525%2C300 1.5x, https:\/\/i0.wp.com\/naillycosmetics.com\/wp-content\/uploads\/2026\/02\/iq-vegan-nail-polish-032-.webp?fit=750%2C1000&ssl=1&resize=700%2C400 2x"},"classes":[]}],"jetpack_sharing_enabled":true,"_links":{"self":[{"href":"https:\/\/naillycosmetics.com\/fr\/wp-json\/wp\/v2\/product\/20824","targetHints":{"allow":["GET"]}}],"collection":[{"href":"https:\/\/naillycosmetics.com\/fr\/wp-json\/wp\/v2\/product"}],"about":[{"href":"https:\/\/naillycosmetics.com\/fr\/wp-json\/wp\/v2\/types\/product"}],"replies":[{"embeddable":true,"href":"https:\/\/naillycosmetics.com\/fr\/wp-json\/wp\/v2\/comments?post=20824"}],"wp:featuredmedia":[{"embeddable":true,"href":"https:\/\/naillycosmetics.com\/fr\/wp-json\/wp\/v2\/media\/24669"}],"wp:attachment":[{"href":"https:\/\/naillycosmetics.com\/fr\/wp-json\/wp\/v2\/media?parent=20824"}],"wp:term":[{"taxonomy":"product_brand","embeddable":true,"href":"https:\/\/naillycosmetics.com\/fr\/wp-json\/wp\/v2\/product_brand?post=20824"},{"taxonomy":"product_cat","embeddable":true,"href":"https:\/\/naillycosmetics.com\/fr\/wp-json\/wp\/v2\/product_cat?post=20824"},{"taxonomy":"product_tag","embeddable":true,"href":"https:\/\/naillycosmetics.com\/fr\/wp-json\/wp\/v2\/product_tag?post=20824"}],"curies":[{"name":"wp","href":"https:\/\/api.w.org\/{rel}","templated":true}]}}