{"id":20561,"date":"2025-04-25T15:31:06","date_gmt":"2025-04-25T19:31:06","guid":{"rendered":"https:\/\/naillycosmetics.com\/product\/victoria-vynn-5-pack-luna-glass-no-408413262-oh-my-gloss-top-coat-8ml-mega-base-milky-white-8ml\/"},"modified":"2026-03-04T19:59:52","modified_gmt":"2026-03-05T00:59:52","slug":"victoria-vynn-5-pack-luna-glass-no-408413262-oh-my-gloss-top-coat-8ml-mega-base-milky-white-8ml","status":"publish","type":"product","link":"https:\/\/naillycosmetics.com\/fr\/produit\/victoria-vynn-5-pack-luna-glass-no-408413262-oh-my-gloss-top-coat-8ml-mega-base-milky-white-8ml\/","title":{"rendered":"Victoria VYNN 5 Pack Luna Glass No. 408,413,262, Oh ! My Gloss Top Coat 8ml &amp; Mega Base Milky White 8ml"},"content":{"rendered":"<p>Le syst\u00e8me Gel Polish comprend des vernis hybrides classiques et durables durcis dans des lampes UV et LED. Le syst\u00e8me contient des bases et des tops aux propri\u00e9t\u00e9s, \u00e0 la durabilit\u00e9 et \u00e0 la finition diff\u00e9rentes. Nous r\u00e9pondons aux besoins de nos clients en offrant une riche vari\u00e9t\u00e9 de couleurs avec des vernis hybrides de diff\u00e9rentes couvertures et effets, dans plus de 200 couleurs. L'avant-gardiste Modern Violet est une nuance forte de violet. Victoria VYNN Gel Polish Color est une ligne de vernis hybrides photopolym\u00e9risables, utilis\u00e9s dans deux types de coiffage : Syst\u00e8me hybride en 3 \u00e9tapes et Syst\u00e8me Soak Off en 4 \u00e9tapes. Gel Polish Color impressionne par la qualit\u00e9 du coiffage et les applications possibles - une palette de couleurs, deux types de coiffage.<\/p><p>Sp\u00e9cifications du produit :<\/p><ul class=\"wp-block-list\"><li>A utiliser pour les manucures hybrides et les manucures Soak Off.<\/li>\n\n<li>Formule laque-gel.<\/li>\n\n<li>Deux couches fines assurent une couverture parfaite et une profondeur de couleur.<\/li>\n\n<li>Il s'\u00e9tale uniform\u00e9ment, sans traces.<\/li>\n\n<li>Une large gamme de couleurs : \u00e9maux, paillettes, pastels, n\u00e9ons, semi-trans.<\/li><\/ul>","protected":false},"excerpt":{"rendered":"<p>Laissez-vous inspirer par l'espace et d\u00e9passez les horizons de la Terre. LUNAglass est un voyage au-del\u00e0 de l'atmosph\u00e8re terrestre, o\u00f9 la lumi\u00e8re argent\u00e9e de la lune \u00e9blouit et hypnotise. Pr\u00e9parez-vous \u00e0 une collection qui va intriguer et cr\u00e9er de nouvelles tendances en mati\u00e8re de manucure. La cl\u00e9 de l'effet galactique ? Notre sensationnel \u0153il de chat argent\u00e9 ! Appliqu\u00e9 comme base pour les couleurs Lunaglass translucides, il leur donne imm\u00e9diatement une profondeur incroyable et l'effet d'un cristal clair. C'est la perc\u00e9e que vous attendiez ! Collection :\u00a0<a href=\"https:\/\/victoriavynn.ca\/salon-gel-polish-luna-glass-collection\/\">Salon Gel Polish Luna Glass Collection<\/a>\u00a0L'ensemble comprend :<\/p>\n<ul>\n<li><a href=\"https:\/\/victoriavynn.ca\/product\/victoria-vynn-gel-polish-glass-no-408-moonlight\/\">Gel Polonais n\u00b0 408 Moonlight<\/a><\/li>\n<li><a href=\"https:\/\/victoriavynn.ca\/product\/victoria-vynn-gel-polish-glass-no-413-blood-moon\/\">Gel Polonais n\u00b0 413 Blood Moon<\/a><\/li>\n<li><a href=\"https:\/\/victoriavynn.ca\/product\/victoria-vynn-salon-gel-polish-color-no-262\/\">Gel Polish No. 262 Black King<\/a><\/li>\n<li><a href=\"https:\/\/victoriavynn.ca\/product\/victoria-vynn-oh-my-gloss-top-coat-no-wipe\/?attribute_pa_size=8ml\">Salon Gel Polish Oh ! My Gloss Top Coat No Wipe 8ml<\/a><\/li>\n<li><a href=\"https:\/\/victoriavynn.ca\/product\/mega-base-rubber-base-coat\/?attribute_color=Milky+White&amp;attribute_pa_size=8ml\">Mega Base Hard &amp; Long Nails (Rubber Base Coat) - Blanc laiteux 8ml<\/a><\/li>\n<\/ul>\n<p>Sp\u00e9cifications du produit :<\/p>\n<p><img loading=\"lazy\" decoding=\"async\" class=\"size-full wp-image-10680 alignleft\" src=\"http:\/\/victoriavynn.ca\/wp-content\/uploads\/2023\/02\/DIFFERENT-FINISHING-EFFECTS.webp\" alt=\"DIFFERENT FINISHING EFFECTS\" width=\"125\" height=\"150\" srcset=\"https:\/\/i0.wp.com\/naillycosmetics.com\/wp-content\/uploads\/2023\/02\/DIFFERENT-FINISHING-EFFECTS.webp?w=125&amp;ssl=1 125w, https:\/\/i0.wp.com\/naillycosmetics.com\/wp-content\/uploads\/2023\/02\/DIFFERENT-FINISHING-EFFECTS.webp?resize=10%2C12&amp;ssl=1 10w\" sizes=\"auto, (max-width: 125px) 100vw, 125px\" \/><img loading=\"lazy\" decoding=\"async\" class=\"size-full wp-image-10681 alignleft\" src=\"http:\/\/victoriavynn.ca\/wp-content\/uploads\/2023\/02\/FLAT-CLASSIC-BRUSH.webp\" alt=\"FLAT CLASSIC BRUSH\" width=\"125\" height=\"150\" srcset=\"https:\/\/i0.wp.com\/naillycosmetics.com\/wp-content\/uploads\/2023\/02\/FLAT-CLASSIC-BRUSH.webp?w=125&amp;ssl=1 125w, https:\/\/i0.wp.com\/naillycosmetics.com\/wp-content\/uploads\/2023\/02\/FLAT-CLASSIC-BRUSH.webp?resize=10%2C12&amp;ssl=1 10w\" sizes=\"auto, (max-width: 125px) 100vw, 125px\" \/><img loading=\"lazy\" decoding=\"async\" class=\"size-full wp-image-8758 alignleft\" src=\"http:\/\/victoriavynn.ca\/wp-content\/uploads\/2020\/03\/FOR-UV-LED-LAMPS.webp\" alt=\"rubber base coat\" width=\"125\" height=\"150\" \/><img loading=\"lazy\" decoding=\"async\" class=\"size-full wp-image-8772 alignleft\" src=\"http:\/\/victoriavynn.ca\/wp-content\/uploads\/2019\/11\/SALON-QUALITY.webp\" alt=\"GEL NAIL BUILDER\" width=\"125\" height=\"150\" \/><\/p>\n<p>&nbsp;<\/p>\n<p>&nbsp;<\/p>\n<p>&nbsp;<\/p>\n<p>&nbsp;<\/p>\n<p>&nbsp;<\/p>\n<p><a href=\"http:\/\/victoriavynn.ca\/wp-content\/uploads\/2025\/04\/product-specification-card-luna-glass.pdf\" target=\"_blank\" rel=\"noopener\">T\u00e9l\u00e9charger la fiche technique du produit<\/a><\/p>","protected":false},"featured_media":24687,"comment_status":"open","ping_status":"closed","template":"","meta":{"jetpack_post_was_ever_published":false,"jetpack_publicize_message":"","jetpack_publicize_feature_enabled":true,"jetpack_social_post_already_shared":true,"jetpack_social_options":{"image_generator_settings":{"template":"highway","default_image_id":0,"font":"","enabled":false},"version":2}},"product_brand":[932],"product_cat":[46],"product_tag":[884],"class_list":{"0":"post-20561","1":"product","2":"type-product","3":"status-publish","4":"has-post-thumbnail","6":"product_brand-victoria-vynn","7":"product_cat-nail-gel-kit","8":"product_tag-salon-gel-polish-luna-glass-collection","9":"pa_size-5-x-8ml","11":"first","12":"instock","13":"taxable","14":"shipping-taxable","15":"purchasable","16":"product-type-simple"},"jetpack_publicize_connections":[],"jetpack-related-posts":[{"id":20393,"url":"https:\/\/naillycosmetics.com\/fr\/produit\/victoria-vynn-5-pack-forget-me-nude-gel-polish-400-403-top-coat-oh-my-gloss-8ml-free\/","url_meta":{"origin":20561,"position":0},"title":"Victoria VYNN 5 Pack Forget me Nude Gel Polish 400-403 &amp; Top Coat Oh ! My Gloss 8ml Gratuit","author":"Serge Sahakian","date":"mars 19, 2025","format":false,"excerpt":"La collection Forget-Me-Nude Gel Polish de Victoria Vynn se compose de teintes nude semi-transparentes et de couleurs Cat Eye \u00e0 la mode, inspir\u00e9es par le naturel de la nudit\u00e9 et la d\u00e9licatesse sensuelle des fleurs. Que vous souhaitiez cr\u00e9er un look quotidien minimaliste ou que vous recherchiez une manucure unique pour...","rel":"","context":"Article similaire","block_context":{"text":"Article similaire","link":""},"img":{"alt_text":"Victoria VYNN 5 Pack Set Forget Me Nude 8ml Set 1 copy","src":"https:\/\/i0.wp.com\/naillycosmetics.com\/wp-content\/uploads\/2026\/02\/victoria-vynn-5-pack-set-forget-me-nude-8ml-set-1-copy.webp?fit=750%2C1000&ssl=1&resize=350%2C200","width":350,"height":200,"srcset":"https:\/\/i0.wp.com\/naillycosmetics.com\/wp-content\/uploads\/2026\/02\/victoria-vynn-5-pack-set-forget-me-nude-8ml-set-1-copy.webp?fit=750%2C1000&ssl=1&resize=350%2C200 1x, https:\/\/i0.wp.com\/naillycosmetics.com\/wp-content\/uploads\/2026\/02\/victoria-vynn-5-pack-set-forget-me-nude-8ml-set-1-copy.webp?fit=750%2C1000&ssl=1&resize=525%2C300 1.5x, https:\/\/i0.wp.com\/naillycosmetics.com\/wp-content\/uploads\/2026\/02\/victoria-vynn-5-pack-set-forget-me-nude-8ml-set-1-copy.webp?fit=750%2C1000&ssl=1&resize=700%2C400 2x"},"classes":[]},{"id":5181,"url":"https:\/\/naillycosmetics.com\/fr\/produit\/cat-eye-gel-polish-234-kyanite\/","url_meta":{"origin":20561,"position":1},"title":"Victoria VYNN Salon Gel Polish No. 234 Cat Eye Kyanite","author":"Serge Sahakian","date":"septembre 4, 2022","format":false,"excerpt":"Le vernis hybride magn\u00e9tique de la collection Cat Eye garantit un design \u00e0 la mode avec un effet \u00e9l\u00e9gant de poussi\u00e8re magn\u00e9tique, dont l'emplacement sur l'ongle peut \u00eatre contr\u00f4l\u00e9 \u00e0 l'aide d'un aimant. Cat Eye Kyanite avec des accents verts et bleus. La couleur de vernis gel Victoria VYNN la plus vendue au Canada est...","rel":"","context":"Article similaire","block_context":{"text":"Article similaire","link":""},"img":{"alt_text":"cat eye gel polish 234_","src":"https:\/\/i0.wp.com\/naillycosmetics.com\/wp-content\/uploads\/2026\/02\/salon-gel-polish-234_.png?fit=1000%2C1000&ssl=1&resize=350%2C200","width":350,"height":200,"srcset":"https:\/\/i0.wp.com\/naillycosmetics.com\/wp-content\/uploads\/2026\/02\/salon-gel-polish-234_.png?fit=1000%2C1000&ssl=1&resize=350%2C200 1x, https:\/\/i0.wp.com\/naillycosmetics.com\/wp-content\/uploads\/2026\/02\/salon-gel-polish-234_.png?fit=1000%2C1000&ssl=1&resize=525%2C300 1.5x, https:\/\/i0.wp.com\/naillycosmetics.com\/wp-content\/uploads\/2026\/02\/salon-gel-polish-234_.png?fit=1000%2C1000&ssl=1&resize=700%2C400 2x"},"classes":[]},{"id":23695,"url":"https:\/\/naillycosmetics.com\/fr\/produit\/victoria-vynn-gel-polish-no-400-like-a-virgin\/","url_meta":{"origin":20561,"position":2},"title":"Victoria VYNN Gel Polish No. 400 Like a Virgin","author":"Serge Sahakian","date":"mars 19, 2025","format":false,"excerpt":"La collection Forget-Me-Nude Gel Polish de Victoria Vynn se compose de teintes nude semi-transparentes et de couleurs Cat Eye \u00e0 la mode, inspir\u00e9es par le naturel de la nudit\u00e9 et la d\u00e9licatesse sensuelle des fleurs. Que vous souhaitiez cr\u00e9er un look quotidien minimaliste ou que vous recherchiez une manucure unique pour...","rel":"","context":"Article similaire","block_context":{"text":"Article similaire","link":""},"img":{"alt_text":"Victoria VYNN Salon Gel Polish No. 400 Like a Virgin - Forget me nude collection","src":"https:\/\/i0.wp.com\/naillycosmetics.com\/wp-content\/uploads\/2026\/02\/victoria-vynn-salon-gel-polish-no.-400-like-a-virgin-forget-me-nude-collection-.webp?fit=750%2C1000&ssl=1&resize=350%2C200","width":350,"height":200,"srcset":"https:\/\/i0.wp.com\/naillycosmetics.com\/wp-content\/uploads\/2026\/02\/victoria-vynn-salon-gel-polish-no.-400-like-a-virgin-forget-me-nude-collection-.webp?fit=750%2C1000&ssl=1&resize=350%2C200 1x, https:\/\/i0.wp.com\/naillycosmetics.com\/wp-content\/uploads\/2026\/02\/victoria-vynn-salon-gel-polish-no.-400-like-a-virgin-forget-me-nude-collection-.webp?fit=750%2C1000&ssl=1&resize=525%2C300 1.5x, https:\/\/i0.wp.com\/naillycosmetics.com\/wp-content\/uploads\/2026\/02\/victoria-vynn-salon-gel-polish-no.-400-like-a-virgin-forget-me-nude-collection-.webp?fit=750%2C1000&ssl=1&resize=700%2C400 2x"},"classes":[]},{"id":23697,"url":"https:\/\/naillycosmetics.com\/fr\/produit\/victoria-vynn-gel-polish-no-401-nude-york\/","url_meta":{"origin":20561,"position":3},"title":"Victoria VYNN Gel Polish No. 401 Nude York","author":"Serge Sahakian","date":"mars 19, 2025","format":false,"excerpt":"La collection Forget-Me-Nude Gel Polish de Victoria Vynn se compose de teintes nude semi-transparentes et de couleurs Cat Eye \u00e0 la mode, inspir\u00e9es par le naturel de la nudit\u00e9 et la d\u00e9licatesse sensuelle des fleurs. Que vous souhaitiez cr\u00e9er un look quotidien minimaliste ou que vous recherchiez une manucure unique pour...","rel":"","context":"Article similaire","block_context":{"text":"Article similaire","link":""},"img":{"alt_text":"Victoria VYNN Salon Gel Polish No. 401 Nude York - Forget me nude collection","src":"https:\/\/i0.wp.com\/naillycosmetics.com\/wp-content\/uploads\/2026\/02\/victoria-vynn-salon-gel-polish-no.-401-nude-york-forget-me-nude-collection-.webp?fit=750%2C1000&ssl=1&resize=350%2C200","width":350,"height":200,"srcset":"https:\/\/i0.wp.com\/naillycosmetics.com\/wp-content\/uploads\/2026\/02\/victoria-vynn-salon-gel-polish-no.-401-nude-york-forget-me-nude-collection-.webp?fit=750%2C1000&ssl=1&resize=350%2C200 1x, https:\/\/i0.wp.com\/naillycosmetics.com\/wp-content\/uploads\/2026\/02\/victoria-vynn-salon-gel-polish-no.-401-nude-york-forget-me-nude-collection-.webp?fit=750%2C1000&ssl=1&resize=525%2C300 1.5x, https:\/\/i0.wp.com\/naillycosmetics.com\/wp-content\/uploads\/2026\/02\/victoria-vynn-salon-gel-polish-no.-401-nude-york-forget-me-nude-collection-.webp?fit=750%2C1000&ssl=1&resize=700%2C400 2x"},"classes":[]},{"id":23699,"url":"https:\/\/naillycosmetics.com\/fr\/produit\/victoria-vynn-gel-polish-no-403-nudist\/","url_meta":{"origin":20561,"position":4},"title":"Victoria VYNN Gel Polish No. 403 Nudist","author":"Serge Sahakian","date":"mars 19, 2025","format":false,"excerpt":"La collection Forget-Me-Nude Gel Polish de Victoria Vynn se compose de teintes nude semi-transparentes et de couleurs Cat Eye \u00e0 la mode, inspir\u00e9es par le naturel de la nudit\u00e9 et la d\u00e9licatesse sensuelle des fleurs. Que vous souhaitiez cr\u00e9er un look quotidien minimaliste ou que vous recherchiez une manucure unique pour...","rel":"","context":"Article similaire","block_context":{"text":"Article similaire","link":""},"img":{"alt_text":"Victoria VYNN Salon Gel Polish No. 403 Nudist - Forget me nude collection","src":"https:\/\/i0.wp.com\/naillycosmetics.com\/wp-content\/uploads\/2026\/02\/victoria-vynn-salon-gel-polish-no.-403-nudist-forget-me-nude-collection-.webp?fit=750%2C1000&ssl=1&resize=350%2C200","width":350,"height":200,"srcset":"https:\/\/i0.wp.com\/naillycosmetics.com\/wp-content\/uploads\/2026\/02\/victoria-vynn-salon-gel-polish-no.-403-nudist-forget-me-nude-collection-.webp?fit=750%2C1000&ssl=1&resize=350%2C200 1x, https:\/\/i0.wp.com\/naillycosmetics.com\/wp-content\/uploads\/2026\/02\/victoria-vynn-salon-gel-polish-no.-403-nudist-forget-me-nude-collection-.webp?fit=750%2C1000&ssl=1&resize=525%2C300 1.5x, https:\/\/i0.wp.com\/naillycosmetics.com\/wp-content\/uploads\/2026\/02\/victoria-vynn-salon-gel-polish-no.-403-nudist-forget-me-nude-collection-.webp?fit=750%2C1000&ssl=1&resize=700%2C400 2x"},"classes":[]},{"id":23701,"url":"https:\/\/naillycosmetics.com\/fr\/produit\/victoria-vynn-gel-polish-no-404-cat-eye-beige-me-baby\/","url_meta":{"origin":20561,"position":5},"title":"Victoria VYNN Gel Polish No. 404 Cat Eye Beige me Baby","author":"Serge Sahakian","date":"mars 19, 2025","format":false,"excerpt":"La collection Forget-Me-Nude Gel Polish de Victoria Vynn se compose de teintes nude semi-transparentes et de couleurs Cat Eye \u00e0 la mode, inspir\u00e9es par le naturel de la nudit\u00e9 et la d\u00e9licatesse sensuelle des fleurs. Que vous souhaitiez cr\u00e9er un look quotidien minimaliste ou que vous recherchiez une manucure unique pour...","rel":"","context":"Article similaire","block_context":{"text":"Article similaire","link":""},"img":{"alt_text":"Victoria VYNN Salon Gel Polish No. 404 beige Me Baby - Forget me nude collection","src":"https:\/\/i0.wp.com\/naillycosmetics.com\/wp-content\/uploads\/2026\/02\/victoria-vynn-salon-gel-polish-no.-404-beige-me-baby-forget-me-nude-collection-.webp?fit=750%2C1000&ssl=1&resize=350%2C200","width":350,"height":200,"srcset":"https:\/\/i0.wp.com\/naillycosmetics.com\/wp-content\/uploads\/2026\/02\/victoria-vynn-salon-gel-polish-no.-404-beige-me-baby-forget-me-nude-collection-.webp?fit=750%2C1000&ssl=1&resize=350%2C200 1x, https:\/\/i0.wp.com\/naillycosmetics.com\/wp-content\/uploads\/2026\/02\/victoria-vynn-salon-gel-polish-no.-404-beige-me-baby-forget-me-nude-collection-.webp?fit=750%2C1000&ssl=1&resize=525%2C300 1.5x, https:\/\/i0.wp.com\/naillycosmetics.com\/wp-content\/uploads\/2026\/02\/victoria-vynn-salon-gel-polish-no.-404-beige-me-baby-forget-me-nude-collection-.webp?fit=750%2C1000&ssl=1&resize=700%2C400 2x"},"classes":[]}],"jetpack_sharing_enabled":true,"_links":{"self":[{"href":"https:\/\/naillycosmetics.com\/fr\/wp-json\/wp\/v2\/product\/20561","targetHints":{"allow":["GET"]}}],"collection":[{"href":"https:\/\/naillycosmetics.com\/fr\/wp-json\/wp\/v2\/product"}],"about":[{"href":"https:\/\/naillycosmetics.com\/fr\/wp-json\/wp\/v2\/types\/product"}],"replies":[{"embeddable":true,"href":"https:\/\/naillycosmetics.com\/fr\/wp-json\/wp\/v2\/comments?post=20561"}],"wp:featuredmedia":[{"embeddable":true,"href":"https:\/\/naillycosmetics.com\/fr\/wp-json\/wp\/v2\/media\/24687"}],"wp:attachment":[{"href":"https:\/\/naillycosmetics.com\/fr\/wp-json\/wp\/v2\/media?parent=20561"}],"wp:term":[{"taxonomy":"product_brand","embeddable":true,"href":"https:\/\/naillycosmetics.com\/fr\/wp-json\/wp\/v2\/product_brand?post=20561"},{"taxonomy":"product_cat","embeddable":true,"href":"https:\/\/naillycosmetics.com\/fr\/wp-json\/wp\/v2\/product_cat?post=20561"},{"taxonomy":"product_tag","embeddable":true,"href":"https:\/\/naillycosmetics.com\/fr\/wp-json\/wp\/v2\/product_tag?post=20561"}],"curies":[{"name":"wp","href":"https:\/\/api.w.org\/{rel}","templated":true}]}}