{"id":20389,"date":"2025-03-19T13:10:16","date_gmt":"2025-03-19T17:10:16","guid":{"rendered":"https:\/\/naillycosmetics.com\/product\/victoria-vynn-3-pack-promo-set-senso-nail-care\/"},"modified":"2026-03-04T20:07:55","modified_gmt":"2026-03-05T01:07:55","slug":"victoria-vynn-3-pack-promo-set-senso-nail-care","status":"publish","type":"product","link":"https:\/\/naillycosmetics.com\/fr\/produit\/victoria-vynn-3-pack-promo-set-senso-nail-care\/","title":{"rendered":"Victoria VYNN 3 Pack Promo Set Senso Nail Care"},"content":{"rendered":"<p class=\"has-text-align-left\">Un rituel luxueux qui changera votre manucure !<br>Plein de pouvoir nourrissant&nbsp;<strong>huiles<\/strong>&nbsp;avec des particules illuminatrices pour les cuticules et les ongles. Choisissez votre fragrance pr\u00e9f\u00e9r\u00e9e, inspir\u00e9e de parfums luxueux. Chaque goutte est un effet imm\u00e9diat !<br><br>Gr\u00e2ce \u00e0 des huiles et des vitamines soigneusement s\u00e9lectionn\u00e9es, vos ongles auront l'air en bonne sant\u00e9 et vos cuticules deviendront douces et soign\u00e9es. Profitez des effets qui parlent d'eux-m\u00eames.&nbsp;<strong>Tous les jours !<\/strong><\/p><p><\/p>","protected":false},"excerpt":{"rendered":"<p>Un rituel luxueux qui changera votre manucure ! Plein d'huiles puissantes et nourrissantes avec des particules illuminatrices pour les cuticules et les ongles. Choisissez votre fragrance pr\u00e9f\u00e9r\u00e9e inspir\u00e9e des parfums de luxe. Gr\u00e2ce \u00e0 des huiles et des vitamines soigneusement s\u00e9lectionn\u00e9es, vos ongles auront l'air en bonne sant\u00e9 et vos cuticules deviendront douces et soign\u00e9es. Profitez des effets qui parlent d'eux-m\u00eames. Tous les jours !<\/p>","protected":false},"featured_media":24742,"comment_status":"open","ping_status":"closed","template":"","meta":{"jetpack_post_was_ever_published":false,"jetpack_publicize_message":"","jetpack_publicize_feature_enabled":true,"jetpack_social_post_already_shared":true,"jetpack_social_options":{"image_generator_settings":{"template":"highway","default_image_id":0,"font":"","enabled":false},"version":2}},"product_brand":[932],"product_cat":[46,45],"product_tag":[562,878],"class_list":{"0":"post-20389","1":"product","2":"type-product","3":"status-publish","4":"has-post-thumbnail","6":"product_brand-victoria-vynn","7":"product_cat-nail-gel-kit","8":"product_cat-nail-care","9":"product_tag-bundles","10":"product_tag-senso-nail-care-oil","11":"pa_size-9ml","13":"first","14":"outofstock","15":"taxable","16":"shipping-taxable","17":"purchasable","18":"product-type-simple"},"jetpack_publicize_connections":[],"jetpack-related-posts":[{"id":20361,"url":"https:\/\/naillycosmetics.com\/fr\/produit\/victoria-vynn-senso-nail-care-oil-kiss-me\/","url_meta":{"origin":20389,"position":0},"title":"Victoria VYNN Senso Huile de soin des ongles Kiss Me","author":"Serge Sahakian","date":"mars 19, 2025","format":false,"excerpt":"Un rituel luxueux qui changera votre manucure ! Plein d'huiles puissantes et nourrissantes avec des particules illuminatrices pour les cuticules et les ongles. Choisissez votre fragrance pr\u00e9f\u00e9r\u00e9e inspir\u00e9e des parfums de luxe. Gr\u00e2ce \u00e0 des huiles et des vitamines soigneusement s\u00e9lectionn\u00e9es, vos ongles auront l'air en bonne sant\u00e9 et vos cuticules deviendront douces...","rel":"","context":"Article similaire","block_context":{"text":"Article similaire","link":""},"img":{"alt_text":"victoria vynn senso nail care oil kiss me","src":"https:\/\/i0.wp.com\/naillycosmetics.com\/wp-content\/uploads\/2026\/02\/victoria-vynn-senso-nail-care-oil-kiss-me.webp?fit=750%2C1000&ssl=1&resize=350%2C200","width":350,"height":200,"srcset":"https:\/\/i0.wp.com\/naillycosmetics.com\/wp-content\/uploads\/2026\/02\/victoria-vynn-senso-nail-care-oil-kiss-me.webp?fit=750%2C1000&ssl=1&resize=350%2C200 1x, https:\/\/i0.wp.com\/naillycosmetics.com\/wp-content\/uploads\/2026\/02\/victoria-vynn-senso-nail-care-oil-kiss-me.webp?fit=750%2C1000&ssl=1&resize=525%2C300 1.5x, https:\/\/i0.wp.com\/naillycosmetics.com\/wp-content\/uploads\/2026\/02\/victoria-vynn-senso-nail-care-oil-kiss-me.webp?fit=750%2C1000&ssl=1&resize=700%2C400 2x"},"classes":[]},{"id":20359,"url":"https:\/\/naillycosmetics.com\/fr\/produit\/victoria-vynn-senso-nail-care-oil-follow-me\/","url_meta":{"origin":20389,"position":1},"title":"Victoria VYNN Senso Huile de soin des ongles Follow Me","author":"Serge Sahakian","date":"mars 19, 2025","format":false,"excerpt":"Un rituel luxueux qui changera votre manucure ! Plein d'huiles puissantes et nourrissantes avec des particules illuminatrices pour les cuticules et les ongles. Choisissez votre fragrance pr\u00e9f\u00e9r\u00e9e inspir\u00e9e des parfums de luxe. Gr\u00e2ce \u00e0 des huiles et des vitamines soigneusement s\u00e9lectionn\u00e9es, vos ongles auront l'air en bonne sant\u00e9 et vos cuticules deviendront douces...","rel":"","context":"Article similaire","block_context":{"text":"Article similaire","link":""},"img":{"alt_text":"victoria vynn senso nail care oil follow me","src":"https:\/\/i0.wp.com\/naillycosmetics.com\/wp-content\/uploads\/2026\/02\/victoria-vynn-senso-nail-care-oil-follow-me.webp?fit=750%2C1000&ssl=1&resize=350%2C200","width":350,"height":200,"srcset":"https:\/\/i0.wp.com\/naillycosmetics.com\/wp-content\/uploads\/2026\/02\/victoria-vynn-senso-nail-care-oil-follow-me.webp?fit=750%2C1000&ssl=1&resize=350%2C200 1x, https:\/\/i0.wp.com\/naillycosmetics.com\/wp-content\/uploads\/2026\/02\/victoria-vynn-senso-nail-care-oil-follow-me.webp?fit=750%2C1000&ssl=1&resize=525%2C300 1.5x, https:\/\/i0.wp.com\/naillycosmetics.com\/wp-content\/uploads\/2026\/02\/victoria-vynn-senso-nail-care-oil-follow-me.webp?fit=750%2C1000&ssl=1&resize=700%2C400 2x"},"classes":[]},{"id":20363,"url":"https:\/\/naillycosmetics.com\/fr\/produit\/victoria-vynn-senso-nail-care-oil-love-me\/","url_meta":{"origin":20389,"position":2},"title":"Victoria VYNN Senso Huile de soin des ongles Love Me","author":"Serge Sahakian","date":"mars 19, 2025","format":false,"excerpt":"Un rituel luxueux qui changera votre manucure ! Plein d'huiles puissantes et nourrissantes avec des particules illuminatrices pour les cuticules et les ongles. Choisissez votre fragrance pr\u00e9f\u00e9r\u00e9e inspir\u00e9e des parfums de luxe. Gr\u00e2ce \u00e0 des huiles et des vitamines soigneusement s\u00e9lectionn\u00e9es, vos ongles auront l'air en bonne sant\u00e9 et vos cuticules deviendront douces...","rel":"","context":"Article similaire","block_context":{"text":"Article similaire","link":""},"img":{"alt_text":"victoria vynn senso nail care oil love me","src":"https:\/\/i0.wp.com\/naillycosmetics.com\/wp-content\/uploads\/2026\/02\/victoria-vynn-senso-nail-care-oil-love-me.webp?fit=750%2C1000&ssl=1&resize=350%2C200","width":350,"height":200,"srcset":"https:\/\/i0.wp.com\/naillycosmetics.com\/wp-content\/uploads\/2026\/02\/victoria-vynn-senso-nail-care-oil-love-me.webp?fit=750%2C1000&ssl=1&resize=350%2C200 1x, https:\/\/i0.wp.com\/naillycosmetics.com\/wp-content\/uploads\/2026\/02\/victoria-vynn-senso-nail-care-oil-love-me.webp?fit=750%2C1000&ssl=1&resize=525%2C300 1.5x, https:\/\/i0.wp.com\/naillycosmetics.com\/wp-content\/uploads\/2026\/02\/victoria-vynn-senso-nail-care-oil-love-me.webp?fit=750%2C1000&ssl=1&resize=700%2C400 2x"},"classes":[]},{"id":2368,"url":"https:\/\/naillycosmetics.com\/fr\/produit\/5-oils-complex-cuticle-oil-9ml\/","url_meta":{"origin":20389,"position":3},"title":"Victoria VYNN Complexe 5 huiles 9ml","author":"Serge Sahakian","date":"ao\u00fbt 17, 2022","format":false,"excerpt":"Cuticle Oil pour le soin des cuticules et des ongles est une composition hautement concentr\u00e9e de 5 huiles naturelles, enrichie de vitamines, d'antioxydants et d'acides gras. Gr\u00e2ce \u00e0 ce traitement puissant, les cuticules sont r\u00e9g\u00e9n\u00e9r\u00e9es, nourries, hydrat\u00e9es, et la plaque de l'ongle est durcie, lisse et brillante. Prenez soin de l'\u00e9tat...","rel":"","context":"Article similaire","block_context":{"text":"Article similaire","link":""},"img":{"alt_text":"5 Oils Complex Cuticle Oil","src":"https:\/\/i0.wp.com\/naillycosmetics.com\/wp-content\/uploads\/2022\/08\/5-Oils-Complex-Cuticle-Oil.png?fit=1000%2C1000&ssl=1&resize=350%2C200","width":350,"height":200,"srcset":"https:\/\/i0.wp.com\/naillycosmetics.com\/wp-content\/uploads\/2022\/08\/5-Oils-Complex-Cuticle-Oil.png?fit=1000%2C1000&ssl=1&resize=350%2C200 1x, https:\/\/i0.wp.com\/naillycosmetics.com\/wp-content\/uploads\/2022\/08\/5-Oils-Complex-Cuticle-Oil.png?fit=1000%2C1000&ssl=1&resize=525%2C300 1.5x, https:\/\/i0.wp.com\/naillycosmetics.com\/wp-content\/uploads\/2022\/08\/5-Oils-Complex-Cuticle-Oil.png?fit=1000%2C1000&ssl=1&resize=700%2C400 2x"},"classes":[]}],"jetpack_sharing_enabled":true,"_links":{"self":[{"href":"https:\/\/naillycosmetics.com\/fr\/wp-json\/wp\/v2\/product\/20389","targetHints":{"allow":["GET"]}}],"collection":[{"href":"https:\/\/naillycosmetics.com\/fr\/wp-json\/wp\/v2\/product"}],"about":[{"href":"https:\/\/naillycosmetics.com\/fr\/wp-json\/wp\/v2\/types\/product"}],"replies":[{"embeddable":true,"href":"https:\/\/naillycosmetics.com\/fr\/wp-json\/wp\/v2\/comments?post=20389"}],"wp:featuredmedia":[{"embeddable":true,"href":"https:\/\/naillycosmetics.com\/fr\/wp-json\/wp\/v2\/media\/24742"}],"wp:attachment":[{"href":"https:\/\/naillycosmetics.com\/fr\/wp-json\/wp\/v2\/media?parent=20389"}],"wp:term":[{"taxonomy":"product_brand","embeddable":true,"href":"https:\/\/naillycosmetics.com\/fr\/wp-json\/wp\/v2\/product_brand?post=20389"},{"taxonomy":"product_cat","embeddable":true,"href":"https:\/\/naillycosmetics.com\/fr\/wp-json\/wp\/v2\/product_cat?post=20389"},{"taxonomy":"product_tag","embeddable":true,"href":"https:\/\/naillycosmetics.com\/fr\/wp-json\/wp\/v2\/product_tag?post=20389"}],"curies":[{"name":"wp","href":"https:\/\/api.w.org\/{rel}","templated":true}]}}