{"id":2037,"date":"2021-07-18T15:22:13","date_gmt":"2021-07-18T19:22:13","guid":{"rendered":"https:\/\/naillycosmetics.com\/?post_type=product&#038;p=2037"},"modified":"2026-03-06T14:53:31","modified_gmt":"2026-03-06T19:53:31","slug":"pedi-base","status":"publish","type":"product","link":"https:\/\/naillycosmetics.com\/fr\/produit\/pedi-base\/","title":{"rendered":"Victoria VYNN Pedi Base"},"content":{"rendered":"<p>Pedi Base est un produit \u00e0 s\u00e9chage l\u00e9ger pour le stylisme permanent des ongles. Il aligne la plaque et donne une couleur naturelle. La base est r\u00e9sistante aux dommages m\u00e9caniques, prot\u00e8ge les ongles des orteils contre les cassures et les fissures. Pedi Base peut \u00eatre utilis\u00e9 sous les vernis \u00e0 ongles classiques iQ ou les vernis hybrides Pure et Gel Polish.<\/p>\n<ul>\n<li>Base pour <strong>p\u00e9dicure cosm\u00e9tique<\/strong><\/li>\n<li>R\u00e9sistant aux dommages m\u00e9caniques<\/li>\n<li><strong>Prot\u00e8ge les ongles des pieds<\/strong>\u00a0contre la rupture et la fissuration<\/li>\n<li>Alignement parfait de la plaque<\/li>\n<li>A utiliser sous les vernis iQ classiques ou les vernis hybrides Pure et Gel Polish<\/li>\n<li>Appliqu\u00e9 directement sous le top photopolym\u00e9ris\u00e9 - donne l'effet d'ongles naturels<\/li>\n<li>Disponible en 2 teintes naturelles : laiteux et rose p\u00e2le<\/li>\n<li>Durci dans la lampe : LED - 60 sec, UV - 120 sec<\/li>\n<li>Dispose d'une couche de dispersion<\/li>\n<li>Enlev\u00e9 \u00e0 l'aide d'une lime ou d'une fraiseuse<\/li>\n<li>Capacit\u00e9 : 15 ml<\/li>\n<\/ul>\n<p>Victoria VYNN, la marque de vernis gel la plus vendue au Canada, fournit aux techniciens et professionnels de l'ongle des produits de haute qualit\u00e9 pour cr\u00e9er des finitions d'art de l'ongle \u00e9tonnantes. Visitez notre site fr\u00e9quemment pour de nouveaux produits !<\/p>\n<p>Nous sommes convaincus que chaque femme poss\u00e8de un \u00e9norme potentiel que nous voulons lib\u00e9rer. Nous veillons \u00e0 ce que, gr\u00e2ce \u00e0 des ongles \u00e9tonnants, les femmes d\u00e9couvrent ce pouvoir en elles et soient pr\u00eates \u00e0 faire face \u00e0 toutes les situations, courageuses et belles !<\/p>","protected":false},"excerpt":{"rendered":"<p>Pedi Base est un produit \u00e0 s\u00e9chage l\u00e9ger pour le stylisme permanent des ongles. Il aligne la plaque et donne une couleur naturelle. La base est r\u00e9sistante aux dommages m\u00e9caniques, prot\u00e8ge les ongles des orteils contre les cassures et les fissures. Pedi Base peut \u00eatre utilis\u00e9 sous les vernis \u00e0 ongles classiques iQ ou les vernis hybrides Pure et Gel Polish.<\/p>\n<p>Victoria VYNN, la marque de vernis gel la plus vendue au Canada, fournit aux techniciens et professionnels de l'ongle des produits de haute qualit\u00e9 pour cr\u00e9er des finitions d'art de l'ongle \u00e9tonnantes. Visitez notre site fr\u00e9quemment pour de nouveaux produits !<\/p>","protected":false},"featured_media":7098,"comment_status":"open","ping_status":"closed","template":"","meta":{"jetpack_post_was_ever_published":false,"jetpack_publicize_message":"","jetpack_publicize_feature_enabled":true,"jetpack_social_post_already_shared":false,"jetpack_social_options":{"image_generator_settings":{"template":"highway","default_image_id":0,"font":"","enabled":false},"version":2}},"product_brand":[932],"product_cat":[34],"product_tag":[84,607],"class_list":{"0":"post-2037","1":"product","2":"type-product","3":"status-publish","4":"has-post-thumbnail","6":"product_brand-victoria-vynn","7":"product_cat-gel-toenails","8":"product_tag-pedi-base-colors","9":"product_tag-rubber-base","10":"product_shipping_class-cardboard-box","11":"pa_size-15ml","13":"first","14":"outofstock","15":"taxable","16":"shipping-taxable","17":"purchasable","18":"product-type-variable","19":"wvs-archive-product-wrapper"},"jetpack_publicize_connections":[],"jetpack-related-posts":[{"id":425,"url":"https:\/\/naillycosmetics.com\/fr\/produit\/victoria-vynn-pure-salon-base-coat\/","url_meta":{"origin":2037,"position":0},"title":"Victoria VYNN Pure Creamy Hybrid Gel Polish Base Coat","author":"Serge Sahakian","date":"novembre 24, 2019","format":false,"excerpt":"Victoria VYNN Pure Creamy Hybrid Salon Color Coat","rel":"","context":"Article similaire","block_context":{"text":"Article similaire","link":""},"img":{"alt_text":"victoria vynn pure creamy hybrid base coat","src":"https:\/\/i0.wp.com\/naillycosmetics.com\/wp-content\/uploads\/2026\/02\/victoria-vynn-pure-creamy-hybrid-base-coat.webp?fit=750%2C1000&ssl=1&resize=350%2C200","width":350,"height":200,"srcset":"https:\/\/i0.wp.com\/naillycosmetics.com\/wp-content\/uploads\/2026\/02\/victoria-vynn-pure-creamy-hybrid-base-coat.webp?fit=750%2C1000&ssl=1&resize=350%2C200 1x, https:\/\/i0.wp.com\/naillycosmetics.com\/wp-content\/uploads\/2026\/02\/victoria-vynn-pure-creamy-hybrid-base-coat.webp?fit=750%2C1000&ssl=1&resize=525%2C300 1.5x, https:\/\/i0.wp.com\/naillycosmetics.com\/wp-content\/uploads\/2026\/02\/victoria-vynn-pure-creamy-hybrid-base-coat.webp?fit=750%2C1000&ssl=1&resize=700%2C400 2x"},"classes":[]},{"id":17531,"url":"https:\/\/naillycosmetics.com\/fr\/produit\/victoria-vynn-oh-my-gloss-top-coat-no-wipe\/","url_meta":{"origin":2037,"position":1},"title":"Victoria VYNN Salon Gel Polish Oh ! My Gloss Top Coat No Wipe","author":"Serge Sahakian","date":"avril 10, 2024","format":false,"excerpt":"OH!MG ! \u00e7a vient...c'est l\u00e0 ! nouveau TOP GLOSS ! Peut-on am\u00e9liorer l'id\u00e9al ? Nous prouvons que OUI ! D\u00e9couvrez la nouvelle version du produit pr\u00e9f\u00e9r\u00e9 des proth\u00e9sistes ongulaires - TOP GLOSS - OH ! MY GLOSS. Une brillance intense sans essuyage. Un Top Coat qui garantit une finition manucure encore plus brillante et durable. Apporte...","rel":"","context":"Article similaire","block_context":{"text":"Article similaire","link":""},"img":{"alt_text":"Victoria VYNN Salon Gel Polish Top Coat Gloss Oh! My Gloss 8ml","src":"https:\/\/i0.wp.com\/naillycosmetics.com\/wp-content\/uploads\/2024\/04\/victoria-vynn-salon-gel-polish-top-coat-gloss-omg-8ml-oh-my-gloss-super-shine-top-coat.webp?fit=750%2C1000&ssl=1&resize=350%2C200","width":350,"height":200,"srcset":"https:\/\/i0.wp.com\/naillycosmetics.com\/wp-content\/uploads\/2024\/04\/victoria-vynn-salon-gel-polish-top-coat-gloss-omg-8ml-oh-my-gloss-super-shine-top-coat.webp?fit=750%2C1000&ssl=1&resize=350%2C200 1x, https:\/\/i0.wp.com\/naillycosmetics.com\/wp-content\/uploads\/2024\/04\/victoria-vynn-salon-gel-polish-top-coat-gloss-omg-8ml-oh-my-gloss-super-shine-top-coat.webp?fit=750%2C1000&ssl=1&resize=525%2C300 1.5x, https:\/\/i0.wp.com\/naillycosmetics.com\/wp-content\/uploads\/2024\/04\/victoria-vynn-salon-gel-polish-top-coat-gloss-omg-8ml-oh-my-gloss-super-shine-top-coat.webp?fit=750%2C1000&ssl=1&resize=700%2C400 2x"},"classes":[]},{"id":3583,"url":"https:\/\/naillycosmetics.com\/fr\/?attachment_id=3583","url_meta":{"origin":2037,"position":2},"title":"32","author":"Serge Sahakian","date":"ao\u00fbt 24, 2022","format":false,"excerpt":"","rel":"","context":"Article similaire","block_context":{"text":"Article similaire","link":""},"img":{"alt_text":"","src":"https:\/\/i0.wp.com\/naillycosmetics.com\/wp-content\/uploads\/2020\/02\/32.png?fit=400%2C400&ssl=1&resize=350%2C200","width":350,"height":200},"classes":[]},{"id":4929,"url":"https:\/\/naillycosmetics.com\/fr\/produit\/silver-glitter-gel-nail-polish-225\/","url_meta":{"origin":2037,"position":3},"title":"Victoria VYNN Salon Gel Polish No. 225 Carat Silver Diamond","author":"Serge Sahakian","date":"septembre 4, 2022","format":false,"excerpt":"L'\u00e9blouissante ligne Carat Collection a \u00e9t\u00e9 cr\u00e9\u00e9e pour les bijoux, les designs \u00e9l\u00e9gants. Vous pouvez utiliser le vernis Carat pour recouvrir toute la plaque, seulement les pointes ou l'utiliser pour r\u00e9aliser des d\u00e9tails \u00e9tincelants. Carat Silver Diamond est un argent avec des paillettes multicolores. Victoria VYNN Gel Polish Color, la meilleure vente au Canada, est un vernis...","rel":"","context":"Article similaire","block_context":{"text":"Article similaire","link":""},"img":{"alt_text":"silver glitter gel nail polish","src":"https:\/\/i0.wp.com\/naillycosmetics.com\/wp-content\/uploads\/2026\/02\/gel-polish-225.png?fit=1000%2C1000&ssl=1&resize=350%2C200","width":350,"height":200,"srcset":"https:\/\/i0.wp.com\/naillycosmetics.com\/wp-content\/uploads\/2026\/02\/gel-polish-225.png?fit=1000%2C1000&ssl=1&resize=350%2C200 1x, https:\/\/i0.wp.com\/naillycosmetics.com\/wp-content\/uploads\/2026\/02\/gel-polish-225.png?fit=1000%2C1000&ssl=1&resize=525%2C300 1.5x, https:\/\/i0.wp.com\/naillycosmetics.com\/wp-content\/uploads\/2026\/02\/gel-polish-225.png?fit=1000%2C1000&ssl=1&resize=700%2C400 2x"},"classes":[]},{"id":4687,"url":"https:\/\/naillycosmetics.com\/fr\/produit\/victoria-vynn-gel-polish-color-201\/","url_meta":{"origin":2037,"position":4},"title":"Victoria VYNN Salon Gel Polish No. 201 Peach Desire","author":"Serge Sahakian","date":"septembre 4, 2022","format":false,"excerpt":"The milky Peach Desire is a must for any nail stylist in the collection of hybrid varnishes. Canada's Best Selling Victoria VYNN Gel Polish Color is a light-curable line of hybrid varnishes, which is used in two types of styling: 3-stage Hybrid System and 4-stage Soak Off System. Gel Polish\u2026","rel":"","context":"Article similaire","block_context":{"text":"Article similaire","link":""},"img":{"alt_text":"","src":"https:\/\/i0.wp.com\/naillycosmetics.com\/wp-content\/uploads\/2026\/02\/gel-polish-color-no-201-peach-desire.jpg?fit=753%2C753&ssl=1&resize=350%2C200","width":350,"height":200,"srcset":"https:\/\/i0.wp.com\/naillycosmetics.com\/wp-content\/uploads\/2026\/02\/gel-polish-color-no-201-peach-desire.jpg?fit=753%2C753&ssl=1&resize=350%2C200 1x, https:\/\/i0.wp.com\/naillycosmetics.com\/wp-content\/uploads\/2026\/02\/gel-polish-color-no-201-peach-desire.jpg?fit=753%2C753&ssl=1&resize=525%2C300 1.5x, https:\/\/i0.wp.com\/naillycosmetics.com\/wp-content\/uploads\/2026\/02\/gel-polish-color-no-201-peach-desire.jpg?fit=753%2C753&ssl=1&resize=700%2C400 2x"},"classes":[]}],"jetpack_sharing_enabled":true,"_links":{"self":[{"href":"https:\/\/naillycosmetics.com\/fr\/wp-json\/wp\/v2\/product\/2037","targetHints":{"allow":["GET"]}}],"collection":[{"href":"https:\/\/naillycosmetics.com\/fr\/wp-json\/wp\/v2\/product"}],"about":[{"href":"https:\/\/naillycosmetics.com\/fr\/wp-json\/wp\/v2\/types\/product"}],"replies":[{"embeddable":true,"href":"https:\/\/naillycosmetics.com\/fr\/wp-json\/wp\/v2\/comments?post=2037"}],"wp:featuredmedia":[{"embeddable":true,"href":"https:\/\/naillycosmetics.com\/fr\/wp-json\/wp\/v2\/media\/7098"}],"wp:attachment":[{"href":"https:\/\/naillycosmetics.com\/fr\/wp-json\/wp\/v2\/media?parent=2037"}],"wp:term":[{"taxonomy":"product_brand","embeddable":true,"href":"https:\/\/naillycosmetics.com\/fr\/wp-json\/wp\/v2\/product_brand?post=2037"},{"taxonomy":"product_cat","embeddable":true,"href":"https:\/\/naillycosmetics.com\/fr\/wp-json\/wp\/v2\/product_cat?post=2037"},{"taxonomy":"product_tag","embeddable":true,"href":"https:\/\/naillycosmetics.com\/fr\/wp-json\/wp\/v2\/product_tag?post=2037"}],"curies":[{"name":"wp","href":"https:\/\/api.w.org\/{rel}","templated":true}]}}