{"id":20365,"date":"2025-03-19T11:40:17","date_gmt":"2025-03-19T15:40:17","guid":{"rendered":"https:\/\/naillycosmetics.com\/product\/victoria-vynn-hoodie-green-medium-oversize\/"},"modified":"2026-02-18T13:35:01","modified_gmt":"2026-02-18T18:35:01","slug":"victoria-vynn-hoodie-green-medium-oversize","status":"publish","type":"product","link":"https:\/\/naillycosmetics.com\/fr\/produit\/victoria-vynn-hoodie-green-medium-oversize\/","title":{"rendered":"Victoria VYNN Hoodie, vert, moyen (oversize)"},"content":{"rendered":"","protected":false},"excerpt":{"rendered":"","protected":false},"featured_media":24803,"comment_status":"open","ping_status":"closed","template":"","meta":{"jetpack_post_was_ever_published":false,"jetpack_publicize_message":"","jetpack_publicize_feature_enabled":true,"jetpack_social_post_already_shared":true,"jetpack_social_options":{"image_generator_settings":{"template":"highway","default_image_id":0,"font":"","enabled":false},"version":2}},"product_brand":[932],"product_cat":[919],"product_tag":[881],"class_list":{"0":"post-20365","1":"product","2":"type-product","3":"status-publish","4":"has-post-thumbnail","6":"product_brand-victoria-vynn","7":"product_cat-nail-tools-and-accessories","8":"product_tag-gadgets","10":"first","11":"instock","12":"taxable","13":"shipping-taxable","14":"purchasable","15":"product-type-simple"},"jetpack_publicize_connections":[],"jetpack-related-posts":[{"id":20199,"url":"https:\/\/naillycosmetics.com\/fr\/produit\/victoria-vynn-pure-creamy-hybrid-gel-polish-no-263-wasyli-bazyli\/","url_meta":{"origin":20365,"position":0},"title":"Victoria VYNN Pure Creamy Hybrid Gel Polish No. 263 Wasyli Bazyli","author":"Serge Sahakian","date":"f\u00e9vrier 7, 2025","format":false,"excerpt":"Victoria VYNN Hybrid Pure Creamy Gel Polish Wasyli Bazyli No. 263 est similaire \u00e0 la couleur des feuilles de basilic vertes matures. Le syst\u00e8me Pure Creamy Hybrid comprend des vernis hybrides cr\u00e9meux d'une excellente couverture et durabilit\u00e9. Il s'agit d'une formule avec un indice de s\u00e9curit\u00e9 \u00e9lev\u00e9, sans odeur irritante et amovible....","rel":"","context":"Article similaire","block_context":{"text":"Article similaire","link":""},"img":{"alt_text":"Victoria VYNN Pure Creamy Hybrid Pomodoro Collection No. 263 Wasyli Bazyli","src":"https:\/\/i0.wp.com\/naillycosmetics.com\/wp-content\/uploads\/2026\/02\/victoria-vynn-pure-creamy-hybrid-pomodoro-collection-no.-263-wasyli-bazyli-.webp?fit=750%2C1000&ssl=1&resize=350%2C200","width":350,"height":200,"srcset":"https:\/\/i0.wp.com\/naillycosmetics.com\/wp-content\/uploads\/2026\/02\/victoria-vynn-pure-creamy-hybrid-pomodoro-collection-no.-263-wasyli-bazyli-.webp?fit=750%2C1000&ssl=1&resize=350%2C200 1x, https:\/\/i0.wp.com\/naillycosmetics.com\/wp-content\/uploads\/2026\/02\/victoria-vynn-pure-creamy-hybrid-pomodoro-collection-no.-263-wasyli-bazyli-.webp?fit=750%2C1000&ssl=1&resize=525%2C300 1.5x, https:\/\/i0.wp.com\/naillycosmetics.com\/wp-content\/uploads\/2026\/02\/victoria-vynn-pure-creamy-hybrid-pomodoro-collection-no.-263-wasyli-bazyli-.webp?fit=750%2C1000&ssl=1&resize=700%2C400 2x"},"classes":[]},{"id":2970,"url":"https:\/\/naillycosmetics.com\/fr\/produit\/victoria-vynn-gel-brush-090-1\/","url_meta":{"origin":20365,"position":1},"title":"Victoria VYNN Gel Brush 090 1","author":"Serge Sahakian","date":"ao\u00fbt 18, 2022","format":false,"excerpt":"Victoria VYNN Instruments et accessoires","rel":"","context":"Article similaire","block_context":{"text":"Article similaire","link":""},"img":{"alt_text":"","src":"https:\/\/i0.wp.com\/naillycosmetics.com\/wp-content\/uploads\/2022\/08\/pedzel-do-zelu-090-1.jpeg?fit=753%2C753&ssl=1&resize=350%2C200","width":350,"height":200,"srcset":"https:\/\/i0.wp.com\/naillycosmetics.com\/wp-content\/uploads\/2022\/08\/pedzel-do-zelu-090-1.jpeg?fit=753%2C753&ssl=1&resize=350%2C200 1x, https:\/\/i0.wp.com\/naillycosmetics.com\/wp-content\/uploads\/2022\/08\/pedzel-do-zelu-090-1.jpeg?fit=753%2C753&ssl=1&resize=525%2C300 1.5x, https:\/\/i0.wp.com\/naillycosmetics.com\/wp-content\/uploads\/2022\/08\/pedzel-do-zelu-090-1.jpeg?fit=753%2C753&ssl=1&resize=700%2C400 2x"},"classes":[]},{"id":23457,"url":"https:\/\/naillycosmetics.com\/fr\/produit\/victoria-vynn-gpt-gel-polish-collection-display\/","url_meta":{"origin":20365,"position":2},"title":"Victoria VYNN GPT Gel Polish Collection Display","author":"Serge Sahakian","date":"septembre 19, 2025","format":false,"excerpt":"","rel":"","context":"Article similaire","block_context":{"text":"Article similaire","link":""},"img":{"alt_text":"","src":"https:\/\/i0.wp.com\/naillycosmetics.com\/wp-content\/uploads\/2026\/02\/color-chart-display-gp-gpt-2-1.jpg?fit=1200%2C1200&ssl=1&resize=350%2C200","width":350,"height":200,"srcset":"https:\/\/i0.wp.com\/naillycosmetics.com\/wp-content\/uploads\/2026\/02\/color-chart-display-gp-gpt-2-1.jpg?fit=1200%2C1200&ssl=1&resize=350%2C200 1x, https:\/\/i0.wp.com\/naillycosmetics.com\/wp-content\/uploads\/2026\/02\/color-chart-display-gp-gpt-2-1.jpg?fit=1200%2C1200&ssl=1&resize=525%2C300 1.5x, https:\/\/i0.wp.com\/naillycosmetics.com\/wp-content\/uploads\/2026\/02\/color-chart-display-gp-gpt-2-1.jpg?fit=1200%2C1200&ssl=1&resize=700%2C400 2x, https:\/\/i0.wp.com\/naillycosmetics.com\/wp-content\/uploads\/2026\/02\/color-chart-display-gp-gpt-2-1.jpg?fit=1200%2C1200&ssl=1&resize=1050%2C600 3x"},"classes":[]},{"id":23461,"url":"https:\/\/naillycosmetics.com\/fr\/produit\/victoria-vynn-nail-art-paint-mixing-plate\/","url_meta":{"origin":20365,"position":3},"title":"Victoria VYNN Plaque de m\u00e9lange de peinture pour le Nail Art","author":"Serge Sahakian","date":"octobre 9, 2024","format":false,"excerpt":"","rel":"","context":"Article similaire","block_context":{"text":"Article similaire","link":""},"img":{"alt_text":"","src":"https:\/\/i0.wp.com\/naillycosmetics.com\/wp-content\/uploads\/2026\/02\/metal-plate-1.jpg?fit=1000%2C944&ssl=1&resize=350%2C200","width":350,"height":200,"srcset":"https:\/\/i0.wp.com\/naillycosmetics.com\/wp-content\/uploads\/2026\/02\/metal-plate-1.jpg?fit=1000%2C944&ssl=1&resize=350%2C200 1x, https:\/\/i0.wp.com\/naillycosmetics.com\/wp-content\/uploads\/2026\/02\/metal-plate-1.jpg?fit=1000%2C944&ssl=1&resize=525%2C300 1.5x, https:\/\/i0.wp.com\/naillycosmetics.com\/wp-content\/uploads\/2026\/02\/metal-plate-1.jpg?fit=1000%2C944&ssl=1&resize=700%2C400 2x"},"classes":[]},{"id":23459,"url":"https:\/\/naillycosmetics.com\/fr\/produit\/victoria-vynn-manicure-and-pedicure-brush-black\/","url_meta":{"origin":20365,"position":4},"title":"Victoria VYNN Brosse \u00e0 manucure et p\u00e9dicure noire","author":"Serge Sahakian","date":"octobre 28, 2024","format":false,"excerpt":"","rel":"","context":"Article similaire","block_context":{"text":"Article similaire","link":""},"img":{"alt_text":"","src":"https:\/\/i0.wp.com\/naillycosmetics.com\/wp-content\/uploads\/2026\/02\/rblack-brush-1.jpg?fit=1000%2C1000&ssl=1&resize=350%2C200","width":350,"height":200,"srcset":"https:\/\/i0.wp.com\/naillycosmetics.com\/wp-content\/uploads\/2026\/02\/rblack-brush-1.jpg?fit=1000%2C1000&ssl=1&resize=350%2C200 1x, https:\/\/i0.wp.com\/naillycosmetics.com\/wp-content\/uploads\/2026\/02\/rblack-brush-1.jpg?fit=1000%2C1000&ssl=1&resize=525%2C300 1.5x, https:\/\/i0.wp.com\/naillycosmetics.com\/wp-content\/uploads\/2026\/02\/rblack-brush-1.jpg?fit=1000%2C1000&ssl=1&resize=700%2C400 2x"},"classes":[]},{"id":23444,"url":"https:\/\/naillycosmetics.com\/fr\/produit\/victoria-vynn-autumn-gel-polish-collection-color-charts-2-pieces\/","url_meta":{"origin":20365,"position":5},"title":"Victoria VYNN Collection de vernis en gel d'automne Nuancier 2 pi\u00e8ces","author":"Serge Sahakian","date":"septembre 19, 2025","format":false,"excerpt":"","rel":"","context":"Article similaire","block_context":{"text":"Article similaire","link":""},"img":{"alt_text":"","src":"https:\/\/i0.wp.com\/naillycosmetics.com\/wp-content\/uploads\/2026\/02\/color-charts-gp-autumn-2pcs-1-1.jpg?fit=1200%2C1200&ssl=1&resize=350%2C200","width":350,"height":200,"srcset":"https:\/\/i0.wp.com\/naillycosmetics.com\/wp-content\/uploads\/2026\/02\/color-charts-gp-autumn-2pcs-1-1.jpg?fit=1200%2C1200&ssl=1&resize=350%2C200 1x, https:\/\/i0.wp.com\/naillycosmetics.com\/wp-content\/uploads\/2026\/02\/color-charts-gp-autumn-2pcs-1-1.jpg?fit=1200%2C1200&ssl=1&resize=525%2C300 1.5x, https:\/\/i0.wp.com\/naillycosmetics.com\/wp-content\/uploads\/2026\/02\/color-charts-gp-autumn-2pcs-1-1.jpg?fit=1200%2C1200&ssl=1&resize=700%2C400 2x, https:\/\/i0.wp.com\/naillycosmetics.com\/wp-content\/uploads\/2026\/02\/color-charts-gp-autumn-2pcs-1-1.jpg?fit=1200%2C1200&ssl=1&resize=1050%2C600 3x"},"classes":[]}],"jetpack_sharing_enabled":true,"_links":{"self":[{"href":"https:\/\/naillycosmetics.com\/fr\/wp-json\/wp\/v2\/product\/20365","targetHints":{"allow":["GET"]}}],"collection":[{"href":"https:\/\/naillycosmetics.com\/fr\/wp-json\/wp\/v2\/product"}],"about":[{"href":"https:\/\/naillycosmetics.com\/fr\/wp-json\/wp\/v2\/types\/product"}],"replies":[{"embeddable":true,"href":"https:\/\/naillycosmetics.com\/fr\/wp-json\/wp\/v2\/comments?post=20365"}],"wp:featuredmedia":[{"embeddable":true,"href":"https:\/\/naillycosmetics.com\/fr\/wp-json\/wp\/v2\/media\/24803"}],"wp:attachment":[{"href":"https:\/\/naillycosmetics.com\/fr\/wp-json\/wp\/v2\/media?parent=20365"}],"wp:term":[{"taxonomy":"product_brand","embeddable":true,"href":"https:\/\/naillycosmetics.com\/fr\/wp-json\/wp\/v2\/product_brand?post=20365"},{"taxonomy":"product_cat","embeddable":true,"href":"https:\/\/naillycosmetics.com\/fr\/wp-json\/wp\/v2\/product_cat?post=20365"},{"taxonomy":"product_tag","embeddable":true,"href":"https:\/\/naillycosmetics.com\/fr\/wp-json\/wp\/v2\/product_tag?post=20365"}],"curies":[{"name":"wp","href":"https:\/\/api.w.org\/{rel}","templated":true}]}}