{"id":20115,"date":"2024-12-04T19:50:21","date_gmt":"2024-12-05T00:50:21","guid":{"rendered":"https:\/\/naillycosmetics.com\/product\/pharm-foot-oxyzone-oil-15ml-ozone-oil-line\/"},"modified":"2026-04-06T13:38:47","modified_gmt":"2026-04-06T17:38:47","slug":"pharm-foot-oxyzone-oil-15ml-ozone-oil-line","status":"publish","type":"product","link":"https:\/\/naillycosmetics.com\/fr\/produit\/pharm-foot-oxyzone-oil-15ml-ozone-oil-line\/","title":{"rendered":"Pharm Foot oxyZONE OIL 15ml (Ligne Ozone Oil)"},"content":{"rendered":"","protected":false},"excerpt":{"rendered":"","protected":false},"featured_media":25333,"comment_status":"open","ping_status":"closed","template":"","meta":{"jetpack_post_was_ever_published":false,"jetpack_publicize_message":"","jetpack_publicize_feature_enabled":true,"jetpack_social_post_already_shared":true,"jetpack_social_options":{"image_generator_settings":{"template":"highway","default_image_id":0,"font":"","enabled":false},"version":2}},"product_brand":[955],"product_cat":[551],"product_tag":[],"class_list":{"0":"post-20115","1":"product","2":"type-product","3":"status-publish","4":"has-post-thumbnail","6":"product_brand-pharm-foot","7":"product_cat-ozone-oil-line","9":"first","10":"instock","11":"taxable","12":"shipping-taxable","13":"purchasable","14":"product-type-simple"},"jetpack_publicize_connections":[],"jetpack-related-posts":[{"id":11274,"url":"https:\/\/naillycosmetics.com\/fr\/produit\/antibacterial-serum-for-feet-mycoverrum-15\/","url_meta":{"origin":20115,"position":0},"title":"Pharm Foot mycoVERRUM 15ml (Ligne Ozone Oil &amp; Herbs)","author":"Serge Sahakian","date":"avril 13, 2023","format":false,"excerpt":"Pharm Foot mycoVERRUM - le meilleur s\u00e9rum antibact\u00e9rien pour les pieds qui soutient les th\u00e9rapies antifongiques et antivirales. Il a un fort effet r\u00e9g\u00e9n\u00e9rateur, am\u00e9liore l'\u00e9tat de la peau et la renforce. Pour les salons et l'usage domestique - Capacit\u00e9 15ml Sp\u00e9cifications du produit : \u00a0 \u00a0 \u00a0 \u00a0 \u00a0 \u00a0 \u00a0","rel":"","context":"Article similaire","block_context":{"text":"Article similaire","link":""},"img":{"alt_text":"Pharm Foot antibacterial serum for feet mycoVERRUM 15ml Victoria VYNN","src":"https:\/\/i0.wp.com\/naillycosmetics.com\/wp-content\/uploads\/2026\/02\/pharm-foot-antibacterial-serum-for-feet-mycoverrum-15ml-victoria-vynn.webp?fit=750%2C1000&ssl=1&resize=350%2C200","width":350,"height":200,"srcset":"https:\/\/i0.wp.com\/naillycosmetics.com\/wp-content\/uploads\/2026\/02\/pharm-foot-antibacterial-serum-for-feet-mycoverrum-15ml-victoria-vynn.webp?fit=750%2C1000&ssl=1&resize=350%2C200 1x, https:\/\/i0.wp.com\/naillycosmetics.com\/wp-content\/uploads\/2026\/02\/pharm-foot-antibacterial-serum-for-feet-mycoverrum-15ml-victoria-vynn.webp?fit=750%2C1000&ssl=1&resize=525%2C300 1.5x, https:\/\/i0.wp.com\/naillycosmetics.com\/wp-content\/uploads\/2026\/02\/pharm-foot-antibacterial-serum-for-feet-mycoverrum-15ml-victoria-vynn.webp?fit=750%2C1000&ssl=1&resize=700%2C400 2x"},"classes":[]},{"id":10823,"url":"https:\/\/naillycosmetics.com\/fr\/produit\/pharm-foot-ozone-rebuilder-400ml-ozone-oil-line\/","url_meta":{"origin":20115,"position":1},"title":"Pharm Foot OZONE reBUILDER 400ml (Ozone Oil Line)","author":"Serge Sahakian","date":"mars 1, 2023","format":false,"excerpt":"REBUILDING & PROTECTIVE CREAM with ozone oil 400ml","rel":"","context":"Article similaire","block_context":{"text":"Article similaire","link":""},"img":{"alt_text":"vynn_pf_ozone_rebuilder_400ml","src":"https:\/\/i0.wp.com\/naillycosmetics.com\/wp-content\/uploads\/2026\/02\/vynn_pf_ozone_rebuilder_400ml.webp?fit=750%2C1000&ssl=1&resize=350%2C200","width":350,"height":200,"srcset":"https:\/\/i0.wp.com\/naillycosmetics.com\/wp-content\/uploads\/2026\/02\/vynn_pf_ozone_rebuilder_400ml.webp?fit=750%2C1000&ssl=1&resize=350%2C200 1x, https:\/\/i0.wp.com\/naillycosmetics.com\/wp-content\/uploads\/2026\/02\/vynn_pf_ozone_rebuilder_400ml.webp?fit=750%2C1000&ssl=1&resize=525%2C300 1.5x, https:\/\/i0.wp.com\/naillycosmetics.com\/wp-content\/uploads\/2026\/02\/vynn_pf_ozone_rebuilder_400ml.webp?fit=750%2C1000&ssl=1&resize=700%2C400 2x"},"classes":[]},{"id":10821,"url":"https:\/\/naillycosmetics.com\/fr\/produit\/pharm-foot-ozone-rebuilder-75ml-ozone-oil-line\/","url_meta":{"origin":20115,"position":2},"title":"Pharm Foot OZONE reBUILDER 75ml (Ozone Oil Line)","author":"Serge Sahakian","date":"mars 1, 2023","format":false,"excerpt":"REBUILDING & PROTECTIVE CREAM with ozone oil 75ml","rel":"","context":"Article similaire","block_context":{"text":"Article similaire","link":""},"img":{"alt_text":"vynn_pf_ozone_rebuilder_75ml_kart","src":"https:\/\/i0.wp.com\/naillycosmetics.com\/wp-content\/uploads\/2026\/02\/vynn_pf_ozone_rebuilder_75ml_kart.webp?fit=750%2C1000&ssl=1&resize=350%2C200","width":350,"height":200,"srcset":"https:\/\/i0.wp.com\/naillycosmetics.com\/wp-content\/uploads\/2026\/02\/vynn_pf_ozone_rebuilder_75ml_kart.webp?fit=750%2C1000&ssl=1&resize=350%2C200 1x, https:\/\/i0.wp.com\/naillycosmetics.com\/wp-content\/uploads\/2026\/02\/vynn_pf_ozone_rebuilder_75ml_kart.webp?fit=750%2C1000&ssl=1&resize=525%2C300 1.5x, https:\/\/i0.wp.com\/naillycosmetics.com\/wp-content\/uploads\/2026\/02\/vynn_pf_ozone_rebuilder_75ml_kart.webp?fit=750%2C1000&ssl=1&resize=700%2C400 2x"},"classes":[]},{"id":20119,"url":"https:\/\/naillycosmetics.com\/fr\/produit\/pharm-foot-ozon-guard-400ml-ozone-oil-line\/","url_meta":{"origin":20115,"position":3},"title":"Pharm Foot OZON GUARD 400ml (Ozone Oil Line)","author":"Serge Sahakian","date":"d\u00e9cembre 4, 2024","format":false,"excerpt":"","rel":"","context":"Article similaire","block_context":{"text":"Article similaire","link":""},"img":{"alt_text":"","src":"https:\/\/i0.wp.com\/naillycosmetics.com\/wp-content\/uploads\/2026\/02\/ozone-guard-2f-400ml.jpg?fit=1200%2C1200&ssl=1&resize=350%2C200","width":350,"height":200,"srcset":"https:\/\/i0.wp.com\/naillycosmetics.com\/wp-content\/uploads\/2026\/02\/ozone-guard-2f-400ml.jpg?fit=1200%2C1200&ssl=1&resize=350%2C200 1x, https:\/\/i0.wp.com\/naillycosmetics.com\/wp-content\/uploads\/2026\/02\/ozone-guard-2f-400ml.jpg?fit=1200%2C1200&ssl=1&resize=525%2C300 1.5x, https:\/\/i0.wp.com\/naillycosmetics.com\/wp-content\/uploads\/2026\/02\/ozone-guard-2f-400ml.jpg?fit=1200%2C1200&ssl=1&resize=700%2C400 2x, https:\/\/i0.wp.com\/naillycosmetics.com\/wp-content\/uploads\/2026\/02\/ozone-guard-2f-400ml.jpg?fit=1200%2C1200&ssl=1&resize=1050%2C600 3x"},"classes":[]},{"id":17507,"url":"https:\/\/naillycosmetics.com\/fr\/produit\/pharm-foot-ozone-safe-250-ml-ozone-oil-line\/","url_meta":{"origin":20115,"position":4},"title":"Pharm Foot OZONE SAFE 250 ml (Ozone Oil Line)","author":"Serge Sahakian","date":"avril 7, 2024","format":false,"excerpt":"","rel":"","context":"Article similaire","block_context":{"text":"Article similaire","link":""},"img":{"alt_text":"","src":"https:\/\/i0.wp.com\/naillycosmetics.com\/wp-content\/uploads\/2026\/02\/ozone-safe-250-ml.jpg?fit=800%2C800&ssl=1&resize=350%2C200","width":350,"height":200,"srcset":"https:\/\/i0.wp.com\/naillycosmetics.com\/wp-content\/uploads\/2026\/02\/ozone-safe-250-ml.jpg?fit=800%2C800&ssl=1&resize=350%2C200 1x, https:\/\/i0.wp.com\/naillycosmetics.com\/wp-content\/uploads\/2026\/02\/ozone-safe-250-ml.jpg?fit=800%2C800&ssl=1&resize=525%2C300 1.5x, https:\/\/i0.wp.com\/naillycosmetics.com\/wp-content\/uploads\/2026\/02\/ozone-safe-250-ml.jpg?fit=800%2C800&ssl=1&resize=700%2C400 2x"},"classes":[]}],"jetpack_sharing_enabled":true,"_links":{"self":[{"href":"https:\/\/naillycosmetics.com\/fr\/wp-json\/wp\/v2\/product\/20115","targetHints":{"allow":["GET"]}}],"collection":[{"href":"https:\/\/naillycosmetics.com\/fr\/wp-json\/wp\/v2\/product"}],"about":[{"href":"https:\/\/naillycosmetics.com\/fr\/wp-json\/wp\/v2\/types\/product"}],"replies":[{"embeddable":true,"href":"https:\/\/naillycosmetics.com\/fr\/wp-json\/wp\/v2\/comments?post=20115"}],"wp:featuredmedia":[{"embeddable":true,"href":"https:\/\/naillycosmetics.com\/fr\/wp-json\/wp\/v2\/media\/25333"}],"wp:attachment":[{"href":"https:\/\/naillycosmetics.com\/fr\/wp-json\/wp\/v2\/media?parent=20115"}],"wp:term":[{"taxonomy":"product_brand","embeddable":true,"href":"https:\/\/naillycosmetics.com\/fr\/wp-json\/wp\/v2\/product_brand?post=20115"},{"taxonomy":"product_cat","embeddable":true,"href":"https:\/\/naillycosmetics.com\/fr\/wp-json\/wp\/v2\/product_cat?post=20115"},{"taxonomy":"product_tag","embeddable":true,"href":"https:\/\/naillycosmetics.com\/fr\/wp-json\/wp\/v2\/product_tag?post=20115"}],"curies":[{"name":"wp","href":"https:\/\/api.w.org\/{rel}","templated":true}]}}