{"id":1927,"date":"2021-03-07T12:35:53","date_gmt":"2021-03-07T12:35:53","guid":{"rendered":"https:\/\/naillycosmetics.com\/?post_type=product&#038;p=1927"},"modified":"2026-03-26T13:05:40","modified_gmt":"2026-03-26T17:05:40","slug":"mousse-sculpture-gel","status":"publish","type":"product","link":"https:\/\/naillycosmetics.com\/fr\/produit\/mousse-sculpture-gel\/","title":{"rendered":"Victoria VYNN Mousse Sculpture Gel"},"content":{"rendered":"<p>Victoria VYNN Mousse Sculpture Gel est un gel thixotropique<\/p>\n<p>Gel thixotropique triphas\u00e9 de consistance mousse, destin\u00e9 \u00e0.. :<\/p>\n<ul>\n<li>Extension et construction de l'ongle avec limage<\/li>\n<li>Extension et construction de l'ongle en utilisant la technique \"one drop, no file\" (une goutte, pas de lime)<\/li>\n<li>Construction de formes avant-gardistes<\/li>\n<li>Renforcement de la plaque naturelle de l'ongle<\/li>\n<li>Correction rapide, 4 doigts en m\u00eame temps<\/li>\n<li>Convient pour le pincement<\/li>\n<\/ul>\n<p>QU'EST-CE QUE LA THIXOTROPIE ?<\/p>\n<p>La consistance \u00e9paisse de la mousse a la propri\u00e9t\u00e9 inhabituelle de changer de viscosit\u00e9 sous l'influence de l'\u00e9nergie fournie. Lorsqu'elle est appliqu\u00e9e sur l'ongle, sa structure s'amincit l\u00e9g\u00e8rement. Ce processus est appel\u00e9 THIXOTROPY, ou \"m\u00e9moire liquide\". Le gel s'applique donc facilement et uniform\u00e9ment, se forme et se nivelle doucement. Malgr\u00e9 le changement de consistance, il ne coule pas de l'ongle et n'inonde pas les cuticules.<\/p>\n<p>MOUSSE SCULPTURE GEL est un produit qui se travaille parfaitement au pinceau, il suffit de le pousser doucement dans la bonne direction pendant le travail. Apr\u00e8s durcissement dans une lampe UV ou LED, il devient ultra-fort, dur et r\u00e9sistant aux dommages, tout en restant facile \u00e0 travailler. Il garantit la durabilit\u00e9 de la manucure.<\/p>\n<ul>\n<li>Ne noie pas les cuticules.<\/li>\n<li>Ne laisse pas entrer l'air<\/li>\n<li>Ne jaunit pas<\/li>\n<\/ul>\n<p>La formule innovante du MOUSSE SCULPTURE GEL \u00e0 \"m\u00e9moire fluide\" a \u00e9t\u00e9 d\u00e9velopp\u00e9e pour un travail rapide et confortable. Il est parfait pour les d\u00e9butantes et les proth\u00e9sistes ongulaires confirm\u00e9es.<\/p>\n<p>Il est recommand\u00e9 de retirer le film protecteur du pot 24 heures avant l'utilisation afin d'obtenir une consistance optimale. Ne pas m\u00e9langer la masse dans le pot. La couleur peut l\u00e9g\u00e8rement changer apr\u00e8s le classement.<\/p>\n<p>Description des couleurs :<\/p>\n<ul>\n<li>01 Crystal Glass - cristal incolore, con\u00e7u pour la construction et le squelette.<\/li>\n<li>02 Polar White - blanc intense avec une couverture de 100%. Recommand\u00e9 pour la construction d'une manucure fran\u00e7aise. Appliquer en couches fines, prolonger le temps de s\u00e9chage jusqu'\u00e0 120 secondes.<\/li>\n<li>03 Coral Soft - une teinte semi-transparente, l\u00e9g\u00e8rement p\u00eache, avec une couvrance de 30%.<\/li>\n<li>04 Berry Blush - teinte rose froide semi-transparente avec une couvrance de 60%.<\/li>\n<li>05 Baby Pink - rose laiteux avec couverture 80%.<\/li>\n<li>06 Dirty blush - rose sale - couverture 70%<\/li>\n<\/ul>","protected":false},"excerpt":{"rendered":"<p>Victoria VYNN Mousse Sculpture Gel est un produit qui se travaille parfaitement au pinceau, il suffit de le pousser d\u00e9licatement dans la bonne direction pendant le travail. Apr\u00e8s durcissement dans une lampe UV ou LED, il devient ultra-fort, dur et r\u00e9sistant aux dommages, tout en restant facile \u00e0 travailler. Il garantit la durabilit\u00e9 de la manucure.<\/p>\n<ul>\n<li>01 Crystal Glass - cristal incolore, con\u00e7u pour la construction et le squelette.<\/li>\n<li>02 Polar White - blanc intense avec une couverture de 100%. Recommand\u00e9 pour la construction d'une manucure fran\u00e7aise. Appliquer en couches fines, prolonger le temps de s\u00e9chage jusqu'\u00e0 120 secondes.<\/li>\n<li>03 Coral Soft - une teinte semi-transparente, l\u00e9g\u00e8rement p\u00eache, avec une couvrance de 30%.<\/li>\n<li>04 Berry Blush - teinte rose froide semi-transparente avec une couvrance de 60%.<\/li>\n<li>05 Baby Pink - rose laiteux avec couverture 80%.<\/li>\n<li>06 Dirty blush - rose sale - couverture 70%<\/li>\n<\/ul>\n<p>Sp\u00e9cifications du produit :<\/p>\n<p><img loading=\"lazy\" decoding=\"async\" class=\"size-full wp-image-9083 alignleft\" src=\"http:\/\/naillycosmetics.com\/wp-content\/uploads\/2021\/03\/thixotropy.webp\" alt=\"\" width=\"125\" height=\"150\" \/><img loading=\"lazy\" decoding=\"async\" class=\"size-full wp-image-9084 alignleft\" src=\"http:\/\/naillycosmetics.com\/wp-content\/uploads\/2021\/03\/STRENGTHENS-1.webp\" alt=\"\" width=\"125\" height=\"150\" \/><img loading=\"lazy\" decoding=\"async\" class=\"size-full wp-image-8773 alignleft\" src=\"http:\/\/naillycosmetics.com\/wp-content\/uploads\/2019\/11\/THREE-PHASE-SYSTEM.webp\" alt=\"\" width=\"125\" height=\"150\" \/><\/p>\n<p><img loading=\"lazy\" decoding=\"async\" class=\"size-full wp-image-8758 alignleft\" src=\"http:\/\/naillycosmetics.com\/wp-content\/uploads\/2020\/03\/FOR-UV-LED-LAMPS.webp\" alt=\"rubber base coat\" width=\"125\" height=\"150\" \/><\/p>\n<p>&nbsp;<\/p>\n<p>&nbsp;<\/p>\n<p>&nbsp;<\/p>\n<p>&nbsp;<\/p>","protected":false},"featured_media":9079,"comment_status":"open","ping_status":"closed","template":"","meta":{"jetpack_post_was_ever_published":false,"jetpack_publicize_message":"","jetpack_publicize_feature_enabled":true,"jetpack_social_post_already_shared":false,"jetpack_social_options":{"image_generator_settings":{"template":"highway","default_image_id":0,"font":"","enabled":false},"version":2}},"product_brand":[932],"product_cat":[32],"product_tag":[87],"class_list":{"0":"post-1927","1":"product","2":"type-product","3":"status-publish","4":"has-post-thumbnail","6":"product_brand-victoria-vynn","7":"product_cat-thixotropic-gel","8":"product_tag-mousse-sculpture-gel-colors","9":"product_shipping_class-cardboard-box","10":"pa_size-15ml","11":"pa_size-50ml","13":"first","14":"instock","15":"taxable","16":"shipping-taxable","17":"purchasable","18":"product-type-variable","19":"wvs-archive-product-wrapper"},"jetpack_publicize_connections":[],"jetpack-related-posts":[{"id":3122,"url":"https:\/\/naillycosmetics.com\/fr\/produit\/victoria-vynn-color-chart-mousse-sculpture-gel-01-06\/","url_meta":{"origin":1927,"position":0},"title":"Victoria VYNN Color Chart Mousse Sculpture Gel 01-06","author":"Serge Sahakian","date":"ao\u00fbt 18, 2022","format":false,"excerpt":"Mat\u00e9riel de marketing Victoria VYNN","rel":"","context":"Article similaire","block_context":{"text":"Article similaire","link":""},"img":{"alt_text":"","src":"https:\/\/i0.wp.com\/naillycosmetics.com\/wp-content\/uploads\/2022\/08\/color-chart-mousse-sculpture-gel-01-06.jpeg?fit=753%2C753&ssl=1&resize=350%2C200","width":350,"height":200,"srcset":"https:\/\/i0.wp.com\/naillycosmetics.com\/wp-content\/uploads\/2022\/08\/color-chart-mousse-sculpture-gel-01-06.jpeg?fit=753%2C753&ssl=1&resize=350%2C200 1x, https:\/\/i0.wp.com\/naillycosmetics.com\/wp-content\/uploads\/2022\/08\/color-chart-mousse-sculpture-gel-01-06.jpeg?fit=753%2C753&ssl=1&resize=525%2C300 1.5x, https:\/\/i0.wp.com\/naillycosmetics.com\/wp-content\/uploads\/2022\/08\/color-chart-mousse-sculpture-gel-01-06.jpeg?fit=753%2C753&ssl=1&resize=700%2C400 2x"},"classes":[]},{"id":2946,"url":"https:\/\/naillycosmetics.com\/fr\/produit\/victoria-vynn-nail-art-flat-gel-brush-4\/","url_meta":{"origin":1927,"position":1},"title":"Victoria VYNN Pinceau Gel plat pour le Nail Art 4","author":"Serge Sahakian","date":"ao\u00fbt 18, 2022","format":false,"excerpt":"Victoria VYNN Instruments et accessoires","rel":"","context":"Article similaire","block_context":{"text":"Article similaire","link":""},"img":{"alt_text":"","src":"https:\/\/i0.wp.com\/naillycosmetics.com\/wp-content\/uploads\/2022\/08\/nail-art-pedzel-do-zelu-4-plaski.jpeg?fit=700%2C700&ssl=1&resize=350%2C200","width":350,"height":200,"srcset":"https:\/\/i0.wp.com\/naillycosmetics.com\/wp-content\/uploads\/2022\/08\/nail-art-pedzel-do-zelu-4-plaski.jpeg?fit=700%2C700&ssl=1&resize=350%2C200 1x, https:\/\/i0.wp.com\/naillycosmetics.com\/wp-content\/uploads\/2022\/08\/nail-art-pedzel-do-zelu-4-plaski.jpeg?fit=700%2C700&ssl=1&resize=525%2C300 1.5x, https:\/\/i0.wp.com\/naillycosmetics.com\/wp-content\/uploads\/2022\/08\/nail-art-pedzel-do-zelu-4-plaski.jpeg?fit=700%2C700&ssl=1&resize=700%2C400 2x"},"classes":[]},{"id":2948,"url":"https:\/\/naillycosmetics.com\/fr\/produit\/victoria-vynn-nail-art-oval-gel-brush-8\/","url_meta":{"origin":1927,"position":2},"title":"Victoria VYNN Nail Art Pinceau ovale pour gel 8","author":"Serge Sahakian","date":"ao\u00fbt 18, 2022","format":false,"excerpt":"Victoria VYNN Instruments et accessoires","rel":"","context":"Article similaire","block_context":{"text":"Article similaire","link":""},"img":{"alt_text":"","src":"https:\/\/i0.wp.com\/naillycosmetics.com\/wp-content\/uploads\/2022\/08\/nail-art-pedzel-do-zelu-8-owalny.jpeg?fit=700%2C700&ssl=1&resize=350%2C200","width":350,"height":200,"srcset":"https:\/\/i0.wp.com\/naillycosmetics.com\/wp-content\/uploads\/2022\/08\/nail-art-pedzel-do-zelu-8-owalny.jpeg?fit=700%2C700&ssl=1&resize=350%2C200 1x, https:\/\/i0.wp.com\/naillycosmetics.com\/wp-content\/uploads\/2022\/08\/nail-art-pedzel-do-zelu-8-owalny.jpeg?fit=700%2C700&ssl=1&resize=525%2C300 1.5x, https:\/\/i0.wp.com\/naillycosmetics.com\/wp-content\/uploads\/2022\/08\/nail-art-pedzel-do-zelu-8-owalny.jpeg?fit=700%2C700&ssl=1&resize=700%2C400 2x"},"classes":[]},{"id":20387,"url":"https:\/\/naillycosmetics.com\/fr\/produit\/victoria-vynn-quick-trick-nail-forms-400-pieces\/","url_meta":{"origin":1927,"position":3},"title":"Victoria VYNN Quick Trick Nail Forms, 400 pi\u00e8ces","author":"Serge Sahakian","date":"mars 19, 2025","format":false,"excerpt":"","rel":"","context":"Article similaire","block_context":{"text":"Article similaire","link":""},"img":{"alt_text":"","src":"https:\/\/i0.wp.com\/naillycosmetics.com\/wp-content\/uploads\/2026\/02\/quick-trick-nail-forms-400pcs-1.jpg?fit=1200%2C1200&ssl=1&resize=350%2C200","width":350,"height":200,"srcset":"https:\/\/i0.wp.com\/naillycosmetics.com\/wp-content\/uploads\/2026\/02\/quick-trick-nail-forms-400pcs-1.jpg?fit=1200%2C1200&ssl=1&resize=350%2C200 1x, https:\/\/i0.wp.com\/naillycosmetics.com\/wp-content\/uploads\/2026\/02\/quick-trick-nail-forms-400pcs-1.jpg?fit=1200%2C1200&ssl=1&resize=525%2C300 1.5x, https:\/\/i0.wp.com\/naillycosmetics.com\/wp-content\/uploads\/2026\/02\/quick-trick-nail-forms-400pcs-1.jpg?fit=1200%2C1200&ssl=1&resize=700%2C400 2x, https:\/\/i0.wp.com\/naillycosmetics.com\/wp-content\/uploads\/2026\/02\/quick-trick-nail-forms-400pcs-1.jpg?fit=1200%2C1200&ssl=1&resize=1050%2C600 3x"},"classes":[]}],"jetpack_sharing_enabled":true,"_links":{"self":[{"href":"https:\/\/naillycosmetics.com\/fr\/wp-json\/wp\/v2\/product\/1927","targetHints":{"allow":["GET"]}}],"collection":[{"href":"https:\/\/naillycosmetics.com\/fr\/wp-json\/wp\/v2\/product"}],"about":[{"href":"https:\/\/naillycosmetics.com\/fr\/wp-json\/wp\/v2\/types\/product"}],"replies":[{"embeddable":true,"href":"https:\/\/naillycosmetics.com\/fr\/wp-json\/wp\/v2\/comments?post=1927"}],"wp:featuredmedia":[{"embeddable":true,"href":"https:\/\/naillycosmetics.com\/fr\/wp-json\/wp\/v2\/media\/9079"}],"wp:attachment":[{"href":"https:\/\/naillycosmetics.com\/fr\/wp-json\/wp\/v2\/media?parent=1927"}],"wp:term":[{"taxonomy":"product_brand","embeddable":true,"href":"https:\/\/naillycosmetics.com\/fr\/wp-json\/wp\/v2\/product_brand?post=1927"},{"taxonomy":"product_cat","embeddable":true,"href":"https:\/\/naillycosmetics.com\/fr\/wp-json\/wp\/v2\/product_cat?post=1927"},{"taxonomy":"product_tag","embeddable":true,"href":"https:\/\/naillycosmetics.com\/fr\/wp-json\/wp\/v2\/product_tag?post=1927"}],"curies":[{"name":"wp","href":"https:\/\/api.w.org\/{rel}","templated":true}]}}