{"id":18518,"date":"2024-08-19T19:30:25","date_gmt":"2024-08-19T23:30:25","guid":{"rendered":"https:\/\/naillycosmetics.com\/product\/victoria-vynn-gel-polish-no-383-pink-prosecco\/"},"modified":"2026-05-07T12:38:40","modified_gmt":"2026-05-07T16:38:40","slug":"victoria-vynn-gel-polish-no-383-pink-prosecco","status":"publish","type":"product","link":"https:\/\/naillycosmetics.com\/fr\/produit\/victoria-vynn-gel-polish-no-383-pink-prosecco\/","title":{"rendered":"Victoria VYNN Gel Polish No. 383 Pink Prosecco"},"content":{"rendered":"","protected":false},"excerpt":{"rendered":"<p>C\u00e9l\u00e9brer la naissance de\u00a0<b>Prosecco rose<\/b>!<br \/>\nRejoignez-nous pour porter un toast au nouveau GEL POLISH<b>\u00a0Prosecco rose<\/b>\u00a0et de c\u00e9l\u00e9brer l'arriv\u00e9e des premiers\u00a0<b>Victoria Vynn<\/b>\u00a0couleur choisie par les techniciens !<\/p>\n<p>Il s'agit d'un vernis hybride unique cr\u00e9\u00e9 avec vous. Le nom et la couleur ont \u00e9t\u00e9 choisis lors d'un concours organis\u00e9 \u00e0 l'occasion de la Journ\u00e9e internationale des techniciens.<\/p>\n<p><b>Prosecco rose Victoria Vynn<\/b>\u00a0peut faire tourner la t\u00eate !<\/p>\n<p>&nbsp;<\/p>\n<p>Sp\u00e9cifications du produit :<\/p>\n<p><img loading=\"lazy\" decoding=\"async\" class=\"size-full wp-image-10680 alignleft\" src=\"http:\/\/victoriavynn.ca\/wp-content\/uploads\/2023\/02\/DIFFERENT-FINISHING-EFFECTS.webp\" alt=\"DIFFERENT FINISHING EFFECTS\" width=\"125\" height=\"150\" srcset=\"https:\/\/i0.wp.com\/naillycosmetics.com\/wp-content\/uploads\/2023\/02\/DIFFERENT-FINISHING-EFFECTS.webp?w=125&amp;ssl=1 125w, https:\/\/i0.wp.com\/naillycosmetics.com\/wp-content\/uploads\/2023\/02\/DIFFERENT-FINISHING-EFFECTS.webp?resize=10%2C12&amp;ssl=1 10w\" sizes=\"auto, (max-width: 125px) 100vw, 125px\" \/> <img loading=\"lazy\" decoding=\"async\" class=\"size-full wp-image-10681 alignleft\" src=\"http:\/\/victoriavynn.ca\/wp-content\/uploads\/2023\/02\/FLAT-CLASSIC-BRUSH.webp\" alt=\"FLAT CLASSIC BRUSH\" width=\"125\" height=\"150\" srcset=\"https:\/\/i0.wp.com\/naillycosmetics.com\/wp-content\/uploads\/2023\/02\/FLAT-CLASSIC-BRUSH.webp?w=125&amp;ssl=1 125w, https:\/\/i0.wp.com\/naillycosmetics.com\/wp-content\/uploads\/2023\/02\/FLAT-CLASSIC-BRUSH.webp?resize=10%2C12&amp;ssl=1 10w\" sizes=\"auto, (max-width: 125px) 100vw, 125px\" \/> <img loading=\"lazy\" decoding=\"async\" class=\"size-full wp-image-8758 alignleft\" src=\"http:\/\/victoriavynn.ca\/wp-content\/uploads\/2020\/03\/FOR-UV-LED-LAMPS.webp\" alt=\"rubber base coat\" width=\"125\" height=\"150\" \/><img loading=\"lazy\" decoding=\"async\" class=\"size-full wp-image-8772 alignleft\" src=\"http:\/\/victoriavynn.ca\/wp-content\/uploads\/2019\/11\/SALON-QUALITY.webp\" alt=\"GEL NAIL BUILDER\" width=\"125\" height=\"150\" \/><\/p>","protected":false},"featured_media":24985,"comment_status":"open","ping_status":"closed","template":"","meta":{"jetpack_post_was_ever_published":false,"jetpack_publicize_message":"","jetpack_publicize_feature_enabled":true,"jetpack_social_post_already_shared":true,"jetpack_social_options":{"image_generator_settings":{"template":"highway","default_image_id":0,"font":"","enabled":false},"version":2}},"product_brand":[932],"product_cat":[51],"product_tag":[69,966,960],"class_list":{"0":"post-18518","1":"product","2":"type-product","3":"status-publish","4":"has-post-thumbnail","6":"product_brand-victoria-vynn","7":"product_cat-professional-nail-colours-gel","8":"product_tag-gel-polish-colors","9":"product_tag-glitter-gel-polish","10":"product_tag-spring-summer-gel-polish-colors","11":"pa_size-8ml","13":"first","14":"instock","15":"taxable","16":"shipping-taxable","17":"purchasable","18":"product-type-simple"},"jetpack_publicize_connections":[],"jetpack-related-posts":[{"id":22500,"url":"https:\/\/naillycosmetics.com\/fr\/produit\/victoria-vynn-gel-polish-no-425-macarose\/","url_meta":{"origin":18518,"position":0},"title":"Victoria VYNN Gel Polish No. 425 MacaRose","author":"Serge Sahakian","date":"septembre 16, 2025","format":false,"excerpt":"Le vernis en gel n\u00b0 425 MacaRose est le blush doux de l'\u00e9l\u00e9gance - un rose poudr\u00e9 aussi d\u00e9licat que les p\u00e9tales de rose et parfait pour des ongles f\u00e9minins et intemporels. Collection : Cherry on Top La collection Cherry on Top est une friandise pour vos ongles - une gamme de vernis gel sans TPO inspir\u00e9e de desserts d\u00e9cadents....","rel":"","context":"Article similaire","block_context":{"text":"Article similaire","link":""},"img":{"alt_text":"victoria vynn salon gel polish cherry on top collection macarose 425","src":"https:\/\/i0.wp.com\/naillycosmetics.com\/wp-content\/uploads\/2026\/02\/victoria-vynn-salon-gel-polish-cherry-on-top-collection-macarose-425.webp?fit=750%2C1000&ssl=1&resize=350%2C200","width":350,"height":200,"srcset":"https:\/\/i0.wp.com\/naillycosmetics.com\/wp-content\/uploads\/2026\/02\/victoria-vynn-salon-gel-polish-cherry-on-top-collection-macarose-425.webp?fit=750%2C1000&ssl=1&resize=350%2C200 1x, https:\/\/i0.wp.com\/naillycosmetics.com\/wp-content\/uploads\/2026\/02\/victoria-vynn-salon-gel-polish-cherry-on-top-collection-macarose-425.webp?fit=750%2C1000&ssl=1&resize=525%2C300 1.5x, https:\/\/i0.wp.com\/naillycosmetics.com\/wp-content\/uploads\/2026\/02\/victoria-vynn-salon-gel-polish-cherry-on-top-collection-macarose-425.webp?fit=750%2C1000&ssl=1&resize=700%2C400 2x"},"classes":[]},{"id":22502,"url":"https:\/\/naillycosmetics.com\/fr\/produit\/victoria-vynn-gel-polish-no-424-nugat\/","url_meta":{"origin":18518,"position":1},"title":"Victoria VYNN Gel Polish No. 424 Nugat","author":"Serge Sahakian","date":"septembre 16, 2025","format":false,"excerpt":"Gel Polish No. 423 PavLover est un vernis hybride velout\u00e9-cr\u00e8me dans une douce teinte blanche avec une d\u00e9licate touche de rose - pensez \u00e0 une meringue a\u00e9rienne rencontrant l'\u00e9l\u00e9gance pastel. Collection : Cherry on Top La collection Cherry on Top est une friandise pour vos ongles - une gamme de vernis gel sans TPO inspir\u00e9e par des...","rel":"","context":"Article similaire","block_context":{"text":"Article similaire","link":""},"img":{"alt_text":"Victoria vynn gel polish fashion follower no. 430 creme de chic","src":"https:\/\/i0.wp.com\/naillycosmetics.com\/wp-content\/uploads\/2026\/02\/victoria-vynn-gel-polish-fashion-follower-no.-430-creme-de-chic.webp?fit=750%2C1000&ssl=1&resize=350%2C200","width":350,"height":200,"srcset":"https:\/\/i0.wp.com\/naillycosmetics.com\/wp-content\/uploads\/2026\/02\/victoria-vynn-gel-polish-fashion-follower-no.-430-creme-de-chic.webp?fit=750%2C1000&ssl=1&resize=350%2C200 1x, https:\/\/i0.wp.com\/naillycosmetics.com\/wp-content\/uploads\/2026\/02\/victoria-vynn-gel-polish-fashion-follower-no.-430-creme-de-chic.webp?fit=750%2C1000&ssl=1&resize=525%2C300 1.5x, https:\/\/i0.wp.com\/naillycosmetics.com\/wp-content\/uploads\/2026\/02\/victoria-vynn-gel-polish-fashion-follower-no.-430-creme-de-chic.webp?fit=750%2C1000&ssl=1&resize=700%2C400 2x"},"classes":[]},{"id":22492,"url":"https:\/\/naillycosmetics.com\/fr\/produit\/victoria-vynn-gel-polish-no-429-cat-eye-cherry-lady\/","url_meta":{"origin":18518,"position":2},"title":"Victoria VYNN Gel Polish No. 429 Cat Eye Cherry Lady","author":"Serge Sahakian","date":"septembre 16, 2025","format":false,"excerpt":"Gel Polish No. 426 Cherry Lady est un rouge cerise audacieux et magn\u00e9tique avec des \u00e9clats m\u00e9talliques en forme d'\u0153il de chat qui transforme chaque manucure en un v\u00e9ritable coup d'\u00e9clat. Collection : Cherry on Top La collection Cherry on Top est une friandise pour vos ongles - une gamme de vernis gel sans TPO inspir\u00e9e par les desserts d\u00e9cadents. Avec des teintes comme Nugat,...","rel":"","context":"Article similaire","block_context":{"text":"Article similaire","link":""},"img":{"alt_text":"victoria vynn salon gel polish cherry on top collection sparkle brownie 429 Cherry Lady","src":"https:\/\/i0.wp.com\/naillycosmetics.com\/wp-content\/uploads\/2026\/02\/victoria-vynn-salon-gel-polish-cherry-on-top-collection-sparkle-brownie-429-cherry-lady.webp?fit=750%2C1000&ssl=1&resize=350%2C200","width":350,"height":200,"srcset":"https:\/\/i0.wp.com\/naillycosmetics.com\/wp-content\/uploads\/2026\/02\/victoria-vynn-salon-gel-polish-cherry-on-top-collection-sparkle-brownie-429-cherry-lady.webp?fit=750%2C1000&ssl=1&resize=350%2C200 1x, https:\/\/i0.wp.com\/naillycosmetics.com\/wp-content\/uploads\/2026\/02\/victoria-vynn-salon-gel-polish-cherry-on-top-collection-sparkle-brownie-429-cherry-lady.webp?fit=750%2C1000&ssl=1&resize=525%2C300 1.5x, https:\/\/i0.wp.com\/naillycosmetics.com\/wp-content\/uploads\/2026\/02\/victoria-vynn-salon-gel-polish-cherry-on-top-collection-sparkle-brownie-429-cherry-lady.webp?fit=750%2C1000&ssl=1&resize=700%2C400 2x"},"classes":[]},{"id":22494,"url":"https:\/\/naillycosmetics.com\/fr\/produit\/victoria-vynn-gel-polish-no-428-lava-cake\/","url_meta":{"origin":18518,"position":3},"title":"Victoria VYNN Gel Polish No. 428 Lava Cake","author":"Serge Sahakian","date":"septembre 16, 2025","format":false,"excerpt":"Gel Polish No. 428 Lava Cake est une riche nuance de chocolat fondu qui fait fondre l'\u00e9l\u00e9gance et la gourmandise dans chaque manucure. Collection : Cherry on Top La collection Cherry on Top est une g\u00e2terie sucr\u00e9e pour vos ongles - une gamme de vernis gel sans TPO inspir\u00e9e par des desserts d\u00e9cadents. Avec des teintes comme Nugat, Mocha \u00c9clair,...","rel":"","context":"Article similaire","block_context":{"text":"Article similaire","link":""},"img":{"alt_text":"victoria vynn salon gel polish cherry on top collection sparkle brownie 428 Lava Cake","src":"https:\/\/i0.wp.com\/naillycosmetics.com\/wp-content\/uploads\/2026\/02\/victoria-vynn-salon-gel-polish-cherry-on-top-collection-sparkle-brownie-428-lava-cake.webp?fit=750%2C1000&ssl=1&resize=350%2C200","width":350,"height":200,"srcset":"https:\/\/i0.wp.com\/naillycosmetics.com\/wp-content\/uploads\/2026\/02\/victoria-vynn-salon-gel-polish-cherry-on-top-collection-sparkle-brownie-428-lava-cake.webp?fit=750%2C1000&ssl=1&resize=350%2C200 1x, https:\/\/i0.wp.com\/naillycosmetics.com\/wp-content\/uploads\/2026\/02\/victoria-vynn-salon-gel-polish-cherry-on-top-collection-sparkle-brownie-428-lava-cake.webp?fit=750%2C1000&ssl=1&resize=525%2C300 1.5x, https:\/\/i0.wp.com\/naillycosmetics.com\/wp-content\/uploads\/2026\/02\/victoria-vynn-salon-gel-polish-cherry-on-top-collection-sparkle-brownie-428-lava-cake.webp?fit=750%2C1000&ssl=1&resize=700%2C400 2x"},"classes":[]},{"id":22504,"url":"https:\/\/naillycosmetics.com\/fr\/produit\/victoria-vynn-gel-polish-no-423-pavlover\/","url_meta":{"origin":18518,"position":4},"title":"Victoria VYNN Gel Polish No. 423 PavLover","author":"Serge Sahakian","date":"septembre 16, 2025","format":false,"excerpt":"Le vernis en gel n\u00b0 424 \u201cNugat\u201d est un beige chaud et cr\u00e9meux inspir\u00e9 par le nougat. C'est une couleur neutre chic et polyvalente, parfaite pour des ongles \u00e9l\u00e9gants de tous les jours ou comme base pour des designs cr\u00e9atifs. Collection : Cherry on Top La collection Cherry on Top est un r\u00e9gal sucr\u00e9 pour vos ongles - un vernis gel sans TPO...","rel":"","context":"Article similaire","block_context":{"text":"Article similaire","link":""},"img":{"alt_text":"victoria vynn salon gel polish cherry on top collection pav lover no. 424","src":"https:\/\/i0.wp.com\/naillycosmetics.com\/wp-content\/uploads\/2026\/02\/victoria-vynn-salon-gel-polish-cherry-on-top-collection-pav-lover.webp?fit=750%2C1000&ssl=1&resize=350%2C200","width":350,"height":200,"srcset":"https:\/\/i0.wp.com\/naillycosmetics.com\/wp-content\/uploads\/2026\/02\/victoria-vynn-salon-gel-polish-cherry-on-top-collection-pav-lover.webp?fit=750%2C1000&ssl=1&resize=350%2C200 1x, https:\/\/i0.wp.com\/naillycosmetics.com\/wp-content\/uploads\/2026\/02\/victoria-vynn-salon-gel-polish-cherry-on-top-collection-pav-lover.webp?fit=750%2C1000&ssl=1&resize=525%2C300 1.5x, https:\/\/i0.wp.com\/naillycosmetics.com\/wp-content\/uploads\/2026\/02\/victoria-vynn-salon-gel-polish-cherry-on-top-collection-pav-lover.webp?fit=750%2C1000&ssl=1&resize=700%2C400 2x"},"classes":[]},{"id":22498,"url":"https:\/\/naillycosmetics.com\/fr\/produit\/victoria-vynn-gel-polish-no-426-mocha-eclair\/","url_meta":{"origin":18518,"position":5},"title":"Victoria VYNN Gel Polish No. 426 Mocha \u00c9clair","author":"Serge Sahakian","date":"septembre 16, 2025","format":false,"excerpt":"Le vernis en gel n\u00b0 426 \u201cMocha \u00c9clair\u201d est un riche brun caf\u00e9 avec un effet chat-eye scintillant, donnant aux ongles un aspect brillant et glac\u00e9 au chocolat. Avec sa formule auto-nivelante, son s\u00e9chage UV\/LED et son retrait facile par trempage, c'est le m\u00e9lange parfait d'\u00e9l\u00e9gance et de drame dans la collection Cherry on Top. Collection : Cherry on Top Cherry on...","rel":"","context":"Article similaire","block_context":{"text":"Article similaire","link":""},"img":{"alt_text":"victoria vynn salon gel polish cherry on top collection mocha eclaire 426","src":"https:\/\/i0.wp.com\/naillycosmetics.com\/wp-content\/uploads\/2026\/02\/victoria-vynn-salon-gel-polish-cherry-on-top-collection-mocha-eclaire-426.webp?fit=750%2C1000&ssl=1&resize=350%2C200","width":350,"height":200,"srcset":"https:\/\/i0.wp.com\/naillycosmetics.com\/wp-content\/uploads\/2026\/02\/victoria-vynn-salon-gel-polish-cherry-on-top-collection-mocha-eclaire-426.webp?fit=750%2C1000&ssl=1&resize=350%2C200 1x, https:\/\/i0.wp.com\/naillycosmetics.com\/wp-content\/uploads\/2026\/02\/victoria-vynn-salon-gel-polish-cherry-on-top-collection-mocha-eclaire-426.webp?fit=750%2C1000&ssl=1&resize=525%2C300 1.5x, https:\/\/i0.wp.com\/naillycosmetics.com\/wp-content\/uploads\/2026\/02\/victoria-vynn-salon-gel-polish-cherry-on-top-collection-mocha-eclaire-426.webp?fit=750%2C1000&ssl=1&resize=700%2C400 2x"},"classes":[]}],"jetpack_sharing_enabled":true,"_links":{"self":[{"href":"https:\/\/naillycosmetics.com\/fr\/wp-json\/wp\/v2\/product\/18518","targetHints":{"allow":["GET"]}}],"collection":[{"href":"https:\/\/naillycosmetics.com\/fr\/wp-json\/wp\/v2\/product"}],"about":[{"href":"https:\/\/naillycosmetics.com\/fr\/wp-json\/wp\/v2\/types\/product"}],"replies":[{"embeddable":true,"href":"https:\/\/naillycosmetics.com\/fr\/wp-json\/wp\/v2\/comments?post=18518"}],"wp:featuredmedia":[{"embeddable":true,"href":"https:\/\/naillycosmetics.com\/fr\/wp-json\/wp\/v2\/media\/24985"}],"wp:attachment":[{"href":"https:\/\/naillycosmetics.com\/fr\/wp-json\/wp\/v2\/media?parent=18518"}],"wp:term":[{"taxonomy":"product_brand","embeddable":true,"href":"https:\/\/naillycosmetics.com\/fr\/wp-json\/wp\/v2\/product_brand?post=18518"},{"taxonomy":"product_cat","embeddable":true,"href":"https:\/\/naillycosmetics.com\/fr\/wp-json\/wp\/v2\/product_cat?post=18518"},{"taxonomy":"product_tag","embeddable":true,"href":"https:\/\/naillycosmetics.com\/fr\/wp-json\/wp\/v2\/product_tag?post=18518"}],"curies":[{"name":"wp","href":"https:\/\/api.w.org\/{rel}","templated":true}]}}