{"id":18103,"date":"2024-05-30T18:07:10","date_gmt":"2024-05-30T22:07:10","guid":{"rendered":"https:\/\/naillycosmetics.com\/product\/staleks-pro-manicure-pusher-gummy-with-silicone-handle-uniq-11-type-2-beveled-and-loop-pusher\/"},"modified":"2026-03-04T20:11:00","modified_gmt":"2026-03-05T01:11:00","slug":"staleks-pro-manicure-pusher-gummy-with-silicone-handle-uniq-11-type-2-beveled-and-loop-pusher","status":"publish","type":"product","link":"https:\/\/naillycosmetics.com\/fr\/produit\/staleks-pro-manicure-pusher-gummy-with-silicone-handle-uniq-11-type-2-beveled-and-loop-pusher\/","title":{"rendered":"Staleks PRO Poussoir \u00e0 manucure Gomme avec manche en silicone UNIQ 11 TYPE 2 (poussoir biseaut\u00e9 et boucle)"},"content":{"rendered":"","protected":false},"excerpt":{"rendered":"<p>PQ-11\/2<\/p>","protected":false},"featured_media":25074,"comment_status":"open","ping_status":"closed","template":"","meta":{"jetpack_post_was_ever_published":false,"jetpack_publicize_message":"","jetpack_publicize_feature_enabled":true,"jetpack_social_post_already_shared":true,"jetpack_social_options":{"image_generator_settings":{"template":"highway","default_image_id":0,"font":"","enabled":false},"version":2}},"product_brand":[931],"product_cat":[362],"product_tag":[606],"class_list":{"0":"post-18103","1":"product","2":"type-product","3":"status-publish","4":"has-post-thumbnail","6":"product_brand-staleks","7":"product_cat-staleks-cuticle-pushers","8":"product_tag-cuticle-pushers","10":"first","11":"instock","12":"taxable","13":"shipping-taxable","14":"purchasable","15":"product-type-simple"},"jetpack_publicize_connections":[],"jetpack-related-posts":[{"id":18100,"url":"https:\/\/naillycosmetics.com\/fr\/produit\/staleks-pro-manicure-pusher-gummy-with-silicone-handle-uniq-10-type-2-rounded-narrow-and-beveled-pusher\/","url_meta":{"origin":18103,"position":0},"title":"Staleks PRO Poussoir \u00e0 manucure Gummy avec manche en silicone UNIQ 10 TYPE 2 (poussoir arrondi \u00e9troit et biseaut\u00e9)","author":"Serge Sahakian","date":"mai 30, 2024","format":false,"excerpt":"PQ-10\/2","rel":"","context":"Article similaire","block_context":{"text":"Article similaire","link":""},"img":{"alt_text":"","src":"https:\/\/i0.wp.com\/naillycosmetics.com\/wp-content\/uploads\/2026\/02\/pq-10-2_result-800x800-1.jpg?fit=800%2C800&ssl=1&resize=350%2C200","width":350,"height":200,"srcset":"https:\/\/i0.wp.com\/naillycosmetics.com\/wp-content\/uploads\/2026\/02\/pq-10-2_result-800x800-1.jpg?fit=800%2C800&ssl=1&resize=350%2C200 1x, https:\/\/i0.wp.com\/naillycosmetics.com\/wp-content\/uploads\/2026\/02\/pq-10-2_result-800x800-1.jpg?fit=800%2C800&ssl=1&resize=525%2C300 1.5x, https:\/\/i0.wp.com\/naillycosmetics.com\/wp-content\/uploads\/2026\/02\/pq-10-2_result-800x800-1.jpg?fit=800%2C800&ssl=1&resize=700%2C400 2x"},"classes":[]},{"id":18105,"url":"https:\/\/naillycosmetics.com\/fr\/produit\/staleks-pro-manicure-pusher-gummy-with-silicone-handle-uniq-11-type-1-straight-flat-and-loop-pusher\/","url_meta":{"origin":18103,"position":1},"title":"Staleks PRO Poussoir \u00e0 manucure Gummy avec manche en silicone UNIQ 11 TYPE 1 (poussoir droit plat et en boucle)","author":"Serge Sahakian","date":"mai 30, 2024","format":false,"excerpt":"PQ-11\/1","rel":"","context":"Article similaire","block_context":{"text":"Article similaire","link":""},"img":{"alt_text":"","src":"https:\/\/i0.wp.com\/naillycosmetics.com\/wp-content\/uploads\/2026\/02\/pq-11-1_result-800x800-1.jpg?fit=800%2C800&ssl=1&resize=350%2C200","width":350,"height":200,"srcset":"https:\/\/i0.wp.com\/naillycosmetics.com\/wp-content\/uploads\/2026\/02\/pq-11-1_result-800x800-1.jpg?fit=800%2C800&ssl=1&resize=350%2C200 1x, https:\/\/i0.wp.com\/naillycosmetics.com\/wp-content\/uploads\/2026\/02\/pq-11-1_result-800x800-1.jpg?fit=800%2C800&ssl=1&resize=525%2C300 1.5x, https:\/\/i0.wp.com\/naillycosmetics.com\/wp-content\/uploads\/2026\/02\/pq-11-1_result-800x800-1.jpg?fit=800%2C800&ssl=1&resize=700%2C400 2x"},"classes":[]},{"id":18094,"url":"https:\/\/naillycosmetics.com\/fr\/produit\/staleks-pro-manicure-pusher-gummy-with-silicone-handle-uniq-10-type-4-2-rounded-narrow-pusher-and-bent-blade\/","url_meta":{"origin":18103,"position":2},"title":"Staleks PRO Poussoir \u00e0 manucure Gummy avec manche en silicone UNIQ 10 TYPE 4.2 (poussoir \u00e9troit et arrondi et lame courb\u00e9e)","author":"Serge Sahakian","date":"mai 30, 2024","format":false,"excerpt":"PQ-10\/4.2","rel":"","context":"Article similaire","block_context":{"text":"Article similaire","link":""},"img":{"alt_text":"","src":"https:\/\/i0.wp.com\/naillycosmetics.com\/wp-content\/uploads\/2026\/02\/pq-10-4.2_result-800x800-1.jpg?fit=800%2C800&ssl=1&resize=350%2C200","width":350,"height":200,"srcset":"https:\/\/i0.wp.com\/naillycosmetics.com\/wp-content\/uploads\/2026\/02\/pq-10-4.2_result-800x800-1.jpg?fit=800%2C800&ssl=1&resize=350%2C200 1x, https:\/\/i0.wp.com\/naillycosmetics.com\/wp-content\/uploads\/2026\/02\/pq-10-4.2_result-800x800-1.jpg?fit=800%2C800&ssl=1&resize=525%2C300 1.5x, https:\/\/i0.wp.com\/naillycosmetics.com\/wp-content\/uploads\/2026\/02\/pq-10-4.2_result-800x800-1.jpg?fit=800%2C800&ssl=1&resize=700%2C400 2x"},"classes":[]},{"id":18096,"url":"https:\/\/naillycosmetics.com\/fr\/produit\/staleks-pro-manicure-pusher-gummy-with-silicone-handle-uniq-10-type-3-rounded-narrow-pusher-and-cleaner\/","url_meta":{"origin":18103,"position":3},"title":"Staleks PRO Poussoir \u00e0 manucure Gomme avec manche en silicone UNIQ 10 TYPE 3 (poussoir \u00e9troit arrondi et nettoyant)","author":"Serge Sahakian","date":"mai 30, 2024","format":false,"excerpt":"PQ-10\/3","rel":"","context":"Article similaire","block_context":{"text":"Article similaire","link":""},"img":{"alt_text":"","src":"https:\/\/i0.wp.com\/naillycosmetics.com\/wp-content\/uploads\/2026\/02\/pq-10-3_result-800x800-1.jpg?fit=800%2C800&ssl=1&resize=350%2C200","width":350,"height":200,"srcset":"https:\/\/i0.wp.com\/naillycosmetics.com\/wp-content\/uploads\/2026\/02\/pq-10-3_result-800x800-1.jpg?fit=800%2C800&ssl=1&resize=350%2C200 1x, https:\/\/i0.wp.com\/naillycosmetics.com\/wp-content\/uploads\/2026\/02\/pq-10-3_result-800x800-1.jpg?fit=800%2C800&ssl=1&resize=525%2C300 1.5x, https:\/\/i0.wp.com\/naillycosmetics.com\/wp-content\/uploads\/2026\/02\/pq-10-3_result-800x800-1.jpg?fit=800%2C800&ssl=1&resize=700%2C400 2x"},"classes":[]}],"jetpack_sharing_enabled":true,"_links":{"self":[{"href":"https:\/\/naillycosmetics.com\/fr\/wp-json\/wp\/v2\/product\/18103","targetHints":{"allow":["GET"]}}],"collection":[{"href":"https:\/\/naillycosmetics.com\/fr\/wp-json\/wp\/v2\/product"}],"about":[{"href":"https:\/\/naillycosmetics.com\/fr\/wp-json\/wp\/v2\/types\/product"}],"replies":[{"embeddable":true,"href":"https:\/\/naillycosmetics.com\/fr\/wp-json\/wp\/v2\/comments?post=18103"}],"wp:featuredmedia":[{"embeddable":true,"href":"https:\/\/naillycosmetics.com\/fr\/wp-json\/wp\/v2\/media\/25074"}],"wp:attachment":[{"href":"https:\/\/naillycosmetics.com\/fr\/wp-json\/wp\/v2\/media?parent=18103"}],"wp:term":[{"taxonomy":"product_brand","embeddable":true,"href":"https:\/\/naillycosmetics.com\/fr\/wp-json\/wp\/v2\/product_brand?post=18103"},{"taxonomy":"product_cat","embeddable":true,"href":"https:\/\/naillycosmetics.com\/fr\/wp-json\/wp\/v2\/product_cat?post=18103"},{"taxonomy":"product_tag","embeddable":true,"href":"https:\/\/naillycosmetics.com\/fr\/wp-json\/wp\/v2\/product_tag?post=18103"}],"curies":[{"name":"wp","href":"https:\/\/api.w.org\/{rel}","templated":true}]}}