{"id":17993,"date":"2024-05-28T19:09:01","date_gmt":"2024-05-28T23:09:01","guid":{"rendered":"https:\/\/naillycosmetics.com\/product\/staleks-pro-pedicure-nippers-podo-30-for-ingrown-nails\/"},"modified":"2026-03-04T20:11:01","modified_gmt":"2026-03-05T01:11:01","slug":"staleks-pro-pedicure-nippers-podo-30-for-ingrown-nails","status":"publish","type":"product","link":"https:\/\/naillycosmetics.com\/fr\/produit\/staleks-pro-pedicure-nippers-podo-30-for-ingrown-nails\/","title":{"rendered":"Staleks PRO Pince \u00e0 p\u00e9dicure PODO 30 (pour ongles incarn\u00e9s)"},"content":{"rendered":"","protected":false},"excerpt":{"rendered":"<p>NP-30-18<\/p>","protected":false},"featured_media":25429,"comment_status":"open","ping_status":"closed","template":"","meta":{"jetpack_post_was_ever_published":false,"jetpack_publicize_message":"","jetpack_publicize_feature_enabled":true,"jetpack_social_post_already_shared":true,"jetpack_social_options":{"image_generator_settings":{"template":"highway","default_image_id":0,"font":"","enabled":false},"version":2}},"product_brand":[931],"product_cat":[619],"product_tag":[],"class_list":{"0":"post-17993","1":"product","2":"type-product","3":"status-publish","4":"has-post-thumbnail","6":"product_brand-staleks","7":"product_cat-staleks-podo","9":"first","10":"instock","11":"taxable","12":"shipping-taxable","13":"purchasable","14":"product-type-simple"},"jetpack_publicize_connections":[],"jetpack-related-posts":[{"id":13428,"url":"https:\/\/naillycosmetics.com\/fr\/produit\/staleks-pro-pedicure-tool-podo-20\/","url_meta":{"origin":17993,"position":0},"title":"Staleks PRO Pedicure Tool Podo 20 Curette &amp; Rounded Pusher","author":"Serge Sahakian","date":"juin 29, 2023","format":false,"excerpt":"Staleks PRO Pedicure Tool - Curette & Rounded Pusher. The Preferred Pedicure Tools Brand by Podiatrists. Victoria VYNN has Partnered with Staleks in Canada to provide a Full Professional Package of Products to make the Work of the Nail Technician Completely Ideal. Product Specifications: \u00a0 \u00a0 \u00a0 \u00a0 \u00a0","rel":"","context":"Article similaire","block_context":{"text":"Article similaire","link":""},"img":{"alt_text":"Staleks PRO Pedicure tool Podo 20 Curette & Rounded Pusher Type 1","src":"https:\/\/i0.wp.com\/naillycosmetics.com\/wp-content\/uploads\/2026\/02\/staleks-pro-pedicure-tool-podo-20-curette-rounded-pusher-type-1-1-3.webp?fit=750%2C1000&ssl=1&resize=350%2C200","width":350,"height":200,"srcset":"https:\/\/i0.wp.com\/naillycosmetics.com\/wp-content\/uploads\/2026\/02\/staleks-pro-pedicure-tool-podo-20-curette-rounded-pusher-type-1-1-3.webp?fit=750%2C1000&ssl=1&resize=350%2C200 1x, https:\/\/i0.wp.com\/naillycosmetics.com\/wp-content\/uploads\/2026\/02\/staleks-pro-pedicure-tool-podo-20-curette-rounded-pusher-type-1-1-3.webp?fit=750%2C1000&ssl=1&resize=525%2C300 1.5x, https:\/\/i0.wp.com\/naillycosmetics.com\/wp-content\/uploads\/2026\/02\/staleks-pro-pedicure-tool-podo-20-curette-rounded-pusher-type-1-1-3.webp?fit=750%2C1000&ssl=1&resize=700%2C400 2x"},"classes":[]},{"id":13434,"url":"https:\/\/naillycosmetics.com\/fr\/produit\/staleks-pro-curette-pedicure-tool-podo-10\/","url_meta":{"origin":17993,"position":1},"title":"Staleks PRO Outil de p\u00e9dicure Podo 10 Curette \u00e0 double extr\u00e9mit\u00e9","author":"Serge Sahakian","date":"juin 29, 2023","format":false,"excerpt":"Staleks PRO Curette Pedicure Tool - Double Ended. La marque d'outils de p\u00e9dicure pr\u00e9f\u00e9r\u00e9e des podiatres. Victoria VYNN s'est associ\u00e9e \u00e0 Staleks au Canada pour fournir un ensemble complet de produits professionnels afin de rendre le travail de la technicienne en ongles compl\u00e8tement id\u00e9al. Sp\u00e9cifications du produit : \u00a0 \u00a0 \u00a0 \u00a0 \u00a0","rel":"","context":"Article similaire","block_context":{"text":"Article similaire","link":""},"img":{"alt_text":"Staleks PRO Pedicure tool Podo 10 Double Ended Curette Type 1","src":"https:\/\/i0.wp.com\/naillycosmetics.com\/wp-content\/uploads\/2026\/02\/staleks-pro-pedicure-tool-podo-10-double-ended-curette-type-1-1-3-1.webp?fit=750%2C1000&ssl=1&resize=350%2C200","width":350,"height":200,"srcset":"https:\/\/i0.wp.com\/naillycosmetics.com\/wp-content\/uploads\/2026\/02\/staleks-pro-pedicure-tool-podo-10-double-ended-curette-type-1-1-3-1.webp?fit=750%2C1000&ssl=1&resize=350%2C200 1x, https:\/\/i0.wp.com\/naillycosmetics.com\/wp-content\/uploads\/2026\/02\/staleks-pro-pedicure-tool-podo-10-double-ended-curette-type-1-1-3-1.webp?fit=750%2C1000&ssl=1&resize=525%2C300 1.5x, https:\/\/i0.wp.com\/naillycosmetics.com\/wp-content\/uploads\/2026\/02\/staleks-pro-pedicure-tool-podo-10-double-ended-curette-type-1-1-3-1.webp?fit=750%2C1000&ssl=1&resize=700%2C400 2x"},"classes":[]},{"id":13451,"url":"https:\/\/naillycosmetics.com\/fr\/produit\/staleks-pro-2in1-pedicure-nail-file-tool\/","url_meta":{"origin":17993,"position":2},"title":"Staleks PRO Outil de p\u00e9dicure Expert 60","author":"Serge Sahakian","date":"juin 29, 2023","format":false,"excerpt":"Staleks PRO 2in1 lime \u00e0 ongles pour p\u00e9dicure avec une extr\u00e9mit\u00e9 courb\u00e9e - Expert 60 Series pour un usage professionnel. La marque d'outils de p\u00e9dicure pr\u00e9f\u00e9r\u00e9e des podologues. Victoria VYNN s'est associ\u00e9e \u00e0 Staleks au Canada pour fournir un ensemble complet de produits professionnels afin de rendre le travail de la technicienne en ongles compl\u00e8tement...","rel":"","context":"Article similaire","block_context":{"text":"Article similaire","link":""},"img":{"alt_text":"Staleks PRO 2in1 Pedicure Nail File Tool with a bent end Expert 60","src":"https:\/\/i0.wp.com\/naillycosmetics.com\/wp-content\/uploads\/2023\/06\/staleks-pro-2in1-pedicure-tool-expert-60-1-1.webp?fit=750%2C1000&ssl=1&resize=350%2C200","width":350,"height":200,"srcset":"https:\/\/i0.wp.com\/naillycosmetics.com\/wp-content\/uploads\/2023\/06\/staleks-pro-2in1-pedicure-tool-expert-60-1-1.webp?fit=750%2C1000&ssl=1&resize=350%2C200 1x, https:\/\/i0.wp.com\/naillycosmetics.com\/wp-content\/uploads\/2023\/06\/staleks-pro-2in1-pedicure-tool-expert-60-1-1.webp?fit=750%2C1000&ssl=1&resize=525%2C300 1.5x, https:\/\/i0.wp.com\/naillycosmetics.com\/wp-content\/uploads\/2023\/06\/staleks-pro-2in1-pedicure-tool-expert-60-1-1.webp?fit=750%2C1000&ssl=1&resize=700%2C400 2x"},"classes":[]},{"id":13409,"url":"https:\/\/naillycosmetics.com\/fr\/produit\/staleks-pro-podo-nippers-professional\/","url_meta":{"origin":17993,"position":3},"title":"Staleks PRO Podo Nippers","author":"Serge Sahakian","date":"juin 29, 2023","format":false,"excerpt":"Staleks PRO Podo Nippers - Top Quality Podiatry Tissue Nippers.\u00a0 3 Different types are available in this category. Victoria VYNN has Partnered with Staleks in Canada to provide a Full Professional Package of Products to make the Work of the Nail Technician Completely Ideal. Product Specifications: \u00a0 \u00a0 \u00a0 \u00a0","rel":"","context":"Article similaire","block_context":{"text":"Article similaire","link":""},"img":{"alt_text":"Staleks PRO Podo Nippers","src":"https:\/\/i0.wp.com\/naillycosmetics.com\/wp-content\/uploads\/2023\/06\/staleks-pro-podo-nippers.webp?fit=750%2C1000&ssl=1&resize=350%2C200","width":350,"height":200,"srcset":"https:\/\/i0.wp.com\/naillycosmetics.com\/wp-content\/uploads\/2023\/06\/staleks-pro-podo-nippers.webp?fit=750%2C1000&ssl=1&resize=350%2C200 1x, https:\/\/i0.wp.com\/naillycosmetics.com\/wp-content\/uploads\/2023\/06\/staleks-pro-podo-nippers.webp?fit=750%2C1000&ssl=1&resize=525%2C300 1.5x, https:\/\/i0.wp.com\/naillycosmetics.com\/wp-content\/uploads\/2023\/06\/staleks-pro-podo-nippers.webp?fit=750%2C1000&ssl=1&resize=700%2C400 2x"},"classes":[]},{"id":13392,"url":"https:\/\/naillycosmetics.com\/fr\/produit\/staleks-pro-refill-pads-for-pedicure-file\/","url_meta":{"origin":17993,"position":4},"title":"Staleks PRO Blanc Tampons de recharge pour p\u00e9dicure Expert 10 (30 Pcs)","author":"Serge Sahakian","date":"juin 29, 2023","format":false,"excerpt":"Staleks PRO Tampons de recharge pour limes de p\u00e9dicure - Qualit\u00e9 professionnelle de salon.  3 grains diff\u00e9rents sont disponibles dans cette cat\u00e9gorie. Victoria VYNN s'est associ\u00e9e \u00e0 Staleks au Canada pour fournir un ensemble complet de produits professionnels afin de rendre le travail de la technicienne en ongles compl\u00e8tement id\u00e9al. Compatible avec : Staleks PRO Metal...","rel":"","context":"Article similaire","block_context":{"text":"Article similaire","link":""},"img":{"alt_text":"staleks pro refill pads for pedicure file white expert 10","src":"https:\/\/i0.wp.com\/naillycosmetics.com\/wp-content\/uploads\/2023\/06\/staleks-pro-refill-pads-for-pedicure-file-wgite-expert-10.webp?fit=750%2C1000&ssl=1&resize=350%2C200","width":350,"height":200,"srcset":"https:\/\/i0.wp.com\/naillycosmetics.com\/wp-content\/uploads\/2023\/06\/staleks-pro-refill-pads-for-pedicure-file-wgite-expert-10.webp?fit=750%2C1000&ssl=1&resize=350%2C200 1x, https:\/\/i0.wp.com\/naillycosmetics.com\/wp-content\/uploads\/2023\/06\/staleks-pro-refill-pads-for-pedicure-file-wgite-expert-10.webp?fit=750%2C1000&ssl=1&resize=525%2C300 1.5x, https:\/\/i0.wp.com\/naillycosmetics.com\/wp-content\/uploads\/2023\/06\/staleks-pro-refill-pads-for-pedicure-file-wgite-expert-10.webp?fit=750%2C1000&ssl=1&resize=700%2C400 2x"},"classes":[]},{"id":13078,"url":"https:\/\/naillycosmetics.com\/fr\/produit\/high-quality-staleks-pro-podo-disc-files\/","url_meta":{"origin":17993,"position":5},"title":"Staleks Pro Limes abrasives jetables pour p\u00e9dicure PodoDisc","author":"Serge Sahakian","date":"juin 27, 2023","format":false,"excerpt":"Les limes \u00e0 disques Ultimate Staleks PRO Podo sont parmi les outils les plus efficaces et les plus professionnels que tout technicien de l'ongle puisse avoir !  Une large gamme de tailles, de grains, de types et de couleurs est disponible dans cette cat\u00e9gorie. Victoria VYNN s'est associ\u00e9e \u00e0 Staleks au Canada pour fournir un ensemble professionnel complet de...","rel":"","context":"Article similaire","block_context":{"text":"Article similaire","link":""},"img":{"alt_text":"Staleks PRO podo disc files replaceable disposable file sponges and files","src":"https:\/\/i0.wp.com\/naillycosmetics.com\/wp-content\/uploads\/2023\/06\/staleks-pro-podo-disc-files-replaceable-disposable-files-.webp?fit=750%2C1000&ssl=1&resize=350%2C200","width":350,"height":200,"srcset":"https:\/\/i0.wp.com\/naillycosmetics.com\/wp-content\/uploads\/2023\/06\/staleks-pro-podo-disc-files-replaceable-disposable-files-.webp?fit=750%2C1000&ssl=1&resize=350%2C200 1x, https:\/\/i0.wp.com\/naillycosmetics.com\/wp-content\/uploads\/2023\/06\/staleks-pro-podo-disc-files-replaceable-disposable-files-.webp?fit=750%2C1000&ssl=1&resize=525%2C300 1.5x, https:\/\/i0.wp.com\/naillycosmetics.com\/wp-content\/uploads\/2023\/06\/staleks-pro-podo-disc-files-replaceable-disposable-files-.webp?fit=750%2C1000&ssl=1&resize=700%2C400 2x"},"classes":[]}],"jetpack_sharing_enabled":true,"_links":{"self":[{"href":"https:\/\/naillycosmetics.com\/fr\/wp-json\/wp\/v2\/product\/17993","targetHints":{"allow":["GET"]}}],"collection":[{"href":"https:\/\/naillycosmetics.com\/fr\/wp-json\/wp\/v2\/product"}],"about":[{"href":"https:\/\/naillycosmetics.com\/fr\/wp-json\/wp\/v2\/types\/product"}],"replies":[{"embeddable":true,"href":"https:\/\/naillycosmetics.com\/fr\/wp-json\/wp\/v2\/comments?post=17993"}],"wp:featuredmedia":[{"embeddable":true,"href":"https:\/\/naillycosmetics.com\/fr\/wp-json\/wp\/v2\/media\/25429"}],"wp:attachment":[{"href":"https:\/\/naillycosmetics.com\/fr\/wp-json\/wp\/v2\/media?parent=17993"}],"wp:term":[{"taxonomy":"product_brand","embeddable":true,"href":"https:\/\/naillycosmetics.com\/fr\/wp-json\/wp\/v2\/product_brand?post=17993"},{"taxonomy":"product_cat","embeddable":true,"href":"https:\/\/naillycosmetics.com\/fr\/wp-json\/wp\/v2\/product_cat?post=17993"},{"taxonomy":"product_tag","embeddable":true,"href":"https:\/\/naillycosmetics.com\/fr\/wp-json\/wp\/v2\/product_tag?post=17993"}],"curies":[{"name":"wp","href":"https:\/\/api.w.org\/{rel}","templated":true}]}}