{"id":17979,"date":"2024-05-28T18:36:00","date_gmt":"2024-05-28T22:36:00","guid":{"rendered":"https:\/\/naillycosmetics.com\/product\/staleks-pro-white-refill-pads-on-a-soft-base-for-pedicure-disc-s-100-grit-50-pcs\/"},"modified":"2026-04-06T13:38:48","modified_gmt":"2026-04-06T17:38:48","slug":"staleks-pro-white-refill-pads-on-a-soft-base-for-pedicure-disc-s-100-grit-50-pcs","status":"publish","type":"product","link":"https:\/\/naillycosmetics.com\/fr\/produit\/staleks-pro-white-refill-pads-on-a-soft-base-for-pedicure-disc-s-100-grit-50-pcs\/","title":{"rendered":"Staleks PRO Tampons de recharge blancs sur une base souple pour disque de p\u00e9dicure S, 100 grains (50 pcs)"},"content":{"rendered":"","protected":false},"excerpt":{"rendered":"<p>PDFS-15-100w<\/p>","protected":false},"featured_media":19310,"comment_status":"open","ping_status":"closed","template":"","meta":{"jetpack_post_was_ever_published":false,"jetpack_publicize_message":"","jetpack_publicize_feature_enabled":true,"jetpack_social_post_already_shared":true,"jetpack_social_options":{"image_generator_settings":{"template":"highway","default_image_id":0,"font":"","enabled":false},"version":2}},"product_brand":[931],"product_cat":[619],"product_tag":[],"class_list":{"0":"post-17979","1":"product","2":"type-product","3":"status-publish","4":"has-post-thumbnail","6":"product_brand-staleks","7":"product_cat-staleks-podo","9":"first","10":"instock","11":"taxable","12":"shipping-taxable","13":"purchasable","14":"product-type-simple"},"jetpack_publicize_connections":[],"jetpack-related-posts":[{"id":17981,"url":"https:\/\/naillycosmetics.com\/fr\/produit\/staleks-pro-white-refill-pads-on-a-soft-base-for-pedicure-disc-xs-320-grit-50-pcs\/","url_meta":{"origin":17979,"position":0},"title":"Staleks PRO Tampons de recharge blancs sur une base souple pour disque de p\u00e9dicure XS, grain 320 (50 pcs)","author":"Serge Sahakian","date":"mai 28, 2024","format":false,"excerpt":"PDFS-10-320w","rel":"","context":"Article similaire","block_context":{"text":"Article similaire","link":""},"img":{"alt_text":"victoria vynn gel polish 383","src":"https:\/\/i0.wp.com\/naillycosmetics.com\/wp-content\/uploads\/2024\/08\/victoria-vynn-gel-polish-383-1-2.webp?fit=750%2C1000&ssl=1&resize=350%2C200","width":350,"height":200,"srcset":"https:\/\/i0.wp.com\/naillycosmetics.com\/wp-content\/uploads\/2024\/08\/victoria-vynn-gel-polish-383-1-2.webp?fit=750%2C1000&ssl=1&resize=350%2C200 1x, https:\/\/i0.wp.com\/naillycosmetics.com\/wp-content\/uploads\/2024\/08\/victoria-vynn-gel-polish-383-1-2.webp?fit=750%2C1000&ssl=1&resize=525%2C300 1.5x, https:\/\/i0.wp.com\/naillycosmetics.com\/wp-content\/uploads\/2024\/08\/victoria-vynn-gel-polish-383-1-2.webp?fit=750%2C1000&ssl=1&resize=700%2C400 2x"},"classes":[]},{"id":13392,"url":"https:\/\/naillycosmetics.com\/fr\/produit\/staleks-pro-refill-pads-for-pedicure-file\/","url_meta":{"origin":17979,"position":1},"title":"Staleks PRO Blanc Tampons de recharge pour p\u00e9dicure Expert 10 (30 Pcs)","author":"Serge Sahakian","date":"juin 29, 2023","format":false,"excerpt":"Staleks PRO Tampons de recharge pour limes de p\u00e9dicure - Qualit\u00e9 professionnelle de salon.  3 grains diff\u00e9rents sont disponibles dans cette cat\u00e9gorie. Victoria VYNN s'est associ\u00e9e \u00e0 Staleks au Canada pour fournir un ensemble complet de produits professionnels afin de rendre le travail de la technicienne en ongles compl\u00e8tement id\u00e9al. Compatible avec : Staleks PRO Metal...","rel":"","context":"Article similaire","block_context":{"text":"Article similaire","link":""},"img":{"alt_text":"staleks pro refill pads for pedicure file white expert 10","src":"https:\/\/i0.wp.com\/naillycosmetics.com\/wp-content\/uploads\/2023\/06\/staleks-pro-refill-pads-for-pedicure-file-wgite-expert-10.webp?fit=750%2C1000&ssl=1&resize=350%2C200","width":350,"height":200,"srcset":"https:\/\/i0.wp.com\/naillycosmetics.com\/wp-content\/uploads\/2023\/06\/staleks-pro-refill-pads-for-pedicure-file-wgite-expert-10.webp?fit=750%2C1000&ssl=1&resize=350%2C200 1x, https:\/\/i0.wp.com\/naillycosmetics.com\/wp-content\/uploads\/2023\/06\/staleks-pro-refill-pads-for-pedicure-file-wgite-expert-10.webp?fit=750%2C1000&ssl=1&resize=525%2C300 1.5x, https:\/\/i0.wp.com\/naillycosmetics.com\/wp-content\/uploads\/2023\/06\/staleks-pro-refill-pads-for-pedicure-file-wgite-expert-10.webp?fit=750%2C1000&ssl=1&resize=700%2C400 2x"},"classes":[]},{"id":23392,"url":"https:\/\/naillycosmetics.com\/fr\/produit\/staleks-pro-black-refill-pads-for-pedicure-foot-file-expert-10-80-grit-30-pcs\/","url_meta":{"origin":17979,"position":2},"title":"Staleks PRO Noir tampons de recharge pour lime \u00e0 pied Expert 10, 80 grit (30 Pcs)","author":"Serge Sahakian","date":"mars 18, 2025","format":false,"excerpt":"dfe-10-80","rel":"","context":"Article similaire","block_context":{"text":"Article similaire","link":""},"img":{"alt_text":"","src":"https:\/\/i0.wp.com\/naillycosmetics.com\/wp-content\/uploads\/2026\/02\/untitled-2-2.png?fit=645%2C833&ssl=1&resize=350%2C200","width":350,"height":200,"srcset":"https:\/\/i0.wp.com\/naillycosmetics.com\/wp-content\/uploads\/2026\/02\/untitled-2-2.png?fit=645%2C833&ssl=1&resize=350%2C200 1x, https:\/\/i0.wp.com\/naillycosmetics.com\/wp-content\/uploads\/2026\/02\/untitled-2-2.png?fit=645%2C833&ssl=1&resize=525%2C300 1.5x"},"classes":[]},{"id":17977,"url":"https:\/\/naillycosmetics.com\/fr\/produit\/staleks-pro-white-disposable-files-for-straight-nail-file-soft-base-expert-20-100-grit-30-pcs\/","url_meta":{"origin":17979,"position":3},"title":"Staleks PRO Limes jetables blanches pour ongles droits (base souple) Expert 20, 100 grit (30 pcs)","author":"Serge Sahakian","date":"mai 28, 2024","format":false,"excerpt":"DFE-20-100w","rel":"","context":"Article similaire","block_context":{"text":"Article similaire","link":""},"img":{"alt_text":"","src":"https:\/\/i0.wp.com\/naillycosmetics.com\/wp-content\/uploads\/2026\/02\/staleksproexpert20whitedisposablefilesforstraightnailfile_softbase_30pcsdfe-20-100w1_540x.jpg?fit=540%2C540&ssl=1&resize=350%2C200","width":350,"height":200,"srcset":"https:\/\/i0.wp.com\/naillycosmetics.com\/wp-content\/uploads\/2026\/02\/staleksproexpert20whitedisposablefilesforstraightnailfile_softbase_30pcsdfe-20-100w1_540x.jpg?fit=540%2C540&ssl=1&resize=350%2C200 1x, https:\/\/i0.wp.com\/naillycosmetics.com\/wp-content\/uploads\/2026\/02\/staleksproexpert20whitedisposablefilesforstraightnailfile_softbase_30pcsdfe-20-100w1_540x.jpg?fit=540%2C540&ssl=1&resize=525%2C300 1.5x"},"classes":[]}],"jetpack_sharing_enabled":true,"_links":{"self":[{"href":"https:\/\/naillycosmetics.com\/fr\/wp-json\/wp\/v2\/product\/17979","targetHints":{"allow":["GET"]}}],"collection":[{"href":"https:\/\/naillycosmetics.com\/fr\/wp-json\/wp\/v2\/product"}],"about":[{"href":"https:\/\/naillycosmetics.com\/fr\/wp-json\/wp\/v2\/types\/product"}],"replies":[{"embeddable":true,"href":"https:\/\/naillycosmetics.com\/fr\/wp-json\/wp\/v2\/comments?post=17979"}],"wp:featuredmedia":[{"embeddable":true,"href":"https:\/\/naillycosmetics.com\/fr\/wp-json\/wp\/v2\/media\/19310"}],"wp:attachment":[{"href":"https:\/\/naillycosmetics.com\/fr\/wp-json\/wp\/v2\/media?parent=17979"}],"wp:term":[{"taxonomy":"product_brand","embeddable":true,"href":"https:\/\/naillycosmetics.com\/fr\/wp-json\/wp\/v2\/product_brand?post=17979"},{"taxonomy":"product_cat","embeddable":true,"href":"https:\/\/naillycosmetics.com\/fr\/wp-json\/wp\/v2\/product_cat?post=17979"},{"taxonomy":"product_tag","embeddable":true,"href":"https:\/\/naillycosmetics.com\/fr\/wp-json\/wp\/v2\/product_tag?post=17979"}],"curies":[{"name":"wp","href":"https:\/\/api.w.org\/{rel}","templated":true}]}}