{"id":17901,"date":"2024-05-17T20:42:07","date_gmt":"2024-05-18T00:42:07","guid":{"rendered":"https:\/\/naillycosmetics.com\/product\/staleks-expert-51-type-2-professional-manicure-pusher\/"},"modified":"2026-03-04T20:11:57","modified_gmt":"2026-03-05T01:11:57","slug":"staleks-expert-51-type-2-professional-manicure-pusher","status":"publish","type":"product","link":"https:\/\/naillycosmetics.com\/fr\/produit\/staleks-expert-51-type-2-professional-manicure-pusher\/","title":{"rendered":"Staleks Expert 51 Type 2 Pince \u00e0 manucure professionnelle"},"content":{"rendered":"","protected":false},"excerpt":{"rendered":"<p>PE-51\/2<\/p>","protected":false},"featured_media":25596,"comment_status":"open","ping_status":"closed","template":"","meta":{"jetpack_post_was_ever_published":false,"jetpack_publicize_message":"","jetpack_publicize_feature_enabled":true,"jetpack_social_post_already_shared":true,"jetpack_social_options":{"image_generator_settings":{"template":"highway","default_image_id":0,"font":"","enabled":false},"version":2}},"product_brand":[931],"product_cat":[362],"product_tag":[606],"class_list":{"0":"post-17901","1":"product","2":"type-product","3":"status-publish","4":"has-post-thumbnail","6":"product_brand-staleks","7":"product_cat-staleks-cuticle-pushers","8":"product_tag-cuticle-pushers","10":"first","11":"instock","12":"taxable","13":"shipping-taxable","14":"purchasable","15":"product-type-simple"},"jetpack_publicize_connections":[],"jetpack-related-posts":[{"id":28395,"url":"https:\/\/naillycosmetics.com\/fr\/produit\/staleks-manicure-pusher-smart-51-type-3-rounded-wide-pusher-and-nail-cleaner\/","url_meta":{"origin":17901,"position":0},"title":"Staleks Pousseur de manucure SMART 51 TYPE 3 (pousseur large arrondi et nettoyeur d'ongles)","author":"Serge Sahakian","date":"mars 4, 2026","format":false,"excerpt":"PS-51\/3","rel":"","context":"Article similaire","block_context":{"text":"Article similaire","link":""},"img":{"alt_text":"","src":"https:\/\/i0.wp.com\/naillycosmetics.com\/wp-content\/uploads\/2026\/03\/22b24963fc2977858d9d9d909dc15879.jpg?fit=1200%2C1200&ssl=1&resize=350%2C200","width":350,"height":200,"srcset":"https:\/\/i0.wp.com\/naillycosmetics.com\/wp-content\/uploads\/2026\/03\/22b24963fc2977858d9d9d909dc15879.jpg?fit=1200%2C1200&ssl=1&resize=350%2C200 1x, https:\/\/i0.wp.com\/naillycosmetics.com\/wp-content\/uploads\/2026\/03\/22b24963fc2977858d9d9d909dc15879.jpg?fit=1200%2C1200&ssl=1&resize=525%2C300 1.5x, https:\/\/i0.wp.com\/naillycosmetics.com\/wp-content\/uploads\/2026\/03\/22b24963fc2977858d9d9d909dc15879.jpg?fit=1200%2C1200&ssl=1&resize=700%2C400 2x, https:\/\/i0.wp.com\/naillycosmetics.com\/wp-content\/uploads\/2026\/03\/22b24963fc2977858d9d9d909dc15879.jpg?fit=1200%2C1200&ssl=1&resize=1050%2C600 3x"},"classes":[]},{"id":28393,"url":"https:\/\/naillycosmetics.com\/fr\/produit\/staleks-manicure-pusher-expert-30-type-6-rounded-wide-pusher-and-nail-cleaner\/","url_meta":{"origin":17901,"position":1},"title":"Staleks Manucure pousseur EXPERT 30 TYPE 6 (pousseur large arrondi et nettoyeur d'ongles)","author":"Serge Sahakian","date":"mars 4, 2026","format":false,"excerpt":"PE-30\/6","rel":"","context":"Article similaire","block_context":{"text":"Article similaire","link":""},"img":{"alt_text":"","src":"https:\/\/i0.wp.com\/naillycosmetics.com\/wp-content\/uploads\/2026\/03\/d673d1574c961e30af5b8e66707195de.jpg?fit=1200%2C1200&ssl=1&resize=350%2C200","width":350,"height":200,"srcset":"https:\/\/i0.wp.com\/naillycosmetics.com\/wp-content\/uploads\/2026\/03\/d673d1574c961e30af5b8e66707195de.jpg?fit=1200%2C1200&ssl=1&resize=350%2C200 1x, https:\/\/i0.wp.com\/naillycosmetics.com\/wp-content\/uploads\/2026\/03\/d673d1574c961e30af5b8e66707195de.jpg?fit=1200%2C1200&ssl=1&resize=525%2C300 1.5x, https:\/\/i0.wp.com\/naillycosmetics.com\/wp-content\/uploads\/2026\/03\/d673d1574c961e30af5b8e66707195de.jpg?fit=1200%2C1200&ssl=1&resize=700%2C400 2x, https:\/\/i0.wp.com\/naillycosmetics.com\/wp-content\/uploads\/2026\/03\/d673d1574c961e30af5b8e66707195de.jpg?fit=1200%2C1200&ssl=1&resize=1050%2C600 3x"},"classes":[]},{"id":11214,"url":"https:\/\/naillycosmetics.com\/fr\/produit\/best-nail-cuticle-pusher-and-loop-pusher\/","url_meta":{"origin":17901,"position":2},"title":"Staleks Expert 51 Type 1 Professional Straight Flat Manicure Pusher &amp; Loop Pusher","author":"Serge Sahakian","date":"mars 16, 2023","format":false,"excerpt":"Le meilleur repousse-cuticules professionnel pour les ongles et le repousse-boucles. Staleks se consacre \u00e0 la qualit\u00e9 de ses produits. L'acier utilis\u00e9 pour la production des embouts est exceptionnellement r\u00e9sistant \u00e0 la corrosion et d'une duret\u00e9 in\u00e9gal\u00e9e, garantissant un tranchant durable. Nous nous sommes associ\u00e9s \u00e0 Staleks au Canada pour fournir un ensemble professionnel complet de...","rel":"","context":"Article similaire","block_context":{"text":"Article similaire","link":""},"img":{"alt_text":"Staleks Best Professional Nail Cuticle Pusher and Loop Pusher Type 1","src":"https:\/\/i0.wp.com\/naillycosmetics.com\/wp-content\/uploads\/2026\/02\/staleks-best-professional-nail-cuticle-pusher-and-loop-pusher-type-1-1-3.webp?fit=750%2C1000&ssl=1&resize=350%2C200","width":350,"height":200,"srcset":"https:\/\/i0.wp.com\/naillycosmetics.com\/wp-content\/uploads\/2026\/02\/staleks-best-professional-nail-cuticle-pusher-and-loop-pusher-type-1-1-3.webp?fit=750%2C1000&ssl=1&resize=350%2C200 1x, https:\/\/i0.wp.com\/naillycosmetics.com\/wp-content\/uploads\/2026\/02\/staleks-best-professional-nail-cuticle-pusher-and-loop-pusher-type-1-1-3.webp?fit=750%2C1000&ssl=1&resize=525%2C300 1.5x, https:\/\/i0.wp.com\/naillycosmetics.com\/wp-content\/uploads\/2026\/02\/staleks-best-professional-nail-cuticle-pusher-and-loop-pusher-type-1-1-3.webp?fit=750%2C1000&ssl=1&resize=700%2C400 2x"},"classes":[]},{"id":10177,"url":"https:\/\/naillycosmetics.com\/fr\/produit\/staleks-smart-512-best-cuticle-pusher-tool\/","url_meta":{"origin":17901,"position":3},"title":"Staleks Smart 51 Type 2 Pousseur arrondi \u00e0 bout droit et nettoyeur","author":"Serge Sahakian","date":"janvier 22, 2023","format":false,"excerpt":"Outil de repousse-cuticules de la meilleure qualit\u00e9 professionnelle et intelligente. Staleks se consacre \u00e0 la qualit\u00e9 de ses produits. L'acier utilis\u00e9 pour la production des embouts est exceptionnellement r\u00e9sistant \u00e0 la corrosion et d'une duret\u00e9 in\u00e9gal\u00e9e, garantissant un tranchant durable. Nous nous sommes associ\u00e9s \u00e0 Staleks au Canada pour fournir un ensemble professionnel complet de...","rel":"","context":"Article similaire","block_context":{"text":"Article similaire","link":""},"img":{"alt_text":"Best Cuticle Pusher Tool Staleks Smart 51 Type 2 Rounded Pusher with a straight end and cleaner","src":"https:\/\/i0.wp.com\/naillycosmetics.com\/wp-content\/uploads\/2026\/02\/best-cuticle-pusher-tool-staleks-smart-51-type-2-rounded-pusher-with-a-straight-end-and-cleaner-.webp?fit=750%2C1000&ssl=1&resize=350%2C200","width":350,"height":200,"srcset":"https:\/\/i0.wp.com\/naillycosmetics.com\/wp-content\/uploads\/2026\/02\/best-cuticle-pusher-tool-staleks-smart-51-type-2-rounded-pusher-with-a-straight-end-and-cleaner-.webp?fit=750%2C1000&ssl=1&resize=350%2C200 1x, https:\/\/i0.wp.com\/naillycosmetics.com\/wp-content\/uploads\/2026\/02\/best-cuticle-pusher-tool-staleks-smart-51-type-2-rounded-pusher-with-a-straight-end-and-cleaner-.webp?fit=750%2C1000&ssl=1&resize=525%2C300 1.5x, https:\/\/i0.wp.com\/naillycosmetics.com\/wp-content\/uploads\/2026\/02\/best-cuticle-pusher-tool-staleks-smart-51-type-2-rounded-pusher-with-a-straight-end-and-cleaner-.webp?fit=750%2C1000&ssl=1&resize=700%2C400 2x"},"classes":[]},{"id":11219,"url":"https:\/\/naillycosmetics.com\/fr\/produit\/staleks-hollow-manicure-pusher-expert-100\/","url_meta":{"origin":17901,"position":4},"title":"Staleks Expert 100 Pince \u00e0 manucure creuse professionnelle","author":"Serge Sahakian","date":"mars 16, 2023","format":false,"excerpt":"Best Professional Hollow Manicure Pusher. Staleks dedicates itself to the product quality. The Steel used for the production of the bits is exceptionally resistant to corrosion and has unmatched hardness, ensuring long-lasting sharpness. We have Partnered with Staleks in Canada to provide a Full Professional Package of Products to make\u2026","rel":"","context":"Article similaire","block_context":{"text":"Article similaire","link":""},"img":{"alt_text":"Staleks Best Professional Hollow Manicure Pusher Expert 100 Type 1","src":"https:\/\/i0.wp.com\/naillycosmetics.com\/wp-content\/uploads\/2023\/03\/Staleks-Best-Professional-Hollow-Manicure-Pusher-Expert-100-Type-1-1-1.webp?fit=750%2C1000&ssl=1&resize=350%2C200","width":350,"height":200,"srcset":"https:\/\/i0.wp.com\/naillycosmetics.com\/wp-content\/uploads\/2023\/03\/Staleks-Best-Professional-Hollow-Manicure-Pusher-Expert-100-Type-1-1-1.webp?fit=750%2C1000&ssl=1&resize=350%2C200 1x, https:\/\/i0.wp.com\/naillycosmetics.com\/wp-content\/uploads\/2023\/03\/Staleks-Best-Professional-Hollow-Manicure-Pusher-Expert-100-Type-1-1-1.webp?fit=750%2C1000&ssl=1&resize=525%2C300 1.5x, https:\/\/i0.wp.com\/naillycosmetics.com\/wp-content\/uploads\/2023\/03\/Staleks-Best-Professional-Hollow-Manicure-Pusher-Expert-100-Type-1-1-1.webp?fit=750%2C1000&ssl=1&resize=700%2C400 2x"},"classes":[]},{"id":9705,"url":"https:\/\/naillycosmetics.com\/fr\/produit\/staleks-bcare-30-2-cuticle-pusher-tool\/","url_meta":{"origin":17901,"position":5},"title":"Staleks Beauty &amp; Care 30 Type 2 Pusher","author":"Serge Sahakian","date":"janvier 7, 2023","format":false,"excerpt":"Outil professionnel classique de manucure pour repousser les cuticules. Staleks se consacre \u00e0 la qualit\u00e9 de ses produits. L'acier utilis\u00e9 pour la production des embouts est exceptionnellement r\u00e9sistant \u00e0 la corrosion et d'une duret\u00e9 in\u00e9gal\u00e9e, garantissant un tranchant durable. Nous nous sommes associ\u00e9s \u00e0 Staleks au Canada pour fournir un ensemble complet de produits professionnels \u00e0...","rel":"","context":"Article similaire","block_context":{"text":"Article similaire","link":""},"img":{"alt_text":"Staleks High Quality Cuticle Pusher Tool Beauty and Care 30 Type 2","src":"https:\/\/i0.wp.com\/naillycosmetics.com\/wp-content\/uploads\/2026\/02\/staleks-beauty-care-30-type-2_.png?fit=750%2C1000&ssl=1&resize=350%2C200","width":350,"height":200,"srcset":"https:\/\/i0.wp.com\/naillycosmetics.com\/wp-content\/uploads\/2026\/02\/staleks-beauty-care-30-type-2_.png?fit=750%2C1000&ssl=1&resize=350%2C200 1x, https:\/\/i0.wp.com\/naillycosmetics.com\/wp-content\/uploads\/2026\/02\/staleks-beauty-care-30-type-2_.png?fit=750%2C1000&ssl=1&resize=525%2C300 1.5x, https:\/\/i0.wp.com\/naillycosmetics.com\/wp-content\/uploads\/2026\/02\/staleks-beauty-care-30-type-2_.png?fit=750%2C1000&ssl=1&resize=700%2C400 2x"},"classes":[]}],"jetpack_sharing_enabled":true,"_links":{"self":[{"href":"https:\/\/naillycosmetics.com\/fr\/wp-json\/wp\/v2\/product\/17901","targetHints":{"allow":["GET"]}}],"collection":[{"href":"https:\/\/naillycosmetics.com\/fr\/wp-json\/wp\/v2\/product"}],"about":[{"href":"https:\/\/naillycosmetics.com\/fr\/wp-json\/wp\/v2\/types\/product"}],"replies":[{"embeddable":true,"href":"https:\/\/naillycosmetics.com\/fr\/wp-json\/wp\/v2\/comments?post=17901"}],"wp:featuredmedia":[{"embeddable":true,"href":"https:\/\/naillycosmetics.com\/fr\/wp-json\/wp\/v2\/media\/25596"}],"wp:attachment":[{"href":"https:\/\/naillycosmetics.com\/fr\/wp-json\/wp\/v2\/media?parent=17901"}],"wp:term":[{"taxonomy":"product_brand","embeddable":true,"href":"https:\/\/naillycosmetics.com\/fr\/wp-json\/wp\/v2\/product_brand?post=17901"},{"taxonomy":"product_cat","embeddable":true,"href":"https:\/\/naillycosmetics.com\/fr\/wp-json\/wp\/v2\/product_cat?post=17901"},{"taxonomy":"product_tag","embeddable":true,"href":"https:\/\/naillycosmetics.com\/fr\/wp-json\/wp\/v2\/product_tag?post=17901"}],"curies":[{"name":"wp","href":"https:\/\/api.w.org\/{rel}","templated":true}]}}