{"id":17507,"date":"2024-04-07T22:13:01","date_gmt":"2024-04-08T02:13:01","guid":{"rendered":"https:\/\/naillycosmetics.com\/product\/pharm-foot-ozone-safe-250-ml-ozone-oil-line\/"},"modified":"2026-04-06T13:38:47","modified_gmt":"2026-04-06T17:38:47","slug":"pharm-foot-ozone-safe-250-ml-ozone-oil-line","status":"publish","type":"product","link":"https:\/\/naillycosmetics.com\/fr\/produit\/pharm-foot-ozone-safe-250-ml-ozone-oil-line\/","title":{"rendered":"Pharm Foot OZONE SAFE 250 ml (Ozone Oil Line)"},"content":{"rendered":"","protected":false},"excerpt":{"rendered":"","protected":false},"featured_media":25670,"comment_status":"open","ping_status":"closed","template":"","meta":{"jetpack_post_was_ever_published":false,"jetpack_publicize_message":"","jetpack_publicize_feature_enabled":true,"jetpack_social_post_already_shared":true,"jetpack_social_options":{"image_generator_settings":{"template":"highway","default_image_id":0,"font":"","enabled":false},"version":2}},"product_brand":[955],"product_cat":[551],"product_tag":[],"class_list":{"0":"post-17507","1":"product","2":"type-product","3":"status-publish","4":"has-post-thumbnail","6":"product_brand-pharm-foot","7":"product_cat-ozone-oil-line","9":"first","10":"instock","11":"taxable","12":"shipping-taxable","13":"purchasable","14":"product-type-simple"},"jetpack_publicize_connections":[],"jetpack-related-posts":[{"id":10823,"url":"https:\/\/naillycosmetics.com\/fr\/produit\/pharm-foot-ozone-rebuilder-400ml-ozone-oil-line\/","url_meta":{"origin":17507,"position":0},"title":"Pharm Foot OZONE reBUILDER 400ml (Ozone Oil Line)","author":"Serge Sahakian","date":"mars 1, 2023","format":false,"excerpt":"REBUILDING & PROTECTIVE CREAM with ozone oil 400ml","rel":"","context":"Article similaire","block_context":{"text":"Article similaire","link":""},"img":{"alt_text":"vynn_pf_ozone_rebuilder_400ml","src":"https:\/\/i0.wp.com\/naillycosmetics.com\/wp-content\/uploads\/2026\/02\/vynn_pf_ozone_rebuilder_400ml.webp?fit=750%2C1000&ssl=1&resize=350%2C200","width":350,"height":200,"srcset":"https:\/\/i0.wp.com\/naillycosmetics.com\/wp-content\/uploads\/2026\/02\/vynn_pf_ozone_rebuilder_400ml.webp?fit=750%2C1000&ssl=1&resize=350%2C200 1x, https:\/\/i0.wp.com\/naillycosmetics.com\/wp-content\/uploads\/2026\/02\/vynn_pf_ozone_rebuilder_400ml.webp?fit=750%2C1000&ssl=1&resize=525%2C300 1.5x, https:\/\/i0.wp.com\/naillycosmetics.com\/wp-content\/uploads\/2026\/02\/vynn_pf_ozone_rebuilder_400ml.webp?fit=750%2C1000&ssl=1&resize=700%2C400 2x"},"classes":[]},{"id":10821,"url":"https:\/\/naillycosmetics.com\/fr\/produit\/pharm-foot-ozone-rebuilder-75ml-ozone-oil-line\/","url_meta":{"origin":17507,"position":1},"title":"Pharm Foot OZONE reBUILDER 75ml (Ozone Oil Line)","author":"Serge Sahakian","date":"mars 1, 2023","format":false,"excerpt":"REBUILDING & PROTECTIVE CREAM with ozone oil 75ml","rel":"","context":"Article similaire","block_context":{"text":"Article similaire","link":""},"img":{"alt_text":"vynn_pf_ozone_rebuilder_75ml_kart","src":"https:\/\/i0.wp.com\/naillycosmetics.com\/wp-content\/uploads\/2026\/02\/vynn_pf_ozone_rebuilder_75ml_kart.webp?fit=750%2C1000&ssl=1&resize=350%2C200","width":350,"height":200,"srcset":"https:\/\/i0.wp.com\/naillycosmetics.com\/wp-content\/uploads\/2026\/02\/vynn_pf_ozone_rebuilder_75ml_kart.webp?fit=750%2C1000&ssl=1&resize=350%2C200 1x, https:\/\/i0.wp.com\/naillycosmetics.com\/wp-content\/uploads\/2026\/02\/vynn_pf_ozone_rebuilder_75ml_kart.webp?fit=750%2C1000&ssl=1&resize=525%2C300 1.5x, https:\/\/i0.wp.com\/naillycosmetics.com\/wp-content\/uploads\/2026\/02\/vynn_pf_ozone_rebuilder_75ml_kart.webp?fit=750%2C1000&ssl=1&resize=700%2C400 2x"},"classes":[]},{"id":20119,"url":"https:\/\/naillycosmetics.com\/fr\/produit\/pharm-foot-ozon-guard-400ml-ozone-oil-line\/","url_meta":{"origin":17507,"position":2},"title":"Pharm Foot OZON GUARD 400ml (Ozone Oil Line)","author":"Serge Sahakian","date":"d\u00e9cembre 4, 2024","format":false,"excerpt":"","rel":"","context":"Article similaire","block_context":{"text":"Article similaire","link":""},"img":{"alt_text":"","src":"https:\/\/i0.wp.com\/naillycosmetics.com\/wp-content\/uploads\/2026\/02\/ozone-guard-2f-400ml.jpg?fit=1200%2C1200&ssl=1&resize=350%2C200","width":350,"height":200,"srcset":"https:\/\/i0.wp.com\/naillycosmetics.com\/wp-content\/uploads\/2026\/02\/ozone-guard-2f-400ml.jpg?fit=1200%2C1200&ssl=1&resize=350%2C200 1x, https:\/\/i0.wp.com\/naillycosmetics.com\/wp-content\/uploads\/2026\/02\/ozone-guard-2f-400ml.jpg?fit=1200%2C1200&ssl=1&resize=525%2C300 1.5x, https:\/\/i0.wp.com\/naillycosmetics.com\/wp-content\/uploads\/2026\/02\/ozone-guard-2f-400ml.jpg?fit=1200%2C1200&ssl=1&resize=700%2C400 2x, https:\/\/i0.wp.com\/naillycosmetics.com\/wp-content\/uploads\/2026\/02\/ozone-guard-2f-400ml.jpg?fit=1200%2C1200&ssl=1&resize=1050%2C600 3x"},"classes":[]},{"id":10993,"url":"https:\/\/naillycosmetics.com\/fr\/produit\/best-hand-and-body-moisturizer-for-dry-skin\/","url_meta":{"origin":17507,"position":3},"title":"Pharm Foot O3 CONCENTRATE 400ml (Ozone Oil Line)","author":"Serge Sahakian","date":"mars 9, 2023","format":false,"excerpt":"Pharm Foot O3 CONCENTRATE - PROTECTIVE BUTTER FOR BODY AND HAND with ozone oil and shea butter is nominated among the best Hand and Body Moisturizer for Dry Skin. O3 CONCENTRE rebuilds the epidermis and soothes irritations. It also protects against drying and the harmful effects of external factors. For\u2026","rel":"","context":"Article similaire","block_context":{"text":"Article similaire","link":""},"img":{"alt_text":"Pharm Foot best hand and body moisturizer for dry skin Ozone Oil o3 Concentre Butter","src":"https:\/\/i0.wp.com\/naillycosmetics.com\/wp-content\/uploads\/2026\/02\/pharm-foot-best-hand-and-body-moisturizer-for-dry-skin-ozone-oil-o3-concentre-butter.webp?fit=750%2C1000&ssl=1&resize=350%2C200","width":350,"height":200,"srcset":"https:\/\/i0.wp.com\/naillycosmetics.com\/wp-content\/uploads\/2026\/02\/pharm-foot-best-hand-and-body-moisturizer-for-dry-skin-ozone-oil-o3-concentre-butter.webp?fit=750%2C1000&ssl=1&resize=350%2C200 1x, https:\/\/i0.wp.com\/naillycosmetics.com\/wp-content\/uploads\/2026\/02\/pharm-foot-best-hand-and-body-moisturizer-for-dry-skin-ozone-oil-o3-concentre-butter.webp?fit=750%2C1000&ssl=1&resize=525%2C300 1.5x, https:\/\/i0.wp.com\/naillycosmetics.com\/wp-content\/uploads\/2026\/02\/pharm-foot-best-hand-and-body-moisturizer-for-dry-skin-ozone-oil-o3-concentre-butter.webp?fit=750%2C1000&ssl=1&resize=700%2C400 2x"},"classes":[]},{"id":10819,"url":"https:\/\/naillycosmetics.com\/fr\/produit\/ozon-guard-150ml-spray-for-foot-odor\/","url_meta":{"origin":17507,"position":4},"title":"Pharm Foot OZON GUARD 150ml (Ozone Oil Line)","author":"Serge Sahakian","date":"mars 1, 2023","format":false,"excerpt":"Pharm Foot OZONE GUARD - SPRAY PROTECTEUR \u00e0 l'huile d'olive ozon\u00e9e est vraiment le meilleur spray contre les odeurs de pieds. Caract\u00e9ris\u00e9 par ses propri\u00e9t\u00e9s antimicrobiennes et antibact\u00e9riennes, OZONE GUARD r\u00e9duit la transpiration et rafra\u00eechit les pieds. Ne dess\u00e8che pas la peau et peut \u00eatre utilis\u00e9 sur une peau s\u00e8che. Recommand\u00e9 pour les personnes...","rel":"","context":"Article similaire","block_context":{"text":"Article similaire","link":""},"img":{"alt_text":"pharm foot best spray for foot odor Ozone Guard 150ml","src":"https:\/\/i0.wp.com\/naillycosmetics.com\/wp-content\/uploads\/2026\/02\/pharm-foot-best-spray-for-foot-odor-ozone-guard-150ml-1-4.webp?fit=750%2C1000&ssl=1&resize=350%2C200","width":350,"height":200,"srcset":"https:\/\/i0.wp.com\/naillycosmetics.com\/wp-content\/uploads\/2026\/02\/pharm-foot-best-spray-for-foot-odor-ozone-guard-150ml-1-4.webp?fit=750%2C1000&ssl=1&resize=350%2C200 1x, https:\/\/i0.wp.com\/naillycosmetics.com\/wp-content\/uploads\/2026\/02\/pharm-foot-best-spray-for-foot-odor-ozone-guard-150ml-1-4.webp?fit=750%2C1000&ssl=1&resize=525%2C300 1.5x, https:\/\/i0.wp.com\/naillycosmetics.com\/wp-content\/uploads\/2026\/02\/pharm-foot-best-spray-for-foot-odor-ozone-guard-150ml-1-4.webp?fit=750%2C1000&ssl=1&resize=700%2C400 2x"},"classes":[]}],"jetpack_sharing_enabled":true,"_links":{"self":[{"href":"https:\/\/naillycosmetics.com\/fr\/wp-json\/wp\/v2\/product\/17507","targetHints":{"allow":["GET"]}}],"collection":[{"href":"https:\/\/naillycosmetics.com\/fr\/wp-json\/wp\/v2\/product"}],"about":[{"href":"https:\/\/naillycosmetics.com\/fr\/wp-json\/wp\/v2\/types\/product"}],"replies":[{"embeddable":true,"href":"https:\/\/naillycosmetics.com\/fr\/wp-json\/wp\/v2\/comments?post=17507"}],"wp:featuredmedia":[{"embeddable":true,"href":"https:\/\/naillycosmetics.com\/fr\/wp-json\/wp\/v2\/media\/25670"}],"wp:attachment":[{"href":"https:\/\/naillycosmetics.com\/fr\/wp-json\/wp\/v2\/media?parent=17507"}],"wp:term":[{"taxonomy":"product_brand","embeddable":true,"href":"https:\/\/naillycosmetics.com\/fr\/wp-json\/wp\/v2\/product_brand?post=17507"},{"taxonomy":"product_cat","embeddable":true,"href":"https:\/\/naillycosmetics.com\/fr\/wp-json\/wp\/v2\/product_cat?post=17507"},{"taxonomy":"product_tag","embeddable":true,"href":"https:\/\/naillycosmetics.com\/fr\/wp-json\/wp\/v2\/product_tag?post=17507"}],"curies":[{"name":"wp","href":"https:\/\/api.w.org\/{rel}","templated":true}]}}