{"id":17504,"date":"2024-04-07T22:12:58","date_gmt":"2024-04-08T02:12:58","guid":{"rendered":"https:\/\/naillycosmetics.com\/product\/pharm-foot-urea-forte-75ml-urea-line\/"},"modified":"2026-04-14T14:09:23","modified_gmt":"2026-04-14T18:09:23","slug":"pharm-foot-urea-forte-75ml-urea-line","status":"publish","type":"product","link":"https:\/\/naillycosmetics.com\/fr\/produit\/pharm-foot-urea-forte-75ml-urea-line\/","title":{"rendered":"Pharm Foot Urea Forte 75ml (Ligne Urea)"},"content":{"rendered":"<h2 class=\"wp-block-heading\">RECOMMANDATIONS<br><strong>UREA FORTE<\/strong><\/h2><ul class=\"wp-block-list\"><li>for very dry, cracked skin on the feet which is prone to calluses<\/li>\n\n<li>\u00e9galement recommand\u00e9 pour les diab\u00e9tiques<\/li><\/ul><h2 class=\"wp-block-heading\">EFFET<br><strong>UREA FORTE<\/strong><\/h2><ul class=\"wp-block-list\"><li>it reduces the roughness of the skin<\/li>\n\n<li>softens and moisturises<\/li>\n\n<li>prevents further keratinisation due to the gradual exfoliation<\/li>\n\n<li>r\u00e9g\u00e9n\u00e8re<\/li>\n\n<li>it leaves your feet feeling soft and smooth<\/li><\/ul><h2 class=\"wp-block-heading\">MODE D'EMPLOI<br><strong>UREA FORTE<\/strong><\/h2><ul class=\"wp-block-list\"><li>the ointment should be applied to the feet, to the callused areas<\/li>\n\n<li>massage in and leave to get absorbed<\/li>\n\n<li>the preparation should be applied under the supervision and based on the recommendations of a specialis<\/li><\/ul><h2 class=\"wp-block-heading\">INGREDIENTS<br><strong>UREA FORTE<\/strong><\/h2><p>Aqua, Urea, Glycerin, Caprylic\/Capric Triglyceride, Olus Oil, Butyrospermum Parkii Butter, Cocos Nucifera Oil, Polyglyceryl-6 Stearate, Glyceryl Stearates, Cetyl Alcohol, Hydrogenanted Vegetable Oil, Synthetic Wax, Tocopheryl Acetate, Triethanolamine, Panthenol, Candellila Cera, Allantoin, Lactic Acid, Polyglyceryl-6 Behenate, Sodium Benzoate, Carbomer, Cymbopogon Flexuosus Herb Oil, Tocopherol, Lecithin, Ascorbyl Palmitate, Glyceryl Stearate, Glyceryl Oleate, Citric Acid, Disodium EDTA, Phenoxyethanol, Ethylhexylglycerin, Parfum, Citral, Geraniol, Linalool, Citronellol, Limonene, Alpha-Isomethyl Ionone.<\/p>","protected":false},"excerpt":{"rendered":"<div class=\"title\" style=\"margin-bottom: 30px;color: #706f6f;font-family: Montserrat, sans-serif\">\n<h2 style=\"color: #333333;font-family: Georgia, 'Times New Roman', 'Bitstream Charter', Times, serif\">Ointment Against Skin Keratication with UREA &amp; Emollients<\/h2>\n<div class=\"product-box-1\">\n<div class=\"product-box-1\" style=\"color: #333333;font-family: Georgia, 'Times New Roman', 'Bitstream Charter', Times, serif\">Capacit\u00e9\u00a0<strong>75ml<\/strong><\/div>\n<div class=\"product-box-1\" style=\"color: #333333;font-family: Georgia, 'Times New Roman', 'Bitstream Charter', Times, serif\">(environ 40 traitements)<\/div>\n<\/div>\n<\/div>\n<div>Ingr\u00e9dients actifs :<\/div>\n<div><img loading=\"lazy\" decoding=\"async\" class=\"alignnone size-full wp-image-20442\" src=\"http:\/\/victoriavynn.ca\/wp-content\/uploads\/2024\/04\/urea-final.webp\" alt=\"UREA FINAL\" width=\"150\" height=\"150\" \/><img loading=\"lazy\" decoding=\"async\" class=\"alignnone size-full wp-image-20426\" src=\"http:\/\/victoriavynn.ca\/wp-content\/uploads\/2023\/03\/vitamin-e-final.webp\" alt=\"VITAMIN E FINAL\" width=\"150\" height=\"150\" \/><img loading=\"lazy\" decoding=\"async\" class=\"alignnone size-full wp-image-20447\" src=\"http:\/\/victoriavynn.ca\/wp-content\/uploads\/2024\/04\/shea-butter-final.webp\" alt=\"Shea butter\" width=\"150\" height=\"150\" \/><img loading=\"lazy\" decoding=\"async\" class=\"alignnone size-full wp-image-20909\" src=\"http:\/\/victoriavynn.ca\/wp-content\/uploads\/2024\/04\/vegetable-oils.webp\" alt=\"VEGETABLE OILS\" width=\"150\" height=\"150\" \/><img loading=\"lazy\" decoding=\"async\" class=\"alignnone size-full wp-image-20425\" src=\"http:\/\/victoriavynn.ca\/wp-content\/uploads\/2023\/03\/allantoin-final.webp\" alt=\"ALLANTOIN FINAL\" width=\"150\" height=\"150\" \/><img loading=\"lazy\" decoding=\"async\" class=\"alignnone size-full wp-image-20427\" src=\"http:\/\/victoriavynn.ca\/wp-content\/uploads\/2023\/03\/panthenol-final.webp\" alt=\"PANTHENOL FINAL\" width=\"150\" height=\"150\" \/><img loading=\"lazy\" decoding=\"async\" class=\"alignnone size-full wp-image-20910\" src=\"http:\/\/victoriavynn.ca\/wp-content\/uploads\/2024\/04\/candellila-wax.webp\" alt=\"CANDELLILA WAX\" width=\"150\" height=\"150\" \/><\/div>\n<div><\/div>\n<div class=\"title\" style=\"margin-bottom: 30px;color: #706f6f;font-family: Montserrat, sans-serif\">\n<div><\/div>\n<\/div>","protected":false},"featured_media":25693,"comment_status":"open","ping_status":"closed","template":"","meta":{"jetpack_post_was_ever_published":false,"jetpack_publicize_message":"","jetpack_publicize_feature_enabled":true,"jetpack_social_post_already_shared":true,"jetpack_social_options":{"image_generator_settings":{"template":"highway","default_image_id":0,"font":"","enabled":false},"version":2}},"product_brand":[955],"product_cat":[548],"product_tag":[],"class_list":{"0":"post-17504","1":"product","2":"type-product","3":"status-publish","4":"has-post-thumbnail","6":"product_brand-pharm-foot","7":"product_cat-urea-line","8":"pa_size-75-ml","10":"first","11":"instock","12":"taxable","13":"shipping-taxable","14":"purchasable","15":"product-type-simple"},"jetpack_publicize_connections":[],"jetpack-related-posts":[{"id":3576,"url":"https:\/\/naillycosmetics.com\/fr\/?attachment_id=3576","url_meta":{"origin":17504,"position":0},"title":"38","author":"Serge Sahakian","date":"ao\u00fbt 24, 2022","format":false,"excerpt":"","rel":"","context":"Article similaire","block_context":{"text":"Article similaire","link":""},"img":{"alt_text":"","src":"https:\/\/i0.wp.com\/naillycosmetics.com\/wp-content\/uploads\/2020\/02\/38.png?fit=400%2C400&ssl=1&resize=350%2C200","width":350,"height":200},"classes":[]},{"id":10967,"url":"https:\/\/naillycosmetics.com\/fr\/produit\/pharm-foot-dermo-resoftener-75ml-urea-line\/","url_meta":{"origin":17504,"position":1},"title":"Pharm Foot DERMO reSOFTENER 75ml (Ligne Ur\u00e9e)","author":"Serge Sahakian","date":"mars 9, 2023","format":false,"excerpt":"Softening & Moisturizing Cream with 10% UREA Capacity\u00a075ml (about 35 treatments) Active Ingredients:","rel":"","context":"Article similaire","block_context":{"text":"Article similaire","link":""},"img":{"alt_text":"pharm foot dermo resoftener 75ml","src":"https:\/\/i0.wp.com\/naillycosmetics.com\/wp-content\/uploads\/2026\/02\/pharm-foot-dermo-resoftener-75ml.webp?fit=750%2C1000&ssl=1&resize=350%2C200","width":350,"height":200,"srcset":"https:\/\/i0.wp.com\/naillycosmetics.com\/wp-content\/uploads\/2026\/02\/pharm-foot-dermo-resoftener-75ml.webp?fit=750%2C1000&ssl=1&resize=350%2C200 1x, https:\/\/i0.wp.com\/naillycosmetics.com\/wp-content\/uploads\/2026\/02\/pharm-foot-dermo-resoftener-75ml.webp?fit=750%2C1000&ssl=1&resize=525%2C300 1.5x, https:\/\/i0.wp.com\/naillycosmetics.com\/wp-content\/uploads\/2026\/02\/pharm-foot-dermo-resoftener-75ml.webp?fit=750%2C1000&ssl=1&resize=700%2C400 2x"},"classes":[]},{"id":17496,"url":"https:\/\/naillycosmetics.com\/fr\/produit\/pharm-foot-hydro-cream-250ml-urea-line\/","url_meta":{"origin":17504,"position":2},"title":"Pharm Foot Hydro Cream 250ml (Urea Line)","author":"Serge Sahakian","date":"avril 7, 2024","format":false,"excerpt":"Dry Skin Moisturizing Spray with 10% UREA & Humectants Capacity\u00a0150ml Active Ingredients:","rel":"","context":"Article similaire","block_context":{"text":"Article similaire","link":""},"img":{"alt_text":"PHARM FOOT HYDRO CREAM SPRAY","src":"https:\/\/i0.wp.com\/naillycosmetics.com\/wp-content\/uploads\/2026\/02\/pharm-foot-hydro-cream-spray-.webp?fit=750%2C1000&ssl=1&resize=350%2C200","width":350,"height":200,"srcset":"https:\/\/i0.wp.com\/naillycosmetics.com\/wp-content\/uploads\/2026\/02\/pharm-foot-hydro-cream-spray-.webp?fit=750%2C1000&ssl=1&resize=350%2C200 1x, https:\/\/i0.wp.com\/naillycosmetics.com\/wp-content\/uploads\/2026\/02\/pharm-foot-hydro-cream-spray-.webp?fit=750%2C1000&ssl=1&resize=525%2C300 1.5x, https:\/\/i0.wp.com\/naillycosmetics.com\/wp-content\/uploads\/2026\/02\/pharm-foot-hydro-cream-spray-.webp?fit=750%2C1000&ssl=1&resize=700%2C400 2x"},"classes":[]},{"id":20020,"url":"https:\/\/naillycosmetics.com\/fr\/produit\/pharm-foot-foot-mousse-125ml-urea-line\/","url_meta":{"origin":17504,"position":3},"title":"Pharm Foot MOUSSE POUR LES PIEDS 105ml (Ligne Ur\u00e9e)","author":"Serge Sahakian","date":"mars 9, 2023","format":false,"excerpt":"FOAM \u2013 CREAM AT THE END OF THE TREATMENT 5% urea \u00a0 Capacity\u00a0105ml (about 45 treatments) \u00a0 \u00a0 Active Ingredients: \u00a0 \u00a0 \u00a0 \u00a0 \u00a0 \u00a0 \u00a0 \u00a0 \u00a0","rel":"","context":"Article similaire","block_context":{"text":"Article similaire","link":""},"img":{"alt_text":"pharm foot mousse 105ml","src":"https:\/\/i0.wp.com\/naillycosmetics.com\/wp-content\/uploads\/2026\/02\/pharm-foot-mousse-105ml.webp?fit=750%2C1000&ssl=1&resize=350%2C200","width":350,"height":200,"srcset":"https:\/\/i0.wp.com\/naillycosmetics.com\/wp-content\/uploads\/2026\/02\/pharm-foot-mousse-105ml.webp?fit=750%2C1000&ssl=1&resize=350%2C200 1x, https:\/\/i0.wp.com\/naillycosmetics.com\/wp-content\/uploads\/2026\/02\/pharm-foot-mousse-105ml.webp?fit=750%2C1000&ssl=1&resize=525%2C300 1.5x, https:\/\/i0.wp.com\/naillycosmetics.com\/wp-content\/uploads\/2026\/02\/pharm-foot-mousse-105ml.webp?fit=750%2C1000&ssl=1&resize=700%2C400 2x"},"classes":[]},{"id":17502,"url":"https:\/\/naillycosmetics.com\/fr\/produit\/pharm-foot-derma-scraper-200g-urea-line\/","url_meta":{"origin":17504,"position":4},"title":"Pharm Foot Derma Scraper 200g (Urea Line)","author":"Serge Sahakian","date":"avril 7, 2024","format":false,"excerpt":"SALT & SUGAR SOFTENING SCRUB with UREA & GOJI \u00a0 Capacity\u00a0200g (about 20 treatments) \u00a0 Active Ingredients: \u00a0 \u00a0 \u00a0 \u00a0 \u00a0 \u00a0 \u00a0 \u00a0 \u00a0 \u00a0","rel":"","context":"Article similaire","block_context":{"text":"Article similaire","link":""},"img":{"alt_text":"pharm foot derma scraper salt & sugar Softening Scrub","src":"https:\/\/i0.wp.com\/naillycosmetics.com\/wp-content\/uploads\/2026\/02\/pharm-foot-derma-scraper-salt-sugar-softening-scrub.webp?fit=750%2C1000&ssl=1&resize=350%2C200","width":350,"height":200,"srcset":"https:\/\/i0.wp.com\/naillycosmetics.com\/wp-content\/uploads\/2026\/02\/pharm-foot-derma-scraper-salt-sugar-softening-scrub.webp?fit=750%2C1000&ssl=1&resize=350%2C200 1x, https:\/\/i0.wp.com\/naillycosmetics.com\/wp-content\/uploads\/2026\/02\/pharm-foot-derma-scraper-salt-sugar-softening-scrub.webp?fit=750%2C1000&ssl=1&resize=525%2C300 1.5x, https:\/\/i0.wp.com\/naillycosmetics.com\/wp-content\/uploads\/2026\/02\/pharm-foot-derma-scraper-salt-sugar-softening-scrub.webp?fit=750%2C1000&ssl=1&resize=700%2C400 2x"},"classes":[]},{"id":17500,"url":"https:\/\/naillycosmetics.com\/fr\/produit\/pharm-foot-dermo-intense-250ml-urea-line\/","url_meta":{"origin":17504,"position":5},"title":"Pharm Foot Dermo Intense 250ml (Ligne Ur\u00e9e)","author":"Serge Sahakian","date":"avril 7, 2024","format":false,"excerpt":"MOISTURIZING ANTI-CALLUS CREAM WITH UREA & COLLAGEN Capacity\u00a0250g \u00a0 Active Ingredients: \u00a0","rel":"","context":"Article similaire","block_context":{"text":"Article similaire","link":""},"img":{"alt_text":"Pharm Foot Dermo Intense 250g","src":"https:\/\/i0.wp.com\/naillycosmetics.com\/wp-content\/uploads\/2026\/02\/pharm-foot-dermo-intense-250g-.webp?fit=750%2C1000&ssl=1&resize=350%2C200","width":350,"height":200,"srcset":"https:\/\/i0.wp.com\/naillycosmetics.com\/wp-content\/uploads\/2026\/02\/pharm-foot-dermo-intense-250g-.webp?fit=750%2C1000&ssl=1&resize=350%2C200 1x, https:\/\/i0.wp.com\/naillycosmetics.com\/wp-content\/uploads\/2026\/02\/pharm-foot-dermo-intense-250g-.webp?fit=750%2C1000&ssl=1&resize=525%2C300 1.5x, https:\/\/i0.wp.com\/naillycosmetics.com\/wp-content\/uploads\/2026\/02\/pharm-foot-dermo-intense-250g-.webp?fit=750%2C1000&ssl=1&resize=700%2C400 2x"},"classes":[]}],"jetpack_sharing_enabled":true,"_links":{"self":[{"href":"https:\/\/naillycosmetics.com\/fr\/wp-json\/wp\/v2\/product\/17504","targetHints":{"allow":["GET"]}}],"collection":[{"href":"https:\/\/naillycosmetics.com\/fr\/wp-json\/wp\/v2\/product"}],"about":[{"href":"https:\/\/naillycosmetics.com\/fr\/wp-json\/wp\/v2\/types\/product"}],"replies":[{"embeddable":true,"href":"https:\/\/naillycosmetics.com\/fr\/wp-json\/wp\/v2\/comments?post=17504"}],"wp:featuredmedia":[{"embeddable":true,"href":"https:\/\/naillycosmetics.com\/fr\/wp-json\/wp\/v2\/media\/25693"}],"wp:attachment":[{"href":"https:\/\/naillycosmetics.com\/fr\/wp-json\/wp\/v2\/media?parent=17504"}],"wp:term":[{"taxonomy":"product_brand","embeddable":true,"href":"https:\/\/naillycosmetics.com\/fr\/wp-json\/wp\/v2\/product_brand?post=17504"},{"taxonomy":"product_cat","embeddable":true,"href":"https:\/\/naillycosmetics.com\/fr\/wp-json\/wp\/v2\/product_cat?post=17504"},{"taxonomy":"product_tag","embeddable":true,"href":"https:\/\/naillycosmetics.com\/fr\/wp-json\/wp\/v2\/product_tag?post=17504"}],"curies":[{"name":"wp","href":"https:\/\/api.w.org\/{rel}","templated":true}]}}