{"id":17500,"date":"2024-04-07T22:12:53","date_gmt":"2024-04-08T02:12:53","guid":{"rendered":"https:\/\/naillycosmetics.com\/product\/pharm-foot-dermo-intense-250ml-urea-line\/"},"modified":"2026-04-25T12:07:55","modified_gmt":"2026-04-25T16:07:55","slug":"pharm-foot-dermo-intense-250ml-urea-line","status":"publish","type":"product","link":"https:\/\/naillycosmetics.com\/fr\/produit\/pharm-foot-dermo-intense-250ml-urea-line\/","title":{"rendered":"Pharm Foot Dermo Intense 250ml (Ligne Ur\u00e9e)"},"content":{"rendered":"<h2 class=\"wp-block-heading\">RECOMMANDATIONS<br><strong>DERMO INTENSE<\/strong><\/h2><ul class=\"wp-block-list\"><li>cr\u00e8me intensive pour les peaux tr\u00e8s s\u00e8ches et rugueuses des pieds, des mains et du corps<\/li>\n\n<li>particuli\u00e8rement recommand\u00e9 pour la peau calleuse des coudes, des genoux et des talons<\/li>\n\n<li>\u00e9galement recommand\u00e9 pour les diab\u00e9tiques<\/li><\/ul><h2 class=\"wp-block-heading\">EFFET<br><strong>DERMO INTENSE<\/strong><\/h2><ul class=\"wp-block-list\"><li>hydrate intens\u00e9ment<\/li>\n\n<li>am\u00e9liore l'\u00e9lasticit\u00e9 de la peau<\/li>\n\n<li>a un impact positif sur le processus de k\u00e9ratinisation excessive de l'\u00e9piderme<\/li>\n\n<li>a des propri\u00e9t\u00e9s apaisantes et nourrissantes<\/li>\n\n<li>laisse la peau douce et d\u00e9licate au toucher<\/li><\/ul><h2 class=\"wp-block-heading\">MODE D'EMPLOI<br><strong>DERMO INTENSE<\/strong><\/h2><ul class=\"wp-block-list\"><li>appliquer la cr\u00e8me sur la peau nettoy\u00e9e<\/li>\n\n<li>masser et laisser absorber<\/li>\n\n<li>utiliser deux fois par jour sur les zones calleuses ou une fois par jour en pr\u00e9vention<\/li><\/ul><h2 class=\"wp-block-heading\">INGREDIENTS<br><strong>DERMO INTENSE<\/strong><\/h2><p>Aqua, Urea, Petrolatum, Caprylic\/Capric Triglyceride, Glycerin, Cetearyl Alcohol, Glyceryl Stearate, Butyrospermum Parkii Butter, Cetyl Alcohol, Lanolin, Soluble Collagen, Prunus Amygdalus Dulcis Oil, Tocopherol, Ceteareth-20, Lactic Acid, Panthenol, Allantoin, Cera Alba, Cymbopogon Flexuosus Oil, Mentha Aquatica Leaf Extract, Tocopheryl Acetate, Xanthan Gum, Citric Acid, Phenoxyethanol, Ethylhexylglycerin, Octenidine HCl, Disodium EDTA, Parfum, Benzyl Salicylate, Citral, Citronellol, Geraniol, Hexyl Cinnamal, Limonene, Linalool.<\/p>","protected":false},"excerpt":{"rendered":"<h2>CR\u00c8ME HYDRATANTE ANTI-CALLOSIT\u00c9S \u00c0 L'UR\u00c9E ET AU COLLAG\u00c8NE<\/h2>\n<p>Capacit\u00e9\u00a0<strong>250g<\/strong><\/p>\n<p>&nbsp;<\/p>\n<p>Ingr\u00e9dients actifs :<\/p>\n<p><img loading=\"lazy\" decoding=\"async\" class=\"alignnone size-full wp-image-20442\" src=\"http:\/\/victoriavynn.ca\/wp-content\/uploads\/2024\/04\/urea-final.webp\" alt=\"UREA FINAL\" width=\"150\" height=\"150\" \/><img loading=\"lazy\" decoding=\"async\" class=\"alignnone size-full wp-image-20458\" src=\"http:\/\/victoriavynn.ca\/wp-content\/uploads\/2023\/03\/almond-oil-final.webp\" alt=\"Almond oil final\" width=\"150\" height=\"150\" \/><img loading=\"lazy\" decoding=\"async\" class=\"alignnone size-full wp-image-20447\" src=\"http:\/\/victoriavynn.ca\/wp-content\/uploads\/2024\/04\/shea-butter-final.webp\" alt=\"Shea butter\" width=\"150\" height=\"150\" \/><img loading=\"lazy\" decoding=\"async\" class=\"alignnone size-full wp-image-20427\" src=\"http:\/\/victoriavynn.ca\/wp-content\/uploads\/2023\/03\/panthenol-final.webp\" alt=\"PANTHENOL FINAL\" width=\"150\" height=\"150\" \/><img loading=\"lazy\" decoding=\"async\" class=\"alignnone size-full wp-image-20425\" src=\"http:\/\/victoriavynn.ca\/wp-content\/uploads\/2023\/03\/allantoin-final.webp\" alt=\"ALLANTOIN FINAL\" width=\"150\" height=\"150\" \/><img loading=\"lazy\" decoding=\"async\" class=\"alignnone size-full wp-image-20881\" src=\"http:\/\/victoriavynn.ca\/wp-content\/uploads\/2024\/04\/wild-water-mind-extract.webp\" alt=\"WILD WATER MIND EXTRACT\" width=\"150\" height=\"150\" \/><img loading=\"lazy\" decoding=\"async\" class=\"alignnone size-full wp-image-20882\" src=\"http:\/\/victoriavynn.ca\/wp-content\/uploads\/2024\/04\/collagen.webp\" alt=\"COLLAGEN\" width=\"150\" height=\"150\" \/><img loading=\"lazy\" decoding=\"async\" class=\"alignnone size-full wp-image-20457\" src=\"http:\/\/victoriavynn.ca\/wp-content\/uploads\/2023\/03\/lanolin-final.webp\" alt=\"LANOLIN Final\" width=\"150\" height=\"150\" \/><img loading=\"lazy\" decoding=\"async\" class=\"alignnone size-full wp-image-20883\" src=\"http:\/\/victoriavynn.ca\/wp-content\/uploads\/2024\/04\/beeswax.webp\" alt=\"BEESWAX\" width=\"150\" height=\"150\" \/><img loading=\"lazy\" decoding=\"async\" class=\"alignnone size-full wp-image-20884\" src=\"http:\/\/victoriavynn.ca\/wp-content\/uploads\/2024\/04\/lemongrass-oil.webp\" alt=\"LEMONGRASS OIL\" width=\"150\" height=\"150\" \/><\/p>\n<p>&nbsp;<\/p>","protected":false},"featured_media":25725,"comment_status":"open","ping_status":"closed","template":"","meta":{"jetpack_post_was_ever_published":false,"jetpack_publicize_message":"","jetpack_publicize_feature_enabled":true,"jetpack_social_post_already_shared":true,"jetpack_social_options":{"image_generator_settings":{"template":"highway","default_image_id":0,"font":"","enabled":false},"version":2}},"product_brand":[955],"product_cat":[548],"product_tag":[],"class_list":{"0":"post-17500","1":"product","2":"type-product","3":"status-publish","4":"has-post-thumbnail","6":"product_brand-pharm-foot","7":"product_cat-urea-line","8":"pa_size-250g","10":"first","11":"instock","12":"taxable","13":"shipping-taxable","14":"purchasable","15":"product-type-simple"},"jetpack_publicize_connections":[],"jetpack-related-posts":[{"id":17496,"url":"https:\/\/naillycosmetics.com\/fr\/produit\/pharm-foot-hydro-cream-250ml-urea-line\/","url_meta":{"origin":17500,"position":0},"title":"Pharm Foot Hydro Cream 250ml (Urea Line)","author":"Serge Sahakian","date":"avril 7, 2024","format":false,"excerpt":"Dry Skin Moisturizing Spray with 10% UREA & Humectants Capacity\u00a0150ml Active Ingredients:","rel":"","context":"Article similaire","block_context":{"text":"Article similaire","link":""},"img":{"alt_text":"PHARM FOOT HYDRO CREAM SPRAY","src":"https:\/\/i0.wp.com\/naillycosmetics.com\/wp-content\/uploads\/2026\/02\/pharm-foot-hydro-cream-spray-.webp?fit=750%2C1000&ssl=1&resize=350%2C200","width":350,"height":200,"srcset":"https:\/\/i0.wp.com\/naillycosmetics.com\/wp-content\/uploads\/2026\/02\/pharm-foot-hydro-cream-spray-.webp?fit=750%2C1000&ssl=1&resize=350%2C200 1x, https:\/\/i0.wp.com\/naillycosmetics.com\/wp-content\/uploads\/2026\/02\/pharm-foot-hydro-cream-spray-.webp?fit=750%2C1000&ssl=1&resize=525%2C300 1.5x, https:\/\/i0.wp.com\/naillycosmetics.com\/wp-content\/uploads\/2026\/02\/pharm-foot-hydro-cream-spray-.webp?fit=750%2C1000&ssl=1&resize=700%2C400 2x"},"classes":[]},{"id":17502,"url":"https:\/\/naillycosmetics.com\/fr\/produit\/pharm-foot-derma-scraper-200g-urea-line\/","url_meta":{"origin":17500,"position":1},"title":"Pharm Foot Derma Scraper 200g (Urea Line)","author":"Serge Sahakian","date":"avril 7, 2024","format":false,"excerpt":"SALT & SUGAR SOFTENING SCRUB with UREA & GOJI \u00a0 Capacity\u00a0200g (about 20 treatments) \u00a0 Active Ingredients: \u00a0 \u00a0 \u00a0 \u00a0 \u00a0 \u00a0 \u00a0 \u00a0 \u00a0 \u00a0","rel":"","context":"Article similaire","block_context":{"text":"Article similaire","link":""},"img":{"alt_text":"pharm foot derma scraper salt & sugar Softening Scrub","src":"https:\/\/i0.wp.com\/naillycosmetics.com\/wp-content\/uploads\/2026\/02\/pharm-foot-derma-scraper-salt-sugar-softening-scrub.webp?fit=750%2C1000&ssl=1&resize=350%2C200","width":350,"height":200,"srcset":"https:\/\/i0.wp.com\/naillycosmetics.com\/wp-content\/uploads\/2026\/02\/pharm-foot-derma-scraper-salt-sugar-softening-scrub.webp?fit=750%2C1000&ssl=1&resize=350%2C200 1x, https:\/\/i0.wp.com\/naillycosmetics.com\/wp-content\/uploads\/2026\/02\/pharm-foot-derma-scraper-salt-sugar-softening-scrub.webp?fit=750%2C1000&ssl=1&resize=525%2C300 1.5x, https:\/\/i0.wp.com\/naillycosmetics.com\/wp-content\/uploads\/2026\/02\/pharm-foot-derma-scraper-salt-sugar-softening-scrub.webp?fit=750%2C1000&ssl=1&resize=700%2C400 2x"},"classes":[]},{"id":20020,"url":"https:\/\/naillycosmetics.com\/fr\/produit\/pharm-foot-foot-mousse-125ml-urea-line\/","url_meta":{"origin":17500,"position":2},"title":"Pharm Foot MOUSSE POUR LES PIEDS 105ml (Ligne Ur\u00e9e)","author":"Serge Sahakian","date":"mars 9, 2023","format":false,"excerpt":"FOAM \u2013 CREAM AT THE END OF THE TREATMENT 5% urea \u00a0 Capacity\u00a0105ml (about 45 treatments) \u00a0 \u00a0 Active Ingredients: \u00a0 \u00a0 \u00a0 \u00a0 \u00a0 \u00a0 \u00a0 \u00a0 \u00a0","rel":"","context":"Article similaire","block_context":{"text":"Article similaire","link":""},"img":{"alt_text":"pharm foot mousse 105ml","src":"https:\/\/i0.wp.com\/naillycosmetics.com\/wp-content\/uploads\/2026\/02\/pharm-foot-mousse-105ml.webp?fit=750%2C1000&ssl=1&resize=350%2C200","width":350,"height":200,"srcset":"https:\/\/i0.wp.com\/naillycosmetics.com\/wp-content\/uploads\/2026\/02\/pharm-foot-mousse-105ml.webp?fit=750%2C1000&ssl=1&resize=350%2C200 1x, https:\/\/i0.wp.com\/naillycosmetics.com\/wp-content\/uploads\/2026\/02\/pharm-foot-mousse-105ml.webp?fit=750%2C1000&ssl=1&resize=525%2C300 1.5x, https:\/\/i0.wp.com\/naillycosmetics.com\/wp-content\/uploads\/2026\/02\/pharm-foot-mousse-105ml.webp?fit=750%2C1000&ssl=1&resize=700%2C400 2x"},"classes":[]},{"id":10967,"url":"https:\/\/naillycosmetics.com\/fr\/produit\/pharm-foot-dermo-resoftener-75ml-urea-line\/","url_meta":{"origin":17500,"position":3},"title":"Pharm Foot DERMO reSOFTENER 75ml (Ligne Ur\u00e9e)","author":"Serge Sahakian","date":"mars 9, 2023","format":false,"excerpt":"Softening & Moisturizing Cream with 10% UREA Capacity\u00a075ml (about 35 treatments) Active Ingredients:","rel":"","context":"Article similaire","block_context":{"text":"Article similaire","link":""},"img":{"alt_text":"pharm foot dermo resoftener 75ml","src":"https:\/\/i0.wp.com\/naillycosmetics.com\/wp-content\/uploads\/2026\/02\/pharm-foot-dermo-resoftener-75ml.webp?fit=750%2C1000&ssl=1&resize=350%2C200","width":350,"height":200,"srcset":"https:\/\/i0.wp.com\/naillycosmetics.com\/wp-content\/uploads\/2026\/02\/pharm-foot-dermo-resoftener-75ml.webp?fit=750%2C1000&ssl=1&resize=350%2C200 1x, https:\/\/i0.wp.com\/naillycosmetics.com\/wp-content\/uploads\/2026\/02\/pharm-foot-dermo-resoftener-75ml.webp?fit=750%2C1000&ssl=1&resize=525%2C300 1.5x, https:\/\/i0.wp.com\/naillycosmetics.com\/wp-content\/uploads\/2026\/02\/pharm-foot-dermo-resoftener-75ml.webp?fit=750%2C1000&ssl=1&resize=700%2C400 2x"},"classes":[]}],"jetpack_sharing_enabled":true,"_links":{"self":[{"href":"https:\/\/naillycosmetics.com\/fr\/wp-json\/wp\/v2\/product\/17500","targetHints":{"allow":["GET"]}}],"collection":[{"href":"https:\/\/naillycosmetics.com\/fr\/wp-json\/wp\/v2\/product"}],"about":[{"href":"https:\/\/naillycosmetics.com\/fr\/wp-json\/wp\/v2\/types\/product"}],"replies":[{"embeddable":true,"href":"https:\/\/naillycosmetics.com\/fr\/wp-json\/wp\/v2\/comments?post=17500"}],"wp:featuredmedia":[{"embeddable":true,"href":"https:\/\/naillycosmetics.com\/fr\/wp-json\/wp\/v2\/media\/25725"}],"wp:attachment":[{"href":"https:\/\/naillycosmetics.com\/fr\/wp-json\/wp\/v2\/media?parent=17500"}],"wp:term":[{"taxonomy":"product_brand","embeddable":true,"href":"https:\/\/naillycosmetics.com\/fr\/wp-json\/wp\/v2\/product_brand?post=17500"},{"taxonomy":"product_cat","embeddable":true,"href":"https:\/\/naillycosmetics.com\/fr\/wp-json\/wp\/v2\/product_cat?post=17500"},{"taxonomy":"product_tag","embeddable":true,"href":"https:\/\/naillycosmetics.com\/fr\/wp-json\/wp\/v2\/product_tag?post=17500"}],"curies":[{"name":"wp","href":"https:\/\/api.w.org\/{rel}","templated":true}]}}