{"id":17450,"date":"2024-04-07T21:45:58","date_gmt":"2024-04-08T01:45:58","guid":{"rendered":"https:\/\/naillycosmetics.com\/product\/nailly-professsional-dual-forms-plastic-full-form-standard-mold-100-pieces\/"},"modified":"2026-03-04T19:52:58","modified_gmt":"2026-03-05T00:52:58","slug":"nailly-professsional-dual-forms-plastic-full-form-standard-mold-100-pieces","status":"publish","type":"product","link":"https:\/\/naillycosmetics.com\/fr\/produit\/nailly-professsional-dual-forms-plastic-full-form-standard-mold-100-pieces\/","title":{"rendered":"Nailly Professsional Dual Forms Plastic Full Form Standard Mold 100 Pieces"},"content":{"rendered":"","protected":false},"excerpt":{"rendered":"","protected":false},"featured_media":25991,"comment_status":"open","ping_status":"closed","template":"","meta":{"jetpack_post_was_ever_published":false,"jetpack_publicize_message":"","jetpack_publicize_feature_enabled":true,"jetpack_social_post_already_shared":true,"jetpack_social_options":{"image_generator_settings":{"template":"highway","default_image_id":0,"font":"","enabled":false},"version":2}},"product_brand":[933],"product_cat":[595],"product_tag":[],"class_list":{"0":"post-17450","1":"product","2":"type-product","3":"status-publish","4":"has-post-thumbnail","6":"product_brand-nailly","7":"product_cat-nailly-manicure-nail-care-accessories","9":"first","10":"outofstock","11":"taxable","12":"shipping-taxable","13":"purchasable","14":"product-type-simple"},"jetpack_publicize_connections":[],"jetpack-related-posts":[{"id":22644,"url":"https:\/\/naillycosmetics.com\/fr\/produit\/msmo-popits-dual-form-1-natural\/","url_meta":{"origin":17450,"position":0},"title":"MSMO Popits \/ Dual Form #1 - Naturel","author":"Serge Sahakian","date":"octobre 16, 2025","format":false,"excerpt":"","rel":"","context":"Article similaire","block_context":{"text":"Article similaire","link":""},"img":{"alt_text":"","src":"https:\/\/i0.wp.com\/naillycosmetics.com\/wp-content\/uploads\/2026\/02\/popit-1.png?fit=1200%2C1200&ssl=1&resize=350%2C200","width":350,"height":200,"srcset":"https:\/\/i0.wp.com\/naillycosmetics.com\/wp-content\/uploads\/2026\/02\/popit-1.png?fit=1200%2C1200&ssl=1&resize=350%2C200 1x, https:\/\/i0.wp.com\/naillycosmetics.com\/wp-content\/uploads\/2026\/02\/popit-1.png?fit=1200%2C1200&ssl=1&resize=525%2C300 1.5x, https:\/\/i0.wp.com\/naillycosmetics.com\/wp-content\/uploads\/2026\/02\/popit-1.png?fit=1200%2C1200&ssl=1&resize=700%2C400 2x, https:\/\/i0.wp.com\/naillycosmetics.com\/wp-content\/uploads\/2026\/02\/popit-1.png?fit=1200%2C1200&ssl=1&resize=1050%2C600 3x"},"classes":[]},{"id":22646,"url":"https:\/\/naillycosmetics.com\/fr\/produit\/msmo-popits-dual-form-3-almond\/","url_meta":{"origin":17450,"position":1},"title":"MSMO Popits \/ Dual Form #3 - Amande","author":"Serge Sahakian","date":"octobre 16, 2025","format":false,"excerpt":"","rel":"","context":"Article similaire","block_context":{"text":"Article similaire","link":""},"img":{"alt_text":"","src":"https:\/\/i0.wp.com\/naillycosmetics.com\/wp-content\/uploads\/2026\/02\/popit-3.png?fit=1200%2C1200&ssl=1&resize=350%2C200","width":350,"height":200,"srcset":"https:\/\/i0.wp.com\/naillycosmetics.com\/wp-content\/uploads\/2026\/02\/popit-3.png?fit=1200%2C1200&ssl=1&resize=350%2C200 1x, https:\/\/i0.wp.com\/naillycosmetics.com\/wp-content\/uploads\/2026\/02\/popit-3.png?fit=1200%2C1200&ssl=1&resize=525%2C300 1.5x, https:\/\/i0.wp.com\/naillycosmetics.com\/wp-content\/uploads\/2026\/02\/popit-3.png?fit=1200%2C1200&ssl=1&resize=700%2C400 2x, https:\/\/i0.wp.com\/naillycosmetics.com\/wp-content\/uploads\/2026\/02\/popit-3.png?fit=1200%2C1200&ssl=1&resize=1050%2C600 3x"},"classes":[]},{"id":22648,"url":"https:\/\/naillycosmetics.com\/fr\/produit\/msmo-popits-dual-form-5-eclat-avant-gardiste\/","url_meta":{"origin":17450,"position":2},"title":"MSMO Popits \/ Dual Form #5 - Eclat Avant-Gardiste","author":"Serge Sahakian","date":"octobre 16, 2025","format":false,"excerpt":"","rel":"","context":"Article similaire","block_context":{"text":"Article similaire","link":""},"img":{"alt_text":"","src":"https:\/\/i0.wp.com\/naillycosmetics.com\/wp-content\/uploads\/2026\/02\/popit-5.png?fit=1200%2C1200&ssl=1&resize=350%2C200","width":350,"height":200,"srcset":"https:\/\/i0.wp.com\/naillycosmetics.com\/wp-content\/uploads\/2026\/02\/popit-5.png?fit=1200%2C1200&ssl=1&resize=350%2C200 1x, https:\/\/i0.wp.com\/naillycosmetics.com\/wp-content\/uploads\/2026\/02\/popit-5.png?fit=1200%2C1200&ssl=1&resize=525%2C300 1.5x, https:\/\/i0.wp.com\/naillycosmetics.com\/wp-content\/uploads\/2026\/02\/popit-5.png?fit=1200%2C1200&ssl=1&resize=700%2C400 2x, https:\/\/i0.wp.com\/naillycosmetics.com\/wp-content\/uploads\/2026\/02\/popit-5.png?fit=1200%2C1200&ssl=1&resize=1050%2C600 3x"},"classes":[]},{"id":12362,"url":"https:\/\/naillycosmetics.com\/fr\/produit\/nailly-professional-ceramic-nail-drill-bit-flame-medium-coarse-3-32-blue\/","url_meta":{"origin":17450,"position":3},"title":"Nailly Professional Ceramic Nail Drill Bit Flame Medium Coarse 3\/32\u2033 Blue","author":"Serge Sahakian","date":"juin 5, 2023","format":false,"excerpt":"","rel":"","context":"Article similaire","block_context":{"text":"Article similaire","link":""},"img":{"alt_text":"","src":"https:\/\/i0.wp.com\/naillycosmetics.com\/wp-content\/uploads\/2026\/02\/ceramic-nail-drill-bit-flame-33222-c-medium-2-1.png?fit=750%2C1000&ssl=1&resize=350%2C200","width":350,"height":200,"srcset":"https:\/\/i0.wp.com\/naillycosmetics.com\/wp-content\/uploads\/2026\/02\/ceramic-nail-drill-bit-flame-33222-c-medium-2-1.png?fit=750%2C1000&ssl=1&resize=350%2C200 1x, https:\/\/i0.wp.com\/naillycosmetics.com\/wp-content\/uploads\/2026\/02\/ceramic-nail-drill-bit-flame-33222-c-medium-2-1.png?fit=750%2C1000&ssl=1&resize=525%2C300 1.5x, https:\/\/i0.wp.com\/naillycosmetics.com\/wp-content\/uploads\/2026\/02\/ceramic-nail-drill-bit-flame-33222-c-medium-2-1.png?fit=750%2C1000&ssl=1&resize=700%2C400 2x"},"classes":[]},{"id":13509,"url":"https:\/\/naillycosmetics.com\/fr\/produit\/staleks-pro-slanted-short-straight-plastic-base\/","url_meta":{"origin":17450,"position":4},"title":"Staleks PRO Base plastique courte et droite pour lime \u00e0 ongles Expert 50 (75mm)","author":"Serge Sahakian","date":"juin 30, 2023","format":false,"excerpt":"Staleks PRO Slanted Short Straight Plastic Base for Nail File Expert 50 - Compatible with Adhesive Refill Pads. Victoria VYNN has Partnered with Staleks in Canada to provide a Full Professional Package of Products to make the Work of the Nail Technician Completely Ideal. Product Specifications: \u00a0 \u00a0 \u00a0 \u00a0\u2026","rel":"","context":"Article similaire","block_context":{"text":"Article similaire","link":""},"img":{"alt_text":"Staleks PRO Slanted Short Straight Plastic Base for Nail File Expert 50","src":"https:\/\/i0.wp.com\/naillycosmetics.com\/wp-content\/uploads\/2026\/02\/staleks-pro-slanted-short-straight-plastic-base-for-nail-file-expert-50-1.webp?fit=750%2C1000&ssl=1&resize=350%2C200","width":350,"height":200,"srcset":"https:\/\/i0.wp.com\/naillycosmetics.com\/wp-content\/uploads\/2026\/02\/staleks-pro-slanted-short-straight-plastic-base-for-nail-file-expert-50-1.webp?fit=750%2C1000&ssl=1&resize=350%2C200 1x, https:\/\/i0.wp.com\/naillycosmetics.com\/wp-content\/uploads\/2026\/02\/staleks-pro-slanted-short-straight-plastic-base-for-nail-file-expert-50-1.webp?fit=750%2C1000&ssl=1&resize=525%2C300 1.5x, https:\/\/i0.wp.com\/naillycosmetics.com\/wp-content\/uploads\/2026\/02\/staleks-pro-slanted-short-straight-plastic-base-for-nail-file-expert-50-1.webp?fit=750%2C1000&ssl=1&resize=700%2C400 2x"},"classes":[]},{"id":23189,"url":"https:\/\/naillycosmetics.com\/fr\/produit\/ulka-sterilization-pouches-with-indicator-100mmx200mm-100-pcs\/","url_meta":{"origin":17450,"position":5},"title":"\u00dcLKA Sachets de st\u00e9rilisation avec indicateur 100mmx200mm (100 pcs)","author":"Serge Sahakian","date":"d\u00e9cembre 10, 2025","format":false,"excerpt":"Les sachets de st\u00e9rilisation \u00dcLKA avec indicateur (100 mm x 200 mm) permettent un stockage s\u00fbr et st\u00e9rile des outils de grande taille. R\u00e9sistantes aux temp\u00e9ratures \u00e9lev\u00e9es, elles sont parfaites pour les st\u00e9rilisateurs \u00e0 chaleur s\u00e8che. Sp\u00e9cifications du produit : Pochettes de st\u00e9rilisation de 100 mm x 200 mm (100 pi\u00e8ces par paquet) Indicateur de couleur int\u00e9gr\u00e9 confirmant la temp\u00e9rature de st\u00e9rilisation Fermeture auto-scellante pour une protection s\u00fbre et inviolable R\u00e9sistant aux hautes temp\u00e9ratures - id\u00e9al...","rel":"","context":"Article similaire","block_context":{"text":"Article similaire","link":""},"img":{"alt_text":"sterilization pouche 200mmx100mm","src":"https:\/\/i0.wp.com\/naillycosmetics.com\/wp-content\/uploads\/2026\/02\/sterilization-pouche-200mmx100mm-.webp?fit=750%2C1000&ssl=1&resize=350%2C200","width":350,"height":200,"srcset":"https:\/\/i0.wp.com\/naillycosmetics.com\/wp-content\/uploads\/2026\/02\/sterilization-pouche-200mmx100mm-.webp?fit=750%2C1000&ssl=1&resize=350%2C200 1x, https:\/\/i0.wp.com\/naillycosmetics.com\/wp-content\/uploads\/2026\/02\/sterilization-pouche-200mmx100mm-.webp?fit=750%2C1000&ssl=1&resize=525%2C300 1.5x, https:\/\/i0.wp.com\/naillycosmetics.com\/wp-content\/uploads\/2026\/02\/sterilization-pouche-200mmx100mm-.webp?fit=750%2C1000&ssl=1&resize=700%2C400 2x"},"classes":[]}],"jetpack_sharing_enabled":true,"_links":{"self":[{"href":"https:\/\/naillycosmetics.com\/fr\/wp-json\/wp\/v2\/product\/17450","targetHints":{"allow":["GET"]}}],"collection":[{"href":"https:\/\/naillycosmetics.com\/fr\/wp-json\/wp\/v2\/product"}],"about":[{"href":"https:\/\/naillycosmetics.com\/fr\/wp-json\/wp\/v2\/types\/product"}],"replies":[{"embeddable":true,"href":"https:\/\/naillycosmetics.com\/fr\/wp-json\/wp\/v2\/comments?post=17450"}],"wp:featuredmedia":[{"embeddable":true,"href":"https:\/\/naillycosmetics.com\/fr\/wp-json\/wp\/v2\/media\/25991"}],"wp:attachment":[{"href":"https:\/\/naillycosmetics.com\/fr\/wp-json\/wp\/v2\/media?parent=17450"}],"wp:term":[{"taxonomy":"product_brand","embeddable":true,"href":"https:\/\/naillycosmetics.com\/fr\/wp-json\/wp\/v2\/product_brand?post=17450"},{"taxonomy":"product_cat","embeddable":true,"href":"https:\/\/naillycosmetics.com\/fr\/wp-json\/wp\/v2\/product_cat?post=17450"},{"taxonomy":"product_tag","embeddable":true,"href":"https:\/\/naillycosmetics.com\/fr\/wp-json\/wp\/v2\/product_tag?post=17450"}],"curies":[{"name":"wp","href":"https:\/\/api.w.org\/{rel}","templated":true}]}}