{"id":1698,"date":"2020-03-17T19:35:41","date_gmt":"2020-03-17T23:35:41","guid":{"rendered":"https:\/\/naillycosmetics.com\/?post_type=product&#038;p=1698"},"modified":"2026-02-18T14:53:22","modified_gmt":"2026-02-18T19:53:22","slug":"victoria-vynn-salon-gel-polish-top-coat-matt-no-wipe","status":"publish","type":"product","link":"https:\/\/naillycosmetics.com\/fr\/produit\/victoria-vynn-salon-gel-polish-top-coat-matt-no-wipe\/","title":{"rendered":"Victoria VYNN Salon Gel Polish Top Coat No Wipe MATT"},"content":{"rendered":"<p><em>Top pour le design hybride. Donne un effet mat et \u00e9l\u00e9gant aux ongles jusqu'\u00e0 4 semaines.<\/em><\/p>\n<ul>\n<li class=\"p1\">Pas de couche de dispersion apr\u00e8s le durcissement<\/li>\n<li class=\"p1\">Effet mat instantan\u00e9 apr\u00e8s durcissement<\/li>\n<li class=\"p1\">Ne s'ab\u00eeme pas et ne commence pas \u00e0 briller avec le temps<\/li>\n<li class=\"p1\">Enlever avec de l'ac\u00e9tone, un liquide \u00e0 base d'ac\u00e9tone ou une perceuse \u00e0 ongles.<\/li>\n<li class=\"p1\">Temps de durcissement : Lampe LED double 30 - 60 secondes, lampe UV -180 secondes<\/li>\n<\/ul>","protected":false},"excerpt":{"rendered":"<p>Victoria VYNN Salon Gel Polish<\/p>","protected":false},"featured_media":1699,"comment_status":"open","ping_status":"closed","template":"","meta":{"jetpack_post_was_ever_published":false,"jetpack_publicize_message":"","jetpack_publicize_feature_enabled":true,"jetpack_social_post_already_shared":false,"jetpack_social_options":{"image_generator_settings":{"template":"highway","default_image_id":0,"font":"","enabled":false},"version":2}},"product_brand":[932],"product_cat":[17,55],"product_tag":[],"class_list":{"0":"post-1698","1":"product","2":"type-product","3":"status-publish","4":"has-post-thumbnail","6":"product_brand-victoria-vynn","7":"product_cat-professional-gel-nail-polish","8":"product_cat-best-gel-top-coats","9":"product_shipping_class-cardboard-box","11":"first","12":"instock","13":"taxable","14":"shipping-taxable","15":"purchasable","16":"product-type-simple"},"jetpack_publicize_connections":[],"jetpack-related-posts":[{"id":1702,"url":"https:\/\/naillycosmetics.com\/fr\/produit\/victoria-vynn-salon-gel-polish-top-coat-shimmer-purple-no-wipe\/","url_meta":{"origin":1698,"position":0},"title":"Victoria VYNN Salon Gel Polish Top Coat No Wipe Shimmer Purple","author":"Serge Sahakian","date":"mars 17, 2020","format":false,"excerpt":"Victoria VYNN Salon Gel Polish","rel":"","context":"Article similaire","block_context":{"text":"Article similaire","link":""},"img":{"alt_text":"","src":"https:\/\/i0.wp.com\/naillycosmetics.com\/wp-content\/uploads\/2020\/03\/Top_Purple.jpg?fit=753%2C753&ssl=1&resize=350%2C200","width":350,"height":200,"srcset":"https:\/\/i0.wp.com\/naillycosmetics.com\/wp-content\/uploads\/2020\/03\/Top_Purple.jpg?fit=753%2C753&ssl=1&resize=350%2C200 1x, https:\/\/i0.wp.com\/naillycosmetics.com\/wp-content\/uploads\/2020\/03\/Top_Purple.jpg?fit=753%2C753&ssl=1&resize=525%2C300 1.5x, https:\/\/i0.wp.com\/naillycosmetics.com\/wp-content\/uploads\/2020\/03\/Top_Purple.jpg?fit=753%2C753&ssl=1&resize=700%2C400 2x"},"classes":[]},{"id":1700,"url":"https:\/\/naillycosmetics.com\/fr\/produit\/victoria-vynn-salon-gel-polish-top-coat-shimmer-multicolor-no-wipe\/","url_meta":{"origin":1698,"position":1},"title":"Victoria VYNN Salon Gel Polish Top Coat No Wipe Shimmer Multicolor","author":"Serge Sahakian","date":"mars 17, 2020","format":false,"excerpt":"Victoria VYNN Salon Gel Polish","rel":"","context":"Article similaire","block_context":{"text":"Article similaire","link":""},"img":{"alt_text":"","src":"https:\/\/i0.wp.com\/naillycosmetics.com\/wp-content\/uploads\/2020\/03\/Top_Multicolor-rend.jpg?fit=753%2C753&ssl=1&resize=350%2C200","width":350,"height":200,"srcset":"https:\/\/i0.wp.com\/naillycosmetics.com\/wp-content\/uploads\/2020\/03\/Top_Multicolor-rend.jpg?fit=753%2C753&ssl=1&resize=350%2C200 1x, https:\/\/i0.wp.com\/naillycosmetics.com\/wp-content\/uploads\/2020\/03\/Top_Multicolor-rend.jpg?fit=753%2C753&ssl=1&resize=525%2C300 1.5x, https:\/\/i0.wp.com\/naillycosmetics.com\/wp-content\/uploads\/2020\/03\/Top_Multicolor-rend.jpg?fit=753%2C753&ssl=1&resize=700%2C400 2x"},"classes":[]},{"id":1696,"url":"https:\/\/naillycosmetics.com\/fr\/produit\/top-coat-no-wipe-gloss\/","url_meta":{"origin":1698,"position":2},"title":"Victoria VYNN Salon Gel Polish Top Coat No Wipe Gloss","author":"Serge Sahakian","date":"mars 17, 2020","format":false,"excerpt":"Canada's Best Selling Top Coat No Wipe. The Ultimate Long Lasting Top Coat has an extraordinary shiny effect without leaving a sticky layer. No Need to use a cleanser!!! Without Matt effect, doesn\u2019t crack, chip or yellow. Recommended as a finish for hybrid, gel and acrylic decorations. Can be cured\u2026","rel":"","context":"Article similaire","block_context":{"text":"Article similaire","link":""},"img":{"alt_text":"Victoria VYNN Top Coat No Wipe Gloss 8ML","src":"https:\/\/i0.wp.com\/naillycosmetics.com\/wp-content\/uploads\/2020\/03\/victoria-vynn-top-coat-no-wipe-gloss-8ml.webp?fit=750%2C1000&ssl=1&resize=350%2C200","width":350,"height":200,"srcset":"https:\/\/i0.wp.com\/naillycosmetics.com\/wp-content\/uploads\/2020\/03\/victoria-vynn-top-coat-no-wipe-gloss-8ml.webp?fit=750%2C1000&ssl=1&resize=350%2C200 1x, https:\/\/i0.wp.com\/naillycosmetics.com\/wp-content\/uploads\/2020\/03\/victoria-vynn-top-coat-no-wipe-gloss-8ml.webp?fit=750%2C1000&ssl=1&resize=525%2C300 1.5x, https:\/\/i0.wp.com\/naillycosmetics.com\/wp-content\/uploads\/2020\/03\/victoria-vynn-top-coat-no-wipe-gloss-8ml.webp?fit=750%2C1000&ssl=1&resize=700%2C400 2x"},"classes":[]},{"id":17531,"url":"https:\/\/naillycosmetics.com\/fr\/produit\/victoria-vynn-oh-my-gloss-top-coat-no-wipe\/","url_meta":{"origin":1698,"position":3},"title":"Victoria VYNN Salon Gel Polish Oh ! My Gloss Top Coat No Wipe","author":"Serge Sahakian","date":"avril 10, 2024","format":false,"excerpt":"OH!MG ! \u00e7a vient...c'est l\u00e0 ! nouveau TOP GLOSS ! Peut-on am\u00e9liorer l'id\u00e9al ? Nous prouvons que OUI ! D\u00e9couvrez la nouvelle version du produit pr\u00e9f\u00e9r\u00e9 des proth\u00e9sistes ongulaires - TOP GLOSS - OH ! MY GLOSS. Une brillance intense sans essuyage. Un Top Coat qui garantit une finition manucure encore plus brillante et durable. Apporte...","rel":"","context":"Article similaire","block_context":{"text":"Article similaire","link":""},"img":{"alt_text":"Victoria VYNN Salon Gel Polish Top Coat Gloss Oh! My Gloss 8ml","src":"https:\/\/i0.wp.com\/naillycosmetics.com\/wp-content\/uploads\/2024\/04\/victoria-vynn-salon-gel-polish-top-coat-gloss-omg-8ml-oh-my-gloss-super-shine-top-coat.webp?fit=750%2C1000&ssl=1&resize=350%2C200","width":350,"height":200,"srcset":"https:\/\/i0.wp.com\/naillycosmetics.com\/wp-content\/uploads\/2024\/04\/victoria-vynn-salon-gel-polish-top-coat-gloss-omg-8ml-oh-my-gloss-super-shine-top-coat.webp?fit=750%2C1000&ssl=1&resize=350%2C200 1x, https:\/\/i0.wp.com\/naillycosmetics.com\/wp-content\/uploads\/2024\/04\/victoria-vynn-salon-gel-polish-top-coat-gloss-omg-8ml-oh-my-gloss-super-shine-top-coat.webp?fit=750%2C1000&ssl=1&resize=525%2C300 1.5x, https:\/\/i0.wp.com\/naillycosmetics.com\/wp-content\/uploads\/2024\/04\/victoria-vynn-salon-gel-polish-top-coat-gloss-omg-8ml-oh-my-gloss-super-shine-top-coat.webp?fit=750%2C1000&ssl=1&resize=700%2C400 2x"},"classes":[]},{"id":3583,"url":"https:\/\/naillycosmetics.com\/fr\/?attachment_id=3583","url_meta":{"origin":1698,"position":4},"title":"32","author":"Serge Sahakian","date":"ao\u00fbt 24, 2022","format":false,"excerpt":"","rel":"","context":"Article similaire","block_context":{"text":"Article similaire","link":""},"img":{"alt_text":"","src":"https:\/\/i0.wp.com\/naillycosmetics.com\/wp-content\/uploads\/2020\/02\/32.png?fit=400%2C400&ssl=1&resize=350%2C200","width":350,"height":200},"classes":[]},{"id":1704,"url":"https:\/\/naillycosmetics.com\/fr\/produit\/gel-unblue-top-coat-no-wipe\/","url_meta":{"origin":1698,"position":5},"title":"Victoria VYNN Salon Gel Polish Top Coat No Wipe UNBLUE","author":"Serge Sahakian","date":"mars 17, 2020","format":false,"excerpt":"The Ultimate Unblue Top Coat No Wipe Without a Blue Afterglow. Gives the nails a gloss effect for up to 5 weeks. Cured in UV and LED lamps. Top unblue is the perfect finish for hybrid and gel designs as well as nail art. Especially recommended for dark colors. Transparent\u2026","rel":"","context":"Article similaire","block_context":{"text":"Article similaire","link":""},"img":{"alt_text":"Victoria VYNN Unblue Top Coat No Wipe","src":"https:\/\/i0.wp.com\/naillycosmetics.com\/wp-content\/uploads\/2020\/03\/unblue-top-coat-no-wipe.webp?fit=750%2C1000&ssl=1&resize=350%2C200","width":350,"height":200,"srcset":"https:\/\/i0.wp.com\/naillycosmetics.com\/wp-content\/uploads\/2020\/03\/unblue-top-coat-no-wipe.webp?fit=750%2C1000&ssl=1&resize=350%2C200 1x, https:\/\/i0.wp.com\/naillycosmetics.com\/wp-content\/uploads\/2020\/03\/unblue-top-coat-no-wipe.webp?fit=750%2C1000&ssl=1&resize=525%2C300 1.5x, https:\/\/i0.wp.com\/naillycosmetics.com\/wp-content\/uploads\/2020\/03\/unblue-top-coat-no-wipe.webp?fit=750%2C1000&ssl=1&resize=700%2C400 2x"},"classes":[]}],"jetpack_sharing_enabled":true,"_links":{"self":[{"href":"https:\/\/naillycosmetics.com\/fr\/wp-json\/wp\/v2\/product\/1698","targetHints":{"allow":["GET"]}}],"collection":[{"href":"https:\/\/naillycosmetics.com\/fr\/wp-json\/wp\/v2\/product"}],"about":[{"href":"https:\/\/naillycosmetics.com\/fr\/wp-json\/wp\/v2\/types\/product"}],"replies":[{"embeddable":true,"href":"https:\/\/naillycosmetics.com\/fr\/wp-json\/wp\/v2\/comments?post=1698"}],"wp:featuredmedia":[{"embeddable":true,"href":"https:\/\/naillycosmetics.com\/fr\/wp-json\/wp\/v2\/media\/1699"}],"wp:attachment":[{"href":"https:\/\/naillycosmetics.com\/fr\/wp-json\/wp\/v2\/media?parent=1698"}],"wp:term":[{"taxonomy":"product_brand","embeddable":true,"href":"https:\/\/naillycosmetics.com\/fr\/wp-json\/wp\/v2\/product_brand?post=1698"},{"taxonomy":"product_cat","embeddable":true,"href":"https:\/\/naillycosmetics.com\/fr\/wp-json\/wp\/v2\/product_cat?post=1698"},{"taxonomy":"product_tag","embeddable":true,"href":"https:\/\/naillycosmetics.com\/fr\/wp-json\/wp\/v2\/product_tag?post=1698"}],"curies":[{"name":"wp","href":"https:\/\/api.w.org\/{rel}","templated":true}]}}