{"id":1692,"date":"2020-03-17T15:25:45","date_gmt":"2020-03-17T19:25:45","guid":{"rendered":"https:\/\/naillycosmetics.com\/?post_type=product&#038;p=1692"},"modified":"2026-03-09T19:15:51","modified_gmt":"2026-03-09T23:15:51","slug":"top-coat-soak-off","status":"publish","type":"product","link":"https:\/\/naillycosmetics.com\/fr\/produit\/top-coat-soak-off\/","title":{"rendered":"Victoria VYNN Salon Gel Polish Soak Off Top Coat"},"content":{"rendered":"<div class=\"et_pb_section et_pb_section_8 my-row4 et_section_specialty\">\n<div class=\"et_pb_row et_pb_gutters3\">\n<div class=\"et_pb_column et_pb_column_1_2 et_pb_column_14 et_pb_specialty_column et_pb_css_mix_blend_mode_passthrough\">\n<div class=\"et_pb_row_inner et_pb_row_inner_6 price-button-woo\">\n<div class=\"et_pb_column et_pb_column_4_4 et_pb_column_inner et_pb_column_inner_9 et-last-child\">\n<div class=\"et_pb_module et_pb_woopro_price et_pb_woopro_price_1\">\n<div class=\"et_pb_module_inner\">\n<div class=\"et_pb_section et_pb_section_8 my-row4 et_section_specialty\">\n<div class=\"et_pb_row et_pb_gutters3\">\n<div class=\"et_pb_column et_pb_column_1_2 et_pb_column_14 et_pb_specialty_column et_pb_css_mix_blend_mode_passthrough\">\n<div class=\"et_pb_row_inner et_pb_row_inner_5 et_pb_row_1-4_1-4\">\n<div class=\"et_pb_column et_pb_column_1_4 et_pb_column_inner et_pb_column_inner_8\">\n<div class=\"et_pb_module et_pb_text et_pb_text_16 et_pb_bg_layout_light et_pb_text_align_left\">\n<div class=\"et_pb_text_inner\">Victoria VYNN Professional Top Coat Soak Off est un gel top autonivelant \u00e0 faible viscosit\u00e9. Il donne une finition dure sans abrasion, sans matage et sans endommager le vernis en gel. Il scelle le style et prot\u00e8ge les couleurs du jaunissement. Il donne une brillance intense et durable jusqu'\u00e0 4 semaines. Contient des filtres UV et une couche collante apr\u00e8s le durcissement.<\/div>\n<\/div>\n<div><\/div>\n<div>Mode d'emploi :<\/div>\n<\/div>\n<\/div>\n<\/div>\n<\/div>\n<\/div>\n<div class=\"et_pb_section et_pb_section_9 et_section_regular\">\n<div class=\"et_pb_row et_pb_row_7\">\n<ul>\n<li>Tenir \u00e0 l'\u00e9cart des enfants<\/li>\n<li>\u00c9viter le contact avec la peau et les yeux<\/li>\n<li>Utilisation conforme \u00e0 la destination<\/li>\n<li>Ne pas utiliser en cas d'hypersensibilit\u00e9 \u00e0 l'un des ingr\u00e9dients du produit.<\/li>\n<li>En cas d'effet ind\u00e9sirable ou d'apparition d'une hypersensibilit\u00e9 (sensation de br\u00fblure, d\u00e9mangeaisons, rougeurs, etc.), cesser l'utilisation du produit.<\/li>\n<li>Utiliser uniquement sur une plaque d'ongle saine et non affaiblie.<\/li>\n<li>R\u00e9serv\u00e9 \u00e0 un usage professionnel<\/li>\n<\/ul>\n<\/div>\n<\/div>\n<\/div>\n<\/div>\n<div class=\"et_pb_module et_pb_woopro_add_to_cart et_pb_woopro_add_to_cart_1 hide-quantity\">\n<div class=\"et_pb_module_inner\"><\/div>\n<\/div>\n<\/div>\n<\/div>\n<\/div>\n<\/div>\n<\/div>\n<div class=\"et_pb_section et_pb_section_9 et_section_regular\">\n<div class=\"et_pb_row et_pb_row_7\"><\/div>\n<\/div>","protected":false},"excerpt":{"rendered":"<p>Victoria VYNN Professional Top Coat Soak Off est un gel top autonivelant \u00e0 faible viscosit\u00e9. Il donne une finition dure sans abrasion, sans matage et sans endommager le vernis en gel. Il scelle le style et prot\u00e8ge les couleurs du jaunissement. Il donne une brillance intense et durable jusqu'\u00e0 4 semaines. Contient des filtres UV et une couche collante apr\u00e8s le durcissement.<\/p>","protected":false},"featured_media":7919,"comment_status":"open","ping_status":"closed","template":"","meta":{"jetpack_post_was_ever_published":false,"jetpack_publicize_message":"","jetpack_publicize_feature_enabled":true,"jetpack_social_post_already_shared":false,"jetpack_social_options":{"image_generator_settings":{"template":"highway","default_image_id":0,"font":"","enabled":false},"version":2}},"product_brand":[932],"product_cat":[17,55],"product_tag":[90],"class_list":{"0":"post-1692","1":"product","2":"type-product","3":"status-publish","4":"has-post-thumbnail","6":"product_brand-victoria-vynn","7":"product_cat-professional-gel-nail-polish","8":"product_cat-best-gel-top-coats","9":"product_tag-nail-preparations","10":"product_shipping_class-cardboard-box","11":"pa_size-8ml","13":"first","14":"instock","15":"taxable","16":"shipping-taxable","17":"purchasable","18":"product-type-simple"},"jetpack_publicize_connections":[],"jetpack-related-posts":[{"id":1690,"url":"https:\/\/naillycosmetics.com\/fr\/produit\/base-coat-soak-off\/","url_meta":{"origin":1692,"position":0},"title":"Victoria VYNN Salon Gel Polish Soak Off Base Coat","author":"Serge Sahakian","date":"mars 17, 2020","format":false,"excerpt":"Victoria VYNN Professional Base Coat Soak Off is a self-leveling gel base with low viscosity. It is purely used to maximize the adhesion of the Gel Polish to the Natural Nail Plate while protecting it against discoloration. It levels and masks any unevenness of the nail plate and creates a\u2026","rel":"","context":"Article similaire","block_context":{"text":"Article similaire","link":""},"img":{"alt_text":"base coat soak off","src":"https:\/\/i0.wp.com\/naillycosmetics.com\/wp-content\/uploads\/2026\/02\/base-coat-soak-off.png?fit=1000%2C1000&ssl=1&resize=350%2C200","width":350,"height":200,"srcset":"https:\/\/i0.wp.com\/naillycosmetics.com\/wp-content\/uploads\/2026\/02\/base-coat-soak-off.png?fit=1000%2C1000&ssl=1&resize=350%2C200 1x, https:\/\/i0.wp.com\/naillycosmetics.com\/wp-content\/uploads\/2026\/02\/base-coat-soak-off.png?fit=1000%2C1000&ssl=1&resize=525%2C300 1.5x, https:\/\/i0.wp.com\/naillycosmetics.com\/wp-content\/uploads\/2026\/02\/base-coat-soak-off.png?fit=1000%2C1000&ssl=1&resize=700%2C400 2x"},"classes":[]},{"id":23432,"url":"https:\/\/naillycosmetics.com\/fr\/produit\/victoria-vynn-color-chart-cherry-on-top-gel-polish-423-429-on-top-coat\/","url_meta":{"origin":1692,"position":1},"title":"Victoria VYNN Color Chart Cherry on Top Gel Polish 423-429 + On Top Coat","author":"Serge Sahakian","date":"septembre 16, 2025","format":false,"excerpt":"Cherry on Top \u2013 a decadent mix of dessert-inspired shades, from creamy nougats to sparkling brownies.","rel":"","context":"Article similaire","block_context":{"text":"Article similaire","link":""},"img":{"alt_text":"victoria vynn cherry on top color chart","src":"https:\/\/i0.wp.com\/naillycosmetics.com\/wp-content\/uploads\/2026\/02\/victoria-vynn-cherry-on-top-color-chart-.webp?fit=750%2C1000&ssl=1&resize=350%2C200","width":350,"height":200,"srcset":"https:\/\/i0.wp.com\/naillycosmetics.com\/wp-content\/uploads\/2026\/02\/victoria-vynn-cherry-on-top-color-chart-.webp?fit=750%2C1000&ssl=1&resize=350%2C200 1x, https:\/\/i0.wp.com\/naillycosmetics.com\/wp-content\/uploads\/2026\/02\/victoria-vynn-cherry-on-top-color-chart-.webp?fit=750%2C1000&ssl=1&resize=525%2C300 1.5x, https:\/\/i0.wp.com\/naillycosmetics.com\/wp-content\/uploads\/2026\/02\/victoria-vynn-cherry-on-top-color-chart-.webp?fit=750%2C1000&ssl=1&resize=700%2C400 2x"},"classes":[]},{"id":20395,"url":"https:\/\/naillycosmetics.com\/fr\/produit\/victoria-vynn-5-pack-forget-me-nude-gel-polish-404-407-top-coat-oh-my-gloss-8ml-free\/","url_meta":{"origin":1692,"position":2},"title":"Victoria VYNN 5 Pack Forget me Nude Gel Polish 404-407 et Top Coat Oh ! My Gloss 8ml Gratuit","author":"Serge Sahakian","date":"mars 19, 2025","format":false,"excerpt":"La collection Forget-Me-Nude Gel Polish de Victoria Vynn se compose de teintes nude semi-transparentes et de couleurs Cat Eye \u00e0 la mode, inspir\u00e9es par le naturel de la nudit\u00e9 et la d\u00e9licatesse sensuelle des fleurs. Que vous souhaitiez cr\u00e9er un look quotidien minimaliste ou que vous recherchiez une manucure unique pour...","rel":"","context":"Article similaire","block_context":{"text":"Article similaire","link":""},"img":{"alt_text":"","src":"https:\/\/i0.wp.com\/naillycosmetics.com\/wp-content\/uploads\/2026\/02\/victoria-vynn-5-pack-set-forget-me-nude-8ml-set-2.png?fit=750%2C1000&ssl=1&resize=350%2C200","width":350,"height":200,"srcset":"https:\/\/i0.wp.com\/naillycosmetics.com\/wp-content\/uploads\/2026\/02\/victoria-vynn-5-pack-set-forget-me-nude-8ml-set-2.png?fit=750%2C1000&ssl=1&resize=350%2C200 1x, https:\/\/i0.wp.com\/naillycosmetics.com\/wp-content\/uploads\/2026\/02\/victoria-vynn-5-pack-set-forget-me-nude-8ml-set-2.png?fit=750%2C1000&ssl=1&resize=525%2C300 1.5x, https:\/\/i0.wp.com\/naillycosmetics.com\/wp-content\/uploads\/2026\/02\/victoria-vynn-5-pack-set-forget-me-nude-8ml-set-2.png?fit=750%2C1000&ssl=1&resize=700%2C400 2x"},"classes":[]},{"id":23655,"url":"https:\/\/naillycosmetics.com\/fr\/produit\/victoria-vynn-8-pack-cherry-on-top-gel-polish-423-429-free-on-top-top-coat-no-wipe\/","url_meta":{"origin":1692,"position":3},"title":"Victoria VYNN 8 Pack Cherry on Top Gel Polish 423-429 + Free On Top Top Coat No Wipe","author":"Serge Sahakian","date":"septembre 17, 2025","format":false,"excerpt":"Victoria Vynn\u2019s Cherry on Top Collection is a TPO-free range of dessert-inspired gel polishes, blending creamy neutrals, rich browns, and cherry tones with long-lasting shine. Finished with a shimmering \u201cOn Top\u201d top coat, it\u2019s the sweetest way to add elegance and indulgence to any manicure. Collection:\u00a0Cherry on Top The Set\u2026","rel":"","context":"Article similaire","block_context":{"text":"Article similaire","link":""},"img":{"alt_text":"victoria vynn hcerry on top pack of 7+1","src":"https:\/\/i0.wp.com\/naillycosmetics.com\/wp-content\/uploads\/2026\/02\/victoria-vynn-hcerry-on-top-pack-of-71-.webp?fit=750%2C1000&ssl=1&resize=350%2C200","width":350,"height":200,"srcset":"https:\/\/i0.wp.com\/naillycosmetics.com\/wp-content\/uploads\/2026\/02\/victoria-vynn-hcerry-on-top-pack-of-71-.webp?fit=750%2C1000&ssl=1&resize=350%2C200 1x, https:\/\/i0.wp.com\/naillycosmetics.com\/wp-content\/uploads\/2026\/02\/victoria-vynn-hcerry-on-top-pack-of-71-.webp?fit=750%2C1000&ssl=1&resize=525%2C300 1.5x, https:\/\/i0.wp.com\/naillycosmetics.com\/wp-content\/uploads\/2026\/02\/victoria-vynn-hcerry-on-top-pack-of-71-.webp?fit=750%2C1000&ssl=1&resize=700%2C400 2x"},"classes":[]},{"id":20391,"url":"https:\/\/naillycosmetics.com\/fr\/produit\/victoria-vynn-8-pack-forget-me-nude-gel-polish-400-407\/","url_meta":{"origin":1692,"position":4},"title":"Victoria VYNN 8 Pack Forget me Nude Gel Polish 400-407 + Mega Base Clear et Oh ! My Gloss Top Coat Gratuit","author":"Serge Sahakian","date":"mars 19, 2025","format":false,"excerpt":"La collection Forget-Me-Nude Gel Polish de Victoria Vynn se compose de teintes nude semi-transparentes et de couleurs Cat Eye \u00e0 la mode, inspir\u00e9es par le naturel de la nudit\u00e9 et la d\u00e9licatesse sensuelle des fleurs. Que vous souhaitiez cr\u00e9er un look quotidien minimaliste ou que vous recherchiez une manucure unique pour...","rel":"","context":"Article similaire","block_context":{"text":"Article similaire","link":""},"img":{"alt_text":"","src":"https:\/\/i0.wp.com\/naillycosmetics.com\/wp-content\/uploads\/2026\/02\/victoria-vynn-8-pack-set-forget-me-nude-8ml.png?fit=750%2C1000&ssl=1&resize=350%2C200","width":350,"height":200,"srcset":"https:\/\/i0.wp.com\/naillycosmetics.com\/wp-content\/uploads\/2026\/02\/victoria-vynn-8-pack-set-forget-me-nude-8ml.png?fit=750%2C1000&ssl=1&resize=350%2C200 1x, https:\/\/i0.wp.com\/naillycosmetics.com\/wp-content\/uploads\/2026\/02\/victoria-vynn-8-pack-set-forget-me-nude-8ml.png?fit=750%2C1000&ssl=1&resize=525%2C300 1.5x, https:\/\/i0.wp.com\/naillycosmetics.com\/wp-content\/uploads\/2026\/02\/victoria-vynn-8-pack-set-forget-me-nude-8ml.png?fit=750%2C1000&ssl=1&resize=700%2C400 2x"},"classes":[]},{"id":20559,"url":"https:\/\/naillycosmetics.com\/fr\/produit\/victoria-vynn-5-pack-luna-glass-no-408412262-oh-my-gloss-top-coat-8ml-mega-base-milky-white-8ml\/","url_meta":{"origin":1692,"position":5},"title":"Victoria VYNN 5 Pack Luna Glass No. 408,412,262, Oh ! My Gloss Top Coat 8ml &amp; Mega Base Milky White 8ml","author":"Serge Sahakian","date":"avril 25, 2025","format":false,"excerpt":"Laissez-vous inspirer par l'espace et d\u00e9passez les horizons de la Terre. LUNAglass est un voyage au-del\u00e0 de l'atmosph\u00e8re terrestre, o\u00f9 la lumi\u00e8re argent\u00e9e de la lune \u00e9blouit et hypnotise. Pr\u00e9parez-vous \u00e0 une collection qui va intriguer et cr\u00e9er de nouvelles tendances en mati\u00e8re de manucure. La cl\u00e9 de l'effet galactique ?...","rel":"","context":"Article similaire","block_context":{"text":"Article similaire","link":""},"img":{"alt_text":"victoria vynn luna glass pack of 5 with 412","src":"https:\/\/i0.wp.com\/naillycosmetics.com\/wp-content\/uploads\/2026\/02\/victoria-vynn-luna-glass-pack-of-5-with-412.webp?fit=750%2C1000&ssl=1&resize=350%2C200","width":350,"height":200,"srcset":"https:\/\/i0.wp.com\/naillycosmetics.com\/wp-content\/uploads\/2026\/02\/victoria-vynn-luna-glass-pack-of-5-with-412.webp?fit=750%2C1000&ssl=1&resize=350%2C200 1x, https:\/\/i0.wp.com\/naillycosmetics.com\/wp-content\/uploads\/2026\/02\/victoria-vynn-luna-glass-pack-of-5-with-412.webp?fit=750%2C1000&ssl=1&resize=525%2C300 1.5x, https:\/\/i0.wp.com\/naillycosmetics.com\/wp-content\/uploads\/2026\/02\/victoria-vynn-luna-glass-pack-of-5-with-412.webp?fit=750%2C1000&ssl=1&resize=700%2C400 2x"},"classes":[]}],"jetpack_sharing_enabled":true,"_links":{"self":[{"href":"https:\/\/naillycosmetics.com\/fr\/wp-json\/wp\/v2\/product\/1692","targetHints":{"allow":["GET"]}}],"collection":[{"href":"https:\/\/naillycosmetics.com\/fr\/wp-json\/wp\/v2\/product"}],"about":[{"href":"https:\/\/naillycosmetics.com\/fr\/wp-json\/wp\/v2\/types\/product"}],"replies":[{"embeddable":true,"href":"https:\/\/naillycosmetics.com\/fr\/wp-json\/wp\/v2\/comments?post=1692"}],"wp:featuredmedia":[{"embeddable":true,"href":"https:\/\/naillycosmetics.com\/fr\/wp-json\/wp\/v2\/media\/7919"}],"wp:attachment":[{"href":"https:\/\/naillycosmetics.com\/fr\/wp-json\/wp\/v2\/media?parent=1692"}],"wp:term":[{"taxonomy":"product_brand","embeddable":true,"href":"https:\/\/naillycosmetics.com\/fr\/wp-json\/wp\/v2\/product_brand?post=1692"},{"taxonomy":"product_cat","embeddable":true,"href":"https:\/\/naillycosmetics.com\/fr\/wp-json\/wp\/v2\/product_cat?post=1692"},{"taxonomy":"product_tag","embeddable":true,"href":"https:\/\/naillycosmetics.com\/fr\/wp-json\/wp\/v2\/product_tag?post=1692"}],"curies":[{"name":"wp","href":"https:\/\/api.w.org\/{rel}","templated":true}]}}