{"id":1684,"date":"2020-03-17T19:13:38","date_gmt":"2020-03-17T23:13:38","guid":{"rendered":"https:\/\/naillycosmetics.com\/?post_type=product&#038;p=1684"},"modified":"2026-04-10T17:47:51","modified_gmt":"2026-04-10T21:47:51","slug":"boost-nail-repair-base-coat-2in1","status":"publish","type":"product","link":"https:\/\/naillycosmetics.com\/fr\/produit\/boost-nail-repair-base-coat-2in1\/","title":{"rendered":"Victoria VYNN Vitamin Boost Base Nail Repair"},"content":{"rendered":"<p>Boost Base (Nail Repair Base Coat) est une base et un conditionneur hybrides 2 en 1 pour les ongles naturels. La formule BOOST BASE contient des fibres de polyamide haute r\u00e9sistance (Fiber Glass) qui renforcent la plaque de l'ongle naturel, et du calcium, des vitamines E et B5 qui r\u00e9g\u00e9n\u00e8rent les couches profondes de l'ongle lors de l'application. Gr\u00e2ce aux microparticules de fibres de verre contenues dans la formule Boost Base, les ongles deviennent plus flexibles, r\u00e9sistants aux cassures et aux fissures.<\/p>\n<ul>\n<li>renforce intens\u00e9ment les ongles minces et d\u00e9doubl\u00e9s<\/li>\n<li>Durcit instantan\u00e9ment les plaques d'ongles souples et les rend r\u00e9sistantes \u00e0 la rupture.<\/li>\n<li>r\u00e9g\u00e9n\u00e8re la plaque de l'ongle pendant l'application gr\u00e2ce aux vitamines contenues dans la formule<\/li>\n<li>cr\u00e9e une \"armure\" protectrice contre les facteurs externes nuisibles et destructeurs<\/li>\n<li>comble parfaitement les in\u00e9galit\u00e9s, les microfissures de la surface de l'ongle<\/li>\n<li>prolonge la dur\u00e9e de vie et am\u00e9liore l'adh\u00e9rence de la manucure<\/li>\n<\/ul>\n<p><strong>Boost Base (couche de base r\u00e9paratrice pour les ongles) utilisation :<\/strong><\/p>\n<ul>\n<li>Conditionneur - un traitement renfor\u00e7ant jusqu'\u00e0 l'\u00e9limination des dessins<\/li>\n<li>Protection des ongles naturels<\/li>\n<li>Base sous le vernis hybride<\/li>\n<li>Prolonge la dur\u00e9e de la manucure sur les ongles ab\u00eem\u00e9s<\/li>\n<\/ul>","protected":false},"excerpt":{"rendered":"<p>Boost Base (Nail Repair Base Coat) is a 2in1 hybrid base and vitamin for natural nails. The BOOST BASE formula contains high-strength polyamide fibers (Fiber Glass) that strengthen the natural nail plate, and calcium, vitamins E and B5 that regenerate the deep layers of nails during application. Thanks to the glass fiber micro particles contained in the Boost Base formula, nails become more flexible, resistant to breakage and cracks.<\/p>\n<p>Sp\u00e9cifications du produit :<\/p>\n<p><img loading=\"lazy\" decoding=\"async\" class=\"size-full wp-image-53000 alignleft\" src=\"https:\/\/victoriavynn.ca\/wp-content\/uploads\/2026\/03\/regeneration-copy.webp\" alt=\"regeneration copy\" width=\"125\" height=\"125\" \/> <img loading=\"lazy\" decoding=\"async\" class=\"size-full wp-image-52998 alignleft\" src=\"https:\/\/victoriavynn.ca\/wp-content\/uploads\/2026\/03\/reinforcement-copy.webp\" alt=\"reinforcement copy\" width=\"125\" height=\"125\" \/><img loading=\"lazy\" decoding=\"async\" class=\"size-full wp-image-8779 alignleft\" src=\"https:\/\/victoriavynn.ca\/wp-content\/uploads\/2022\/12\/FOR-LED-LAMP.webp\" alt=\"CREAMY GEL POLISH\" width=\"125\" height=\"150\" \/><\/p>\n<p>&nbsp;<\/p>\n<p>&nbsp;<\/p>\n<p>&nbsp;<\/p>\n<p>&nbsp;<\/p>\n<p>&nbsp;<\/p>\n<p>&nbsp;<\/p>","protected":false},"featured_media":28753,"comment_status":"open","ping_status":"closed","template":"","meta":{"jetpack_post_was_ever_published":false,"jetpack_publicize_message":"","jetpack_publicize_feature_enabled":true,"jetpack_social_post_already_shared":false,"jetpack_social_options":{"image_generator_settings":{"template":"highway","default_image_id":0,"enabled":false},"version":2}},"product_brand":[932],"product_cat":[17,45,54,980],"product_tag":[90,982],"class_list":{"0":"post-1684","1":"product","2":"type-product","3":"status-publish","4":"has-post-thumbnail","6":"product_brand-victoria-vynn","7":"product_cat-professional-gel-nail-polish","8":"product_cat-nail-care","9":"product_cat-best-professional-gel-base-coats","10":"product_cat-vitamin-boost-base","11":"product_tag-nail-preparations","12":"product_tag-vitamin-boost-base","13":"product_shipping_class-cardboard-box","14":"pa_color-clearell","15":"pa_color-nudell","16":"pa_color-rosell","17":"pa_size-15ml","18":"pa_size-8ml","20":"first","21":"instock","22":"taxable","23":"shipping-taxable","24":"purchasable","25":"product-type-variable","26":"wvs-archive-product-wrapper"},"jetpack_publicize_connections":[],"jetpack-related-posts":[{"id":17809,"url":"https:\/\/naillycosmetics.com\/fr\/produit\/victoria-vynn-easy-fiber-nail-gel\/","url_meta":{"origin":1684,"position":0},"title":"Victoria VYNN Easy Fiber Gel","author":"Serge Sahakian","date":"mai 9, 2024","format":false,"excerpt":"Des extensions d'ongles exceptionnellement solides et d'aspect naturel ! La formule avanc\u00e9e contenant une forte concentration de microfibres de verre, notre gel fibre pour ongles cr\u00e9e une structure r\u00e9ticul\u00e9e qui augmente la durabilit\u00e9 du dessin. Il permet une extension facile et la formation de la forme des ongles naturels, ainsi que le travail avec l'utilisation de formes,...","rel":"","context":"Article similaire","block_context":{"text":"Article similaire","link":""},"img":{"alt_text":"easy fiber gel photo victoria vynn","src":"https:\/\/i0.wp.com\/naillycosmetics.com\/wp-content\/uploads\/2024\/05\/easy-fiber-gel-photo-victoria-vynn.webp?fit=750%2C1000&ssl=1&resize=350%2C200","width":350,"height":200,"srcset":"https:\/\/i0.wp.com\/naillycosmetics.com\/wp-content\/uploads\/2024\/05\/easy-fiber-gel-photo-victoria-vynn.webp?fit=750%2C1000&ssl=1&resize=350%2C200 1x, https:\/\/i0.wp.com\/naillycosmetics.com\/wp-content\/uploads\/2024\/05\/easy-fiber-gel-photo-victoria-vynn.webp?fit=750%2C1000&ssl=1&resize=525%2C300 1.5x, https:\/\/i0.wp.com\/naillycosmetics.com\/wp-content\/uploads\/2024\/05\/easy-fiber-gel-photo-victoria-vynn.webp?fit=750%2C1000&ssl=1&resize=700%2C400 2x"},"classes":[]},{"id":11306,"url":"https:\/\/naillycosmetics.com\/fr\/produit\/best-selling-lipgloss-nails-gel-just-base\/","url_meta":{"origin":1684,"position":1},"title":"Victoria VYNN Gel Polish Just Base","author":"Serge Sahakian","date":"avril 13, 2023","format":false,"excerpt":"Une manucure r\u00e9alis\u00e9e \u00e0 l'aide d'une simple base et d'un top hybride est une tendance unique cette ann\u00e9e, sous le nom intrigant de \"Lipgloss Nails Gel\". Inspir\u00e9e du gloss, cette manucure est \u00e0 la fois subtile, naturelle et fabuleusement belle. Elle est parfaite pour tout type de manucure et...","rel":"","context":"Article similaire","block_context":{"text":"Article similaire","link":""},"img":{"alt_text":"Victoria VYNN Best Lipgloss Nails Gel Just Base Rubber Base Coat 2023 Rosen","src":"https:\/\/i0.wp.com\/naillycosmetics.com\/wp-content\/uploads\/2023\/04\/Victoria-VYNN-Best-Lipgloss-Nails-Gel-Just-Base-Rubber-Base-Coat-2023-Rosen.webp?fit=750%2C1000&ssl=1&resize=350%2C200","width":350,"height":200,"srcset":"https:\/\/i0.wp.com\/naillycosmetics.com\/wp-content\/uploads\/2023\/04\/Victoria-VYNN-Best-Lipgloss-Nails-Gel-Just-Base-Rubber-Base-Coat-2023-Rosen.webp?fit=750%2C1000&ssl=1&resize=350%2C200 1x, https:\/\/i0.wp.com\/naillycosmetics.com\/wp-content\/uploads\/2023\/04\/Victoria-VYNN-Best-Lipgloss-Nails-Gel-Just-Base-Rubber-Base-Coat-2023-Rosen.webp?fit=750%2C1000&ssl=1&resize=525%2C300 1.5x, https:\/\/i0.wp.com\/naillycosmetics.com\/wp-content\/uploads\/2023\/04\/Victoria-VYNN-Best-Lipgloss-Nails-Gel-Just-Base-Rubber-Base-Coat-2023-Rosen.webp?fit=750%2C1000&ssl=1&resize=700%2C400 2x"},"classes":[]},{"id":3607,"url":"https:\/\/naillycosmetics.com\/fr\/?attachment_id=3607","url_meta":{"origin":1684,"position":2},"title":"94","author":"Serge Sahakian","date":"ao\u00fbt 24, 2022","format":false,"excerpt":"","rel":"","context":"Article similaire","block_context":{"text":"Article similaire","link":""},"img":{"alt_text":"","src":"https:\/\/i0.wp.com\/naillycosmetics.com\/wp-content\/uploads\/2020\/02\/94-1.png?fit=400%2C400&ssl=1&resize=350%2C200","width":350,"height":200},"classes":[]},{"id":2368,"url":"https:\/\/naillycosmetics.com\/fr\/produit\/5-oils-complex-cuticle-oil-9ml\/","url_meta":{"origin":1684,"position":3},"title":"Victoria VYNN Complexe 5 huiles 9ml","author":"Serge Sahakian","date":"ao\u00fbt 17, 2022","format":false,"excerpt":"Cuticle Oil pour le soin des cuticules et des ongles est une composition hautement concentr\u00e9e de 5 huiles naturelles, enrichie de vitamines, d'antioxydants et d'acides gras. Gr\u00e2ce \u00e0 ce traitement puissant, les cuticules sont r\u00e9g\u00e9n\u00e9r\u00e9es, nourries, hydrat\u00e9es, et la plaque de l'ongle est durcie, lisse et brillante. Prenez soin de l'\u00e9tat...","rel":"","context":"Article similaire","block_context":{"text":"Article similaire","link":""},"img":{"alt_text":"5 Oils Complex Cuticle Oil","src":"https:\/\/i0.wp.com\/naillycosmetics.com\/wp-content\/uploads\/2022\/08\/5-Oils-Complex-Cuticle-Oil.png?fit=1000%2C1000&ssl=1&resize=350%2C200","width":350,"height":200,"srcset":"https:\/\/i0.wp.com\/naillycosmetics.com\/wp-content\/uploads\/2022\/08\/5-Oils-Complex-Cuticle-Oil.png?fit=1000%2C1000&ssl=1&resize=350%2C200 1x, https:\/\/i0.wp.com\/naillycosmetics.com\/wp-content\/uploads\/2022\/08\/5-Oils-Complex-Cuticle-Oil.png?fit=1000%2C1000&ssl=1&resize=525%2C300 1.5x, https:\/\/i0.wp.com\/naillycosmetics.com\/wp-content\/uploads\/2022\/08\/5-Oils-Complex-Cuticle-Oil.png?fit=1000%2C1000&ssl=1&resize=700%2C400 2x"},"classes":[]}],"jetpack_sharing_enabled":true,"_links":{"self":[{"href":"https:\/\/naillycosmetics.com\/fr\/wp-json\/wp\/v2\/product\/1684","targetHints":{"allow":["GET"]}}],"collection":[{"href":"https:\/\/naillycosmetics.com\/fr\/wp-json\/wp\/v2\/product"}],"about":[{"href":"https:\/\/naillycosmetics.com\/fr\/wp-json\/wp\/v2\/types\/product"}],"replies":[{"embeddable":true,"href":"https:\/\/naillycosmetics.com\/fr\/wp-json\/wp\/v2\/comments?post=1684"}],"wp:featuredmedia":[{"embeddable":true,"href":"https:\/\/naillycosmetics.com\/fr\/wp-json\/wp\/v2\/media\/28753"}],"wp:attachment":[{"href":"https:\/\/naillycosmetics.com\/fr\/wp-json\/wp\/v2\/media?parent=1684"}],"wp:term":[{"taxonomy":"product_brand","embeddable":true,"href":"https:\/\/naillycosmetics.com\/fr\/wp-json\/wp\/v2\/product_brand?post=1684"},{"taxonomy":"product_cat","embeddable":true,"href":"https:\/\/naillycosmetics.com\/fr\/wp-json\/wp\/v2\/product_cat?post=1684"},{"taxonomy":"product_tag","embeddable":true,"href":"https:\/\/naillycosmetics.com\/fr\/wp-json\/wp\/v2\/product_tag?post=1684"}],"curies":[{"name":"wp","href":"https:\/\/api.w.org\/{rel}","templated":true}]}}