{"id":16593,"date":"2023-12-11T21:17:23","date_gmt":"2023-12-12T02:17:23","guid":{"rendered":"https:\/\/naillycosmetics.com\/product\/victoria-vynn-3-pack-christmas-gel-polish-collection\/"},"modified":"2026-03-04T19:54:52","modified_gmt":"2026-03-05T00:54:52","slug":"victoria-vynn-3-pack-christmas-gel-polish-collection","status":"publish","type":"product","link":"https:\/\/naillycosmetics.com\/fr\/produit\/victoria-vynn-3-pack-christmas-gel-polish-collection\/","title":{"rendered":"Victoria VYNN 3 packs de vernis en gel de No\u00ebl"},"content":{"rendered":"","protected":false},"excerpt":{"rendered":"<p>Le kit comprend Gel Polish 351-353<\/p>","protected":false},"featured_media":25189,"comment_status":"open","ping_status":"closed","template":"","meta":{"jetpack_post_was_ever_published":false,"jetpack_publicize_message":"","jetpack_publicize_feature_enabled":true,"jetpack_social_post_already_shared":false,"jetpack_social_options":{"image_generator_settings":{"template":"highway","default_image_id":0,"font":"","enabled":false},"version":2}},"product_brand":[932],"product_cat":[46],"product_tag":[562,832],"class_list":{"0":"post-16593","1":"product","2":"type-product","3":"status-publish","4":"has-post-thumbnail","6":"product_brand-victoria-vynn","7":"product_cat-nail-gel-kit","8":"product_tag-bundles","9":"product_tag-christmas-gel-polish","11":"first","12":"outofstock","13":"taxable","14":"shipping-taxable","15":"purchasable","16":"product-type-simple"},"jetpack_publicize_connections":[],"jetpack-related-posts":[{"id":20393,"url":"https:\/\/naillycosmetics.com\/fr\/produit\/victoria-vynn-5-pack-forget-me-nude-gel-polish-400-403-top-coat-oh-my-gloss-8ml-free\/","url_meta":{"origin":16593,"position":0},"title":"Victoria VYNN 5 Pack Forget me Nude Gel Polish 400-403 &amp; Top Coat Oh ! My Gloss 8ml Gratuit","author":"Serge Sahakian","date":"mars 19, 2025","format":false,"excerpt":"La collection Forget-Me-Nude Gel Polish de Victoria Vynn se compose de teintes nude semi-transparentes et de couleurs Cat Eye \u00e0 la mode, inspir\u00e9es par le naturel de la nudit\u00e9 et la d\u00e9licatesse sensuelle des fleurs. Que vous souhaitiez cr\u00e9er un look quotidien minimaliste ou que vous recherchiez une manucure unique pour...","rel":"","context":"Article similaire","block_context":{"text":"Article similaire","link":""},"img":{"alt_text":"Victoria VYNN 5 Pack Set Forget Me Nude 8ml Set 1 copy","src":"https:\/\/i0.wp.com\/naillycosmetics.com\/wp-content\/uploads\/2026\/02\/victoria-vynn-5-pack-set-forget-me-nude-8ml-set-1-copy.webp?fit=750%2C1000&ssl=1&resize=350%2C200","width":350,"height":200,"srcset":"https:\/\/i0.wp.com\/naillycosmetics.com\/wp-content\/uploads\/2026\/02\/victoria-vynn-5-pack-set-forget-me-nude-8ml-set-1-copy.webp?fit=750%2C1000&ssl=1&resize=350%2C200 1x, https:\/\/i0.wp.com\/naillycosmetics.com\/wp-content\/uploads\/2026\/02\/victoria-vynn-5-pack-set-forget-me-nude-8ml-set-1-copy.webp?fit=750%2C1000&ssl=1&resize=525%2C300 1.5x, https:\/\/i0.wp.com\/naillycosmetics.com\/wp-content\/uploads\/2026\/02\/victoria-vynn-5-pack-set-forget-me-nude-8ml-set-1-copy.webp?fit=750%2C1000&ssl=1&resize=700%2C400 2x"},"classes":[]},{"id":23695,"url":"https:\/\/naillycosmetics.com\/fr\/produit\/victoria-vynn-gel-polish-no-400-like-a-virgin\/","url_meta":{"origin":16593,"position":1},"title":"Victoria VYNN Gel Polish No. 400 Like a Virgin","author":"Serge Sahakian","date":"mars 19, 2025","format":false,"excerpt":"La collection Forget-Me-Nude Gel Polish de Victoria Vynn se compose de teintes nude semi-transparentes et de couleurs Cat Eye \u00e0 la mode, inspir\u00e9es par le naturel de la nudit\u00e9 et la d\u00e9licatesse sensuelle des fleurs. Que vous souhaitiez cr\u00e9er un look quotidien minimaliste ou que vous recherchiez une manucure unique pour...","rel":"","context":"Article similaire","block_context":{"text":"Article similaire","link":""},"img":{"alt_text":"Victoria VYNN Salon Gel Polish No. 400 Like a Virgin - Forget me nude collection","src":"https:\/\/i0.wp.com\/naillycosmetics.com\/wp-content\/uploads\/2026\/02\/victoria-vynn-salon-gel-polish-no.-400-like-a-virgin-forget-me-nude-collection-.webp?fit=750%2C1000&ssl=1&resize=350%2C200","width":350,"height":200,"srcset":"https:\/\/i0.wp.com\/naillycosmetics.com\/wp-content\/uploads\/2026\/02\/victoria-vynn-salon-gel-polish-no.-400-like-a-virgin-forget-me-nude-collection-.webp?fit=750%2C1000&ssl=1&resize=350%2C200 1x, https:\/\/i0.wp.com\/naillycosmetics.com\/wp-content\/uploads\/2026\/02\/victoria-vynn-salon-gel-polish-no.-400-like-a-virgin-forget-me-nude-collection-.webp?fit=750%2C1000&ssl=1&resize=525%2C300 1.5x, https:\/\/i0.wp.com\/naillycosmetics.com\/wp-content\/uploads\/2026\/02\/victoria-vynn-salon-gel-polish-no.-400-like-a-virgin-forget-me-nude-collection-.webp?fit=750%2C1000&ssl=1&resize=700%2C400 2x"},"classes":[]},{"id":23697,"url":"https:\/\/naillycosmetics.com\/fr\/produit\/victoria-vynn-gel-polish-no-401-nude-york\/","url_meta":{"origin":16593,"position":2},"title":"Victoria VYNN Gel Polish No. 401 Nude York","author":"Serge Sahakian","date":"mars 19, 2025","format":false,"excerpt":"La collection Forget-Me-Nude Gel Polish de Victoria Vynn se compose de teintes nude semi-transparentes et de couleurs Cat Eye \u00e0 la mode, inspir\u00e9es par le naturel de la nudit\u00e9 et la d\u00e9licatesse sensuelle des fleurs. Que vous souhaitiez cr\u00e9er un look quotidien minimaliste ou que vous recherchiez une manucure unique pour...","rel":"","context":"Article similaire","block_context":{"text":"Article similaire","link":""},"img":{"alt_text":"Victoria VYNN Salon Gel Polish No. 401 Nude York - Forget me nude collection","src":"https:\/\/i0.wp.com\/naillycosmetics.com\/wp-content\/uploads\/2026\/02\/victoria-vynn-salon-gel-polish-no.-401-nude-york-forget-me-nude-collection-.webp?fit=750%2C1000&ssl=1&resize=350%2C200","width":350,"height":200,"srcset":"https:\/\/i0.wp.com\/naillycosmetics.com\/wp-content\/uploads\/2026\/02\/victoria-vynn-salon-gel-polish-no.-401-nude-york-forget-me-nude-collection-.webp?fit=750%2C1000&ssl=1&resize=350%2C200 1x, https:\/\/i0.wp.com\/naillycosmetics.com\/wp-content\/uploads\/2026\/02\/victoria-vynn-salon-gel-polish-no.-401-nude-york-forget-me-nude-collection-.webp?fit=750%2C1000&ssl=1&resize=525%2C300 1.5x, https:\/\/i0.wp.com\/naillycosmetics.com\/wp-content\/uploads\/2026\/02\/victoria-vynn-salon-gel-polish-no.-401-nude-york-forget-me-nude-collection-.webp?fit=750%2C1000&ssl=1&resize=700%2C400 2x"},"classes":[]},{"id":23699,"url":"https:\/\/naillycosmetics.com\/fr\/produit\/victoria-vynn-gel-polish-no-403-nudist\/","url_meta":{"origin":16593,"position":3},"title":"Victoria VYNN Gel Polish No. 403 Nudist","author":"Serge Sahakian","date":"mars 19, 2025","format":false,"excerpt":"La collection Forget-Me-Nude Gel Polish de Victoria Vynn se compose de teintes nude semi-transparentes et de couleurs Cat Eye \u00e0 la mode, inspir\u00e9es par le naturel de la nudit\u00e9 et la d\u00e9licatesse sensuelle des fleurs. Que vous souhaitiez cr\u00e9er un look quotidien minimaliste ou que vous recherchiez une manucure unique pour...","rel":"","context":"Article similaire","block_context":{"text":"Article similaire","link":""},"img":{"alt_text":"Victoria VYNN Salon Gel Polish No. 403 Nudist - Forget me nude collection","src":"https:\/\/i0.wp.com\/naillycosmetics.com\/wp-content\/uploads\/2026\/02\/victoria-vynn-salon-gel-polish-no.-403-nudist-forget-me-nude-collection-.webp?fit=750%2C1000&ssl=1&resize=350%2C200","width":350,"height":200,"srcset":"https:\/\/i0.wp.com\/naillycosmetics.com\/wp-content\/uploads\/2026\/02\/victoria-vynn-salon-gel-polish-no.-403-nudist-forget-me-nude-collection-.webp?fit=750%2C1000&ssl=1&resize=350%2C200 1x, https:\/\/i0.wp.com\/naillycosmetics.com\/wp-content\/uploads\/2026\/02\/victoria-vynn-salon-gel-polish-no.-403-nudist-forget-me-nude-collection-.webp?fit=750%2C1000&ssl=1&resize=525%2C300 1.5x, https:\/\/i0.wp.com\/naillycosmetics.com\/wp-content\/uploads\/2026\/02\/victoria-vynn-salon-gel-polish-no.-403-nudist-forget-me-nude-collection-.webp?fit=750%2C1000&ssl=1&resize=700%2C400 2x"},"classes":[]},{"id":23701,"url":"https:\/\/naillycosmetics.com\/fr\/produit\/victoria-vynn-gel-polish-no-404-cat-eye-beige-me-baby\/","url_meta":{"origin":16593,"position":4},"title":"Victoria VYNN Gel Polish No. 404 Cat Eye Beige me Baby","author":"Serge Sahakian","date":"mars 19, 2025","format":false,"excerpt":"La collection Forget-Me-Nude Gel Polish de Victoria Vynn se compose de teintes nude semi-transparentes et de couleurs Cat Eye \u00e0 la mode, inspir\u00e9es par le naturel de la nudit\u00e9 et la d\u00e9licatesse sensuelle des fleurs. Que vous souhaitiez cr\u00e9er un look quotidien minimaliste ou que vous recherchiez une manucure unique pour...","rel":"","context":"Article similaire","block_context":{"text":"Article similaire","link":""},"img":{"alt_text":"Victoria VYNN Salon Gel Polish No. 404 beige Me Baby - Forget me nude collection","src":"https:\/\/i0.wp.com\/naillycosmetics.com\/wp-content\/uploads\/2026\/02\/victoria-vynn-salon-gel-polish-no.-404-beige-me-baby-forget-me-nude-collection-.webp?fit=750%2C1000&ssl=1&resize=350%2C200","width":350,"height":200,"srcset":"https:\/\/i0.wp.com\/naillycosmetics.com\/wp-content\/uploads\/2026\/02\/victoria-vynn-salon-gel-polish-no.-404-beige-me-baby-forget-me-nude-collection-.webp?fit=750%2C1000&ssl=1&resize=350%2C200 1x, https:\/\/i0.wp.com\/naillycosmetics.com\/wp-content\/uploads\/2026\/02\/victoria-vynn-salon-gel-polish-no.-404-beige-me-baby-forget-me-nude-collection-.webp?fit=750%2C1000&ssl=1&resize=525%2C300 1.5x, https:\/\/i0.wp.com\/naillycosmetics.com\/wp-content\/uploads\/2026\/02\/victoria-vynn-salon-gel-polish-no.-404-beige-me-baby-forget-me-nude-collection-.webp?fit=750%2C1000&ssl=1&resize=700%2C400 2x"},"classes":[]},{"id":19021,"url":"https:\/\/naillycosmetics.com\/fr\/produit\/victoria-vynn-gel-polish-no-384-im-creative\/","url_meta":{"origin":16593,"position":5},"title":"Victoria VYNN Gel Polish No. 384 I'm Creative","author":"Serge Sahakian","date":"septembre 25, 2024","format":false,"excerpt":"Force, Passion, Style - Parce que chaque femme est unique ! Que vous soyez une athl\u00e8te passionn\u00e9e qui commence sa journ\u00e9e par une s\u00e9ance d'entra\u00eenement, une ma\u00eetresse de l'organisation qui g\u00e8re des projets au bureau ou une \u00e9tudiante qui passe son temps \u00e0 l'universit\u00e9, peu importe le super-h\u00e9ros de tous les jours. Malgr\u00e9 des styles de vie diff\u00e9rents, nous sommes unies par #FEMALE_POWER contenu dans...","rel":"","context":"Article similaire","block_context":{"text":"Article similaire","link":""},"img":{"alt_text":"Victoria VYNN I'm Woman Collection Gel Polish No. 384 - I'm Creative","src":"https:\/\/i0.wp.com\/naillycosmetics.com\/wp-content\/uploads\/2026\/02\/victoria-vynn-im-woman-collection-gel-polish-no.-384-im-creative-1-3.webp?fit=750%2C1000&ssl=1&resize=350%2C200","width":350,"height":200,"srcset":"https:\/\/i0.wp.com\/naillycosmetics.com\/wp-content\/uploads\/2026\/02\/victoria-vynn-im-woman-collection-gel-polish-no.-384-im-creative-1-3.webp?fit=750%2C1000&ssl=1&resize=350%2C200 1x, https:\/\/i0.wp.com\/naillycosmetics.com\/wp-content\/uploads\/2026\/02\/victoria-vynn-im-woman-collection-gel-polish-no.-384-im-creative-1-3.webp?fit=750%2C1000&ssl=1&resize=525%2C300 1.5x, https:\/\/i0.wp.com\/naillycosmetics.com\/wp-content\/uploads\/2026\/02\/victoria-vynn-im-woman-collection-gel-polish-no.-384-im-creative-1-3.webp?fit=750%2C1000&ssl=1&resize=700%2C400 2x"},"classes":[]}],"jetpack_sharing_enabled":true,"_links":{"self":[{"href":"https:\/\/naillycosmetics.com\/fr\/wp-json\/wp\/v2\/product\/16593","targetHints":{"allow":["GET"]}}],"collection":[{"href":"https:\/\/naillycosmetics.com\/fr\/wp-json\/wp\/v2\/product"}],"about":[{"href":"https:\/\/naillycosmetics.com\/fr\/wp-json\/wp\/v2\/types\/product"}],"replies":[{"embeddable":true,"href":"https:\/\/naillycosmetics.com\/fr\/wp-json\/wp\/v2\/comments?post=16593"}],"wp:featuredmedia":[{"embeddable":true,"href":"https:\/\/naillycosmetics.com\/fr\/wp-json\/wp\/v2\/media\/25189"}],"wp:attachment":[{"href":"https:\/\/naillycosmetics.com\/fr\/wp-json\/wp\/v2\/media?parent=16593"}],"wp:term":[{"taxonomy":"product_brand","embeddable":true,"href":"https:\/\/naillycosmetics.com\/fr\/wp-json\/wp\/v2\/product_brand?post=16593"},{"taxonomy":"product_cat","embeddable":true,"href":"https:\/\/naillycosmetics.com\/fr\/wp-json\/wp\/v2\/product_cat?post=16593"},{"taxonomy":"product_tag","embeddable":true,"href":"https:\/\/naillycosmetics.com\/fr\/wp-json\/wp\/v2\/product_tag?post=16593"}],"curies":[{"name":"wp","href":"https:\/\/api.w.org\/{rel}","templated":true}]}}