{"id":16080,"date":"2023-10-19T22:22:22","date_gmt":"2023-10-20T02:22:22","guid":{"rendered":"https:\/\/naillycosmetics.com\/product\/vynn-pure-creamy-hybrid-gel-polish-no-249-fiery-leaf\/"},"modified":"2026-04-25T11:32:44","modified_gmt":"2026-04-25T15:32:44","slug":"victoria-vynn-pure-red-fall-nails-249","status":"publish","type":"product","link":"https:\/\/naillycosmetics.com\/fr\/produit\/victoria-vynn-pure-red-fall-nails-249\/","title":{"rendered":"Victoria VYNN Pure Creamy Hybrid Gel Polish No. 249 Fiery Leaf (Feuille de feu)"},"content":{"rendered":"<h2>Ongles d'automne rouge fonc\u00e9 ?<\/h2>\n<p>Victoria VYNN Pure Creamy Hybrid Gel Polish Fiery Leaf No. 249 est le rouge ardent de l'\u00e9rable qui est typiquement la couleur des ongles rouges d'automne.<\/p>\n<h2>Le meilleur choix pour les ongles fonc\u00e9s de l'automne !<\/h2>\n<p>Pr\u00e9parez-vous pour la saison d'automne avec de superbes ongles rouge fonc\u00e9 qui ajouteront une touche d'\u00e9l\u00e9gance \u00e0 votre look. Embrassez le temps douillet et montrez votre c\u00f4t\u00e9 \u00e9l\u00e9gant avec cette audacieuse et magnifique couleur d'ongles d'automne rouge fonc\u00e9 en gel.<\/p>\n<h3>Tombez amoureux des ongles rouges et orange de l'automne : 8 id\u00e9es tendance pour la saison<\/h3>\n<p>Entrez dans la saison avec des ongles rouge fonc\u00e9 pour l'automne. Am\u00e9liorez votre jeu d'ongles avec ces tendances d'ongles rouges et bruns pour l'automne.<\/p>\n<h4><a href=\"https:\/\/victoriavynn.ca\/hybrid-nail-gel-polishes\/\" target=\"_blank\" rel=\"noopener\">Ligne Victoria VYNN Pure Creamy Hybrid<\/a><\/h4>\n<p>Le syst\u00e8me Pure Creamy Hybrid comprend <a href=\"https:\/\/victoriavynn.ca\/hybrid-nail-gel-polishes\/hybrid-gel-nail-colors\/\" target=\"_blank\" rel=\"noopener\">vernis gel hybride cr\u00e9meux<\/a> d'une couverture et d'une durabilit\u00e9 excellentes. Il s'agit d'une formule \u00e0 l'indice de s\u00e9curit\u00e9 \u00e9lev\u00e9, sans odeur irritante et qui s'\u00e9limine avec de l'alcool cosm\u00e9tique. Le pinceau court et plat, con\u00e7u sp\u00e9cialement pour la ligne de produits Pure, facilite une application uniforme. Le syst\u00e8me permet de r\u00e9aliser des manucures hybrides ultra fines. Durcissement uniquement dans des lampes LED !<\/p>\n<p>Le <a href=\"https:\/\/victoriavynn.ca\/hybrid-nail-gel-polishes\/hybrid-gel-nail-colors\/\" target=\"_blank\" rel=\"noopener\">Vernis hybrides purs<\/a> r\u00e9pondre aux attentes des femmes du monde entier ! Nous cr\u00e9ons nos collections en fonction des derni\u00e8res tendances, nous r\u00e9pondons aux besoins de nos clientes et nous mettons en valeur la beaut\u00e9 de leurs mains !<\/p>\n<p>D\u00e9couvrez \u00e9galement un monde de couleurs vibrantes avec notre <a href=\"https:\/\/victoriavynn.ca\/professional-gel-nail-polish\/\" target=\"_blank\" rel=\"noopener\">gel polish de salon<\/a> collections. Laissez-vous s\u00e9duire par la derni\u00e8re collection d'automne et d\u00e9couvrez les teintes captivantes de notre collection d'automne. <a href=\"https:\/\/victoriavynn.ca\/tags\/salon-gel-polish-feel-the-flow-collection\/\" target=\"_blank\" rel=\"noopener\">Collection Feel the Flow<\/a>.<\/p>\n<p>R\u00e9alisez la manucure parfaite avec notre <a href=\"https:\/\/victoriavynn.ca\/product\/mega-base-rubber-base-coat\/\" target=\"_blank\" rel=\"noopener\">MEGA couche de base<\/a> et <a href=\"https:\/\/victoriavynn.ca\/product\/top-coat-no-wipe-gloss\/\" target=\"_blank\" rel=\"noopener\">super glossy top coat gloss no wipe<\/a>. Compl\u00e9tez votre set d\u00e8s aujourd'hui !<\/p>","protected":false},"excerpt":{"rendered":"<h3>Les ongles rouges de l'automne !<\/h3>\n<p>Pr\u00e9parez-vous pour l'automne avec de superbes ongles rouges en gel : Une tendance incontournable. La couleur id\u00e9ale des ongles d'automne rouge orang\u00e9.  Embrassez le temps douillet et montrez votre c\u00f4t\u00e9 \u00e9l\u00e9gant avec cette audacieuse et belle couleur d'ongles d'automne en gel rouge.<\/p>\n<p>Collection : <a href=\"https:\/\/victoriavynn.ca\/tags\/pure-creamy-hybrid-earthy-collection\/\">Pur Cr\u00e9meux Hybride Terreux<\/a><\/p>\n<p>Sp\u00e9cifications du produit :<\/p>\n<p><a href=\"https:\/\/victoriavynn.ca\/wp-content\/uploads\/2022\/12\/CREAMY-FORMULA-1.webp\"><img loading=\"lazy\" decoding=\"async\" class=\"size-full wp-image-8777 alignleft\" src=\"https:\/\/victoriavynn.ca\/wp-content\/uploads\/2022\/12\/CREAMY-FORMULA-1.webp\" alt=\"CREAMY GEL POLISH\" width=\"125\" height=\"150\" \/><\/a> <img loading=\"lazy\" decoding=\"async\" class=\"size-full wp-image-8778 alignleft\" src=\"https:\/\/victoriavynn.ca\/wp-content\/uploads\/2022\/12\/FLAT-SHORT-BRUSH.webp\" alt=\"CREAMY GEL POLISH\" width=\"125\" height=\"150\" \/><img loading=\"lazy\" decoding=\"async\" class=\"size-full wp-image-8779 alignleft\" src=\"https:\/\/victoriavynn.ca\/wp-content\/uploads\/2022\/12\/FOR-LED-LAMP.webp\" alt=\"CREAMY GEL POLISH\" width=\"125\" height=\"150\" \/><a href=\"https:\/\/victoriavynn.ca\/wp-content\/uploads\/2019\/11\/SALON-QUALITY.webp\"><img loading=\"lazy\" decoding=\"async\" class=\"size-full wp-image-8772 alignleft\" src=\"https:\/\/victoriavynn.ca\/wp-content\/uploads\/2019\/11\/SALON-QUALITY.webp\" alt=\"GEL NAIL BUILDER\" width=\"125\" height=\"150\" \/><\/a><\/p>\n<p>&nbsp;<\/p>\n<p>&nbsp;<\/p>\n<p>&nbsp;<\/p>\n<p>&nbsp;<\/p>\n<p>&nbsp;<\/p>","protected":false},"featured_media":25454,"comment_status":"open","ping_status":"closed","template":"","meta":{"jetpack_post_was_ever_published":false,"jetpack_publicize_message":"","jetpack_publicize_feature_enabled":true,"jetpack_social_post_already_shared":false,"jetpack_social_options":{"image_generator_settings":{"template":"highway","default_image_id":0,"font":"","enabled":false},"version":2}},"product_brand":[932],"product_cat":[48],"product_tag":[959,828,103],"class_list":{"0":"post-16080","1":"product","2":"type-product","3":"status-publish","4":"has-post-thumbnail","6":"product_brand-victoria-vynn","7":"product_cat-hybrid-gel-nail-colors","8":"product_tag-autumn-winter-pure-creamy-hybrid-colors","9":"product_tag-pure-creamy-hybrid-earthy-collection","10":"product_tag-creamy-gel-polish","12":"first","13":"instock","14":"taxable","15":"shipping-taxable","16":"purchasable","17":"product-type-simple"},"jetpack_publicize_connections":[],"jetpack-related-posts":[{"id":4557,"url":"https:\/\/naillycosmetics.com\/fr\/produit\/beige-cream-nail-polish-003\/","url_meta":{"origin":16080,"position":0},"title":"Victoria VYNN iQ Vernis \u00e0 ongles No. 003 Beige Cream","author":"Serge Sahakian","date":"septembre 4, 2022","format":false,"excerpt":"Le vernis \u00e0 ongles cr\u00e8me beige, un beige translucide, est parfait pour les motifs fran\u00e7ais. Il a son \u00e9quivalent dans la collection Gel Polish 006. Avec les couleurs du vernis \u00e0 ongles Victoria VYNN iQ, vous pouvez profiter de l'effet pendant 10 jours, comme apr\u00e8s une visite au salon ! La formule riche en...","rel":"","context":"Article similaire","block_context":{"text":"Article similaire","link":""},"img":{"alt_text":"beige cream nail polish","src":"https:\/\/i0.wp.com\/naillycosmetics.com\/wp-content\/uploads\/2026\/02\/beige-cream-nail-polish.png?fit=750%2C1000&ssl=1&resize=350%2C200","width":350,"height":200,"srcset":"https:\/\/i0.wp.com\/naillycosmetics.com\/wp-content\/uploads\/2026\/02\/beige-cream-nail-polish.png?fit=750%2C1000&ssl=1&resize=350%2C200 1x, https:\/\/i0.wp.com\/naillycosmetics.com\/wp-content\/uploads\/2026\/02\/beige-cream-nail-polish.png?fit=750%2C1000&ssl=1&resize=525%2C300 1.5x, https:\/\/i0.wp.com\/naillycosmetics.com\/wp-content\/uploads\/2026\/02\/beige-cream-nail-polish.png?fit=750%2C1000&ssl=1&resize=700%2C400 2x"},"classes":[]},{"id":5009,"url":"https:\/\/naillycosmetics.com\/fr\/produit\/vegan-nail-polish-iq-032-new-moorland\/","url_meta":{"origin":16080,"position":1},"title":"Victoria VYNN iQ Vernis \u00e0 ongles No. 032 New Moorland","author":"Serge Sahakian","date":"septembre 4, 2022","format":false,"excerpt":"The New Moorland violet has been delicately warmed with beige to match Pure Creamy Hybrid 154. With the Victoria VYNN iQ Vegan Nail Polish colors you may enjoy the effect for 10 days as if after visit to a salon! The formula rich in high-quality vegan ingredients ensures long-lasting adhesion\u2026","rel":"","context":"Article similaire","block_context":{"text":"Article similaire","link":""},"img":{"alt_text":"iq-vegan-nail-polish-032-","src":"https:\/\/i0.wp.com\/naillycosmetics.com\/wp-content\/uploads\/2026\/02\/iq-vegan-nail-polish-032-.webp?fit=750%2C1000&ssl=1&resize=350%2C200","width":350,"height":200,"srcset":"https:\/\/i0.wp.com\/naillycosmetics.com\/wp-content\/uploads\/2026\/02\/iq-vegan-nail-polish-032-.webp?fit=750%2C1000&ssl=1&resize=350%2C200 1x, https:\/\/i0.wp.com\/naillycosmetics.com\/wp-content\/uploads\/2026\/02\/iq-vegan-nail-polish-032-.webp?fit=750%2C1000&ssl=1&resize=525%2C300 1.5x, https:\/\/i0.wp.com\/naillycosmetics.com\/wp-content\/uploads\/2026\/02\/iq-vegan-nail-polish-032-.webp?fit=750%2C1000&ssl=1&resize=700%2C400 2x"},"classes":[]},{"id":23705,"url":"https:\/\/naillycosmetics.com\/fr\/produit\/victoria-vynn-gel-polish-no-432-dark-couture\/","url_meta":{"origin":16080,"position":2},"title":"Victoria VYNN Gel Polish No. 432 Dark Couture","author":"Serge Sahakian","date":"novembre 19, 2025","format":false,"excerpt":"Deep graphite with a couture, Paris-backstage mood. This is your alternative to classic black: still dark and dramatic, but softer and more fashion-forward. Perfect for evening manicures, \u201cdark glamour\u201d looks, and anyone who loves bold, minimalist nails in autumn and winter. Collection:\u00a0Fashion Follower Product Specifications: \u00a0 \u00a0 \u00a0 \u00a0 \u00a0\u2026","rel":"","context":"Article similaire","block_context":{"text":"Article similaire","link":""},"img":{"alt_text":"","src":"https:\/\/i0.wp.com\/naillycosmetics.com\/wp-content\/uploads\/2026\/02\/victoria-vynn-gel-polish-fashion-follower-no.-432-dark-couture.webp?fit=750%2C1000&ssl=1&resize=350%2C200","width":350,"height":200,"srcset":"https:\/\/i0.wp.com\/naillycosmetics.com\/wp-content\/uploads\/2026\/02\/victoria-vynn-gel-polish-fashion-follower-no.-432-dark-couture.webp?fit=750%2C1000&ssl=1&resize=350%2C200 1x, https:\/\/i0.wp.com\/naillycosmetics.com\/wp-content\/uploads\/2026\/02\/victoria-vynn-gel-polish-fashion-follower-no.-432-dark-couture.webp?fit=750%2C1000&ssl=1&resize=525%2C300 1.5x, https:\/\/i0.wp.com\/naillycosmetics.com\/wp-content\/uploads\/2026\/02\/victoria-vynn-gel-polish-fashion-follower-no.-432-dark-couture.webp?fit=750%2C1000&ssl=1&resize=700%2C400 2x"},"classes":[]},{"id":23703,"url":"https:\/\/naillycosmetics.com\/fr\/produit\/victoria-vynn-gel-polish-no-433-jeanious\/","url_meta":{"origin":16080,"position":3},"title":"Victoria VYNN Gel Polish No. 433 Jeanious","author":"Serge Sahakian","date":"novembre 19, 2025","format":false,"excerpt":"A denim navy that feels like your favorite pair of jeans: reliable, relaxed and always stylish. This shade brings casual, urban character to everyday nails and is great for all-over color or combined with nudes and whites for trendy, street-style designs. Collection:\u00a0Fashion Follower Product Specifications: \u00a0 \u00a0 \u00a0 \u00a0 \u00a0\u2026","rel":"","context":"Article similaire","block_context":{"text":"Article similaire","link":""},"img":{"alt_text":"Victoria vynn gel polish fashion follower no. 433 Jeanious","src":"https:\/\/i0.wp.com\/naillycosmetics.com\/wp-content\/uploads\/2026\/02\/victoria-vynn-gel-polish-fashion-follower-no.-433-jeanious.webp?fit=750%2C1000&ssl=1&resize=350%2C200","width":350,"height":200,"srcset":"https:\/\/i0.wp.com\/naillycosmetics.com\/wp-content\/uploads\/2026\/02\/victoria-vynn-gel-polish-fashion-follower-no.-433-jeanious.webp?fit=750%2C1000&ssl=1&resize=350%2C200 1x, https:\/\/i0.wp.com\/naillycosmetics.com\/wp-content\/uploads\/2026\/02\/victoria-vynn-gel-polish-fashion-follower-no.-433-jeanious.webp?fit=750%2C1000&ssl=1&resize=525%2C300 1.5x, https:\/\/i0.wp.com\/naillycosmetics.com\/wp-content\/uploads\/2026\/02\/victoria-vynn-gel-polish-fashion-follower-no.-433-jeanious.webp?fit=750%2C1000&ssl=1&resize=700%2C400 2x"},"classes":[]},{"id":23709,"url":"https:\/\/naillycosmetics.com\/fr\/produit\/victoria-vynn-gel-polish-no-435-berry-hot\/","url_meta":{"origin":16080,"position":4},"title":"Victoria VYNN Gel Polish No. 435 Berry Hot","author":"Serge Sahakian","date":"novembre 19, 2025","format":false,"excerpt":"A sensual rose-brown (brown-pink) that embodies \u201cquiet luxury.\u201d Elegant, soft and super versatile, it\u2019s perfect for refined nude manicures, client-friendly salon work, and anyone who loves sophisticated, understated color that still looks premium. Collection:\u00a0Fashion Follower Product Specifications: \u00a0 \u00a0 \u00a0 \u00a0 \u00a0 \u00a0 \u00a0 \u00a0 Consistency: medium-thick, with \"self-levelling\" finish.\u2026","rel":"","context":"Article similaire","block_context":{"text":"Article similaire","link":""},"img":{"alt_text":"Victoria vynn gel polish fashion follower no. 435 Berry Hot","src":"https:\/\/i0.wp.com\/naillycosmetics.com\/wp-content\/uploads\/2026\/02\/victoria-vynn-gel-polish-fashion-follower-no.-435-berry-hot-.webp?fit=750%2C1000&ssl=1&resize=350%2C200","width":350,"height":200,"srcset":"https:\/\/i0.wp.com\/naillycosmetics.com\/wp-content\/uploads\/2026\/02\/victoria-vynn-gel-polish-fashion-follower-no.-435-berry-hot-.webp?fit=750%2C1000&ssl=1&resize=350%2C200 1x, https:\/\/i0.wp.com\/naillycosmetics.com\/wp-content\/uploads\/2026\/02\/victoria-vynn-gel-polish-fashion-follower-no.-435-berry-hot-.webp?fit=750%2C1000&ssl=1&resize=525%2C300 1.5x, https:\/\/i0.wp.com\/naillycosmetics.com\/wp-content\/uploads\/2026\/02\/victoria-vynn-gel-polish-fashion-follower-no.-435-berry-hot-.webp?fit=750%2C1000&ssl=1&resize=700%2C400 2x"},"classes":[]},{"id":23707,"url":"https:\/\/naillycosmetics.com\/fr\/produit\/victoria-vynn-gel-polish-no-434-blush-rush\/","url_meta":{"origin":16080,"position":5},"title":"Victoria VYNN Gel Polish No. 434 Blush Rush","author":"Serge Sahakian","date":"novembre 19, 2025","format":false,"excerpt":"A sensual rose-brown (brown-pink) that embodies \u201cquiet luxury.\u201d Elegant, soft and super versatile, it\u2019s perfect for refined nude manicures, client-friendly salon work, and anyone who loves sophisticated, understated color that still looks premium. Collection:\u00a0Fashion Follower Product Specifications: \u00a0 \u00a0 \u00a0 \u00a0 \u00a0 Consistency: medium-thick, with \"self-levelling\" finish. Coverage & Cure:\u2026","rel":"","context":"Article similaire","block_context":{"text":"Article similaire","link":""},"img":{"alt_text":"Victoria vynn gel polish fashion follower no. 434 Blush Rush","src":"https:\/\/i0.wp.com\/naillycosmetics.com\/wp-content\/uploads\/2026\/02\/victoria-vynn-gel-polish-fashion-follower-no.-434-blush-rush.webp?fit=750%2C1000&ssl=1&resize=350%2C200","width":350,"height":200,"srcset":"https:\/\/i0.wp.com\/naillycosmetics.com\/wp-content\/uploads\/2026\/02\/victoria-vynn-gel-polish-fashion-follower-no.-434-blush-rush.webp?fit=750%2C1000&ssl=1&resize=350%2C200 1x, https:\/\/i0.wp.com\/naillycosmetics.com\/wp-content\/uploads\/2026\/02\/victoria-vynn-gel-polish-fashion-follower-no.-434-blush-rush.webp?fit=750%2C1000&ssl=1&resize=525%2C300 1.5x, https:\/\/i0.wp.com\/naillycosmetics.com\/wp-content\/uploads\/2026\/02\/victoria-vynn-gel-polish-fashion-follower-no.-434-blush-rush.webp?fit=750%2C1000&ssl=1&resize=700%2C400 2x"},"classes":[]}],"jetpack_sharing_enabled":true,"_links":{"self":[{"href":"https:\/\/naillycosmetics.com\/fr\/wp-json\/wp\/v2\/product\/16080","targetHints":{"allow":["GET"]}}],"collection":[{"href":"https:\/\/naillycosmetics.com\/fr\/wp-json\/wp\/v2\/product"}],"about":[{"href":"https:\/\/naillycosmetics.com\/fr\/wp-json\/wp\/v2\/types\/product"}],"replies":[{"embeddable":true,"href":"https:\/\/naillycosmetics.com\/fr\/wp-json\/wp\/v2\/comments?post=16080"}],"wp:featuredmedia":[{"embeddable":true,"href":"https:\/\/naillycosmetics.com\/fr\/wp-json\/wp\/v2\/media\/25454"}],"wp:attachment":[{"href":"https:\/\/naillycosmetics.com\/fr\/wp-json\/wp\/v2\/media?parent=16080"}],"wp:term":[{"taxonomy":"product_brand","embeddable":true,"href":"https:\/\/naillycosmetics.com\/fr\/wp-json\/wp\/v2\/product_brand?post=16080"},{"taxonomy":"product_cat","embeddable":true,"href":"https:\/\/naillycosmetics.com\/fr\/wp-json\/wp\/v2\/product_cat?post=16080"},{"taxonomy":"product_tag","embeddable":true,"href":"https:\/\/naillycosmetics.com\/fr\/wp-json\/wp\/v2\/product_tag?post=16080"}],"curies":[{"name":"wp","href":"https:\/\/api.w.org\/{rel}","templated":true}]}}