{"id":16078,"date":"2023-10-19T22:22:20","date_gmt":"2023-10-20T02:22:20","guid":{"rendered":"https:\/\/naillycosmetics.com\/product\/vynn-pure-creamy-hybrid-gel-polish-no-247-in-the-dark\/"},"modified":"2026-04-06T13:27:47","modified_gmt":"2026-04-06T17:27:47","slug":"vynn-pure-creamy-hybrid-gel-polish-no-247-in-the-dark","status":"publish","type":"product","link":"https:\/\/naillycosmetics.com\/fr\/produit\/vynn-pure-creamy-hybrid-gel-polish-no-247-in-the-dark\/","title":{"rendered":"Victoria VYNN Pure Creamy Hybrid Gel Polish No. 247 In the Dark (Dans l'obscurit\u00e9)"},"content":{"rendered":"","protected":false},"excerpt":{"rendered":"","protected":false},"featured_media":25483,"comment_status":"open","ping_status":"closed","template":"","meta":{"jetpack_post_was_ever_published":false,"jetpack_publicize_message":"","jetpack_publicize_feature_enabled":true,"jetpack_social_post_already_shared":false,"jetpack_social_options":{"image_generator_settings":{"template":"highway","default_image_id":0,"font":"","enabled":false},"version":2}},"product_brand":[932],"product_cat":[48],"product_tag":[959,828,103],"class_list":{"0":"post-16078","1":"product","2":"type-product","3":"status-publish","4":"has-post-thumbnail","6":"product_brand-victoria-vynn","7":"product_cat-hybrid-gel-nail-colors","8":"product_tag-autumn-winter-pure-creamy-hybrid-colors","9":"product_tag-pure-creamy-hybrid-earthy-collection","10":"product_tag-creamy-gel-polish","12":"first","13":"instock","14":"taxable","15":"shipping-taxable","16":"purchasable","17":"product-type-simple"},"jetpack_publicize_connections":[],"jetpack-related-posts":[{"id":4267,"url":"https:\/\/naillycosmetics.com\/fr\/produit\/victoria-vynn-dark-fuchsia-gel-polish-128\/","url_meta":{"origin":16078,"position":0},"title":"Victoria VYNN Pure Creamy Hybrid Gel Polish No. 128 Dark Fuchsia","author":"Serge Sahakian","date":"septembre 2, 2022","format":false,"excerpt":"The Best Magnificent Dark Fuchsia Gel Polish! Victoria VYNN Pure Creamy Hybrid High Pigment Gel Polish 128 Dark Fuchsia is a Deep, decisive Fuchsia with a drop of violet. Canada's Leading Distributor of Professional Nail Supplies. Buy with Confidence! Product Specifications: \u00a0 \u00a0 \u00a0 \u00a0 \u00a0 \u00a0 \u00a0 Stock Availability:","rel":"","context":"Article similaire","block_context":{"text":"Article similaire","link":""},"img":{"alt_text":"Victoria VYNN Pure Dark Fuchsia Gel Polish Pure Creamy No. 128","src":"https:\/\/i0.wp.com\/naillycosmetics.com\/wp-content\/uploads\/2026\/02\/victoria-vynn-pure-dark-fuchsia-gel-polish-pure-creamy-no.-128-.webp?fit=750%2C1000&ssl=1&resize=350%2C200","width":350,"height":200,"srcset":"https:\/\/i0.wp.com\/naillycosmetics.com\/wp-content\/uploads\/2026\/02\/victoria-vynn-pure-dark-fuchsia-gel-polish-pure-creamy-no.-128-.webp?fit=750%2C1000&ssl=1&resize=350%2C200 1x, https:\/\/i0.wp.com\/naillycosmetics.com\/wp-content\/uploads\/2026\/02\/victoria-vynn-pure-dark-fuchsia-gel-polish-pure-creamy-no.-128-.webp?fit=750%2C1000&ssl=1&resize=525%2C300 1.5x, https:\/\/i0.wp.com\/naillycosmetics.com\/wp-content\/uploads\/2026\/02\/victoria-vynn-pure-dark-fuchsia-gel-polish-pure-creamy-no.-128-.webp?fit=750%2C1000&ssl=1&resize=700%2C400 2x"},"classes":[]},{"id":4257,"url":"https:\/\/naillycosmetics.com\/fr\/produit\/victoria-vynn-dark-chocolate-truffle-nails\/","url_meta":{"origin":16078,"position":1},"title":"Victoria VYNN Pure Creamy Hybrid Gel Polish No. 136 Dark Truffle","author":"Serge Sahakian","date":"septembre 2, 2022","format":false,"excerpt":"Vernis \u00e0 ongles fantaisie au chocolat noir et \u00e0 la truffe ! Victoria VYNN Pure Creamy Hybrid High Pigment Gel Polish 136 Dark Truffle est une couleur truffe tr\u00e8s fonc\u00e9e qui rassemble toutes les nuances uniques de brun, violet et rouge. Le premier distributeur canadien de fournitures professionnelles pour les ongles. Achetez en toute confiance ! Sp\u00e9cifications du produit :  ...","rel":"","context":"Article similaire","block_context":{"text":"Article similaire","link":""},"img":{"alt_text":"Victoria VYNN Pure dark chocolate truffle nails gel polish 136 dark truffle","src":"https:\/\/i0.wp.com\/naillycosmetics.com\/wp-content\/uploads\/2026\/02\/victoria-vynn-pure-dark-chocolate-truffle-nails-gel-polish-136-dark-truffle.webp?fit=750%2C1000&ssl=1&resize=350%2C200","width":350,"height":200,"srcset":"https:\/\/i0.wp.com\/naillycosmetics.com\/wp-content\/uploads\/2026\/02\/victoria-vynn-pure-dark-chocolate-truffle-nails-gel-polish-136-dark-truffle.webp?fit=750%2C1000&ssl=1&resize=350%2C200 1x, https:\/\/i0.wp.com\/naillycosmetics.com\/wp-content\/uploads\/2026\/02\/victoria-vynn-pure-dark-chocolate-truffle-nails-gel-polish-136-dark-truffle.webp?fit=750%2C1000&ssl=1&resize=525%2C300 1.5x, https:\/\/i0.wp.com\/naillycosmetics.com\/wp-content\/uploads\/2026\/02\/victoria-vynn-pure-dark-chocolate-truffle-nails-gel-polish-136-dark-truffle.webp?fit=750%2C1000&ssl=1&resize=700%2C400 2x"},"classes":[]},{"id":4307,"url":"https:\/\/naillycosmetics.com\/fr\/produit\/victoria-vynn-dark-grey-nails-pure-094\/","url_meta":{"origin":16078,"position":2},"title":"Victoria VYNN Pure Creamy Hybrid Gel Polish No. 094 Fashion Grey","author":"Serge Sahakian","date":"septembre 2, 2022","format":false,"excerpt":"Des ongles gris fonc\u00e9 incroyables ! Victoria VYNN Pure Creamy Hybrid High Pigment Gel Polish 094 Fashion Grey est une teinte gris fonc\u00e9 unique ! Le principal distributeur canadien de fournitures professionnelles pour les ongles. Achetez en toute confiance ! Sp\u00e9cifications du produit :               Disponibilit\u00e9 du stock :","rel":"","context":"Article similaire","block_context":{"text":"Article similaire","link":""},"img":{"alt_text":"victoria vynn dark grey nails pure creamy hybrid 094 Fashion Grey","src":"https:\/\/i0.wp.com\/naillycosmetics.com\/wp-content\/uploads\/2026\/02\/victoria-vynn-dark-grey-nails-pure-creamy-hybrid-094-fashion-grey.webp?fit=750%2C1000&ssl=1&resize=350%2C200","width":350,"height":200,"srcset":"https:\/\/i0.wp.com\/naillycosmetics.com\/wp-content\/uploads\/2026\/02\/victoria-vynn-dark-grey-nails-pure-creamy-hybrid-094-fashion-grey.webp?fit=750%2C1000&ssl=1&resize=350%2C200 1x, https:\/\/i0.wp.com\/naillycosmetics.com\/wp-content\/uploads\/2026\/02\/victoria-vynn-dark-grey-nails-pure-creamy-hybrid-094-fashion-grey.webp?fit=750%2C1000&ssl=1&resize=525%2C300 1.5x, https:\/\/i0.wp.com\/naillycosmetics.com\/wp-content\/uploads\/2026\/02\/victoria-vynn-dark-grey-nails-pure-creamy-hybrid-094-fashion-grey.webp?fit=750%2C1000&ssl=1&resize=700%2C400 2x"},"classes":[]},{"id":4347,"url":"https:\/\/naillycosmetics.com\/fr\/produit\/aubergine-dark-purple-black-gel-polish-062\/","url_meta":{"origin":16078,"position":3},"title":"Victoria VYNN Pure Creamy Hybrid Gel Polish No. 062 Black Tulip","author":"Serge Sahakian","date":"septembre 2, 2022","format":false,"excerpt":"Gel Polish Aubergine violet fonc\u00e9 noir super \u00e9l\u00e9gant ! Victoria VYNN Pure Creamy Hybrid High Pigment Gel Polish 061 After Party est agr\u00e9ment\u00e9 de particules multicolores dans une \u00e9tonnante teinte violet fonc\u00e9. Le premier distributeur canadien de fournitures professionnelles pour les ongles. Achetez en toute confiance ! Sp\u00e9cifications du produit :               Stock...","rel":"","context":"Article similaire","block_context":{"text":"Article similaire","link":""},"img":{"alt_text":"Best Aubergine Dark Purple Black Gel Polish Victoria VYNN Pure Creamy Hybrid 062 Black Tulip","src":"https:\/\/i0.wp.com\/naillycosmetics.com\/wp-content\/uploads\/2026\/02\/best-aubergine-dark-ourple-black-gel-polish-victoria-vynn-pure-creamy-hybrid-062-black-tulip.webp?fit=750%2C1000&ssl=1&resize=350%2C200","width":350,"height":200,"srcset":"https:\/\/i0.wp.com\/naillycosmetics.com\/wp-content\/uploads\/2026\/02\/best-aubergine-dark-ourple-black-gel-polish-victoria-vynn-pure-creamy-hybrid-062-black-tulip.webp?fit=750%2C1000&ssl=1&resize=350%2C200 1x, https:\/\/i0.wp.com\/naillycosmetics.com\/wp-content\/uploads\/2026\/02\/best-aubergine-dark-ourple-black-gel-polish-victoria-vynn-pure-creamy-hybrid-062-black-tulip.webp?fit=750%2C1000&ssl=1&resize=525%2C300 1.5x, https:\/\/i0.wp.com\/naillycosmetics.com\/wp-content\/uploads\/2026\/02\/best-aubergine-dark-ourple-black-gel-polish-victoria-vynn-pure-creamy-hybrid-062-black-tulip.webp?fit=750%2C1000&ssl=1&resize=700%2C400 2x"},"classes":[]},{"id":4413,"url":"https:\/\/naillycosmetics.com\/fr\/produit\/gel-nail-polish-dark-red-024-forever-crims\/","url_meta":{"origin":16078,"position":4},"title":"Victoria VYNN Pure Creamy Hybrid Gel Polish No. 024 Forever Crims","author":"Serge Sahakian","date":"septembre 2, 2022","format":false,"excerpt":"Le plus \u00e9l\u00e9gant des vernis \u00e0 ongles en gel rouge fonc\u00e9 ! Victoria VYNN Pure Creamy Hybrid High Pigment Gel Polish 024 Forever Crims est un rouge \u00e9carlate qui ajoute de la classe \u00e0 n'importe quel design. Le premier distributeur canadien de fournitures professionnelles pour les ongles. Achetez en toute confiance ! Sp\u00e9cifications du produit :               Disponibilit\u00e9 du stock :","rel":"","context":"Article similaire","block_context":{"text":"Article similaire","link":""},"img":{"alt_text":"Best Selling Gel Red nail polish dark red Victoria VYNN Pure Creamy Hybrid 024 Forever Crimson","src":"https:\/\/i0.wp.com\/naillycosmetics.com\/wp-content\/uploads\/2026\/02\/best-selling-gel-red-nail-polish-dark-red-victoria-vynn-pure-creamy-hybrid-024-forever-crimson.webp?fit=750%2C1000&ssl=1&resize=350%2C200","width":350,"height":200,"srcset":"https:\/\/i0.wp.com\/naillycosmetics.com\/wp-content\/uploads\/2026\/02\/best-selling-gel-red-nail-polish-dark-red-victoria-vynn-pure-creamy-hybrid-024-forever-crimson.webp?fit=750%2C1000&ssl=1&resize=350%2C200 1x, https:\/\/i0.wp.com\/naillycosmetics.com\/wp-content\/uploads\/2026\/02\/best-selling-gel-red-nail-polish-dark-red-victoria-vynn-pure-creamy-hybrid-024-forever-crimson.webp?fit=750%2C1000&ssl=1&resize=525%2C300 1.5x, https:\/\/i0.wp.com\/naillycosmetics.com\/wp-content\/uploads\/2026\/02\/best-selling-gel-red-nail-polish-dark-red-victoria-vynn-pure-creamy-hybrid-024-forever-crimson.webp?fit=750%2C1000&ssl=1&resize=700%2C400 2x"},"classes":[]},{"id":4349,"url":"https:\/\/naillycosmetics.com\/fr\/produit\/shimmery-dark-purple-nails-061-after-party\/","url_meta":{"origin":16078,"position":5},"title":"Victoria VYNN Pure Creamy Hybrid Gel Polish No. 061 After Party","author":"Serge Sahakian","date":"septembre 2, 2022","format":false,"excerpt":"Fantastiques ongles en gel violet fonc\u00e9 chatoyants ! Victoria VYNN Pure Creamy Hybrid High Pigment Gel Polish 061 After Party est agr\u00e9ment\u00e9 de particules multicolores dans une incroyable teinte violet fonc\u00e9. Le premier distributeur canadien de fournitures professionnelles pour les ongles. Achetez en toute confiance ! Sp\u00e9cifications du produit :               Disponibilit\u00e9 du stock :","rel":"","context":"Article similaire","block_context":{"text":"Article similaire","link":""},"img":{"alt_text":"Best Shimmery Dark Purple Nails Victoria VYNN Pure Creamy Hybrid 061 After Party","src":"https:\/\/i0.wp.com\/naillycosmetics.com\/wp-content\/uploads\/2026\/02\/best-shimmery-dark-pruple-nails-victoria-vynn-pure-creamy-hybrid-061-after-party.webp?fit=750%2C1000&ssl=1&resize=350%2C200","width":350,"height":200,"srcset":"https:\/\/i0.wp.com\/naillycosmetics.com\/wp-content\/uploads\/2026\/02\/best-shimmery-dark-pruple-nails-victoria-vynn-pure-creamy-hybrid-061-after-party.webp?fit=750%2C1000&ssl=1&resize=350%2C200 1x, https:\/\/i0.wp.com\/naillycosmetics.com\/wp-content\/uploads\/2026\/02\/best-shimmery-dark-pruple-nails-victoria-vynn-pure-creamy-hybrid-061-after-party.webp?fit=750%2C1000&ssl=1&resize=525%2C300 1.5x, https:\/\/i0.wp.com\/naillycosmetics.com\/wp-content\/uploads\/2026\/02\/best-shimmery-dark-pruple-nails-victoria-vynn-pure-creamy-hybrid-061-after-party.webp?fit=750%2C1000&ssl=1&resize=700%2C400 2x"},"classes":[]}],"jetpack_sharing_enabled":true,"_links":{"self":[{"href":"https:\/\/naillycosmetics.com\/fr\/wp-json\/wp\/v2\/product\/16078","targetHints":{"allow":["GET"]}}],"collection":[{"href":"https:\/\/naillycosmetics.com\/fr\/wp-json\/wp\/v2\/product"}],"about":[{"href":"https:\/\/naillycosmetics.com\/fr\/wp-json\/wp\/v2\/types\/product"}],"replies":[{"embeddable":true,"href":"https:\/\/naillycosmetics.com\/fr\/wp-json\/wp\/v2\/comments?post=16078"}],"wp:featuredmedia":[{"embeddable":true,"href":"https:\/\/naillycosmetics.com\/fr\/wp-json\/wp\/v2\/media\/25483"}],"wp:attachment":[{"href":"https:\/\/naillycosmetics.com\/fr\/wp-json\/wp\/v2\/media?parent=16078"}],"wp:term":[{"taxonomy":"product_brand","embeddable":true,"href":"https:\/\/naillycosmetics.com\/fr\/wp-json\/wp\/v2\/product_brand?post=16078"},{"taxonomy":"product_cat","embeddable":true,"href":"https:\/\/naillycosmetics.com\/fr\/wp-json\/wp\/v2\/product_cat?post=16078"},{"taxonomy":"product_tag","embeddable":true,"href":"https:\/\/naillycosmetics.com\/fr\/wp-json\/wp\/v2\/product_tag?post=16078"}],"curies":[{"name":"wp","href":"https:\/\/api.w.org\/{rel}","templated":true}]}}