{"id":16077,"date":"2023-10-19T22:22:19","date_gmt":"2023-10-20T02:22:19","guid":{"rendered":"https:\/\/naillycosmetics.com\/product\/victoria-vynn-pure-creamy-hybrid-gel-polish-no-246-deep-sea\/"},"modified":"2026-02-24T21:09:08","modified_gmt":"2026-02-25T02:09:08","slug":"victoria-vynn-pure-creamy-hybrid-gel-polish-no-246-deep-sea","status":"publish","type":"product","link":"https:\/\/naillycosmetics.com\/fr\/produit\/victoria-vynn-pure-creamy-hybrid-gel-polish-no-246-deep-sea\/","title":{"rendered":"Victoria VYNN Pure Creamy Hybrid Gel Polish No. 246 Deep Sea"},"content":{"rendered":"","protected":false},"excerpt":{"rendered":"","protected":false},"featured_media":25490,"comment_status":"open","ping_status":"closed","template":"","meta":{"jetpack_post_was_ever_published":false,"jetpack_publicize_message":"","jetpack_publicize_feature_enabled":true,"jetpack_social_post_already_shared":false,"jetpack_social_options":{"image_generator_settings":{"template":"highway","default_image_id":0,"font":"","enabled":false},"version":2}},"product_brand":[932],"product_cat":[48],"product_tag":[959,828,103],"class_list":{"0":"post-16077","1":"product","2":"type-product","3":"status-publish","4":"has-post-thumbnail","6":"product_brand-victoria-vynn","7":"product_cat-hybrid-gel-nail-colors","8":"product_tag-autumn-winter-pure-creamy-hybrid-colors","9":"product_tag-pure-creamy-hybrid-earthy-collection","10":"product_tag-creamy-gel-polish","12":"first","13":"instock","14":"taxable","15":"shipping-taxable","16":"purchasable","17":"product-type-simple"},"jetpack_publicize_connections":[],"jetpack-related-posts":[{"id":4277,"url":"https:\/\/naillycosmetics.com\/fr\/produit\/marigold-orange-nails-gel-polish-pure-123\/","url_meta":{"origin":16077,"position":0},"title":"Victoria VYNN Pure Creamy Hybrid Gel Polish No. 123 Deep Marigold","author":"Serge Sahakian","date":"septembre 2, 2022","format":false,"excerpt":"Le meilleur vernis en gel pour ongles Marigold Orange ! Victoria VYNN Pure Creamy Hybrid High Pigment Gel Polish 123 Deep Marigold est une teinte orange pure qui a \u00e9t\u00e9 tir\u00e9e de la couleur des p\u00e9tales de souci. Le premier distributeur canadien de fournitures professionnelles pour les ongles. Achetez en toute confiance ! Sp\u00e9cifications du produit :        ...","rel":"","context":"Article similaire","block_context":{"text":"Article similaire","link":""},"img":{"alt_text":"Victoria VYNN Pure Marigold Orange Nails Gel Polish no. 123 Deep Marigold","src":"https:\/\/i0.wp.com\/naillycosmetics.com\/wp-content\/uploads\/2026\/02\/victoria-vynn-pure-marigold-orange-nails-gel-polish-no.-123-deep-marigold-.webp?fit=750%2C1000&ssl=1&resize=350%2C200","width":350,"height":200,"srcset":"https:\/\/i0.wp.com\/naillycosmetics.com\/wp-content\/uploads\/2026\/02\/victoria-vynn-pure-marigold-orange-nails-gel-polish-no.-123-deep-marigold-.webp?fit=750%2C1000&ssl=1&resize=350%2C200 1x, https:\/\/i0.wp.com\/naillycosmetics.com\/wp-content\/uploads\/2026\/02\/victoria-vynn-pure-marigold-orange-nails-gel-polish-no.-123-deep-marigold-.webp?fit=750%2C1000&ssl=1&resize=525%2C300 1.5x, https:\/\/i0.wp.com\/naillycosmetics.com\/wp-content\/uploads\/2026\/02\/victoria-vynn-pure-marigold-orange-nails-gel-polish-no.-123-deep-marigold-.webp?fit=750%2C1000&ssl=1&resize=700%2C400 2x"},"classes":[]},{"id":4269,"url":"https:\/\/naillycosmetics.com\/fr\/produit\/victoria-vynn-violet-pink-gel-polish-127\/","url_meta":{"origin":16077,"position":1},"title":"Victoria VYNN Pure Creamy Hybrid Gel Polish No. 127 Rose Madder","author":"Serge Sahakian","date":"septembre 2, 2022","format":false,"excerpt":"Le meilleur vernis en gel rose violet merveilleux ! Victoria VYNN Pure Creamy Hybrid High Pigment Gel Polish 127 Rose Madder est un rose profond et d\u00e9cisif avec une goutte de violet. Le premier distributeur canadien de fournitures professionnelles pour les ongles. Achetez en toute confiance ! Sp\u00e9cifications du produit :               Disponibilit\u00e9 du stock :","rel":"","context":"Article similaire","block_context":{"text":"Article similaire","link":""},"img":{"alt_text":"Victoria VYNN Pure Violet Pink Gel Polish Rose Madder No. 127 Pure Creamy","src":"https:\/\/i0.wp.com\/naillycosmetics.com\/wp-content\/uploads\/2026\/02\/victoria-vynn-pure-violet-pink-gel-polish-rose-madder-no.-127-pure-creamy.webp?fit=750%2C1000&ssl=1&resize=350%2C200","width":350,"height":200,"srcset":"https:\/\/i0.wp.com\/naillycosmetics.com\/wp-content\/uploads\/2026\/02\/victoria-vynn-pure-violet-pink-gel-polish-rose-madder-no.-127-pure-creamy.webp?fit=750%2C1000&ssl=1&resize=350%2C200 1x, https:\/\/i0.wp.com\/naillycosmetics.com\/wp-content\/uploads\/2026\/02\/victoria-vynn-pure-violet-pink-gel-polish-rose-madder-no.-127-pure-creamy.webp?fit=750%2C1000&ssl=1&resize=525%2C300 1.5x, https:\/\/i0.wp.com\/naillycosmetics.com\/wp-content\/uploads\/2026\/02\/victoria-vynn-pure-violet-pink-gel-polish-rose-madder-no.-127-pure-creamy.webp?fit=750%2C1000&ssl=1&resize=700%2C400 2x"},"classes":[]},{"id":4267,"url":"https:\/\/naillycosmetics.com\/fr\/produit\/victoria-vynn-dark-fuchsia-gel-polish-128\/","url_meta":{"origin":16077,"position":2},"title":"Victoria VYNN Pure Creamy Hybrid Gel Polish No. 128 Dark Fuchsia","author":"Serge Sahakian","date":"septembre 2, 2022","format":false,"excerpt":"The Best Magnificent Dark Fuchsia Gel Polish! Victoria VYNN Pure Creamy Hybrid High Pigment Gel Polish 128 Dark Fuchsia is a Deep, decisive Fuchsia with a drop of violet. Canada's Leading Distributor of Professional Nail Supplies. Buy with Confidence! Product Specifications: \u00a0 \u00a0 \u00a0 \u00a0 \u00a0 \u00a0 \u00a0 Stock Availability:","rel":"","context":"Article similaire","block_context":{"text":"Article similaire","link":""},"img":{"alt_text":"Victoria VYNN Pure Dark Fuchsia Gel Polish Pure Creamy No. 128","src":"https:\/\/i0.wp.com\/naillycosmetics.com\/wp-content\/uploads\/2026\/02\/victoria-vynn-pure-dark-fuchsia-gel-polish-pure-creamy-no.-128-.webp?fit=750%2C1000&ssl=1&resize=350%2C200","width":350,"height":200,"srcset":"https:\/\/i0.wp.com\/naillycosmetics.com\/wp-content\/uploads\/2026\/02\/victoria-vynn-pure-dark-fuchsia-gel-polish-pure-creamy-no.-128-.webp?fit=750%2C1000&ssl=1&resize=350%2C200 1x, https:\/\/i0.wp.com\/naillycosmetics.com\/wp-content\/uploads\/2026\/02\/victoria-vynn-pure-dark-fuchsia-gel-polish-pure-creamy-no.-128-.webp?fit=750%2C1000&ssl=1&resize=525%2C300 1.5x, https:\/\/i0.wp.com\/naillycosmetics.com\/wp-content\/uploads\/2026\/02\/victoria-vynn-pure-dark-fuchsia-gel-polish-pure-creamy-no.-128-.webp?fit=750%2C1000&ssl=1&resize=700%2C400 2x"},"classes":[]},{"id":4353,"url":"https:\/\/naillycosmetics.com\/fr\/produit\/purple-lavender-nails-059-deep-lavender\/","url_meta":{"origin":16077,"position":3},"title":"Victoria VYNN Pure Creamy Hybrid Gel Polish No. 059 Deep Lavender","author":"Serge Sahakian","date":"septembre 2, 2022","format":false,"excerpt":"Charmants ongles violet profond lavande ! Victoria VYNN Pure Creamy Hybrid High Pigment Gel Polish 059 Deep Lavender est une teinte pourpre d\u00e9cente de Lavande. Le principal distributeur canadien de fournitures professionnelles pour les ongles. Achetez en toute confiance ! Sp\u00e9cifications du produit :               Disponibilit\u00e9 du stock :","rel":"","context":"Article similaire","block_context":{"text":"Article similaire","link":""},"img":{"alt_text":"Best Deep Purple lavender nails Victoria VYNN Pure Creamy Hybrid 059 Deep Lavender","src":"https:\/\/i0.wp.com\/naillycosmetics.com\/wp-content\/uploads\/2026\/02\/best-deep-purple-lavender-nails-victoria-vynn-pure-creamy-hybrid-059-deep-lavender-.webp?fit=750%2C1000&ssl=1&resize=350%2C200","width":350,"height":200,"srcset":"https:\/\/i0.wp.com\/naillycosmetics.com\/wp-content\/uploads\/2026\/02\/best-deep-purple-lavender-nails-victoria-vynn-pure-creamy-hybrid-059-deep-lavender-.webp?fit=750%2C1000&ssl=1&resize=350%2C200 1x, https:\/\/i0.wp.com\/naillycosmetics.com\/wp-content\/uploads\/2026\/02\/best-deep-purple-lavender-nails-victoria-vynn-pure-creamy-hybrid-059-deep-lavender-.webp?fit=750%2C1000&ssl=1&resize=525%2C300 1.5x, https:\/\/i0.wp.com\/naillycosmetics.com\/wp-content\/uploads\/2026\/02\/best-deep-purple-lavender-nails-victoria-vynn-pure-creamy-hybrid-059-deep-lavender-.webp?fit=750%2C1000&ssl=1&resize=700%2C400 2x"},"classes":[]},{"id":4367,"url":"https:\/\/naillycosmetics.com\/fr\/produit\/wine-red-nails-052-femme-fatale\/","url_meta":{"origin":16077,"position":4},"title":"Victoria VYNN Pure Creamy Hybrid Gel Polish No. 052 Femme Fatale","author":"Serge Sahakian","date":"septembre 2, 2022","format":false,"excerpt":"Adorables ongles rouge vin ! Victoria VYNN Pure Creamy Hybrid High Pigment Gel Polish 052 Femme Fatale est une nuance unique et profonde de vin rouge. Le premier distributeur canadien de fournitures professionnelles pour les ongles. Achetez en toute confiance ! Sp\u00e9cifications du produit :               Disponibilit\u00e9 du stock :","rel":"","context":"Article similaire","block_context":{"text":"Article similaire","link":""},"img":{"alt_text":"Adorable Wine Red Nails Victoria VYNN Pure Creamy Hybrid 052 Femme Fatale","src":"https:\/\/i0.wp.com\/naillycosmetics.com\/wp-content\/uploads\/2026\/02\/adorable-wine-red-nails-victoria-vynn-pure-creamy-hybrid-052-femme-fatale-.webp?fit=750%2C1000&ssl=1&resize=350%2C200","width":350,"height":200,"srcset":"https:\/\/i0.wp.com\/naillycosmetics.com\/wp-content\/uploads\/2026\/02\/adorable-wine-red-nails-victoria-vynn-pure-creamy-hybrid-052-femme-fatale-.webp?fit=750%2C1000&ssl=1&resize=350%2C200 1x, https:\/\/i0.wp.com\/naillycosmetics.com\/wp-content\/uploads\/2026\/02\/adorable-wine-red-nails-victoria-vynn-pure-creamy-hybrid-052-femme-fatale-.webp?fit=750%2C1000&ssl=1&resize=525%2C300 1.5x, https:\/\/i0.wp.com\/naillycosmetics.com\/wp-content\/uploads\/2026\/02\/adorable-wine-red-nails-victoria-vynn-pure-creamy-hybrid-052-femme-fatale-.webp?fit=750%2C1000&ssl=1&resize=700%2C400 2x"},"classes":[]},{"id":4411,"url":"https:\/\/naillycosmetics.com\/fr\/produit\/hot-red-valentines-day-nails-025-dry-wine\/","url_meta":{"origin":16077,"position":5},"title":"Victoria VYNN Pure Creamy Hybrid Gel Polish No. 025 Dry Wine (Vin sec)","author":"Serge Sahakian","date":"septembre 2, 2022","format":false,"excerpt":"Les ongles rouges les plus s\u00e9duisants de la Saint-Valentin ! Victoria VYNN Pure Creamy Hybrid High Pigment Gel Polish 025 Dry Wine est une nuance profonde et s\u00e9duisante de bordeaux Dry Wine, \u00e0 laquelle aucune \u00e9l\u00e9gante ne pourra r\u00e9sister. Le premier distributeur canadien de fournitures professionnelles pour les ongles. Achetez en toute confiance ! Sp\u00e9cifications du produit :  ...","rel":"","context":"Article similaire","block_context":{"text":"Article similaire","link":""},"img":{"alt_text":"Most seducing red valentines day nails Victoria VYNN Pure Creamy Hybrid 024 Dry Wine","src":"https:\/\/i0.wp.com\/naillycosmetics.com\/wp-content\/uploads\/2026\/02\/most-seducing-red-valentines-day-nails-victoria-vynn-pure-creamy-hybrid-024-dry-wine.webp?fit=750%2C1000&ssl=1&resize=350%2C200","width":350,"height":200,"srcset":"https:\/\/i0.wp.com\/naillycosmetics.com\/wp-content\/uploads\/2026\/02\/most-seducing-red-valentines-day-nails-victoria-vynn-pure-creamy-hybrid-024-dry-wine.webp?fit=750%2C1000&ssl=1&resize=350%2C200 1x, https:\/\/i0.wp.com\/naillycosmetics.com\/wp-content\/uploads\/2026\/02\/most-seducing-red-valentines-day-nails-victoria-vynn-pure-creamy-hybrid-024-dry-wine.webp?fit=750%2C1000&ssl=1&resize=525%2C300 1.5x, https:\/\/i0.wp.com\/naillycosmetics.com\/wp-content\/uploads\/2026\/02\/most-seducing-red-valentines-day-nails-victoria-vynn-pure-creamy-hybrid-024-dry-wine.webp?fit=750%2C1000&ssl=1&resize=700%2C400 2x"},"classes":[]}],"jetpack_sharing_enabled":true,"_links":{"self":[{"href":"https:\/\/naillycosmetics.com\/fr\/wp-json\/wp\/v2\/product\/16077","targetHints":{"allow":["GET"]}}],"collection":[{"href":"https:\/\/naillycosmetics.com\/fr\/wp-json\/wp\/v2\/product"}],"about":[{"href":"https:\/\/naillycosmetics.com\/fr\/wp-json\/wp\/v2\/types\/product"}],"replies":[{"embeddable":true,"href":"https:\/\/naillycosmetics.com\/fr\/wp-json\/wp\/v2\/comments?post=16077"}],"wp:featuredmedia":[{"embeddable":true,"href":"https:\/\/naillycosmetics.com\/fr\/wp-json\/wp\/v2\/media\/25490"}],"wp:attachment":[{"href":"https:\/\/naillycosmetics.com\/fr\/wp-json\/wp\/v2\/media?parent=16077"}],"wp:term":[{"taxonomy":"product_brand","embeddable":true,"href":"https:\/\/naillycosmetics.com\/fr\/wp-json\/wp\/v2\/product_brand?post=16077"},{"taxonomy":"product_cat","embeddable":true,"href":"https:\/\/naillycosmetics.com\/fr\/wp-json\/wp\/v2\/product_cat?post=16077"},{"taxonomy":"product_tag","embeddable":true,"href":"https:\/\/naillycosmetics.com\/fr\/wp-json\/wp\/v2\/product_tag?post=16077"}],"curies":[{"name":"wp","href":"https:\/\/api.w.org\/{rel}","templated":true}]}}