{"id":15136,"date":"2023-09-09T22:34:21","date_gmt":"2023-09-10T02:34:21","guid":{"rendered":"https:\/\/naillycosmetics.com\/product\/victoria-vynn-pastel-colors-pack-of-5\/"},"modified":"2026-03-04T19:58:56","modified_gmt":"2026-03-05T00:58:56","slug":"victoria-vynn-pastel-colors-pack-of-5","status":"publish","type":"product","link":"https:\/\/naillycosmetics.com\/fr\/produit\/victoria-vynn-pastel-colors-pack-of-5\/","title":{"rendered":"Victoria VYNN Couleurs pastel Paquet de 5"},"content":{"rendered":"","protected":false},"excerpt":{"rendered":"<p>Rose p\u00eache + Menthe + Citron + Lilas + Lavande<\/p>","protected":false},"featured_media":25703,"comment_status":"open","ping_status":"closed","template":"","meta":{"jetpack_post_was_ever_published":false,"jetpack_publicize_message":"","jetpack_publicize_feature_enabled":true,"jetpack_social_post_already_shared":false,"jetpack_social_options":{"image_generator_settings":{"template":"highway","default_image_id":0,"font":"","enabled":false},"version":2}},"product_brand":[932],"product_cat":[46],"product_tag":[],"class_list":{"0":"post-15136","1":"product","2":"type-product","3":"status-publish","4":"has-post-thumbnail","6":"product_brand-victoria-vynn","7":"product_cat-nail-gel-kit","9":"first","10":"instock","11":"taxable","12":"shipping-taxable","13":"purchasable","14":"product-type-simple"},"jetpack_publicize_connections":[],"jetpack-related-posts":[{"id":4425,"url":"https:\/\/naillycosmetics.com\/fr\/produit\/pastel-light-purple-nails-018-milky-lilac\/","url_meta":{"origin":15136,"position":0},"title":"Victoria VYNN Pure Creamy Hybrid Gel Polish No. 018 Milky Lilac","author":"Serge Sahakian","date":"septembre 2, 2022","format":false,"excerpt":"Wonderful Pastel Light Purple Nails ! The pastel, ethereal Milky Lilac violet highlights the tan and adds freshness to any design. This is How Victoria VYNN Pure Creamy Hybrid High Pigment Gel Polish Milky Lilac No. 018 is described! Canada's Leading Distributor of Professional Nail Supplies. Buy with Confidence! Product\u2026","rel":"","context":"Article similaire","block_context":{"text":"Article similaire","link":""},"img":{"alt_text":"delicate pastel light purple nails Victoria VYNN Pure Creamy Hybrid 018 Milky Lilac","src":"https:\/\/i0.wp.com\/naillycosmetics.com\/wp-content\/uploads\/2026\/02\/delicate-pastel-light-purple-nails-victoria-vynn-pure-creamy-hybrid-018-milky-lilac-.webp?fit=750%2C1000&ssl=1&resize=350%2C200","width":350,"height":200,"srcset":"https:\/\/i0.wp.com\/naillycosmetics.com\/wp-content\/uploads\/2026\/02\/delicate-pastel-light-purple-nails-victoria-vynn-pure-creamy-hybrid-018-milky-lilac-.webp?fit=750%2C1000&ssl=1&resize=350%2C200 1x, https:\/\/i0.wp.com\/naillycosmetics.com\/wp-content\/uploads\/2026\/02\/delicate-pastel-light-purple-nails-victoria-vynn-pure-creamy-hybrid-018-milky-lilac-.webp?fit=750%2C1000&ssl=1&resize=525%2C300 1.5x, https:\/\/i0.wp.com\/naillycosmetics.com\/wp-content\/uploads\/2026\/02\/delicate-pastel-light-purple-nails-victoria-vynn-pure-creamy-hybrid-018-milky-lilac-.webp?fit=750%2C1000&ssl=1&resize=700%2C400 2x"},"classes":[]},{"id":4285,"url":"https:\/\/naillycosmetics.com\/fr\/produit\/victoria-vynn-pure-lavender-nails-115\/","url_meta":{"origin":15136,"position":1},"title":"Victoria VYNN Pure Creamy Hybrid Gel Polish No. 115 Lavender Mist","author":"Serge Sahakian","date":"septembre 2, 2022","format":false,"excerpt":"Le meilleur vernis en gel pour les ongles \u00e0 la lavande ! Victoria VYNN Pure Creamy Hybrid High Pigment Gel Polish 115 La couleur violette pastel de Lavender Mist rappelle un champ de lavande sous une couette de brouillard. Le principal distributeur canadien de fournitures professionnelles pour les ongles. Achetez en toute confiance ! Sp\u00e9cifications du produit :            ...","rel":"","context":"Article similaire","block_context":{"text":"Article similaire","link":""},"img":{"alt_text":"victoria vynn lavender nails gel polish lavender mist no. 115","src":"https:\/\/i0.wp.com\/naillycosmetics.com\/wp-content\/uploads\/2026\/02\/victoria-vynn-lavender-nails-gel-polish-lavender-mist-no.-115.webp?fit=750%2C1000&ssl=1&resize=350%2C200","width":350,"height":200,"srcset":"https:\/\/i0.wp.com\/naillycosmetics.com\/wp-content\/uploads\/2026\/02\/victoria-vynn-lavender-nails-gel-polish-lavender-mist-no.-115.webp?fit=750%2C1000&ssl=1&resize=350%2C200 1x, https:\/\/i0.wp.com\/naillycosmetics.com\/wp-content\/uploads\/2026\/02\/victoria-vynn-lavender-nails-gel-polish-lavender-mist-no.-115.webp?fit=750%2C1000&ssl=1&resize=525%2C300 1.5x, https:\/\/i0.wp.com\/naillycosmetics.com\/wp-content\/uploads\/2026\/02\/victoria-vynn-lavender-nails-gel-polish-lavender-mist-no.-115.webp?fit=750%2C1000&ssl=1&resize=700%2C400 2x"},"classes":[]},{"id":4409,"url":"https:\/\/naillycosmetics.com\/fr\/produit\/sweet-pastel-green-nails-028-pastel-mint\/","url_meta":{"origin":15136,"position":2},"title":"Victoria VYNN Pure Creamy Hybrid Gel Polish No. 028 Pastel Mint","author":"Serge Sahakian","date":"septembre 2, 2022","format":false,"excerpt":"Sweet Pastel Green Nails?! Victoria VYNN Pure Creamy Hybrid High Pigment Gel Polish 028 Pastel Mint is a\u00a0summer manicure proposal that will add freshness and lightness to any design. Canada's Leading Distributor of Professional Nail Supplies. Buy with Confidence! Product Specifications: \u00a0 \u00a0 \u00a0 \u00a0 \u00a0 \u00a0 \u00a0 Stock Availability:","rel":"","context":"Article similaire","block_context":{"text":"Article similaire","link":""},"img":{"alt_text":"Sweet Pastel Green Nails Victoria VYNN Pure Creamy Hybrid 028 Pastel Mint","src":"https:\/\/i0.wp.com\/naillycosmetics.com\/wp-content\/uploads\/2026\/02\/seet-pastel-green-nails-victoria-vynn-pure-creamy-hybrid-028-pastel-mint-.webp?fit=750%2C1000&ssl=1&resize=350%2C200","width":350,"height":200,"srcset":"https:\/\/i0.wp.com\/naillycosmetics.com\/wp-content\/uploads\/2026\/02\/seet-pastel-green-nails-victoria-vynn-pure-creamy-hybrid-028-pastel-mint-.webp?fit=750%2C1000&ssl=1&resize=350%2C200 1x, https:\/\/i0.wp.com\/naillycosmetics.com\/wp-content\/uploads\/2026\/02\/seet-pastel-green-nails-victoria-vynn-pure-creamy-hybrid-028-pastel-mint-.webp?fit=750%2C1000&ssl=1&resize=525%2C300 1.5x, https:\/\/i0.wp.com\/naillycosmetics.com\/wp-content\/uploads\/2026\/02\/seet-pastel-green-nails-victoria-vynn-pure-creamy-hybrid-028-pastel-mint-.webp?fit=750%2C1000&ssl=1&resize=700%2C400 2x"},"classes":[]},{"id":5237,"url":"https:\/\/naillycosmetics.com\/fr\/produit\/victoria-vynn-salon-gel-polish-color-no-150\/","url_meta":{"origin":15136,"position":3},"title":"Victoria VYNN Salon Gel Polish No. 150 Surf Party","author":"Serge Sahakian","date":"septembre 4, 2022","format":false,"excerpt":"The lilac-pink Surf Party will fancifully add style to any design. Canada's Best Selling Victoria VYNN Gel Polish Color is a light-curable line of hybrid varnishes, which is used in two types of styling: 3-stage Hybrid System and 4-stage Soak Off System. Gel Polish Color impresses with the quality of\u2026","rel":"","context":"Article similaire","block_context":{"text":"Article similaire","link":""},"img":{"alt_text":"","src":"https:\/\/i0.wp.com\/naillycosmetics.com\/wp-content\/uploads\/2026\/02\/gel-polish-color-no-150-surf-party-1.jpg?fit=753%2C753&ssl=1&resize=350%2C200","width":350,"height":200,"srcset":"https:\/\/i0.wp.com\/naillycosmetics.com\/wp-content\/uploads\/2026\/02\/gel-polish-color-no-150-surf-party-1.jpg?fit=753%2C753&ssl=1&resize=350%2C200 1x, https:\/\/i0.wp.com\/naillycosmetics.com\/wp-content\/uploads\/2026\/02\/gel-polish-color-no-150-surf-party-1.jpg?fit=753%2C753&ssl=1&resize=525%2C300 1.5x, https:\/\/i0.wp.com\/naillycosmetics.com\/wp-content\/uploads\/2026\/02\/gel-polish-color-no-150-surf-party-1.jpg?fit=753%2C753&ssl=1&resize=700%2C400 2x"},"classes":[]},{"id":5199,"url":"https:\/\/naillycosmetics.com\/fr\/produit\/victoria-vynn-salon-gel-polish-color-no-195\/","url_meta":{"origin":15136,"position":4},"title":"Victoria VYNN Salon Gel Polish No. 195 Wild Thing","author":"Serge Sahakian","date":"septembre 4, 2022","format":false,"excerpt":"La combinaison d'une nuance de violet avec un soup\u00e7on de rose a donn\u00e9 un Wild Thing lilas doux et expressif. Victoria VYNN Gel Polish Color, la meilleure vente au Canada, est une gamme de vernis hybrides photopolym\u00e9risables, qui s'utilise dans deux types de coiffage : Syst\u00e8me hybride en 3 \u00e9tapes et Syst\u00e8me Soak Off en 4 \u00e9tapes....","rel":"","context":"Article similaire","block_context":{"text":"Article similaire","link":""},"img":{"alt_text":"","src":"https:\/\/i0.wp.com\/naillycosmetics.com\/wp-content\/uploads\/2026\/02\/gel-polish-color-no-195-wild-thing-1.jpg?fit=753%2C753&ssl=1&resize=350%2C200","width":350,"height":200,"srcset":"https:\/\/i0.wp.com\/naillycosmetics.com\/wp-content\/uploads\/2026\/02\/gel-polish-color-no-195-wild-thing-1.jpg?fit=753%2C753&ssl=1&resize=350%2C200 1x, https:\/\/i0.wp.com\/naillycosmetics.com\/wp-content\/uploads\/2026\/02\/gel-polish-color-no-195-wild-thing-1.jpg?fit=753%2C753&ssl=1&resize=525%2C300 1.5x, https:\/\/i0.wp.com\/naillycosmetics.com\/wp-content\/uploads\/2026\/02\/gel-polish-color-no-195-wild-thing-1.jpg?fit=753%2C753&ssl=1&resize=700%2C400 2x"},"classes":[]}],"jetpack_sharing_enabled":true,"_links":{"self":[{"href":"https:\/\/naillycosmetics.com\/fr\/wp-json\/wp\/v2\/product\/15136","targetHints":{"allow":["GET"]}}],"collection":[{"href":"https:\/\/naillycosmetics.com\/fr\/wp-json\/wp\/v2\/product"}],"about":[{"href":"https:\/\/naillycosmetics.com\/fr\/wp-json\/wp\/v2\/types\/product"}],"replies":[{"embeddable":true,"href":"https:\/\/naillycosmetics.com\/fr\/wp-json\/wp\/v2\/comments?post=15136"}],"wp:featuredmedia":[{"embeddable":true,"href":"https:\/\/naillycosmetics.com\/fr\/wp-json\/wp\/v2\/media\/25703"}],"wp:attachment":[{"href":"https:\/\/naillycosmetics.com\/fr\/wp-json\/wp\/v2\/media?parent=15136"}],"wp:term":[{"taxonomy":"product_brand","embeddable":true,"href":"https:\/\/naillycosmetics.com\/fr\/wp-json\/wp\/v2\/product_brand?post=15136"},{"taxonomy":"product_cat","embeddable":true,"href":"https:\/\/naillycosmetics.com\/fr\/wp-json\/wp\/v2\/product_cat?post=15136"},{"taxonomy":"product_tag","embeddable":true,"href":"https:\/\/naillycosmetics.com\/fr\/wp-json\/wp\/v2\/product_tag?post=15136"}],"curies":[{"name":"wp","href":"https:\/\/api.w.org\/{rel}","templated":true}]}}