{"id":15127,"date":"2023-09-09T21:13:36","date_gmt":"2023-09-10T01:13:36","guid":{"rendered":"https:\/\/naillycosmetics.com\/product\/staleks-manicure-set-for-kids-nail-nippers-nail-file-beauty-care-10-type-6\/"},"modified":"2026-03-05T19:58:23","modified_gmt":"2026-03-06T00:58:23","slug":"staleks-manicure-set-for-kids-nail-nippers-nail-file-beauty-care-10-type-6","status":"publish","type":"product","link":"https:\/\/naillycosmetics.com\/fr\/produit\/staleks-manicure-set-for-kids-nail-nippers-nail-file-beauty-care-10-type-6\/","title":{"rendered":"Staleks Set de manucure pour enfants (pince \u00e0 ongles + lime \u00e0 ongles) Beaut\u00e9 &amp; Soins 10 Type 6"},"content":{"rendered":"","protected":false},"excerpt":{"rendered":"<p>SBC-10\/6<\/p>","protected":false},"featured_media":25771,"comment_status":"open","ping_status":"closed","template":"","meta":{"jetpack_post_was_ever_published":false,"jetpack_publicize_message":"","jetpack_publicize_feature_enabled":true,"jetpack_social_post_already_shared":false,"jetpack_social_options":{"image_generator_settings":{"template":"highway","default_image_id":0,"font":"","enabled":false},"version":2}},"product_brand":[931],"product_cat":[660],"product_tag":[],"class_list":{"0":"post-15127","1":"product","2":"type-product","3":"status-publish","4":"has-post-thumbnail","6":"product_brand-staleks","7":"product_cat-staleks-nail-nippers-clippers","9":"first","10":"instock","11":"taxable","12":"shipping-taxable","13":"purchasable","14":"product-type-simple"},"jetpack_publicize_connections":[],"jetpack-related-posts":[{"id":15129,"url":"https:\/\/naillycosmetics.com\/fr\/produit\/staleks-set-of-matte-scissors-for-children-nail-file-beauty-care-10-type-7\/","url_meta":{"origin":15127,"position":0},"title":"Staleks Set de ciseaux mats pour enfants + lime \u00e0 ongles Beauty &amp; Care 10 Type 7","author":"Serge Sahakian","date":"septembre 9, 2023","format":false,"excerpt":"SBC-10\/7","rel":"","context":"Article similaire","block_context":{"text":"Article similaire","link":""},"img":{"alt_text":"","src":"https:\/\/i0.wp.com\/naillycosmetics.com\/wp-content\/uploads\/2026\/02\/sbc-10-7_7-1-1.jpg?fit=1200%2C1200&ssl=1&resize=350%2C200","width":350,"height":200,"srcset":"https:\/\/i0.wp.com\/naillycosmetics.com\/wp-content\/uploads\/2026\/02\/sbc-10-7_7-1-1.jpg?fit=1200%2C1200&ssl=1&resize=350%2C200 1x, https:\/\/i0.wp.com\/naillycosmetics.com\/wp-content\/uploads\/2026\/02\/sbc-10-7_7-1-1.jpg?fit=1200%2C1200&ssl=1&resize=525%2C300 1.5x, https:\/\/i0.wp.com\/naillycosmetics.com\/wp-content\/uploads\/2026\/02\/sbc-10-7_7-1-1.jpg?fit=1200%2C1200&ssl=1&resize=700%2C400 2x, https:\/\/i0.wp.com\/naillycosmetics.com\/wp-content\/uploads\/2026\/02\/sbc-10-7_7-1-1.jpg?fit=1200%2C1200&ssl=1&resize=1050%2C600 3x"},"classes":[]},{"id":17989,"url":"https:\/\/naillycosmetics.com\/fr\/produit\/staleks-beauty-care-10-type-4-matte-nail-scissors-for-kids\/","url_meta":{"origin":15127,"position":1},"title":"Staleks Beauty &amp; Care 10 Type 4 Matte Ciseaux \u00e0 ongles pour enfants","author":"Serge Sahakian","date":"mai 28, 2024","format":false,"excerpt":"SBC-10\/4","rel":"","context":"Article similaire","block_context":{"text":"Article similaire","link":""},"img":{"alt_text":"","src":"https:\/\/i0.wp.com\/naillycosmetics.com\/wp-content\/uploads\/2026\/02\/sbc-10-4-800x800-1.jpg?fit=800%2C800&ssl=1&resize=350%2C200","width":350,"height":200,"srcset":"https:\/\/i0.wp.com\/naillycosmetics.com\/wp-content\/uploads\/2026\/02\/sbc-10-4-800x800-1.jpg?fit=800%2C800&ssl=1&resize=350%2C200 1x, https:\/\/i0.wp.com\/naillycosmetics.com\/wp-content\/uploads\/2026\/02\/sbc-10-4-800x800-1.jpg?fit=800%2C800&ssl=1&resize=525%2C300 1.5x, https:\/\/i0.wp.com\/naillycosmetics.com\/wp-content\/uploads\/2026\/02\/sbc-10-4-800x800-1.jpg?fit=800%2C800&ssl=1&resize=700%2C400 2x"},"classes":[]},{"id":14594,"url":"https:\/\/naillycosmetics.com\/fr\/produit\/staleks-large-nail-clipper-with-nail-file\/","url_meta":{"origin":15127,"position":2},"title":"Staleks Beauty &amp; Care 51 Grand coupe-ongles avec lime \u00e0 ongles","author":"Serge Sahakian","date":"juillet 12, 2023","format":false,"excerpt":"Staleks Beauty &amp; Care Grand coupe-ongles de haute qualit\u00e9 avec lime \u00e0 ongles. Staleks se consacre \u00e0 la qualit\u00e9 de ses produits. L'acier utilis\u00e9 pour la production des embouts est exceptionnellement r\u00e9sistant \u00e0 la corrosion et d'une duret\u00e9 in\u00e9gal\u00e9e, garantissant un tranchant durable. Nous nous sommes associ\u00e9s \u00e0 Staleks au Canada pour fournir un...","rel":"","context":"Article similaire","block_context":{"text":"Article similaire","link":""},"img":{"alt_text":"Staleks LARGE nail clipper with nail file beauty & care 51 KBC-51__","src":"https:\/\/i0.wp.com\/naillycosmetics.com\/wp-content\/uploads\/2026\/02\/staleks-large-professional-nail-clipper-with-nail-file-beauty-care-51-kbc-51__-1-4.webp?fit=750%2C1000&ssl=1&resize=350%2C200","width":350,"height":200,"srcset":"https:\/\/i0.wp.com\/naillycosmetics.com\/wp-content\/uploads\/2026\/02\/staleks-large-professional-nail-clipper-with-nail-file-beauty-care-51-kbc-51__-1-4.webp?fit=750%2C1000&ssl=1&resize=350%2C200 1x, https:\/\/i0.wp.com\/naillycosmetics.com\/wp-content\/uploads\/2026\/02\/staleks-large-professional-nail-clipper-with-nail-file-beauty-care-51-kbc-51__-1-4.webp?fit=750%2C1000&ssl=1&resize=525%2C300 1.5x, https:\/\/i0.wp.com\/naillycosmetics.com\/wp-content\/uploads\/2026\/02\/staleks-large-professional-nail-clipper-with-nail-file-beauty-care-51-kbc-51__-1-4.webp?fit=750%2C1000&ssl=1&resize=700%2C400 2x"},"classes":[]},{"id":28391,"url":"https:\/\/naillycosmetics.com\/fr\/produit\/staleks-manicure-pusher-gummy-with-silicone-handle-uniq-10-type-6-rounded-wide-pusher-and-nail-cleaner\/","url_meta":{"origin":15127,"position":3},"title":"Staleks Pousseur manucure Gummy avec manche en silicone UNIQ 10 TYPE 6 (pousseur large arrondi et nettoyeur d'ongles)","author":"Serge Sahakian","date":"mars 4, 2026","format":false,"excerpt":"","rel":"","context":"Article similaire","block_context":{"text":"Article similaire","link":""},"img":{"alt_text":"","src":"https:\/\/i0.wp.com\/naillycosmetics.com\/wp-content\/uploads\/2026\/03\/ab32c0c0aa025561c333ce06e31edc49.jpg?fit=1200%2C1200&ssl=1&resize=350%2C200","width":350,"height":200,"srcset":"https:\/\/i0.wp.com\/naillycosmetics.com\/wp-content\/uploads\/2026\/03\/ab32c0c0aa025561c333ce06e31edc49.jpg?fit=1200%2C1200&ssl=1&resize=350%2C200 1x, https:\/\/i0.wp.com\/naillycosmetics.com\/wp-content\/uploads\/2026\/03\/ab32c0c0aa025561c333ce06e31edc49.jpg?fit=1200%2C1200&ssl=1&resize=525%2C300 1.5x, https:\/\/i0.wp.com\/naillycosmetics.com\/wp-content\/uploads\/2026\/03\/ab32c0c0aa025561c333ce06e31edc49.jpg?fit=1200%2C1200&ssl=1&resize=700%2C400 2x, https:\/\/i0.wp.com\/naillycosmetics.com\/wp-content\/uploads\/2026\/03\/ab32c0c0aa025561c333ce06e31edc49.jpg?fit=1200%2C1200&ssl=1&resize=1050%2C600 3x"},"classes":[]},{"id":14587,"url":"https:\/\/naillycosmetics.com\/fr\/produit\/staleks-small-nail-clipper-with-nail-file\/","url_meta":{"origin":15127,"position":4},"title":"Staleks Beauty &amp; Care 50 Petit coupe-ongles avec lime \u00e0 ongles","author":"Serge Sahakian","date":"juillet 12, 2023","format":false,"excerpt":"Staleks Beauty &amp; Care Petit coupe-ongles de haute qualit\u00e9 avec lime \u00e0 ongles. Staleks se consacre \u00e0 la qualit\u00e9 de ses produits. L'acier utilis\u00e9 pour la production des embouts est exceptionnellement r\u00e9sistant \u00e0 la corrosion et d'une duret\u00e9 in\u00e9gal\u00e9e, garantissant un tranchant durable. Nous nous sommes associ\u00e9s \u00e0 Staleks au Canada pour fournir un...","rel":"","context":"Article similaire","block_context":{"text":"Article similaire","link":""},"img":{"alt_text":"Staleks Small professional nail clipper with nail file beauty & care 50 KBC-50__","src":"https:\/\/i0.wp.com\/naillycosmetics.com\/wp-content\/uploads\/2026\/02\/staleks-small-professional-nail-clipper-with-nail-file-beauty-care-50-kbc-50__-1-1.webp?fit=750%2C1000&ssl=1&resize=350%2C200","width":350,"height":200,"srcset":"https:\/\/i0.wp.com\/naillycosmetics.com\/wp-content\/uploads\/2026\/02\/staleks-small-professional-nail-clipper-with-nail-file-beauty-care-50-kbc-50__-1-1.webp?fit=750%2C1000&ssl=1&resize=350%2C200 1x, https:\/\/i0.wp.com\/naillycosmetics.com\/wp-content\/uploads\/2026\/02\/staleks-small-professional-nail-clipper-with-nail-file-beauty-care-50-kbc-50__-1-1.webp?fit=750%2C1000&ssl=1&resize=525%2C300 1.5x, https:\/\/i0.wp.com\/naillycosmetics.com\/wp-content\/uploads\/2026\/02\/staleks-small-professional-nail-clipper-with-nail-file-beauty-care-50-kbc-50__-1-1.webp?fit=750%2C1000&ssl=1&resize=700%2C400 2x"},"classes":[]}],"jetpack_sharing_enabled":true,"_links":{"self":[{"href":"https:\/\/naillycosmetics.com\/fr\/wp-json\/wp\/v2\/product\/15127","targetHints":{"allow":["GET"]}}],"collection":[{"href":"https:\/\/naillycosmetics.com\/fr\/wp-json\/wp\/v2\/product"}],"about":[{"href":"https:\/\/naillycosmetics.com\/fr\/wp-json\/wp\/v2\/types\/product"}],"replies":[{"embeddable":true,"href":"https:\/\/naillycosmetics.com\/fr\/wp-json\/wp\/v2\/comments?post=15127"}],"wp:featuredmedia":[{"embeddable":true,"href":"https:\/\/naillycosmetics.com\/fr\/wp-json\/wp\/v2\/media\/25771"}],"wp:attachment":[{"href":"https:\/\/naillycosmetics.com\/fr\/wp-json\/wp\/v2\/media?parent=15127"}],"wp:term":[{"taxonomy":"product_brand","embeddable":true,"href":"https:\/\/naillycosmetics.com\/fr\/wp-json\/wp\/v2\/product_brand?post=15127"},{"taxonomy":"product_cat","embeddable":true,"href":"https:\/\/naillycosmetics.com\/fr\/wp-json\/wp\/v2\/product_cat?post=15127"},{"taxonomy":"product_tag","embeddable":true,"href":"https:\/\/naillycosmetics.com\/fr\/wp-json\/wp\/v2\/product_tag?post=15127"}],"curies":[{"name":"wp","href":"https:\/\/api.w.org\/{rel}","templated":true}]}}