{"id":14577,"date":"2023-07-12T14:58:36","date_gmt":"2023-07-12T18:58:36","guid":{"rendered":"https:\/\/naillycosmetics.com\/?post_type=product&#038;p=14577"},"modified":"2026-03-04T20:11:58","modified_gmt":"2026-03-05T01:11:58","slug":"staleks-beauty-care-10-mini-nail-clipper","status":"publish","type":"product","link":"https:\/\/naillycosmetics.com\/fr\/produit\/staleks-beauty-care-10-mini-nail-clipper\/","title":{"rendered":"Staleks Beauty &amp; Care 10 Mini coupe-ongles"},"content":{"rendered":"<div class=\"elementor-element elementor-element-ccfb871 elementor-widget elementor-widget-heading\" data-id=\"ccfb871\" data-element_type=\"widget\" data-widget_type=\"heading.default\">\n<div class=\"elementor-widget-container\">\n<p>Staleks Beauty &amp; Care Mini coupe-ongles de haute qualit\u00e9<\/p>\n<p class=\"elementor-heading-title elementor-size-default\">Qualit\u00e9 des produits Staleks<\/p>\n<\/div>\n<\/div>\n<div class=\"elementor-element elementor-element-145f648 u-links-anim-ul elementor-widget elementor-widget-text-editor\" data-id=\"145f648\" data-element_type=\"widget\" data-widget_type=\"text-editor.default\">\n<div class=\"elementor-widget-container\">\n<p>Staleks se consacre \u00e0 la qualit\u00e9 de ses produits. Le cycle de production comprend des processus d'assurance qualit\u00e9 \u00e0 l'entr\u00e9e et \u00e0 la sortie. La qualit\u00e9 des mati\u00e8res premi\u00e8res entrantes est v\u00e9rifi\u00e9e dans les laboratoires certifi\u00e9s o\u00f9 les aspects physiques et chimiques de l'acier sont analys\u00e9s. L'acier inoxydable de qualit\u00e9 m\u00e9dicale import\u00e9 d'Espagne est utilis\u00e9 pour la fabrication de tous les instruments. Ce type d'acier est exceptionnellement r\u00e9sistant \u00e0 la corrosion et poss\u00e8de une duret\u00e9 in\u00e9gal\u00e9e, ce qui garantit un tranchant durable. L'acier est utilis\u00e9 \u00e0 la fois pour les gammes professionnelles et domestiques de nos instruments.<\/p>\n<p>L'assurance qualit\u00e9 des produits est assur\u00e9e par le d\u00e9partement CQ. Les sp\u00e9cialistes du contr\u00f4le qualit\u00e9 v\u00e9rifient que tous les produits sont conformes aux r\u00e9glementations et aux normes. Si des d\u00e9fauts sont constat\u00e9s, l'instrument est renvoy\u00e9 pour \u00eatre retravaill\u00e9. Cette approche m\u00e9ticuleuse garantit que seuls des produits de haute qualit\u00e9 r\u00e9pondant \u00e0 toutes les normes sont mis sur le march\u00e9.<\/p>\n<p>Staleks a mis en place ISO 9001:2015, un syst\u00e8me efficace de gestion de la qualit\u00e9 conforme aux normes internationales. La gestion comp\u00e9tente du cycle de travail est le facteur cl\u00e9 de la fabrication de produits de qualit\u00e9 sup\u00e9rieure.<\/p>\n<p>Staleks Beauty &amp; Care Mini coupe-ongles de haute qualit\u00e9<\/p>\n<\/div>\n<\/div>","protected":false},"excerpt":{"rendered":"<p>Staleks Beauty &amp; Care Mini coupe-ongles de haute qualit\u00e9.<\/p>\n<p>Staleks se consacre \u00e0 la qualit\u00e9 de ses produits. L'acier utilis\u00e9 pour la production des embouts est exceptionnellement r\u00e9sistant \u00e0 la corrosion et d'une duret\u00e9 in\u00e9gal\u00e9e, ce qui garantit un tranchant durable.<\/p>\n<p>Nous nous sommes associ\u00e9s \u00e0 Staleks au Canada pour fournir un ensemble complet de produits professionnels afin de rendre le travail du technicien de l'ongle compl\u00e8tement id\u00e9al.<\/p>","protected":false},"featured_media":25923,"comment_status":"open","ping_status":"closed","template":"","meta":{"jetpack_post_was_ever_published":false,"jetpack_publicize_message":"","jetpack_publicize_feature_enabled":true,"jetpack_social_post_already_shared":false,"jetpack_social_options":{"image_generator_settings":{"template":"highway","default_image_id":0,"font":"","enabled":false},"version":2}},"product_brand":[931],"product_cat":[660],"product_tag":[661,366],"class_list":{"0":"post-14577","1":"product","2":"type-product","3":"status-publish","4":"has-post-thumbnail","6":"product_brand-staleks","7":"product_cat-staleks-nail-nippers-clippers","8":"product_tag-nail-nippers","9":"product_tag-staleks-beauty-care-series","10":"product_shipping_class-cardboard-box","12":"first","13":"instock","14":"taxable","15":"shipping-taxable","16":"purchasable","17":"product-type-simple"},"jetpack_publicize_connections":[],"jetpack-related-posts":[{"id":14587,"url":"https:\/\/naillycosmetics.com\/fr\/produit\/staleks-small-nail-clipper-with-nail-file\/","url_meta":{"origin":14577,"position":0},"title":"Staleks Beauty &amp; Care 50 Petit coupe-ongles avec lime \u00e0 ongles","author":"Serge Sahakian","date":"juillet 12, 2023","format":false,"excerpt":"Staleks Beauty &amp; Care Petit coupe-ongles de haute qualit\u00e9 avec lime \u00e0 ongles. Staleks se consacre \u00e0 la qualit\u00e9 de ses produits. L'acier utilis\u00e9 pour la production des embouts est exceptionnellement r\u00e9sistant \u00e0 la corrosion et d'une duret\u00e9 in\u00e9gal\u00e9e, garantissant un tranchant durable. Nous nous sommes associ\u00e9s \u00e0 Staleks au Canada pour fournir un...","rel":"","context":"Article similaire","block_context":{"text":"Article similaire","link":""},"img":{"alt_text":"Staleks Small professional nail clipper with nail file beauty & care 50 KBC-50__","src":"https:\/\/i0.wp.com\/naillycosmetics.com\/wp-content\/uploads\/2026\/02\/staleks-small-professional-nail-clipper-with-nail-file-beauty-care-50-kbc-50__-1-1.webp?fit=750%2C1000&ssl=1&resize=350%2C200","width":350,"height":200,"srcset":"https:\/\/i0.wp.com\/naillycosmetics.com\/wp-content\/uploads\/2026\/02\/staleks-small-professional-nail-clipper-with-nail-file-beauty-care-50-kbc-50__-1-1.webp?fit=750%2C1000&ssl=1&resize=350%2C200 1x, https:\/\/i0.wp.com\/naillycosmetics.com\/wp-content\/uploads\/2026\/02\/staleks-small-professional-nail-clipper-with-nail-file-beauty-care-50-kbc-50__-1-1.webp?fit=750%2C1000&ssl=1&resize=525%2C300 1.5x, https:\/\/i0.wp.com\/naillycosmetics.com\/wp-content\/uploads\/2026\/02\/staleks-small-professional-nail-clipper-with-nail-file-beauty-care-50-kbc-50__-1-1.webp?fit=750%2C1000&ssl=1&resize=700%2C400 2x"},"classes":[]},{"id":14583,"url":"https:\/\/naillycosmetics.com\/fr\/produit\/staleks-beauty-care-11-large-nail-clipper\/","url_meta":{"origin":14577,"position":1},"title":"Staleks Beauty &amp; Care 11 Grand coupe-ongles","author":"Serge Sahakian","date":"juillet 12, 2023","format":false,"excerpt":"Staleks Beauty & Care High Quality Large Nail Clipper. Staleks dedicates itself to the product quality. The Steel used for the production of the bits is exceptionally resistant to corrosion and has unmatched hardness, ensuring long-lasting sharpness. We have Partnered with Staleks in Canada to provide a Full Professional Package\u2026","rel":"","context":"Article similaire","block_context":{"text":"Article similaire","link":""},"img":{"alt_text":"Staleks LARGE nail clipper beauty & care 11 KBC-11_","src":"https:\/\/i0.wp.com\/naillycosmetics.com\/wp-content\/uploads\/2026\/02\/staleks-large-nail-clipper-beauty-care-11-kbc-11_-1-1-1.webp?fit=750%2C1000&ssl=1&resize=350%2C200","width":350,"height":200,"srcset":"https:\/\/i0.wp.com\/naillycosmetics.com\/wp-content\/uploads\/2026\/02\/staleks-large-nail-clipper-beauty-care-11-kbc-11_-1-1-1.webp?fit=750%2C1000&ssl=1&resize=350%2C200 1x, https:\/\/i0.wp.com\/naillycosmetics.com\/wp-content\/uploads\/2026\/02\/staleks-large-nail-clipper-beauty-care-11-kbc-11_-1-1-1.webp?fit=750%2C1000&ssl=1&resize=525%2C300 1.5x, https:\/\/i0.wp.com\/naillycosmetics.com\/wp-content\/uploads\/2026\/02\/staleks-large-nail-clipper-beauty-care-11-kbc-11_-1-1-1.webp?fit=750%2C1000&ssl=1&resize=700%2C400 2x"},"classes":[]},{"id":14594,"url":"https:\/\/naillycosmetics.com\/fr\/produit\/staleks-large-nail-clipper-with-nail-file\/","url_meta":{"origin":14577,"position":2},"title":"Staleks Beauty &amp; Care 51 Grand coupe-ongles avec lime \u00e0 ongles","author":"Serge Sahakian","date":"juillet 12, 2023","format":false,"excerpt":"Staleks Beauty &amp; Care Grand coupe-ongles de haute qualit\u00e9 avec lime \u00e0 ongles. Staleks se consacre \u00e0 la qualit\u00e9 de ses produits. L'acier utilis\u00e9 pour la production des embouts est exceptionnellement r\u00e9sistant \u00e0 la corrosion et d'une duret\u00e9 in\u00e9gal\u00e9e, garantissant un tranchant durable. Nous nous sommes associ\u00e9s \u00e0 Staleks au Canada pour fournir un...","rel":"","context":"Article similaire","block_context":{"text":"Article similaire","link":""},"img":{"alt_text":"Staleks LARGE nail clipper with nail file beauty & care 51 KBC-51__","src":"https:\/\/i0.wp.com\/naillycosmetics.com\/wp-content\/uploads\/2026\/02\/staleks-large-professional-nail-clipper-with-nail-file-beauty-care-51-kbc-51__-1-4.webp?fit=750%2C1000&ssl=1&resize=350%2C200","width":350,"height":200,"srcset":"https:\/\/i0.wp.com\/naillycosmetics.com\/wp-content\/uploads\/2026\/02\/staleks-large-professional-nail-clipper-with-nail-file-beauty-care-51-kbc-51__-1-4.webp?fit=750%2C1000&ssl=1&resize=350%2C200 1x, https:\/\/i0.wp.com\/naillycosmetics.com\/wp-content\/uploads\/2026\/02\/staleks-large-professional-nail-clipper-with-nail-file-beauty-care-51-kbc-51__-1-4.webp?fit=750%2C1000&ssl=1&resize=525%2C300 1.5x, https:\/\/i0.wp.com\/naillycosmetics.com\/wp-content\/uploads\/2026\/02\/staleks-large-professional-nail-clipper-with-nail-file-beauty-care-51-kbc-51__-1-4.webp?fit=750%2C1000&ssl=1&resize=700%2C400 2x"},"classes":[]},{"id":14602,"url":"https:\/\/naillycosmetics.com\/fr\/produit\/large-nail-clipper-with-nail-file-for-men\/","url_meta":{"origin":14577,"position":3},"title":"Staleks Beauty &amp; Care 20 Grand coupe-ongles avec lime \u00e0 ongles pour hommes","author":"Serge Sahakian","date":"juillet 12, 2023","format":false,"excerpt":"Staleks Beauty &amp; Care Coupe-ongles large et lime \u00e0 ongles de haute qualit\u00e9 pour hommes. Staleks se consacre \u00e0 la qualit\u00e9 de ses produits. L'acier utilis\u00e9 pour la production des embouts est exceptionnellement r\u00e9sistant \u00e0 la corrosion et d'une duret\u00e9 in\u00e9gal\u00e9e, garantissant un tranchant durable. Nous avons \u00e9tabli un partenariat avec Staleks au Canada pour...","rel":"","context":"Article similaire","block_context":{"text":"Article similaire","link":""},"img":{"alt_text":"Large Nail Clipper with Nail File For Men beauty & care 20 KBC-20___","src":"https:\/\/i0.wp.com\/naillycosmetics.com\/wp-content\/uploads\/2026\/02\/staleks-small-professional-nail-clipper-with-nail-file-for-men-beauty-care-20-kbc-20___-1-4-1.webp?fit=750%2C1000&ssl=1&resize=350%2C200","width":350,"height":200,"srcset":"https:\/\/i0.wp.com\/naillycosmetics.com\/wp-content\/uploads\/2026\/02\/staleks-small-professional-nail-clipper-with-nail-file-for-men-beauty-care-20-kbc-20___-1-4-1.webp?fit=750%2C1000&ssl=1&resize=350%2C200 1x, https:\/\/i0.wp.com\/naillycosmetics.com\/wp-content\/uploads\/2026\/02\/staleks-small-professional-nail-clipper-with-nail-file-for-men-beauty-care-20-kbc-20___-1-4-1.webp?fit=750%2C1000&ssl=1&resize=525%2C300 1.5x, https:\/\/i0.wp.com\/naillycosmetics.com\/wp-content\/uploads\/2026\/02\/staleks-small-professional-nail-clipper-with-nail-file-for-men-beauty-care-20-kbc-20___-1-4-1.webp?fit=750%2C1000&ssl=1&resize=700%2C400 2x"},"classes":[]},{"id":10349,"url":"https:\/\/naillycosmetics.com\/fr\/produit\/staleks-smart-11-cuticle-clipper\/","url_meta":{"origin":14577,"position":4},"title":"Staleks Smart 11 7mm Pince \u00e0 cuticules professionnelle","author":"Serge Sahakian","date":"f\u00e9vrier 1, 2023","format":false,"excerpt":"Tondeuse \u00e0 cuticules professionnelle intelligente de haute qualit\u00e9. Staleks se consacre \u00e0 la qualit\u00e9 de ses produits. L'acier utilis\u00e9 pour la production des embouts est exceptionnellement r\u00e9sistant \u00e0 la corrosion et d'une duret\u00e9 in\u00e9gal\u00e9e, garantissant un tranchant durable. Nous nous sommes associ\u00e9s \u00e0 Staleks au Canada pour fournir un ensemble complet de produits professionnels \u00e0...","rel":"","context":"Article similaire","block_context":{"text":"Article similaire","link":""},"img":{"alt_text":"Staleks Smart 11 Cuticle Clipper","src":"https:\/\/i0.wp.com\/naillycosmetics.com\/wp-content\/uploads\/2026\/02\/staleks-smart-11-cuticle-clipper-1.webp?fit=750%2C1000&ssl=1&resize=350%2C200","width":350,"height":200,"srcset":"https:\/\/i0.wp.com\/naillycosmetics.com\/wp-content\/uploads\/2026\/02\/staleks-smart-11-cuticle-clipper-1.webp?fit=750%2C1000&ssl=1&resize=350%2C200 1x, https:\/\/i0.wp.com\/naillycosmetics.com\/wp-content\/uploads\/2026\/02\/staleks-smart-11-cuticle-clipper-1.webp?fit=750%2C1000&ssl=1&resize=525%2C300 1.5x, https:\/\/i0.wp.com\/naillycosmetics.com\/wp-content\/uploads\/2026\/02\/staleks-smart-11-cuticle-clipper-1.webp?fit=750%2C1000&ssl=1&resize=700%2C400 2x"},"classes":[]},{"id":10382,"url":"https:\/\/naillycosmetics.com\/fr\/produit\/professional-cuticle-clipper-expert-91\/","url_meta":{"origin":14577,"position":5},"title":"Staleks Expert 91 Pince \u00e0 cuticules professionnelle","author":"Serge Sahakian","date":"f\u00e9vrier 1, 2023","format":false,"excerpt":"Hight Quality Professional Cuticle Clipper. Staleks dedicates itself to the product quality. The Steel used for the production of the bits is exceptionally resistant to corrosion and has unmatched hardness, ensuring long-lasting sharpness. We have Partnered with Staleks in Canada to provide a Full Professional Package of Products to make\u2026","rel":"","context":"Article similaire","block_context":{"text":"Article similaire","link":""},"img":{"alt_text":"Staleks Expert 91 Professional Cuticle Clipper","src":"https:\/\/i0.wp.com\/naillycosmetics.com\/wp-content\/uploads\/2023\/02\/Staleks-Expert-91-Professional-Cuticle-Clipper.webp?fit=750%2C1000&ssl=1&resize=350%2C200","width":350,"height":200,"srcset":"https:\/\/i0.wp.com\/naillycosmetics.com\/wp-content\/uploads\/2023\/02\/Staleks-Expert-91-Professional-Cuticle-Clipper.webp?fit=750%2C1000&ssl=1&resize=350%2C200 1x, https:\/\/i0.wp.com\/naillycosmetics.com\/wp-content\/uploads\/2023\/02\/Staleks-Expert-91-Professional-Cuticle-Clipper.webp?fit=750%2C1000&ssl=1&resize=525%2C300 1.5x, https:\/\/i0.wp.com\/naillycosmetics.com\/wp-content\/uploads\/2023\/02\/Staleks-Expert-91-Professional-Cuticle-Clipper.webp?fit=750%2C1000&ssl=1&resize=700%2C400 2x"},"classes":[]}],"jetpack_sharing_enabled":true,"_links":{"self":[{"href":"https:\/\/naillycosmetics.com\/fr\/wp-json\/wp\/v2\/product\/14577","targetHints":{"allow":["GET"]}}],"collection":[{"href":"https:\/\/naillycosmetics.com\/fr\/wp-json\/wp\/v2\/product"}],"about":[{"href":"https:\/\/naillycosmetics.com\/fr\/wp-json\/wp\/v2\/types\/product"}],"replies":[{"embeddable":true,"href":"https:\/\/naillycosmetics.com\/fr\/wp-json\/wp\/v2\/comments?post=14577"}],"wp:featuredmedia":[{"embeddable":true,"href":"https:\/\/naillycosmetics.com\/fr\/wp-json\/wp\/v2\/media\/25923"}],"wp:attachment":[{"href":"https:\/\/naillycosmetics.com\/fr\/wp-json\/wp\/v2\/media?parent=14577"}],"wp:term":[{"taxonomy":"product_brand","embeddable":true,"href":"https:\/\/naillycosmetics.com\/fr\/wp-json\/wp\/v2\/product_brand?post=14577"},{"taxonomy":"product_cat","embeddable":true,"href":"https:\/\/naillycosmetics.com\/fr\/wp-json\/wp\/v2\/product_cat?post=14577"},{"taxonomy":"product_tag","embeddable":true,"href":"https:\/\/naillycosmetics.com\/fr\/wp-json\/wp\/v2\/product_tag?post=14577"}],"curies":[{"name":"wp","href":"https:\/\/api.w.org\/{rel}","templated":true}]}}