{"id":14561,"date":"2023-07-11T14:46:51","date_gmt":"2023-07-11T18:46:51","guid":{"rendered":"https:\/\/naillycosmetics.com\/?post_type=product&#038;p=14561"},"modified":"2026-03-04T20:11:58","modified_gmt":"2026-03-05T01:11:58","slug":"staleks-expert-slim-laser-nail-file-155mm","status":"publish","type":"product","link":"https:\/\/naillycosmetics.com\/fr\/produit\/staleks-expert-slim-laser-nail-file-155mm\/","title":{"rendered":"Staleks Expert 11 Slim Laser Nail File 155mm"},"content":{"rendered":"<div class=\"elementor-element elementor-element-ccfb871 elementor-widget elementor-widget-heading\" data-id=\"ccfb871\" data-element_type=\"widget\" data-widget_type=\"heading.default\">\n<div class=\"elementor-widget-container\">\n<p>Staleks Expert High Quality Slim Laser Nail File 155mm<\/p>\n<p class=\"elementor-heading-title elementor-size-default\">Qualit\u00e9 des produits Staleks<\/p>\n<\/div>\n<\/div>\n<div class=\"elementor-element elementor-element-145f648 u-links-anim-ul elementor-widget elementor-widget-text-editor\" data-id=\"145f648\" data-element_type=\"widget\" data-widget_type=\"text-editor.default\">\n<div class=\"elementor-widget-container\">\n<p>Staleks se consacre \u00e0 la qualit\u00e9 de ses produits. Le cycle de production comprend des processus d'assurance qualit\u00e9 \u00e0 l'entr\u00e9e et \u00e0 la sortie. La qualit\u00e9 des mati\u00e8res premi\u00e8res entrantes est v\u00e9rifi\u00e9e dans les laboratoires certifi\u00e9s o\u00f9 les aspects physiques et chimiques de l'acier sont analys\u00e9s. L'acier inoxydable de qualit\u00e9 m\u00e9dicale import\u00e9 d'Espagne est utilis\u00e9 pour la fabrication de tous les instruments. Ce type d'acier est exceptionnellement r\u00e9sistant \u00e0 la corrosion et poss\u00e8de une duret\u00e9 in\u00e9gal\u00e9e, ce qui garantit un tranchant durable. L'acier est utilis\u00e9 \u00e0 la fois pour les gammes professionnelles et domestiques de nos instruments.<\/p>\n<p>L'assurance qualit\u00e9 des produits est assur\u00e9e par le d\u00e9partement CQ. Les sp\u00e9cialistes du contr\u00f4le qualit\u00e9 v\u00e9rifient que tous les produits sont conformes aux r\u00e9glementations et aux normes. Si des d\u00e9fauts sont constat\u00e9s, l'instrument est renvoy\u00e9 pour \u00eatre retravaill\u00e9. Cette approche m\u00e9ticuleuse garantit que seuls des produits de haute qualit\u00e9 r\u00e9pondant \u00e0 toutes les normes sont mis sur le march\u00e9.<\/p>\n<p>Staleks a mis en place ISO 9001:2015, un syst\u00e8me efficace de gestion de la qualit\u00e9 conforme aux normes internationales. La gestion comp\u00e9tente du cycle de travail est le facteur cl\u00e9 de la fabrication de produits de qualit\u00e9 sup\u00e9rieure.<\/p>\n<p>Staleks Expert High Quality Slim Laser Nail File 155mm<\/p>\n<\/div>\n<\/div>","protected":false},"excerpt":{"rendered":"<p>Staleks Expert High Quality Slim Laser Nail File 155mm.<\/p>\n<p>Staleks se consacre \u00e0 la qualit\u00e9 de ses produits. L'acier utilis\u00e9 pour la production des embouts est exceptionnellement r\u00e9sistant \u00e0 la corrosion et d'une duret\u00e9 in\u00e9gal\u00e9e, ce qui garantit un tranchant durable.<\/p>\n<p>Nous nous sommes associ\u00e9s \u00e0 Staleks au Canada pour fournir un ensemble complet de produits professionnels afin de rendre le travail du technicien de l'ongle compl\u00e8tement id\u00e9al.<\/p>","protected":false},"featured_media":25934,"comment_status":"open","ping_status":"closed","template":"","meta":{"jetpack_post_was_ever_published":false,"jetpack_publicize_message":"","jetpack_publicize_feature_enabled":true,"jetpack_social_post_already_shared":false,"jetpack_social_options":{"image_generator_settings":{"template":"highway","default_image_id":0,"font":"","enabled":false},"version":2}},"product_brand":[931],"product_cat":[647],"product_tag":[943,536],"class_list":{"0":"post-14561","1":"product","2":"type-product","3":"status-publish","4":"has-post-thumbnail","6":"product_brand-staleks","7":"product_cat-staleks-abrasives-bases","8":"product_tag-papmam-abrasives-bases","9":"product_tag-staleks-expert-series","10":"product_shipping_class-cardboard-box","12":"first","13":"instock","14":"taxable","15":"shipping-taxable","16":"purchasable","17":"product-type-simple"},"jetpack_publicize_connections":[],"jetpack-related-posts":[{"id":13509,"url":"https:\/\/naillycosmetics.com\/fr\/produit\/staleks-pro-slanted-short-straight-plastic-base\/","url_meta":{"origin":14561,"position":0},"title":"Staleks PRO Base plastique courte et droite pour lime \u00e0 ongles Expert 50 (75mm)","author":"Serge Sahakian","date":"juin 30, 2023","format":false,"excerpt":"Staleks PRO Slanted Short Straight Plastic Base for Nail File Expert 50 - Compatible with Adhesive Refill Pads. Victoria VYNN has Partnered with Staleks in Canada to provide a Full Professional Package of Products to make the Work of the Nail Technician Completely Ideal. Product Specifications: \u00a0 \u00a0 \u00a0 \u00a0\u2026","rel":"","context":"Article similaire","block_context":{"text":"Article similaire","link":""},"img":{"alt_text":"Staleks PRO Slanted Short Straight Plastic Base for Nail File Expert 50","src":"https:\/\/i0.wp.com\/naillycosmetics.com\/wp-content\/uploads\/2026\/02\/staleks-pro-slanted-short-straight-plastic-base-for-nail-file-expert-50-1.webp?fit=750%2C1000&ssl=1&resize=350%2C200","width":350,"height":200,"srcset":"https:\/\/i0.wp.com\/naillycosmetics.com\/wp-content\/uploads\/2026\/02\/staleks-pro-slanted-short-straight-plastic-base-for-nail-file-expert-50-1.webp?fit=750%2C1000&ssl=1&resize=350%2C200 1x, https:\/\/i0.wp.com\/naillycosmetics.com\/wp-content\/uploads\/2026\/02\/staleks-pro-slanted-short-straight-plastic-base-for-nail-file-expert-50-1.webp?fit=750%2C1000&ssl=1&resize=525%2C300 1.5x, https:\/\/i0.wp.com\/naillycosmetics.com\/wp-content\/uploads\/2026\/02\/staleks-pro-slanted-short-straight-plastic-base-for-nail-file-expert-50-1.webp?fit=750%2C1000&ssl=1&resize=700%2C400 2x"},"classes":[]},{"id":28423,"url":"https:\/\/naillycosmetics.com\/fr\/produit\/staleks-straight-mineral-nail-file-expert-20-100-180-grit-25-pcs\/","url_meta":{"origin":14561,"position":1},"title":"Staleks Lime \u00e0 ongles min\u00e9rale droite EXPERT 20 100\/180 grit (25 pcs)","author":"Serge Sahakian","date":"mars 4, 2026","format":false,"excerpt":"","rel":"","context":"Article similaire","block_context":{"text":"Article similaire","link":""},"img":{"alt_text":"","src":"https:\/\/i0.wp.com\/naillycosmetics.com\/wp-content\/uploads\/2026\/03\/nfe-20-100-180-25-1.jpg?fit=1200%2C1200&ssl=1&resize=350%2C200","width":350,"height":200,"srcset":"https:\/\/i0.wp.com\/naillycosmetics.com\/wp-content\/uploads\/2026\/03\/nfe-20-100-180-25-1.jpg?fit=1200%2C1200&ssl=1&resize=350%2C200 1x, https:\/\/i0.wp.com\/naillycosmetics.com\/wp-content\/uploads\/2026\/03\/nfe-20-100-180-25-1.jpg?fit=1200%2C1200&ssl=1&resize=525%2C300 1.5x, https:\/\/i0.wp.com\/naillycosmetics.com\/wp-content\/uploads\/2026\/03\/nfe-20-100-180-25-1.jpg?fit=1200%2C1200&ssl=1&resize=700%2C400 2x, https:\/\/i0.wp.com\/naillycosmetics.com\/wp-content\/uploads\/2026\/03\/nfe-20-100-180-25-1.jpg?fit=1200%2C1200&ssl=1&resize=1050%2C600 3x"},"classes":[]},{"id":23481,"url":"https:\/\/naillycosmetics.com\/fr\/produit\/staleks-pro-expert-diamond-nail-drill-bit-duo-cone-red-blue-head-diameter-2-5-mm-working-part-8-mm\/","url_meta":{"origin":14561,"position":2},"title":"Staleks PRO EXPERT Foret diamant\u00e9 pour ongles DUO Cone Rouge et Bleu (diam\u00e8tre de la t\u00eate 2.5 mm \/ partie travaillante 8 mm)","author":"Serge Sahakian","date":"mars 14, 2025","format":false,"excerpt":"FA70RB025\/8","rel":"","context":"Article similaire","block_context":{"text":"Article similaire","link":""},"img":{"alt_text":"","src":"https:\/\/i0.wp.com\/naillycosmetics.com\/wp-content\/uploads\/2026\/02\/fa70rb025_8-2_result-1.jpg?fit=1200%2C1200&ssl=1&resize=350%2C200","width":350,"height":200,"srcset":"https:\/\/i0.wp.com\/naillycosmetics.com\/wp-content\/uploads\/2026\/02\/fa70rb025_8-2_result-1.jpg?fit=1200%2C1200&ssl=1&resize=350%2C200 1x, https:\/\/i0.wp.com\/naillycosmetics.com\/wp-content\/uploads\/2026\/02\/fa70rb025_8-2_result-1.jpg?fit=1200%2C1200&ssl=1&resize=525%2C300 1.5x, https:\/\/i0.wp.com\/naillycosmetics.com\/wp-content\/uploads\/2026\/02\/fa70rb025_8-2_result-1.jpg?fit=1200%2C1200&ssl=1&resize=700%2C400 2x, https:\/\/i0.wp.com\/naillycosmetics.com\/wp-content\/uploads\/2026\/02\/fa70rb025_8-2_result-1.jpg?fit=1200%2C1200&ssl=1&resize=1050%2C600 3x"},"classes":[]},{"id":23483,"url":"https:\/\/naillycosmetics.com\/fr\/produit\/staleks-pro-expert-diamond-nail-drill-bit-duo-cone-blue-green-head-diameter-2-5-mm-working-part-8-mm\/","url_meta":{"origin":14561,"position":3},"title":"Staleks PRO EXPERT Foret diamant\u00e9 pour ongles DUO Cone Bleu et Vert (diam\u00e8tre de la t\u00eate 2.5 mm \/ partie travaillante 8 mm)","author":"Serge Sahakian","date":"mars 14, 2025","format":false,"excerpt":"FA70BG025\/8","rel":"","context":"Article similaire","block_context":{"text":"Article similaire","link":""},"img":{"alt_text":"","src":"https:\/\/i0.wp.com\/naillycosmetics.com\/wp-content\/uploads\/2026\/02\/fa70bg025_8-2_result-1.jpg?fit=1200%2C1200&ssl=1&resize=350%2C200","width":350,"height":200,"srcset":"https:\/\/i0.wp.com\/naillycosmetics.com\/wp-content\/uploads\/2026\/02\/fa70bg025_8-2_result-1.jpg?fit=1200%2C1200&ssl=1&resize=350%2C200 1x, https:\/\/i0.wp.com\/naillycosmetics.com\/wp-content\/uploads\/2026\/02\/fa70bg025_8-2_result-1.jpg?fit=1200%2C1200&ssl=1&resize=525%2C300 1.5x, https:\/\/i0.wp.com\/naillycosmetics.com\/wp-content\/uploads\/2026\/02\/fa70bg025_8-2_result-1.jpg?fit=1200%2C1200&ssl=1&resize=700%2C400 2x, https:\/\/i0.wp.com\/naillycosmetics.com\/wp-content\/uploads\/2026\/02\/fa70bg025_8-2_result-1.jpg?fit=1200%2C1200&ssl=1&resize=1050%2C600 3x"},"classes":[]},{"id":4557,"url":"https:\/\/naillycosmetics.com\/fr\/produit\/beige-cream-nail-polish-003\/","url_meta":{"origin":14561,"position":4},"title":"Victoria VYNN iQ Vernis \u00e0 ongles No. 003 Beige Cream","author":"Serge Sahakian","date":"septembre 4, 2022","format":false,"excerpt":"Le vernis \u00e0 ongles cr\u00e8me beige, un beige translucide, est parfait pour les motifs fran\u00e7ais. Il a son \u00e9quivalent dans la collection Gel Polish 006. Avec les couleurs du vernis \u00e0 ongles Victoria VYNN iQ, vous pouvez profiter de l'effet pendant 10 jours, comme apr\u00e8s une visite au salon ! La formule riche en...","rel":"","context":"Article similaire","block_context":{"text":"Article similaire","link":""},"img":{"alt_text":"beige cream nail polish","src":"https:\/\/i0.wp.com\/naillycosmetics.com\/wp-content\/uploads\/2026\/02\/beige-cream-nail-polish.png?fit=750%2C1000&ssl=1&resize=350%2C200","width":350,"height":200,"srcset":"https:\/\/i0.wp.com\/naillycosmetics.com\/wp-content\/uploads\/2026\/02\/beige-cream-nail-polish.png?fit=750%2C1000&ssl=1&resize=350%2C200 1x, https:\/\/i0.wp.com\/naillycosmetics.com\/wp-content\/uploads\/2026\/02\/beige-cream-nail-polish.png?fit=750%2C1000&ssl=1&resize=525%2C300 1.5x, https:\/\/i0.wp.com\/naillycosmetics.com\/wp-content\/uploads\/2026\/02\/beige-cream-nail-polish.png?fit=750%2C1000&ssl=1&resize=700%2C400 2x"},"classes":[]},{"id":28427,"url":"https:\/\/naillycosmetics.com\/fr\/produit\/staleks-straight-wide-mineral-nail-file-80-80-grit-50-pcs\/","url_meta":{"origin":14561,"position":5},"title":"Staleks Lime \u00e0 ongles min\u00e9rale large et droite 80\/80 (50 pcs)","author":"Serge Sahakian","date":"mars 4, 2026","format":false,"excerpt":"NF-30-80\/80-50","rel":"","context":"Article similaire","block_context":{"text":"Article similaire","link":""},"img":{"alt_text":"","src":"https:\/\/i0.wp.com\/naillycosmetics.com\/wp-content\/uploads\/2026\/03\/nf-30-80-80-25_3-1-scaled-1.jpg?fit=1200%2C1200&ssl=1&resize=350%2C200","width":350,"height":200,"srcset":"https:\/\/i0.wp.com\/naillycosmetics.com\/wp-content\/uploads\/2026\/03\/nf-30-80-80-25_3-1-scaled-1.jpg?fit=1200%2C1200&ssl=1&resize=350%2C200 1x, https:\/\/i0.wp.com\/naillycosmetics.com\/wp-content\/uploads\/2026\/03\/nf-30-80-80-25_3-1-scaled-1.jpg?fit=1200%2C1200&ssl=1&resize=525%2C300 1.5x, https:\/\/i0.wp.com\/naillycosmetics.com\/wp-content\/uploads\/2026\/03\/nf-30-80-80-25_3-1-scaled-1.jpg?fit=1200%2C1200&ssl=1&resize=700%2C400 2x, https:\/\/i0.wp.com\/naillycosmetics.com\/wp-content\/uploads\/2026\/03\/nf-30-80-80-25_3-1-scaled-1.jpg?fit=1200%2C1200&ssl=1&resize=1050%2C600 3x"},"classes":[]}],"jetpack_sharing_enabled":true,"_links":{"self":[{"href":"https:\/\/naillycosmetics.com\/fr\/wp-json\/wp\/v2\/product\/14561","targetHints":{"allow":["GET"]}}],"collection":[{"href":"https:\/\/naillycosmetics.com\/fr\/wp-json\/wp\/v2\/product"}],"about":[{"href":"https:\/\/naillycosmetics.com\/fr\/wp-json\/wp\/v2\/types\/product"}],"replies":[{"embeddable":true,"href":"https:\/\/naillycosmetics.com\/fr\/wp-json\/wp\/v2\/comments?post=14561"}],"wp:featuredmedia":[{"embeddable":true,"href":"https:\/\/naillycosmetics.com\/fr\/wp-json\/wp\/v2\/media\/25934"}],"wp:attachment":[{"href":"https:\/\/naillycosmetics.com\/fr\/wp-json\/wp\/v2\/media?parent=14561"}],"wp:term":[{"taxonomy":"product_brand","embeddable":true,"href":"https:\/\/naillycosmetics.com\/fr\/wp-json\/wp\/v2\/product_brand?post=14561"},{"taxonomy":"product_cat","embeddable":true,"href":"https:\/\/naillycosmetics.com\/fr\/wp-json\/wp\/v2\/product_cat?post=14561"},{"taxonomy":"product_tag","embeddable":true,"href":"https:\/\/naillycosmetics.com\/fr\/wp-json\/wp\/v2\/product_tag?post=14561"}],"curies":[{"name":"wp","href":"https:\/\/api.w.org\/{rel}","templated":true}]}}