{"id":13553,"date":"2023-06-30T15:39:22","date_gmt":"2023-06-30T19:39:22","guid":{"rendered":"https:\/\/naillycosmetics.com\/?post_type=product&#038;p=13553"},"modified":"2026-04-06T13:17:49","modified_gmt":"2026-04-06T17:17:49","slug":"staleks-pro-adhesive-abrasive-files","status":"publish","type":"product","link":"https:\/\/naillycosmetics.com\/fr\/produit\/staleks-pro-adhesive-abrasive-files\/","title":{"rendered":"Limes abrasives adh\u00e9sives Staleks Pro"},"content":{"rendered":"<h4>Limes abrasives adh\u00e9sives Staleks Pro<\/h4>\n<ul>\n<li>une fine couche de mousse r\u00e9duit la pression sur la plaque de l'ongle (Soft Based Files)<\/li>\n<li>abrasif de haute qualit\u00e9 avec protection contre les poussi\u00e8res organiques<\/li>\n<li>la couleur blanche du dossier est esth\u00e9tique dans le travail<\/li>\n<li>base adh\u00e9sive fiable<\/li>\n<li>donne facilement aux ongles une apparence parfaite, fa\u00e7onne et lisse la plaque de l'ongle<\/li>\n<li>\u00e0 usage unique<\/li>\n<\/ul>","protected":false},"excerpt":{"rendered":"<p>Les limes abrasives adh\u00e9sives populaires Staleks Pro sont parmi les outils les plus efficaces et les plus professionnels que tout technicien de l'ongle puisse avoir !  Une large gamme de tailles, de grains, de types et de couleurs est disponible dans cette cat\u00e9gorie. Victoria VYNN s'est associ\u00e9e \u00e0 Staleks au Canada pour fournir un ensemble complet de produits professionnels afin de rendre le travail de la technicienne en ongles compl\u00e8tement id\u00e9al.<\/p>\n<p>Compatible avec :<\/p>\n<ul>\n<li><a href=\"https:\/\/naillycosmetics.com\/fr\/produit\/staleks-pro-metal-crescent-base-for-nail-file\/\">Staleks PRO Metal Crescent Base for Nail File Expert 40 (160mm)<\/a><\/li>\n<li><a href=\"https:\/\/naillycosmetics.com\/fr\/produit\/staleks-pro-metal-straight-base-for-nail-file-expert-20\/\">Staleks PRO Base droite en m\u00e9tal pour lime \u00e0 ongles Expert 20<\/a><\/li>\n<li><a href=\"https:\/\/naillycosmetics.com\/fr\/produit\/staleks-pro-slanted-crescent-plastic-base\/\">Staleks PRO Base plastique en forme de croissant inclin\u00e9 pour lime \u00e0 ongles Expert 40 (160mm)<\/a><\/li>\n<li><a href=\"https:\/\/naillycosmetics.com\/fr\/produit\/staleks-pro-slanted-straight-plastic-base-for-nail-file\/\">Staleks PRO Base plastique droite inclin\u00e9e pour lime \u00e0 ongles Expert 20<\/a><\/li>\n<\/ul>\n<p>Sp\u00e9cifications du produit :<\/p>\n<p><img loading=\"lazy\" decoding=\"async\" class=\"size-full wp-image-8772 alignleft\" src=\"http:\/\/naillycosmetics.com\/wp-content\/uploads\/2019\/11\/SALON-QUALITY.webp\" alt=\"GEL NAIL BUILDER\" width=\"125\" height=\"150\" \/><img loading=\"lazy\" decoding=\"async\" class=\"size-full wp-image-13079 alignleft\" src=\"http:\/\/naillycosmetics.com\/wp-content\/uploads\/2023\/06\/moisture-resistant.webp\" alt=\"MOISTURE RESISTANT\" width=\"125\" height=\"150\" srcset=\"https:\/\/i0.wp.com\/naillycosmetics.com\/wp-content\/uploads\/2023\/06\/moisture-resistant.webp?w=125&amp;ssl=1 125w, https:\/\/i0.wp.com\/naillycosmetics.com\/wp-content\/uploads\/2023\/06\/moisture-resistant.webp?resize=10%2C12&amp;ssl=1 10w, https:\/\/i0.wp.com\/naillycosmetics.com\/wp-content\/uploads\/2023\/06\/moisture-resistant.webp?resize=64%2C77&amp;ssl=1 64w\" sizes=\"auto, (max-width: 125px) 100vw, 125px\" \/><\/p>\n<p><img loading=\"lazy\" decoding=\"async\" class=\"size-full wp-image-13618 alignleft\" src=\"http:\/\/naillycosmetics.com\/wp-content\/uploads\/2023\/07\/economical.webp\" alt=\"ECONOMICAL\" width=\"125\" height=\"150\" srcset=\"https:\/\/i0.wp.com\/naillycosmetics.com\/wp-content\/uploads\/2023\/07\/economical.webp?w=125&amp;ssl=1 125w, https:\/\/i0.wp.com\/naillycosmetics.com\/wp-content\/uploads\/2023\/07\/economical.webp?resize=64%2C77&amp;ssl=1 64w, https:\/\/i0.wp.com\/naillycosmetics.com\/wp-content\/uploads\/2023\/07\/economical.webp?resize=10%2C12&amp;ssl=1 10w\" sizes=\"auto, (max-width: 125px) 100vw, 125px\" \/><\/p>\n<p>&nbsp;<\/p>\n<p>&nbsp;<\/p>\n<p>&nbsp;<\/p>\n<p>&nbsp;<\/p>","protected":false},"featured_media":14087,"comment_status":"open","ping_status":"closed","template":"","meta":{"jetpack_post_was_ever_published":false,"jetpack_publicize_message":"","jetpack_publicize_feature_enabled":true,"jetpack_social_post_already_shared":false,"jetpack_social_options":{"image_generator_settings":{"template":"highway","default_image_id":0,"font":"","enabled":false},"version":2}},"product_brand":[931],"product_cat":[647],"product_tag":[650],"class_list":{"0":"post-13553","1":"product","2":"type-product","3":"status-publish","4":"has-post-thumbnail","6":"product_brand-staleks","7":"product_cat-staleks-abrasives-bases","8":"product_tag-staleks-abrasives","9":"pa_base-thickness-soft-base","10":"pa_base-thickness-thin-base","11":"pa_color-black","12":"pa_color-green-exclusive","13":"pa_color-white","14":"pa_grit-626","15":"pa_grit-652","16":"pa_grit-627","17":"pa_grit-111","18":"pa_shape-crescent","19":"pa_shape-straight","21":"first","22":"instock","23":"taxable","24":"shipping-taxable","25":"purchasable","26":"product-type-variable","27":"wvs-archive-product-wrapper"},"jetpack_publicize_connections":[],"jetpack-related-posts":[{"id":13615,"url":"https:\/\/naillycosmetics.com\/fr\/produit\/staleks-pro-adhesive-nail-file-refill-donut-roll\/","url_meta":{"origin":13553,"position":0},"title":"Staleks PRO Lime \u00e0 ongles adh\u00e9sive Recharge Rouleau Donut","author":"Serge Sahakian","date":"juillet 1, 2023","format":false,"excerpt":"Le populaire rouleau de limes \u00e0 ongles adh\u00e9sives Staleks PRO est l'un des outils les plus efficaces et les plus professionnels qu'un technicien de l'ongle puisse avoir !  Une large gamme de tailles, de grains, de types et de couleurs est disponible dans cette cat\u00e9gorie. Victoria VYNN s'est associ\u00e9e \u00e0 Staleks au Canada pour fournir une...","rel":"","context":"Article similaire","block_context":{"text":"Article similaire","link":""},"img":{"alt_text":"Staleks PRO Adhesive Nail File Refill Donut Roll","src":"https:\/\/i0.wp.com\/naillycosmetics.com\/wp-content\/uploads\/2023\/07\/staleks-pro-nail-file-adhesive-refill-donut-roll-1-7.webp?fit=750%2C1000&ssl=1&resize=350%2C200","width":350,"height":200,"srcset":"https:\/\/i0.wp.com\/naillycosmetics.com\/wp-content\/uploads\/2023\/07\/staleks-pro-nail-file-adhesive-refill-donut-roll-1-7.webp?fit=750%2C1000&ssl=1&resize=350%2C200 1x, https:\/\/i0.wp.com\/naillycosmetics.com\/wp-content\/uploads\/2023\/07\/staleks-pro-nail-file-adhesive-refill-donut-roll-1-7.webp?fit=750%2C1000&ssl=1&resize=525%2C300 1.5x, https:\/\/i0.wp.com\/naillycosmetics.com\/wp-content\/uploads\/2023\/07\/staleks-pro-nail-file-adhesive-refill-donut-roll-1-7.webp?fit=750%2C1000&ssl=1&resize=700%2C400 2x"},"classes":[]},{"id":13608,"url":"https:\/\/naillycosmetics.com\/fr\/produit\/staleks-pro-adhesive-abrasive-buffers\/","url_meta":{"origin":13553,"position":1},"title":"Staleks Pro Adhesive Abrasive Buffers (tampons abrasifs pour adh\u00e9sifs)","author":"Serge Sahakian","date":"juillet 1, 2023","format":false,"excerpt":"Les populaires tampons abrasifs adh\u00e9sifs Staleks Pro sont parmi les outils les plus efficaces et les plus professionnels que toute technicienne en ongles puisse avoir !  Victoria VYNN s'est associ\u00e9e \u00e0 Staleks au Canada pour fournir un ensemble complet de produits professionnels afin de rendre le travail du technicien de l'ongle compl\u00e8tement id\u00e9al. Compatible avec : Staleks...","rel":"","context":"Article similaire","block_context":{"text":"Article similaire","link":""},"img":{"alt_text":"Staleks Pro Adhesive Abrasive Buffers","src":"https:\/\/i0.wp.com\/naillycosmetics.com\/wp-content\/uploads\/2023\/07\/staleks-pro-adhesive-abrasive-buffers.webp?fit=750%2C1000&ssl=1&resize=350%2C200","width":350,"height":200,"srcset":"https:\/\/i0.wp.com\/naillycosmetics.com\/wp-content\/uploads\/2023\/07\/staleks-pro-adhesive-abrasive-buffers.webp?fit=750%2C1000&ssl=1&resize=350%2C200 1x, https:\/\/i0.wp.com\/naillycosmetics.com\/wp-content\/uploads\/2023\/07\/staleks-pro-adhesive-abrasive-buffers.webp?fit=750%2C1000&ssl=1&resize=525%2C300 1.5x, https:\/\/i0.wp.com\/naillycosmetics.com\/wp-content\/uploads\/2023\/07\/staleks-pro-adhesive-abrasive-buffers.webp?fit=750%2C1000&ssl=1&resize=700%2C400 2x"},"classes":[]},{"id":13534,"url":"https:\/\/naillycosmetics.com\/fr\/produit\/staleks-pro-metal-straight-base-for-nail-file-expert-20\/","url_meta":{"origin":13553,"position":2},"title":"Staleks PRO Base droite en m\u00e9tal pour lime \u00e0 ongles Expert 20","author":"Serge Sahakian","date":"juin 30, 2023","format":false,"excerpt":"Staleks PRO Metal Straight Base for Nail File Expert 20 - Compatible with Adhesive &amp; papmAm Refill Pads. Victoria VYNN s'est associ\u00e9e \u00e0 Staleks au Canada pour fournir un ensemble complet de produits professionnels afin de rendre le travail de la technicienne en ongles compl\u00e8tement id\u00e9al. Sp\u00e9cifications du produit : \u00a0 \u00a0 \u00a0 \u00a0","rel":"","context":"Article similaire","block_context":{"text":"Article similaire","link":""},"img":{"alt_text":"Staleks PRO Metal Straight Base for Nail File Expert 20","src":"https:\/\/i0.wp.com\/naillycosmetics.com\/wp-content\/uploads\/2023\/06\/staleks-pro-metal-straight-base-for-nail-file-expert-20.webp?fit=750%2C1000&ssl=1&resize=350%2C200","width":350,"height":200,"srcset":"https:\/\/i0.wp.com\/naillycosmetics.com\/wp-content\/uploads\/2023\/06\/staleks-pro-metal-straight-base-for-nail-file-expert-20.webp?fit=750%2C1000&ssl=1&resize=350%2C200 1x, https:\/\/i0.wp.com\/naillycosmetics.com\/wp-content\/uploads\/2023\/06\/staleks-pro-metal-straight-base-for-nail-file-expert-20.webp?fit=750%2C1000&ssl=1&resize=525%2C300 1.5x, https:\/\/i0.wp.com\/naillycosmetics.com\/wp-content\/uploads\/2023\/06\/staleks-pro-metal-straight-base-for-nail-file-expert-20.webp?fit=750%2C1000&ssl=1&resize=700%2C400 2x"},"classes":[]},{"id":13548,"url":"https:\/\/naillycosmetics.com\/fr\/produit\/staleks-pro-metal-base-for-polishing-nail-file-expert-50\/","url_meta":{"origin":13553,"position":3},"title":"Staleks PRO Base m\u00e9tallique pour lime \u00e0 ongles Expert 50 (75mm)","author":"Serge Sahakian","date":"juin 30, 2023","format":false,"excerpt":"Staleks PRO Metal Base for Polishing Nail File Expert 50 - Compatible with Adhesive Refill Pads. Victoria VYNN s'est associ\u00e9e \u00e0 Staleks au Canada pour fournir un ensemble complet de produits professionnels afin de rendre le travail de la technicienne en ongles compl\u00e8tement id\u00e9al. Sp\u00e9cifications du produit : \u00a0 \u00a0 \u00a0 \u00a0 \u00a0","rel":"","context":"Article similaire","block_context":{"text":"Article similaire","link":""},"img":{"alt_text":"Staleks PRO Metal Base for Polishing Nail File Expert 50","src":"https:\/\/i0.wp.com\/naillycosmetics.com\/wp-content\/uploads\/2026\/02\/staleks-pro-metal-base-for-polishing-nail-file-expert-50-1.webp?fit=750%2C1000&ssl=1&resize=350%2C200","width":350,"height":200,"srcset":"https:\/\/i0.wp.com\/naillycosmetics.com\/wp-content\/uploads\/2026\/02\/staleks-pro-metal-base-for-polishing-nail-file-expert-50-1.webp?fit=750%2C1000&ssl=1&resize=350%2C200 1x, https:\/\/i0.wp.com\/naillycosmetics.com\/wp-content\/uploads\/2026\/02\/staleks-pro-metal-base-for-polishing-nail-file-expert-50-1.webp?fit=750%2C1000&ssl=1&resize=525%2C300 1.5x, https:\/\/i0.wp.com\/naillycosmetics.com\/wp-content\/uploads\/2026\/02\/staleks-pro-metal-base-for-polishing-nail-file-expert-50-1.webp?fit=750%2C1000&ssl=1&resize=700%2C400 2x"},"classes":[]},{"id":13543,"url":"https:\/\/naillycosmetics.com\/fr\/produit\/staleks-pro-metal-crescent-base-for-nail-file\/","url_meta":{"origin":13553,"position":4},"title":"Staleks PRO Metal Crescent Base for Nail File Expert 40 (160mm)","author":"Serge Sahakian","date":"juin 30, 2023","format":false,"excerpt":"Staleks PRO Metal Crescent Base for Nail File Expert 40 - Compatible with Adhesive Refill Pads. Victoria VYNN s'est associ\u00e9e \u00e0 Staleks au Canada pour fournir un ensemble complet de produits professionnels afin de rendre le travail de la technicienne en ongles compl\u00e8tement id\u00e9al. Sp\u00e9cifications du produit : \u00a0 \u00a0 \u00a0 \u00a0 \u00a0 \u00a0","rel":"","context":"Article similaire","block_context":{"text":"Article similaire","link":""},"img":{"alt_text":"Staleks PRO Metal Crescent Base for Nail File Expert 40","src":"https:\/\/i0.wp.com\/naillycosmetics.com\/wp-content\/uploads\/2026\/02\/staleks-pro-metal-crescent-base-for-nail-file-expert-40-1.webp?fit=750%2C1000&ssl=1&resize=350%2C200","width":350,"height":200,"srcset":"https:\/\/i0.wp.com\/naillycosmetics.com\/wp-content\/uploads\/2026\/02\/staleks-pro-metal-crescent-base-for-nail-file-expert-40-1.webp?fit=750%2C1000&ssl=1&resize=350%2C200 1x, https:\/\/i0.wp.com\/naillycosmetics.com\/wp-content\/uploads\/2026\/02\/staleks-pro-metal-crescent-base-for-nail-file-expert-40-1.webp?fit=750%2C1000&ssl=1&resize=525%2C300 1.5x, https:\/\/i0.wp.com\/naillycosmetics.com\/wp-content\/uploads\/2026\/02\/staleks-pro-metal-crescent-base-for-nail-file-expert-40-1.webp?fit=750%2C1000&ssl=1&resize=700%2C400 2x"},"classes":[]},{"id":13476,"url":"https:\/\/naillycosmetics.com\/fr\/produit\/staleks-pro-slanted-straight-plastic-base-for-nail-file\/","url_meta":{"origin":13553,"position":5},"title":"Staleks PRO Base plastique droite inclin\u00e9e pour lime \u00e0 ongles Expert 20","author":"Serge Sahakian","date":"juin 30, 2023","format":false,"excerpt":"Staleks PRO Base plastique droite et inclin\u00e9e pour lime \u00e0 ongles Expert 20 - Compatible avec les tampons de recharge adh\u00e9sifs et papmAm. Victoria VYNN s'est associ\u00e9e \u00e0 Staleks au Canada pour fournir un ensemble complet de produits professionnels afin de rendre le travail de la technicienne en ongles compl\u00e8tement id\u00e9al. Sp\u00e9cifications du produit :      ...","rel":"","context":"Article similaire","block_context":{"text":"Article similaire","link":""},"img":{"alt_text":"Staleks PRO Slanted Straight Plastic Base for Nail File Expert 20S & 20 copy","src":"https:\/\/i0.wp.com\/naillycosmetics.com\/wp-content\/uploads\/2023\/06\/staleks-pro-slanted-straight-plastic-base-for-nail-file-expert-20s-20-copy.webp?fit=750%2C1000&ssl=1&resize=350%2C200","width":350,"height":200,"srcset":"https:\/\/i0.wp.com\/naillycosmetics.com\/wp-content\/uploads\/2023\/06\/staleks-pro-slanted-straight-plastic-base-for-nail-file-expert-20s-20-copy.webp?fit=750%2C1000&ssl=1&resize=350%2C200 1x, https:\/\/i0.wp.com\/naillycosmetics.com\/wp-content\/uploads\/2023\/06\/staleks-pro-slanted-straight-plastic-base-for-nail-file-expert-20s-20-copy.webp?fit=750%2C1000&ssl=1&resize=525%2C300 1.5x, https:\/\/i0.wp.com\/naillycosmetics.com\/wp-content\/uploads\/2023\/06\/staleks-pro-slanted-straight-plastic-base-for-nail-file-expert-20s-20-copy.webp?fit=750%2C1000&ssl=1&resize=700%2C400 2x"},"classes":[]}],"jetpack_sharing_enabled":true,"_links":{"self":[{"href":"https:\/\/naillycosmetics.com\/fr\/wp-json\/wp\/v2\/product\/13553","targetHints":{"allow":["GET"]}}],"collection":[{"href":"https:\/\/naillycosmetics.com\/fr\/wp-json\/wp\/v2\/product"}],"about":[{"href":"https:\/\/naillycosmetics.com\/fr\/wp-json\/wp\/v2\/types\/product"}],"replies":[{"embeddable":true,"href":"https:\/\/naillycosmetics.com\/fr\/wp-json\/wp\/v2\/comments?post=13553"}],"wp:featuredmedia":[{"embeddable":true,"href":"https:\/\/naillycosmetics.com\/fr\/wp-json\/wp\/v2\/media\/14087"}],"wp:attachment":[{"href":"https:\/\/naillycosmetics.com\/fr\/wp-json\/wp\/v2\/media?parent=13553"}],"wp:term":[{"taxonomy":"product_brand","embeddable":true,"href":"https:\/\/naillycosmetics.com\/fr\/wp-json\/wp\/v2\/product_brand?post=13553"},{"taxonomy":"product_cat","embeddable":true,"href":"https:\/\/naillycosmetics.com\/fr\/wp-json\/wp\/v2\/product_cat?post=13553"},{"taxonomy":"product_tag","embeddable":true,"href":"https:\/\/naillycosmetics.com\/fr\/wp-json\/wp\/v2\/product_tag?post=13553"}],"curies":[{"name":"wp","href":"https:\/\/api.w.org\/{rel}","templated":true}]}}