{"id":13078,"date":"2023-06-27T14:16:24","date_gmt":"2023-06-27T18:16:24","guid":{"rendered":"https:\/\/naillycosmetics.com\/?post_type=product&#038;p=13078"},"modified":"2026-03-04T20:12:57","modified_gmt":"2026-03-05T01:12:57","slug":"high-quality-staleks-pro-podo-disc-files","status":"publish","type":"product","link":"https:\/\/naillycosmetics.com\/fr\/produit\/high-quality-staleks-pro-podo-disc-files\/","title":{"rendered":"Staleks Pro Limes abrasives jetables pour p\u00e9dicure PodoDisc"},"content":{"rendered":"<h4>Fichiers Staleks PRO Podo Disc de qualit\u00e9 sup\u00e9rieure<\/h4>\n<ul>\n<li>abrasif de haute qualit\u00e9 avec protection contre les poussi\u00e8res organiques<\/li>\n<li>Adh\u00e9sion fiable \u00e0 la base<\/li>\n<li>la couleur blanche du dossier est esth\u00e9tique dans le travail<\/li>\n<li>r\u00e9sistant \u00e0 l'humidit\u00e9 - les propri\u00e9t\u00e9s de la lime ne changent pas pendant le traitement des pieds avec l'utilisation de produits d'entretien<\/li>\n<li>\u00e0 usage unique<\/li>\n<\/ul>","protected":false},"excerpt":{"rendered":"<p>Les limes \u00e0 disques Ultimate Staleks PRO Podo sont parmi les outils les plus efficaces et les plus professionnels que tout technicien de l'ongle puisse avoir !  Une large gamme de tailles, de grains, de types et de couleurs est disponible dans cette cat\u00e9gorie. Victoria VYNN s'est associ\u00e9e \u00e0 Staleks au Canada pour fournir un ensemble complet de produits professionnels afin de rendre le travail de la technicienne en ongles compl\u00e8tement id\u00e9al.<\/p>\n<p>Compatible avec :<\/p>\n<ul>\n<li><a href=\"https:\/\/naillycosmetics.com\/fr\/produit\/staleks-podo-disc-professional-use\/\">Staleks Pro Pedicure Disc PodoDisc<\/a><\/li>\n<li><a class=\"row-title\" href=\"https:\/\/naillycosmetics.com\/fr\/produit\/staleks-pro-podo-disc-with-extended-pin\/\">Staleks Pro Pedicure Disc Extended PodoDisc Set complet (Elongate)<\/a><\/li>\n<\/ul>\n<p>Sp\u00e9cifications du produit :<\/p>\n<p><img loading=\"lazy\" decoding=\"async\" class=\"size-full wp-image-13000 alignleft\" src=\"http:\/\/naillycosmetics.com\/wp-content\/uploads\/2023\/06\/for-pedicure.webp\" alt=\"FOR PEDICURE\" width=\"125\" height=\"150\" srcset=\"https:\/\/i0.wp.com\/naillycosmetics.com\/wp-content\/uploads\/2023\/06\/for-pedicure.webp?w=125&amp;ssl=1 125w, https:\/\/i0.wp.com\/naillycosmetics.com\/wp-content\/uploads\/2023\/06\/for-pedicure.webp?resize=10%2C12&amp;ssl=1 10w, https:\/\/i0.wp.com\/naillycosmetics.com\/wp-content\/uploads\/2023\/06\/for-pedicure.webp?resize=64%2C77&amp;ssl=1 64w\" sizes=\"auto, (max-width: 125px) 100vw, 125px\" \/><\/p>\n<p><img loading=\"lazy\" decoding=\"async\" class=\"size-full wp-image-8772 alignleft\" src=\"http:\/\/naillycosmetics.com\/wp-content\/uploads\/2019\/11\/SALON-QUALITY.webp\" alt=\"GEL NAIL BUILDER\" width=\"125\" height=\"150\" \/><img loading=\"lazy\" decoding=\"async\" class=\"size-full wp-image-13079 alignleft\" src=\"http:\/\/naillycosmetics.com\/wp-content\/uploads\/2023\/06\/moisture-resistant.webp\" alt=\"MOISTURE RESISTANT\" width=\"125\" height=\"150\" srcset=\"https:\/\/i0.wp.com\/naillycosmetics.com\/wp-content\/uploads\/2023\/06\/moisture-resistant.webp?w=125&amp;ssl=1 125w, https:\/\/i0.wp.com\/naillycosmetics.com\/wp-content\/uploads\/2023\/06\/moisture-resistant.webp?resize=10%2C12&amp;ssl=1 10w, https:\/\/i0.wp.com\/naillycosmetics.com\/wp-content\/uploads\/2023\/06\/moisture-resistant.webp?resize=64%2C77&amp;ssl=1 64w\" sizes=\"auto, (max-width: 125px) 100vw, 125px\" \/><\/p>\n<p>&nbsp;<\/p>\n<p>&nbsp;<\/p>\n<p>&nbsp;<\/p>\n<p>&nbsp;<\/p>","protected":false},"featured_media":13273,"comment_status":"closed","ping_status":"closed","template":"","meta":{"jetpack_post_was_ever_published":false,"jetpack_publicize_message":"","jetpack_publicize_feature_enabled":true,"jetpack_social_post_already_shared":false,"jetpack_social_options":{"image_generator_settings":{"template":"highway","default_image_id":0,"font":"","enabled":false},"version":2}},"product_brand":[931],"product_cat":[619],"product_tag":[620],"class_list":{"0":"post-13078","1":"product","2":"type-product","3":"status-publish","4":"has-post-thumbnail","6":"product_brand-staleks","7":"product_cat-staleks-podo","8":"product_tag-podo-disc","9":"pa_base-thickness-soft-base","10":"pa_base-thickness-thin-base","11":"pa_color-black","12":"pa_color-white","13":"pa_grit-626","14":"pa_grit-627","15":"pa_grit-111","16":"pa_grit-628","17":"pa_grit-625","18":"pa_size-l-25mm","19":"pa_size-m-20mm","20":"pa_size-s-15mm","21":"pa_size-xs-10mm","23":"first","24":"instock","25":"taxable","26":"shipping-taxable","27":"purchasable","28":"product-type-variable","29":"wvs-archive-product-wrapper"},"jetpack_publicize_connections":[],"jetpack-related-posts":[{"id":13048,"url":"https:\/\/naillycosmetics.com\/fr\/produit\/staleks-podo-disc-professional-use\/","url_meta":{"origin":13078,"position":0},"title":"Staleks Pro Pedicure Disc PodoDisc Set complet","author":"Serge Sahakian","date":"juin 23, 2023","format":false,"excerpt":"Le PodoDisc Ultimate Staleks est un best-seller ! Le pack comprend le PodoDisc + 5 limes abrasives jetables avec un grain de 180. Victoria VYNN s'est associ\u00e9e \u00e0 Staleks au Canada pour fournir un ensemble complet de produits professionnels afin de rendre le travail de la technicienne en ongles compl\u00e8tement id\u00e9al. Compatible avec :...","rel":"","context":"Article similaire","block_context":{"text":"Article similaire","link":""},"img":{"alt_text":"Staleks podo disc PDset Professional Use Pedicure","src":"https:\/\/i0.wp.com\/naillycosmetics.com\/wp-content\/uploads\/2023\/06\/stalek-podo-disc-pdset-professional-use-pedicure-1-1.webp?fit=750%2C1000&ssl=1&resize=350%2C200","width":350,"height":200,"srcset":"https:\/\/i0.wp.com\/naillycosmetics.com\/wp-content\/uploads\/2023\/06\/stalek-podo-disc-pdset-professional-use-pedicure-1-1.webp?fit=750%2C1000&ssl=1&resize=350%2C200 1x, https:\/\/i0.wp.com\/naillycosmetics.com\/wp-content\/uploads\/2023\/06\/stalek-podo-disc-pdset-professional-use-pedicure-1-1.webp?fit=750%2C1000&ssl=1&resize=525%2C300 1.5x, https:\/\/i0.wp.com\/naillycosmetics.com\/wp-content\/uploads\/2023\/06\/stalek-podo-disc-pdset-professional-use-pedicure-1-1.webp?fit=750%2C1000&ssl=1&resize=700%2C400 2x"},"classes":[]},{"id":12995,"url":"https:\/\/naillycosmetics.com\/fr\/produit\/staleks-pro-podo-disc-with-extended-pin\/","url_meta":{"origin":13078,"position":1},"title":"Staleks Pro Pedicure Disc Extended PodoDisc Set complet (Elongate)","author":"Serge Sahakian","date":"juin 21, 2023","format":false,"excerpt":"L'Ultimate Staleks PRO Podo Disc with Extended Pin est un Best Seller ! Le pack comprend le PodoDisc + 5 limes abrasives jetables avec un grain de 180. Victoria VYNN s'est associ\u00e9e \u00e0 Staleks au Canada pour fournir un ensemble complet de produits professionnels afin de faciliter le travail du technicien de l'ongle...","rel":"","context":"Article similaire","block_context":{"text":"Article similaire","link":""},"img":{"alt_text":"Staleks PRO Podo Disc With Extended Pin","src":"https:\/\/i0.wp.com\/naillycosmetics.com\/wp-content\/uploads\/2023\/06\/staleks-pro-podo-disc-with-extended-pin.webp?fit=750%2C1000&ssl=1&resize=350%2C200","width":350,"height":200,"srcset":"https:\/\/i0.wp.com\/naillycosmetics.com\/wp-content\/uploads\/2023\/06\/staleks-pro-podo-disc-with-extended-pin.webp?fit=750%2C1000&ssl=1&resize=350%2C200 1x, https:\/\/i0.wp.com\/naillycosmetics.com\/wp-content\/uploads\/2023\/06\/staleks-pro-podo-disc-with-extended-pin.webp?fit=750%2C1000&ssl=1&resize=525%2C300 1.5x, https:\/\/i0.wp.com\/naillycosmetics.com\/wp-content\/uploads\/2023\/06\/staleks-pro-podo-disc-with-extended-pin.webp?fit=750%2C1000&ssl=1&resize=700%2C400 2x"},"classes":[]},{"id":13265,"url":"https:\/\/naillycosmetics.com\/fr\/produit\/staleks-pro-podo-disc-buffers-professional\/","url_meta":{"origin":13078,"position":2},"title":"Staleks Pro \u00c9ponges abrasives jetables (tampons) pour p\u00e9dicure PodoDisc","author":"Serge Sahakian","date":"juin 28, 2023","format":false,"excerpt":"The Ultimate Staleks PRO Podo Disc Buffers are among the most efficient and professional Nail Tools any Nail Technician can have!\u00a0 3 Different Sizes are available in this category. Victoria VYNN has Partnered with Staleks in Canada to provide a Full Professional Package of Products to make the Work of\u2026","rel":"","context":"Article similaire","block_context":{"text":"Article similaire","link":""},"img":{"alt_text":"Staleks pro podo disc buffers replaceable disposable file sponges","src":"https:\/\/i0.wp.com\/naillycosmetics.com\/wp-content\/uploads\/2023\/06\/staleks-pro-podo-disc-buffers-replaceable-disposable-file-sponges.jpg?fit=750%2C1000&ssl=1&resize=350%2C200","width":350,"height":200,"srcset":"https:\/\/i0.wp.com\/naillycosmetics.com\/wp-content\/uploads\/2023\/06\/staleks-pro-podo-disc-buffers-replaceable-disposable-file-sponges.jpg?fit=750%2C1000&ssl=1&resize=350%2C200 1x, https:\/\/i0.wp.com\/naillycosmetics.com\/wp-content\/uploads\/2023\/06\/staleks-pro-podo-disc-buffers-replaceable-disposable-file-sponges.jpg?fit=750%2C1000&ssl=1&resize=525%2C300 1.5x, https:\/\/i0.wp.com\/naillycosmetics.com\/wp-content\/uploads\/2023\/06\/staleks-pro-podo-disc-buffers-replaceable-disposable-file-sponges.jpg?fit=750%2C1000&ssl=1&resize=700%2C400 2x"},"classes":[]},{"id":13392,"url":"https:\/\/naillycosmetics.com\/fr\/produit\/staleks-pro-refill-pads-for-pedicure-file\/","url_meta":{"origin":13078,"position":3},"title":"Staleks PRO Blanc Tampons de recharge pour p\u00e9dicure Expert 10 (30 Pcs)","author":"Serge Sahakian","date":"juin 29, 2023","format":false,"excerpt":"Staleks PRO Tampons de recharge pour limes de p\u00e9dicure - Qualit\u00e9 professionnelle de salon.  3 grains diff\u00e9rents sont disponibles dans cette cat\u00e9gorie. Victoria VYNN s'est associ\u00e9e \u00e0 Staleks au Canada pour fournir un ensemble complet de produits professionnels afin de rendre le travail de la technicienne en ongles compl\u00e8tement id\u00e9al. Compatible avec : Staleks PRO Metal...","rel":"","context":"Article similaire","block_context":{"text":"Article similaire","link":""},"img":{"alt_text":"staleks pro refill pads for pedicure file white expert 10","src":"https:\/\/i0.wp.com\/naillycosmetics.com\/wp-content\/uploads\/2023\/06\/staleks-pro-refill-pads-for-pedicure-file-wgite-expert-10.webp?fit=750%2C1000&ssl=1&resize=350%2C200","width":350,"height":200,"srcset":"https:\/\/i0.wp.com\/naillycosmetics.com\/wp-content\/uploads\/2023\/06\/staleks-pro-refill-pads-for-pedicure-file-wgite-expert-10.webp?fit=750%2C1000&ssl=1&resize=350%2C200 1x, https:\/\/i0.wp.com\/naillycosmetics.com\/wp-content\/uploads\/2023\/06\/staleks-pro-refill-pads-for-pedicure-file-wgite-expert-10.webp?fit=750%2C1000&ssl=1&resize=525%2C300 1.5x, https:\/\/i0.wp.com\/naillycosmetics.com\/wp-content\/uploads\/2023\/06\/staleks-pro-refill-pads-for-pedicure-file-wgite-expert-10.webp?fit=750%2C1000&ssl=1&resize=700%2C400 2x"},"classes":[]},{"id":13354,"url":"https:\/\/naillycosmetics.com\/fr\/produit\/staleks-pedicure-file-high-quality\/","url_meta":{"origin":13078,"position":4},"title":"Staleks PRO Lime \u00e0 p\u00e9dicure Classic 10","author":"Serge Sahakian","date":"juin 29, 2023","format":false,"excerpt":"Lime \u00e0 p\u00e9dicure Staleks Classic 10 Series - Lime \u00e0 p\u00e9dicure en plastique.  3 grains diff\u00e9rents sont disponibles dans cette cat\u00e9gorie. Victoria VYNN s'est associ\u00e9e \u00e0 Staleks au Canada pour fournir un ensemble complet de produits professionnels afin de rendre le travail de la technicienne en ongles compl\u00e8tement id\u00e9al. Sp\u00e9cifications du produit :      ...","rel":"","context":"Article similaire","block_context":{"text":"Article similaire","link":""},"img":{"alt_text":"staleks pedicure file classic 10","src":"https:\/\/i0.wp.com\/naillycosmetics.com\/wp-content\/uploads\/2023\/06\/staleks-pedicyre-file-classic-10-.webp?fit=750%2C1000&ssl=1&resize=350%2C200","width":350,"height":200,"srcset":"https:\/\/i0.wp.com\/naillycosmetics.com\/wp-content\/uploads\/2023\/06\/staleks-pedicyre-file-classic-10-.webp?fit=750%2C1000&ssl=1&resize=350%2C200 1x, https:\/\/i0.wp.com\/naillycosmetics.com\/wp-content\/uploads\/2023\/06\/staleks-pedicyre-file-classic-10-.webp?fit=750%2C1000&ssl=1&resize=525%2C300 1.5x, https:\/\/i0.wp.com\/naillycosmetics.com\/wp-content\/uploads\/2023\/06\/staleks-pedicyre-file-classic-10-.webp?fit=750%2C1000&ssl=1&resize=700%2C400 2x"},"classes":[]},{"id":13342,"url":"https:\/\/naillycosmetics.com\/fr\/produit\/staleks-pro-pedicure-file-expert-10\/","url_meta":{"origin":13078,"position":5},"title":"Staleks PRO Lime \u00e0 p\u00e9dicure Expert 10","author":"Serge Sahakian","date":"juin 29, 2023","format":false,"excerpt":"Staleks PRO Pedicure File Expert 10 Series - La lime \u00e0 pied pr\u00e9f\u00e9r\u00e9e de nombreux professionnels !  3 grains diff\u00e9rents sont disponibles dans cette cat\u00e9gorie. Victoria VYNN s'est associ\u00e9e \u00e0 Staleks au Canada pour fournir un ensemble complet de produits professionnels afin de rendre le travail de la technicienne en ongles compl\u00e8tement id\u00e9al. Les produits...","rel":"","context":"Article similaire","block_context":{"text":"Article similaire","link":""},"img":{"alt_text":"Staleks PRO Pedicure File Expert 10","src":"https:\/\/i0.wp.com\/naillycosmetics.com\/wp-content\/uploads\/2023\/06\/staleks-pro-pedicure-file-expert-10.webp?fit=750%2C1000&ssl=1&resize=350%2C200","width":350,"height":200,"srcset":"https:\/\/i0.wp.com\/naillycosmetics.com\/wp-content\/uploads\/2023\/06\/staleks-pro-pedicure-file-expert-10.webp?fit=750%2C1000&ssl=1&resize=350%2C200 1x, https:\/\/i0.wp.com\/naillycosmetics.com\/wp-content\/uploads\/2023\/06\/staleks-pro-pedicure-file-expert-10.webp?fit=750%2C1000&ssl=1&resize=525%2C300 1.5x, https:\/\/i0.wp.com\/naillycosmetics.com\/wp-content\/uploads\/2023\/06\/staleks-pro-pedicure-file-expert-10.webp?fit=750%2C1000&ssl=1&resize=700%2C400 2x"},"classes":[]}],"jetpack_sharing_enabled":true,"_links":{"self":[{"href":"https:\/\/naillycosmetics.com\/fr\/wp-json\/wp\/v2\/product\/13078","targetHints":{"allow":["GET"]}}],"collection":[{"href":"https:\/\/naillycosmetics.com\/fr\/wp-json\/wp\/v2\/product"}],"about":[{"href":"https:\/\/naillycosmetics.com\/fr\/wp-json\/wp\/v2\/types\/product"}],"replies":[{"embeddable":true,"href":"https:\/\/naillycosmetics.com\/fr\/wp-json\/wp\/v2\/comments?post=13078"}],"wp:featuredmedia":[{"embeddable":true,"href":"https:\/\/naillycosmetics.com\/fr\/wp-json\/wp\/v2\/media\/13273"}],"wp:attachment":[{"href":"https:\/\/naillycosmetics.com\/fr\/wp-json\/wp\/v2\/media?parent=13078"}],"wp:term":[{"taxonomy":"product_brand","embeddable":true,"href":"https:\/\/naillycosmetics.com\/fr\/wp-json\/wp\/v2\/product_brand?post=13078"},{"taxonomy":"product_cat","embeddable":true,"href":"https:\/\/naillycosmetics.com\/fr\/wp-json\/wp\/v2\/product_cat?post=13078"},{"taxonomy":"product_tag","embeddable":true,"href":"https:\/\/naillycosmetics.com\/fr\/wp-json\/wp\/v2\/product_tag?post=13078"}],"curies":[{"name":"wp","href":"https:\/\/api.w.org\/{rel}","templated":true}]}}