{"id":12916,"date":"2023-06-11T00:33:34","date_gmt":"2023-06-11T04:33:34","guid":{"rendered":"https:\/\/naillycosmetics.com\/product\/victoria-vynn-color-chart-gel-polish-no-3-142-207\/"},"modified":"2026-02-18T13:43:29","modified_gmt":"2026-02-18T18:43:29","slug":"victoria-vynn-color-chart-gel-polish-no-3-142-207","status":"publish","type":"product","link":"https:\/\/naillycosmetics.com\/fr\/produit\/victoria-vynn-color-chart-gel-polish-no-3-142-207\/","title":{"rendered":"Victoria VYNN Color Chart Gel Polish No.3 (142-207)"},"content":{"rendered":"","protected":false},"excerpt":{"rendered":"","protected":false},"featured_media":26068,"comment_status":"open","ping_status":"closed","template":"","meta":{"jetpack_post_was_ever_published":false,"jetpack_publicize_message":"","jetpack_publicize_feature_enabled":true,"jetpack_social_post_already_shared":false,"jetpack_social_options":{"image_generator_settings":{"template":"highway","default_image_id":0,"font":"","enabled":false},"version":2}},"product_brand":[932],"product_cat":[919],"product_tag":[616,70],"class_list":{"0":"post-12916","1":"product","2":"type-product","3":"status-publish","4":"has-post-thumbnail","6":"product_brand-victoria-vynn","7":"product_cat-nail-tools-and-accessories","8":"product_tag-color-charts","9":"product_tag-gel-polish-color-charts","11":"first","12":"instock","13":"taxable","14":"shipping-taxable","15":"purchasable","16":"product-type-simple"},"jetpack_publicize_connections":[],"jetpack-related-posts":[{"id":4699,"url":"https:\/\/naillycosmetics.com\/fr\/produit\/victoria-vynn-gel-polish-color-207\/","url_meta":{"origin":12916,"position":0},"title":"Victoria VYNN Salon Gel Polish No. 207 Dark Emerald","author":"Serge Sahakian","date":"septembre 4, 2022","format":false,"excerpt":"Tr\u00e8s sombre, \u00e0 la limite du noir, Dark Emerald est unique, il sera donc parfait pour une cr\u00e9ation occasionnelle. Victoria VYNN Gel Polish Color, la meilleure vente au Canada, est une gamme de vernis hybrides \u00e0 s\u00e9chage l\u00e9ger, qui est utilis\u00e9e dans deux types de coiffage : Syst\u00e8me hybride en 3 \u00e9tapes et Syst\u00e8me Soak Off en 4 \u00e9tapes. Gel Polish...","rel":"","context":"Article similaire","block_context":{"text":"Article similaire","link":""},"img":{"alt_text":"","src":"https:\/\/i0.wp.com\/naillycosmetics.com\/wp-content\/uploads\/2026\/02\/gel-polish-color-no-207-midnight-blue.jpg?fit=753%2C753&ssl=1&resize=350%2C200","width":350,"height":200,"srcset":"https:\/\/i0.wp.com\/naillycosmetics.com\/wp-content\/uploads\/2026\/02\/gel-polish-color-no-207-midnight-blue.jpg?fit=753%2C753&ssl=1&resize=350%2C200 1x, https:\/\/i0.wp.com\/naillycosmetics.com\/wp-content\/uploads\/2026\/02\/gel-polish-color-no-207-midnight-blue.jpg?fit=753%2C753&ssl=1&resize=525%2C300 1.5x, https:\/\/i0.wp.com\/naillycosmetics.com\/wp-content\/uploads\/2026\/02\/gel-polish-color-no-207-midnight-blue.jpg?fit=753%2C753&ssl=1&resize=700%2C400 2x"},"classes":[]},{"id":5251,"url":"https:\/\/naillycosmetics.com\/fr\/produit\/gel-polish-142-pin-up-pink\/","url_meta":{"origin":12916,"position":1},"title":"Victoria VYNN Salon Gel Polish No. 142 Pin Up Pink","author":"Serge Sahakian","date":"septembre 4, 2022","format":false,"excerpt":"Les adeptes du rose ne passeront pas inaper\u00e7ues devant le Pin Up Pink, r\u00e9solument f\u00e9minin. Victoria VYNN Gel Polish Color, la meilleure vente au Canada, est une gamme de vernis hybrides \u00e0 s\u00e9chage l\u00e9ger, qui s'utilise dans deux types de coiffage : Syst\u00e8me hybride en 3 \u00e9tapes et Syst\u00e8me Soak Off en 4 \u00e9tapes. Gel Polish Color impressionne par sa...","rel":"","context":"Article similaire","block_context":{"text":"Article similaire","link":""},"img":{"alt_text":"","src":"https:\/\/i0.wp.com\/naillycosmetics.com\/wp-content\/uploads\/2022\/09\/gel-polish-142-pin-up-pink-1.jpeg?fit=753%2C753&ssl=1&resize=350%2C200","width":350,"height":200,"srcset":"https:\/\/i0.wp.com\/naillycosmetics.com\/wp-content\/uploads\/2022\/09\/gel-polish-142-pin-up-pink-1.jpeg?fit=753%2C753&ssl=1&resize=350%2C200 1x, https:\/\/i0.wp.com\/naillycosmetics.com\/wp-content\/uploads\/2022\/09\/gel-polish-142-pin-up-pink-1.jpeg?fit=753%2C753&ssl=1&resize=525%2C300 1.5x, https:\/\/i0.wp.com\/naillycosmetics.com\/wp-content\/uploads\/2022\/09\/gel-polish-142-pin-up-pink-1.jpeg?fit=753%2C753&ssl=1&resize=700%2C400 2x"},"classes":[]},{"id":20892,"url":"https:\/\/naillycosmetics.com\/fr\/produit\/victoria-vynn-color-chart-gpt-gel-polish-415-422\/","url_meta":{"origin":12916,"position":2},"title":"Victoria VYNN Color Chart GPT Gel Polish 415-422","author":"Serge Sahakian","date":"juin 18, 2025","format":false,"excerpt":"Les n\u00e9ons occupent le devant de la sc\u00e8ne ! Et ils r\u00e9v\u00e8lent les couleurs qui domineront cet \u00e9t\u00e9. La collection GPT Gel Polish Trends est une explosion de couleurs vibrantes qui illuminera votre manucure de vacances ! Collection : GPT - Gel Polish Trends Sp\u00e9cifications du produit : \u00a0 \u00a0 \u00a0 \u00a0 \u00a0 \u00a0","rel":"","context":"Article similaire","block_context":{"text":"Article similaire","link":""},"img":{"alt_text":"victoria vynn salon gel polish trends GPT Color Chart","src":"https:\/\/i0.wp.com\/naillycosmetics.com\/wp-content\/uploads\/2026\/02\/victoria-vynn-salon-gel-polish-trends-gpt-color-chart-1-1.webp?fit=750%2C1000&ssl=1&resize=350%2C200","width":350,"height":200,"srcset":"https:\/\/i0.wp.com\/naillycosmetics.com\/wp-content\/uploads\/2026\/02\/victoria-vynn-salon-gel-polish-trends-gpt-color-chart-1-1.webp?fit=750%2C1000&ssl=1&resize=350%2C200 1x, https:\/\/i0.wp.com\/naillycosmetics.com\/wp-content\/uploads\/2026\/02\/victoria-vynn-salon-gel-polish-trends-gpt-color-chart-1-1.webp?fit=750%2C1000&ssl=1&resize=525%2C300 1.5x, https:\/\/i0.wp.com\/naillycosmetics.com\/wp-content\/uploads\/2026\/02\/victoria-vynn-salon-gel-polish-trends-gpt-color-chart-1-1.webp?fit=750%2C1000&ssl=1&resize=700%2C400 2x"},"classes":[]},{"id":23432,"url":"https:\/\/naillycosmetics.com\/fr\/produit\/victoria-vynn-color-chart-cherry-on-top-gel-polish-423-429-on-top-coat\/","url_meta":{"origin":12916,"position":3},"title":"Victoria VYNN Color Chart Cherry on Top Gel Polish 423-429 + On Top Coat","author":"Serge Sahakian","date":"septembre 16, 2025","format":false,"excerpt":"Cherry on Top \u2013 a decadent mix of dessert-inspired shades, from creamy nougats to sparkling brownies.","rel":"","context":"Article similaire","block_context":{"text":"Article similaire","link":""},"img":{"alt_text":"victoria vynn cherry on top color chart","src":"https:\/\/i0.wp.com\/naillycosmetics.com\/wp-content\/uploads\/2026\/02\/victoria-vynn-cherry-on-top-color-chart-.webp?fit=750%2C1000&ssl=1&resize=350%2C200","width":350,"height":200,"srcset":"https:\/\/i0.wp.com\/naillycosmetics.com\/wp-content\/uploads\/2026\/02\/victoria-vynn-cherry-on-top-color-chart-.webp?fit=750%2C1000&ssl=1&resize=350%2C200 1x, https:\/\/i0.wp.com\/naillycosmetics.com\/wp-content\/uploads\/2026\/02\/victoria-vynn-cherry-on-top-color-chart-.webp?fit=750%2C1000&ssl=1&resize=525%2C300 1.5x, https:\/\/i0.wp.com\/naillycosmetics.com\/wp-content\/uploads\/2026\/02\/victoria-vynn-cherry-on-top-color-chart-.webp?fit=750%2C1000&ssl=1&resize=700%2C400 2x"},"classes":[]},{"id":12910,"url":"https:\/\/naillycosmetics.com\/fr\/produit\/victoria-vynn-color-chart-gel-polish-no-2-061-140\/","url_meta":{"origin":12916,"position":4},"title":"Victoria VYNN Color Chart Gel Polish No.2 (061-140)","author":"Serge Sahakian","date":"juin 11, 2023","format":false,"excerpt":"","rel":"","context":"Article similaire","block_context":{"text":"Article similaire","link":""},"img":{"alt_text":"","src":"https:\/\/i0.wp.com\/naillycosmetics.com\/wp-content\/uploads\/2026\/02\/gp-color-chart-2-1.png?fit=750%2C1000&ssl=1&resize=350%2C200","width":350,"height":200,"srcset":"https:\/\/i0.wp.com\/naillycosmetics.com\/wp-content\/uploads\/2026\/02\/gp-color-chart-2-1.png?fit=750%2C1000&ssl=1&resize=350%2C200 1x, https:\/\/i0.wp.com\/naillycosmetics.com\/wp-content\/uploads\/2026\/02\/gp-color-chart-2-1.png?fit=750%2C1000&ssl=1&resize=525%2C300 1.5x, https:\/\/i0.wp.com\/naillycosmetics.com\/wp-content\/uploads\/2026\/02\/gp-color-chart-2-1.png?fit=750%2C1000&ssl=1&resize=700%2C400 2x"},"classes":[]},{"id":12912,"url":"https:\/\/naillycosmetics.com\/fr\/produit\/victoria-vynn-color-chart-gel-polish-no-5-251-286\/","url_meta":{"origin":12916,"position":5},"title":"Victoria VYNN Color Chart Gel Polish No.5 (251-286)","author":"Serge Sahakian","date":"juin 11, 2023","format":false,"excerpt":"","rel":"","context":"Article similaire","block_context":{"text":"Article similaire","link":""},"img":{"alt_text":"","src":"https:\/\/i0.wp.com\/naillycosmetics.com\/wp-content\/uploads\/2026\/02\/gp-color-chart-5-1.png?fit=750%2C1000&ssl=1&resize=350%2C200","width":350,"height":200,"srcset":"https:\/\/i0.wp.com\/naillycosmetics.com\/wp-content\/uploads\/2026\/02\/gp-color-chart-5-1.png?fit=750%2C1000&ssl=1&resize=350%2C200 1x, https:\/\/i0.wp.com\/naillycosmetics.com\/wp-content\/uploads\/2026\/02\/gp-color-chart-5-1.png?fit=750%2C1000&ssl=1&resize=525%2C300 1.5x, https:\/\/i0.wp.com\/naillycosmetics.com\/wp-content\/uploads\/2026\/02\/gp-color-chart-5-1.png?fit=750%2C1000&ssl=1&resize=700%2C400 2x"},"classes":[]}],"jetpack_sharing_enabled":true,"_links":{"self":[{"href":"https:\/\/naillycosmetics.com\/fr\/wp-json\/wp\/v2\/product\/12916","targetHints":{"allow":["GET"]}}],"collection":[{"href":"https:\/\/naillycosmetics.com\/fr\/wp-json\/wp\/v2\/product"}],"about":[{"href":"https:\/\/naillycosmetics.com\/fr\/wp-json\/wp\/v2\/types\/product"}],"replies":[{"embeddable":true,"href":"https:\/\/naillycosmetics.com\/fr\/wp-json\/wp\/v2\/comments?post=12916"}],"wp:featuredmedia":[{"embeddable":true,"href":"https:\/\/naillycosmetics.com\/fr\/wp-json\/wp\/v2\/media\/26068"}],"wp:attachment":[{"href":"https:\/\/naillycosmetics.com\/fr\/wp-json\/wp\/v2\/media?parent=12916"}],"wp:term":[{"taxonomy":"product_brand","embeddable":true,"href":"https:\/\/naillycosmetics.com\/fr\/wp-json\/wp\/v2\/product_brand?post=12916"},{"taxonomy":"product_cat","embeddable":true,"href":"https:\/\/naillycosmetics.com\/fr\/wp-json\/wp\/v2\/product_cat?post=12916"},{"taxonomy":"product_tag","embeddable":true,"href":"https:\/\/naillycosmetics.com\/fr\/wp-json\/wp\/v2\/product_tag?post=12916"}],"curies":[{"name":"wp","href":"https:\/\/api.w.org\/{rel}","templated":true}]}}