{"id":12910,"date":"2023-06-11T00:33:27","date_gmt":"2023-06-11T04:33:27","guid":{"rendered":"https:\/\/naillycosmetics.com\/product\/victoria-vynn-color-chart-gel-polish-no-2-061-140\/"},"modified":"2026-02-18T13:43:31","modified_gmt":"2026-02-18T18:43:31","slug":"victoria-vynn-color-chart-gel-polish-no-2-061-140","status":"publish","type":"product","link":"https:\/\/naillycosmetics.com\/fr\/produit\/victoria-vynn-color-chart-gel-polish-no-2-061-140\/","title":{"rendered":"Victoria VYNN Color Chart Gel Polish No.2 (061-140)"},"content":{"rendered":"","protected":false},"excerpt":{"rendered":"","protected":false},"featured_media":26078,"comment_status":"open","ping_status":"closed","template":"","meta":{"jetpack_post_was_ever_published":false,"jetpack_publicize_message":"","jetpack_publicize_feature_enabled":true,"jetpack_social_post_already_shared":false,"jetpack_social_options":{"image_generator_settings":{"template":"highway","default_image_id":0,"font":"","enabled":false},"version":2}},"product_brand":[932],"product_cat":[919],"product_tag":[616,70],"class_list":{"0":"post-12910","1":"product","2":"type-product","3":"status-publish","4":"has-post-thumbnail","6":"product_brand-victoria-vynn","7":"product_cat-nail-tools-and-accessories","8":"product_tag-color-charts","9":"product_tag-gel-polish-color-charts","11":"first","12":"instock","13":"taxable","14":"shipping-taxable","15":"purchasable","16":"product-type-simple"},"jetpack_publicize_connections":[],"jetpack-related-posts":[{"id":4349,"url":"https:\/\/naillycosmetics.com\/fr\/produit\/shimmery-dark-purple-nails-061-after-party\/","url_meta":{"origin":12910,"position":0},"title":"Victoria VYNN Pure Creamy Hybrid Gel Polish No. 061 After Party","author":"Serge Sahakian","date":"septembre 2, 2022","format":false,"excerpt":"Fantastiques ongles en gel violet fonc\u00e9 chatoyants ! Victoria VYNN Pure Creamy Hybrid High Pigment Gel Polish 061 After Party est agr\u00e9ment\u00e9 de particules multicolores dans une incroyable teinte violet fonc\u00e9. Le premier distributeur canadien de fournitures professionnelles pour les ongles. Achetez en toute confiance ! Sp\u00e9cifications du produit :               Disponibilit\u00e9 du stock :","rel":"","context":"Article similaire","block_context":{"text":"Article similaire","link":""},"img":{"alt_text":"Best Shimmery Dark Purple Nails Victoria VYNN Pure Creamy Hybrid 061 After Party","src":"https:\/\/i0.wp.com\/naillycosmetics.com\/wp-content\/uploads\/2026\/02\/best-shimmery-dark-pruple-nails-victoria-vynn-pure-creamy-hybrid-061-after-party.webp?fit=750%2C1000&ssl=1&resize=350%2C200","width":350,"height":200,"srcset":"https:\/\/i0.wp.com\/naillycosmetics.com\/wp-content\/uploads\/2026\/02\/best-shimmery-dark-pruple-nails-victoria-vynn-pure-creamy-hybrid-061-after-party.webp?fit=750%2C1000&ssl=1&resize=350%2C200 1x, https:\/\/i0.wp.com\/naillycosmetics.com\/wp-content\/uploads\/2026\/02\/best-shimmery-dark-pruple-nails-victoria-vynn-pure-creamy-hybrid-061-after-party.webp?fit=750%2C1000&ssl=1&resize=525%2C300 1.5x, https:\/\/i0.wp.com\/naillycosmetics.com\/wp-content\/uploads\/2026\/02\/best-shimmery-dark-pruple-nails-victoria-vynn-pure-creamy-hybrid-061-after-party.webp?fit=750%2C1000&ssl=1&resize=700%2C400 2x"},"classes":[]},{"id":4889,"url":"https:\/\/naillycosmetics.com\/fr\/produit\/gel-polish-061-so-fancy\/","url_meta":{"origin":12910,"position":1},"title":"Victoria VYNN Salon Gel Polish No. 061 So Fancy","author":"Serge Sahakian","date":"septembre 4, 2022","format":false,"excerpt":"The neon, coral So Fancy will tastefully emphasize the shade of sun-kissed skin. Canada's Best Selling Victoria VYNN Gel Polish Color is a light-curable line of hybrid varnishes, which is used in two types of styling: 3-stage Hybrid System and 4-stage Soak Off System. Gel Polish Color impresses with the\u2026","rel":"","context":"Article similaire","block_context":{"text":"Article similaire","link":""},"img":{"alt_text":"Salon Gel Polish 061 So Fancy","src":"https:\/\/i0.wp.com\/naillycosmetics.com\/wp-content\/uploads\/2026\/02\/salon-gel-polish-061-bottle.png?fit=1000%2C1000&ssl=1&resize=350%2C200","width":350,"height":200,"srcset":"https:\/\/i0.wp.com\/naillycosmetics.com\/wp-content\/uploads\/2026\/02\/salon-gel-polish-061-bottle.png?fit=1000%2C1000&ssl=1&resize=350%2C200 1x, https:\/\/i0.wp.com\/naillycosmetics.com\/wp-content\/uploads\/2026\/02\/salon-gel-polish-061-bottle.png?fit=1000%2C1000&ssl=1&resize=525%2C300 1.5x, https:\/\/i0.wp.com\/naillycosmetics.com\/wp-content\/uploads\/2026\/02\/salon-gel-polish-061-bottle.png?fit=1000%2C1000&ssl=1&resize=700%2C400 2x"},"classes":[]},{"id":20102,"url":"https:\/\/naillycosmetics.com\/fr\/produit\/victoria-vynn-color-chart-ai-cat-eye-gel-polish-392-399-2\/","url_meta":{"origin":12910,"position":2},"title":"Victoria VYNN Color Chart Ai Cat Eye Gel Polish 392-399","author":"Serge Sahakian","date":"d\u00e9cembre 4, 2024","format":false,"excerpt":"","rel":"","context":"Article similaire","block_context":{"text":"Article similaire","link":""},"img":{"alt_text":"","src":"https:\/\/i0.wp.com\/naillycosmetics.com\/wp-content\/uploads\/2026\/02\/color-chart-gel-polish-392-399-1.jpg?fit=1200%2C1200&ssl=1&resize=350%2C200","width":350,"height":200,"srcset":"https:\/\/i0.wp.com\/naillycosmetics.com\/wp-content\/uploads\/2026\/02\/color-chart-gel-polish-392-399-1.jpg?fit=1200%2C1200&ssl=1&resize=350%2C200 1x, https:\/\/i0.wp.com\/naillycosmetics.com\/wp-content\/uploads\/2026\/02\/color-chart-gel-polish-392-399-1.jpg?fit=1200%2C1200&ssl=1&resize=525%2C300 1.5x, https:\/\/i0.wp.com\/naillycosmetics.com\/wp-content\/uploads\/2026\/02\/color-chart-gel-polish-392-399-1.jpg?fit=1200%2C1200&ssl=1&resize=700%2C400 2x, https:\/\/i0.wp.com\/naillycosmetics.com\/wp-content\/uploads\/2026\/02\/color-chart-gel-polish-392-399-1.jpg?fit=1200%2C1200&ssl=1&resize=1050%2C600 3x"},"classes":[]},{"id":16635,"url":"https:\/\/naillycosmetics.com\/fr\/produit\/victoria-vynn-color-chart-christmas-gel-polish-351-353-2\/","url_meta":{"origin":12910,"position":3},"title":"Victoria VYNN Color Chart Christmas Gel Polish 351-353","author":"Serge Sahakian","date":"d\u00e9cembre 12, 2023","format":false,"excerpt":"","rel":"","context":"Article similaire","block_context":{"text":"Article similaire","link":""},"img":{"alt_text":"","src":"","width":0,"height":0},"classes":[]},{"id":16634,"url":"https:\/\/naillycosmetics.com\/fr\/produit\/victoria-vynn-color-chart-christmas-cat-eye-gel-polish-354-357-2\/","url_meta":{"origin":12910,"position":4},"title":"Victoria VYNN Color Chart Christmas Cat Eye Gel Polish 354-357","author":"Serge Sahakian","date":"d\u00e9cembre 12, 2023","format":false,"excerpt":"","rel":"","context":"Article similaire","block_context":{"text":"Article similaire","link":""},"img":{"alt_text":"","src":"","width":0,"height":0},"classes":[]},{"id":12916,"url":"https:\/\/naillycosmetics.com\/fr\/produit\/victoria-vynn-color-chart-gel-polish-no-3-142-207\/","url_meta":{"origin":12910,"position":5},"title":"Victoria VYNN Color Chart Gel Polish No.3 (142-207)","author":"Serge Sahakian","date":"juin 11, 2023","format":false,"excerpt":"","rel":"","context":"Article similaire","block_context":{"text":"Article similaire","link":""},"img":{"alt_text":"","src":"https:\/\/i0.wp.com\/naillycosmetics.com\/wp-content\/uploads\/2026\/02\/gp-color-chart-3-1.png?fit=750%2C1000&ssl=1&resize=350%2C200","width":350,"height":200,"srcset":"https:\/\/i0.wp.com\/naillycosmetics.com\/wp-content\/uploads\/2026\/02\/gp-color-chart-3-1.png?fit=750%2C1000&ssl=1&resize=350%2C200 1x, https:\/\/i0.wp.com\/naillycosmetics.com\/wp-content\/uploads\/2026\/02\/gp-color-chart-3-1.png?fit=750%2C1000&ssl=1&resize=525%2C300 1.5x, https:\/\/i0.wp.com\/naillycosmetics.com\/wp-content\/uploads\/2026\/02\/gp-color-chart-3-1.png?fit=750%2C1000&ssl=1&resize=700%2C400 2x"},"classes":[]}],"jetpack_sharing_enabled":true,"_links":{"self":[{"href":"https:\/\/naillycosmetics.com\/fr\/wp-json\/wp\/v2\/product\/12910","targetHints":{"allow":["GET"]}}],"collection":[{"href":"https:\/\/naillycosmetics.com\/fr\/wp-json\/wp\/v2\/product"}],"about":[{"href":"https:\/\/naillycosmetics.com\/fr\/wp-json\/wp\/v2\/types\/product"}],"replies":[{"embeddable":true,"href":"https:\/\/naillycosmetics.com\/fr\/wp-json\/wp\/v2\/comments?post=12910"}],"wp:featuredmedia":[{"embeddable":true,"href":"https:\/\/naillycosmetics.com\/fr\/wp-json\/wp\/v2\/media\/26078"}],"wp:attachment":[{"href":"https:\/\/naillycosmetics.com\/fr\/wp-json\/wp\/v2\/media?parent=12910"}],"wp:term":[{"taxonomy":"product_brand","embeddable":true,"href":"https:\/\/naillycosmetics.com\/fr\/wp-json\/wp\/v2\/product_brand?post=12910"},{"taxonomy":"product_cat","embeddable":true,"href":"https:\/\/naillycosmetics.com\/fr\/wp-json\/wp\/v2\/product_cat?post=12910"},{"taxonomy":"product_tag","embeddable":true,"href":"https:\/\/naillycosmetics.com\/fr\/wp-json\/wp\/v2\/product_tag?post=12910"}],"curies":[{"name":"wp","href":"https:\/\/api.w.org\/{rel}","templated":true}]}}