{"id":12791,"date":"2023-06-09T10:10:02","date_gmt":"2023-06-09T14:10:02","guid":{"rendered":"https:\/\/naillycosmetics.com\/product\/victoria-vynn-pure-creamy-hybrid-gel-polish-no-237-epochal-pink\/"},"modified":"2026-04-06T13:42:47","modified_gmt":"2026-04-06T17:42:47","slug":"light-creamy-pink-gel-polish-237-epochal","status":"publish","type":"product","link":"https:\/\/naillycosmetics.com\/fr\/produit\/light-creamy-pink-gel-polish-237-epochal\/","title":{"rendered":"Victoria VYNN Pure Creamy Hybrid Gel Polish No. 237 Epochal Pink"},"content":{"rendered":"<p>Le syst\u00e8me Pure Creamy Hybrid comprend des vernis gel hybrides cr\u00e9meux d'une couverture et d'une durabilit\u00e9 excellentes. Il s'agit d'une formule avec un indice de s\u00e9curit\u00e9 \u00e9lev\u00e9, sans odeur irritante et qui peut \u00eatre enlev\u00e9e avec de l'alcool cosm\u00e9tique. Le pinceau court et plat, con\u00e7u sp\u00e9cialement pour la ligne de produits Pure, facilite une application uniforme. Le syst\u00e8me permet de r\u00e9aliser des manucures hybrides ultra fines. Durcissement uniquement dans des lampes LED !<\/p>\n<p>Victoria VYNN Pure Creamy Hybrid Light Creamy Pink Gel Polish Epochal Pink No. 237 est un rose blanchi qui ne se d\u00e9mode jamais et qui souligne parfaitement le look f\u00e9minin.<\/p>\n<p>Les vernis hybrides Pure r\u00e9pondent aux attentes des femmes du monde entier ! Nous cr\u00e9ons nos collections en fonction des derni\u00e8res tendances, nous r\u00e9pondons aux besoins de nos clientes et nous mettons en valeur la beaut\u00e9 de leurs mains !<\/p>","protected":false},"excerpt":{"rendered":"<p>Victoria VYNN Pure Creamy Hybrid Light Creamy Pink Gel Polish Epochal Pink No. 237 est un rose blanchi qui ne se d\u00e9mode jamais et qui souligne parfaitement le look f\u00e9minin. Le premier distributeur canadien de fournitures professionnelles pour les ongles. Achetez en toute confiance !<\/p>\n<p>Collection : <a href=\"https:\/\/victoriavynn.ca\/tags\/pure-creamy-hybrid-retro-pastel-collection\/\">Pure Creamy Hybrid Retro Pastel<\/a><\/p>\n<p>Sp\u00e9cifications du produit :<\/p>\n<p><a href=\"https:\/\/victoriavynn.ca\/wp-content\/uploads\/2022\/12\/CREAMY-FORMULA-1.webp\"><img loading=\"lazy\" decoding=\"async\" class=\"size-full wp-image-8777 alignleft\" src=\"https:\/\/victoriavynn.ca\/wp-content\/uploads\/2022\/12\/CREAMY-FORMULA-1.webp\" alt=\"CREAMY GEL POLISH\" width=\"125\" height=\"150\" \/><\/a> <img loading=\"lazy\" decoding=\"async\" class=\"size-full wp-image-8778 alignleft\" src=\"https:\/\/victoriavynn.ca\/wp-content\/uploads\/2022\/12\/FLAT-SHORT-BRUSH.webp\" alt=\"CREAMY GEL POLISH\" width=\"125\" height=\"150\" \/><img loading=\"lazy\" decoding=\"async\" class=\"size-full wp-image-8779 alignleft\" src=\"https:\/\/victoriavynn.ca\/wp-content\/uploads\/2022\/12\/FOR-LED-LAMP.webp\" alt=\"CREAMY GEL POLISH\" width=\"125\" height=\"150\" \/><a href=\"https:\/\/victoriavynn.ca\/wp-content\/uploads\/2019\/11\/SALON-QUALITY.webp\"><img loading=\"lazy\" decoding=\"async\" class=\"size-full wp-image-8772 alignleft\" src=\"https:\/\/victoriavynn.ca\/wp-content\/uploads\/2019\/11\/SALON-QUALITY.webp\" alt=\"GEL NAIL BUILDER\" width=\"125\" height=\"150\" \/><\/a><\/p>\n<p>&nbsp;<\/p>\n<p>&nbsp;<\/p>\n<p>&nbsp;<\/p>\n<p>&nbsp;<\/p>","protected":false},"featured_media":26110,"comment_status":"open","ping_status":"closed","template":"","meta":{"jetpack_post_was_ever_published":false,"jetpack_publicize_message":"","jetpack_publicize_feature_enabled":true,"jetpack_social_post_already_shared":false,"jetpack_social_options":{"image_generator_settings":{"template":"highway","default_image_id":0,"font":"","enabled":false},"version":2}},"product_brand":[932],"product_cat":[48],"product_tag":[975,103,615,961],"class_list":{"0":"post-12791","1":"product","2":"type-product","3":"status-publish","4":"has-post-thumbnail","6":"product_brand-victoria-vynn","7":"product_cat-hybrid-gel-nail-colors","8":"product_tag-pastel-pure-creamy-colors","9":"product_tag-creamy-gel-polish","10":"product_tag-pure-creamy-hybrid-retro-pastel-collection","11":"product_tag-spring-summer-pure-creamy-hybrid-colors","12":"product_shipping_class-cardboard-box","13":"pa_size-8ml","15":"first","16":"instock","17":"taxable","18":"shipping-taxable","19":"purchasable","20":"product-type-simple"},"jetpack_publicize_connections":[],"jetpack-related-posts":[{"id":4271,"url":"https:\/\/naillycosmetics.com\/fr\/produit\/victoria-vynn-pure-burnt-pink-gel-polish\/","url_meta":{"origin":12791,"position":0},"title":"Victoria VYNN Pure Creamy Hybrid Gel Polish No. 126 Burnt Pink","author":"Serge Sahakian","date":"septembre 2, 2022","format":false,"excerpt":"Le meilleur et incroyable vernis en gel rose br\u00fbl\u00e9 ! Victoria VYNN Pure Creamy Hybrid High Pigment Gel Polish 126 Burnt Pink est un rose fum\u00e9 avec un soup\u00e7on de rouge qui charme avec l'\u00e9nergie de la f\u00e9minit\u00e9. Le principal distributeur canadien de fournitures professionnelles pour les ongles. Achetez en toute confiance ! Sp\u00e9cifications du produit :        ...","rel":"","context":"Article similaire","block_context":{"text":"Article similaire","link":""},"img":{"alt_text":"Victoria VYNN Pure Burnt Pink Gel Polish No. 126","src":"https:\/\/i0.wp.com\/naillycosmetics.com\/wp-content\/uploads\/2026\/02\/victoria-vynn-pure-burnt-pink-gel-polish-no.-126-.webp?fit=750%2C1000&ssl=1&resize=350%2C200","width":350,"height":200,"srcset":"https:\/\/i0.wp.com\/naillycosmetics.com\/wp-content\/uploads\/2026\/02\/victoria-vynn-pure-burnt-pink-gel-polish-no.-126-.webp?fit=750%2C1000&ssl=1&resize=350%2C200 1x, https:\/\/i0.wp.com\/naillycosmetics.com\/wp-content\/uploads\/2026\/02\/victoria-vynn-pure-burnt-pink-gel-polish-no.-126-.webp?fit=750%2C1000&ssl=1&resize=525%2C300 1.5x, https:\/\/i0.wp.com\/naillycosmetics.com\/wp-content\/uploads\/2026\/02\/victoria-vynn-pure-burnt-pink-gel-polish-no.-126-.webp?fit=750%2C1000&ssl=1&resize=700%2C400 2x"},"classes":[]},{"id":4299,"url":"https:\/\/naillycosmetics.com\/fr\/produit\/victoria-vynn-natural-pink-gel-polish-102\/","url_meta":{"origin":12791,"position":1},"title":"Victoria VYNN Pure Creamy Hybrid Gel Polish No. 102 Butterfly Wings (ailes de papillon)","author":"Serge Sahakian","date":"septembre 2, 2022","format":false,"excerpt":"Charmant vernis en gel rose naturel. Victoria VYNN Pure Creamy Hybrid High Pigment Gel Polish 102 Butterfly Wings est un rose d\u00e9licat et classique qui s'harmonise parfaitement avec tous les tons de peau. Le principal distributeur canadien de fournitures professionnelles pour les ongles. Achetez en toute confiance ! Sp\u00e9cifications du produit :               Disponibilit\u00e9 du stock :","rel":"","context":"Article similaire","block_context":{"text":"Article similaire","link":""},"img":{"alt_text":"victoria vynn chamring natural pink gel polish pure creamy butterfly wings 102","src":"https:\/\/i0.wp.com\/naillycosmetics.com\/wp-content\/uploads\/2026\/02\/victoria-vynn-chamring-natural-pink-gel-polish-pure-creamy-butterfly-wings-102-.webp?fit=750%2C1000&ssl=1&resize=350%2C200","width":350,"height":200,"srcset":"https:\/\/i0.wp.com\/naillycosmetics.com\/wp-content\/uploads\/2026\/02\/victoria-vynn-chamring-natural-pink-gel-polish-pure-creamy-butterfly-wings-102-.webp?fit=750%2C1000&ssl=1&resize=350%2C200 1x, https:\/\/i0.wp.com\/naillycosmetics.com\/wp-content\/uploads\/2026\/02\/victoria-vynn-chamring-natural-pink-gel-polish-pure-creamy-butterfly-wings-102-.webp?fit=750%2C1000&ssl=1&resize=525%2C300 1.5x, https:\/\/i0.wp.com\/naillycosmetics.com\/wp-content\/uploads\/2026\/02\/victoria-vynn-chamring-natural-pink-gel-polish-pure-creamy-butterfly-wings-102-.webp?fit=750%2C1000&ssl=1&resize=700%2C400 2x"},"classes":[]},{"id":4287,"url":"https:\/\/naillycosmetics.com\/fr\/produit\/victoria-vynn-pure-light-pink-gel-polish\/","url_meta":{"origin":12791,"position":2},"title":"Victoria VYNN Pure Creamy Hybrid Gel Polish No. 114 Dusty Orchid","author":"Serge Sahakian","date":"septembre 2, 2022","format":false,"excerpt":"Le meilleur vernis en gel rose p\u00e2le et d\u00e9licat ! Victoria VYNN Pure Creamy Hybrid High Pigment Gel Polish 114 Dusty Orchid est un rose pastel qui a \u00e9t\u00e9 l\u00e9g\u00e8rement sali, mais qui provoque toujours de la douceur. Le premier distributeur canadien de fournitures professionnelles pour les ongles. Achetez en toute confiance ! Sp\u00e9cifications du produit :            ...","rel":"","context":"Article similaire","block_context":{"text":"Article similaire","link":""},"img":{"alt_text":"victoria vynn pure creamy hybrid light pink gel polish no. 114 dusty orchid","src":"https:\/\/i0.wp.com\/naillycosmetics.com\/wp-content\/uploads\/2026\/02\/victoria-vynn-pure-creamy-hybrid-light-pink-gel-polish-no.-114-dusty-orchid.webp?fit=750%2C1000&ssl=1&resize=350%2C200","width":350,"height":200,"srcset":"https:\/\/i0.wp.com\/naillycosmetics.com\/wp-content\/uploads\/2026\/02\/victoria-vynn-pure-creamy-hybrid-light-pink-gel-polish-no.-114-dusty-orchid.webp?fit=750%2C1000&ssl=1&resize=350%2C200 1x, https:\/\/i0.wp.com\/naillycosmetics.com\/wp-content\/uploads\/2026\/02\/victoria-vynn-pure-creamy-hybrid-light-pink-gel-polish-no.-114-dusty-orchid.webp?fit=750%2C1000&ssl=1&resize=525%2C300 1.5x, https:\/\/i0.wp.com\/naillycosmetics.com\/wp-content\/uploads\/2026\/02\/victoria-vynn-pure-creamy-hybrid-light-pink-gel-polish-no.-114-dusty-orchid.webp?fit=750%2C1000&ssl=1&resize=700%2C400 2x"},"classes":[]},{"id":4361,"url":"https:\/\/naillycosmetics.com\/fr\/produit\/best-pink-gel-nail-polish-055-pink-up\/","url_meta":{"origin":12791,"position":3},"title":"Victoria VYNN Pure Creamy Hybrid Gel Polish No. 055 Pink Up","author":"Serge Sahakian","date":"septembre 2, 2022","format":false,"excerpt":"Vernis \u00e0 ongles en gel d'un rose attrayant ! Victoria VYNN Pure Creamy Hybrid High Pigment Gel Polish 055 Pink Up est une nuance de rose intense qui est tout simplement \u00e9poustouflante. Le premier distributeur canadien de fournitures professionnelles pour les ongles. Achetez en toute confiance ! Sp\u00e9cifications du produit :               Disponibilit\u00e9 du stock :","rel":"","context":"Article similaire","block_context":{"text":"Article similaire","link":""},"img":{"alt_text":"Best Pink Gel Nail Polish Victoira VYNN Pure Creamy Hybrid 055 Pink Up","src":"https:\/\/i0.wp.com\/naillycosmetics.com\/wp-content\/uploads\/2026\/02\/best-pink-gel-nail-polish-victoira-vynn-pure-creamy-hybrid-055-pink-up.webp?fit=750%2C1000&ssl=1&resize=350%2C200","width":350,"height":200,"srcset":"https:\/\/i0.wp.com\/naillycosmetics.com\/wp-content\/uploads\/2026\/02\/best-pink-gel-nail-polish-victoira-vynn-pure-creamy-hybrid-055-pink-up.webp?fit=750%2C1000&ssl=1&resize=350%2C200 1x, https:\/\/i0.wp.com\/naillycosmetics.com\/wp-content\/uploads\/2026\/02\/best-pink-gel-nail-polish-victoira-vynn-pure-creamy-hybrid-055-pink-up.webp?fit=750%2C1000&ssl=1&resize=525%2C300 1.5x, https:\/\/i0.wp.com\/naillycosmetics.com\/wp-content\/uploads\/2026\/02\/best-pink-gel-nail-polish-victoira-vynn-pure-creamy-hybrid-055-pink-up.webp?fit=750%2C1000&ssl=1&resize=700%2C400 2x"},"classes":[]},{"id":4269,"url":"https:\/\/naillycosmetics.com\/fr\/produit\/victoria-vynn-violet-pink-gel-polish-127\/","url_meta":{"origin":12791,"position":4},"title":"Victoria VYNN Pure Creamy Hybrid Gel Polish No. 127 Rose Madder","author":"Serge Sahakian","date":"septembre 2, 2022","format":false,"excerpt":"Le meilleur vernis en gel rose violet merveilleux ! Victoria VYNN Pure Creamy Hybrid High Pigment Gel Polish 127 Rose Madder est un rose profond et d\u00e9cisif avec une goutte de violet. Le premier distributeur canadien de fournitures professionnelles pour les ongles. Achetez en toute confiance ! Sp\u00e9cifications du produit :               Disponibilit\u00e9 du stock :","rel":"","context":"Article similaire","block_context":{"text":"Article similaire","link":""},"img":{"alt_text":"Victoria VYNN Pure Violet Pink Gel Polish Rose Madder No. 127 Pure Creamy","src":"https:\/\/i0.wp.com\/naillycosmetics.com\/wp-content\/uploads\/2026\/02\/victoria-vynn-pure-violet-pink-gel-polish-rose-madder-no.-127-pure-creamy.webp?fit=750%2C1000&ssl=1&resize=350%2C200","width":350,"height":200,"srcset":"https:\/\/i0.wp.com\/naillycosmetics.com\/wp-content\/uploads\/2026\/02\/victoria-vynn-pure-violet-pink-gel-polish-rose-madder-no.-127-pure-creamy.webp?fit=750%2C1000&ssl=1&resize=350%2C200 1x, https:\/\/i0.wp.com\/naillycosmetics.com\/wp-content\/uploads\/2026\/02\/victoria-vynn-pure-violet-pink-gel-polish-rose-madder-no.-127-pure-creamy.webp?fit=750%2C1000&ssl=1&resize=525%2C300 1.5x, https:\/\/i0.wp.com\/naillycosmetics.com\/wp-content\/uploads\/2026\/02\/victoria-vynn-pure-violet-pink-gel-polish-rose-madder-no.-127-pure-creamy.webp?fit=750%2C1000&ssl=1&resize=700%2C400 2x"},"classes":[]},{"id":8379,"url":"https:\/\/naillycosmetics.com\/fr\/produit\/pink-creamy-gel-nail-polish-232-pink-horizon\/","url_meta":{"origin":12791,"position":5},"title":"Victoria VYNN Pure Creamy Hybrid Gel Polish No. 232 Pink Horizon","author":"Serge Sahakian","date":"d\u00e9cembre 15, 2022","format":false,"excerpt":"Victoria VYNN Hybrid Pure Pink Creamy Gel Nail Polish Pink Horizon No. 232 est un rose vif et frais de l'horizon du soir. Le premier distributeur canadien de fournitures professionnelles pour les ongles. Achetez en toute confiance ! Collection : Pure Creamy Hybrid Collection Voyage Sp\u00e9cifications du produit :               Disponibilit\u00e9 en stock :","rel":"","context":"Article similaire","block_context":{"text":"Article similaire","link":""},"img":{"alt_text":"pink creamy gel nail polish","src":"https:\/\/i0.wp.com\/naillycosmetics.com\/wp-content\/uploads\/2026\/02\/232.webp?fit=750%2C1000&ssl=1&resize=350%2C200","width":350,"height":200,"srcset":"https:\/\/i0.wp.com\/naillycosmetics.com\/wp-content\/uploads\/2026\/02\/232.webp?fit=750%2C1000&ssl=1&resize=350%2C200 1x, https:\/\/i0.wp.com\/naillycosmetics.com\/wp-content\/uploads\/2026\/02\/232.webp?fit=750%2C1000&ssl=1&resize=525%2C300 1.5x, https:\/\/i0.wp.com\/naillycosmetics.com\/wp-content\/uploads\/2026\/02\/232.webp?fit=750%2C1000&ssl=1&resize=700%2C400 2x"},"classes":[]}],"jetpack_sharing_enabled":true,"_links":{"self":[{"href":"https:\/\/naillycosmetics.com\/fr\/wp-json\/wp\/v2\/product\/12791","targetHints":{"allow":["GET"]}}],"collection":[{"href":"https:\/\/naillycosmetics.com\/fr\/wp-json\/wp\/v2\/product"}],"about":[{"href":"https:\/\/naillycosmetics.com\/fr\/wp-json\/wp\/v2\/types\/product"}],"replies":[{"embeddable":true,"href":"https:\/\/naillycosmetics.com\/fr\/wp-json\/wp\/v2\/comments?post=12791"}],"wp:featuredmedia":[{"embeddable":true,"href":"https:\/\/naillycosmetics.com\/fr\/wp-json\/wp\/v2\/media\/26110"}],"wp:attachment":[{"href":"https:\/\/naillycosmetics.com\/fr\/wp-json\/wp\/v2\/media?parent=12791"}],"wp:term":[{"taxonomy":"product_brand","embeddable":true,"href":"https:\/\/naillycosmetics.com\/fr\/wp-json\/wp\/v2\/product_brand?post=12791"},{"taxonomy":"product_cat","embeddable":true,"href":"https:\/\/naillycosmetics.com\/fr\/wp-json\/wp\/v2\/product_cat?post=12791"},{"taxonomy":"product_tag","embeddable":true,"href":"https:\/\/naillycosmetics.com\/fr\/wp-json\/wp\/v2\/product_tag?post=12791"}],"curies":[{"name":"wp","href":"https:\/\/api.w.org\/{rel}","templated":true}]}}