{"id":12360,"date":"2023-06-05T21:36:07","date_gmt":"2023-06-06T01:36:07","guid":{"rendered":"https:\/\/naillycosmetics.com\/product\/victoria-vynn-keepcup-reusable-tempered-glass-coffee-cup-travel-mug-with-spill-proof-lid-brew-cork-band-lightweight-bpa-free-medium-12oz-deep\/"},"modified":"2026-02-18T13:43:37","modified_gmt":"2026-02-18T18:43:37","slug":"victoria-vynn-keepcup-reusable-tempered-glass-coffee-cup-travel-mug-with-spill-proof-lid-brew-cork-band-lightweight-bpa-free-medium-12oz-deep","status":"publish","type":"product","link":"https:\/\/naillycosmetics.com\/fr\/produit\/victoria-vynn-keepcup-reusable-tempered-glass-coffee-cup-travel-mug-with-spill-proof-lid-brew-cork-band-lightweight-bpa-free-medium-12oz-deep\/","title":{"rendered":"Victoria VYNN KeepCup Tasse \u00e0 caf\u00e9 en verre tremp\u00e9 r\u00e9utilisable avec couvercle anti-d\u00e9versement, bande de li\u00e8ge, l\u00e9g\u00e8re, sans BPA | moyenne | 12oz| profonde"},"content":{"rendered":"","protected":false},"excerpt":{"rendered":"","protected":false},"featured_media":26136,"comment_status":"open","ping_status":"closed","template":"","meta":{"jetpack_post_was_ever_published":false,"jetpack_publicize_message":"","jetpack_publicize_feature_enabled":true,"jetpack_social_post_already_shared":false,"jetpack_social_options":{"image_generator_settings":{"template":"highway","default_image_id":0,"font":"","enabled":false},"version":2}},"product_brand":[932],"product_cat":[919],"product_tag":[92],"class_list":{"0":"post-12360","1":"product","2":"type-product","3":"status-publish","4":"has-post-thumbnail","6":"product_brand-victoria-vynn","7":"product_cat-nail-tools-and-accessories","8":"product_tag-nail-accessories","9":"product_shipping_class-cardboard-box","11":"first","12":"instock","13":"taxable","14":"shipping-taxable","15":"purchasable","16":"product-type-simple"},"jetpack_publicize_connections":[],"jetpack-related-posts":[],"jetpack_sharing_enabled":true,"_links":{"self":[{"href":"https:\/\/naillycosmetics.com\/fr\/wp-json\/wp\/v2\/product\/12360","targetHints":{"allow":["GET"]}}],"collection":[{"href":"https:\/\/naillycosmetics.com\/fr\/wp-json\/wp\/v2\/product"}],"about":[{"href":"https:\/\/naillycosmetics.com\/fr\/wp-json\/wp\/v2\/types\/product"}],"replies":[{"embeddable":true,"href":"https:\/\/naillycosmetics.com\/fr\/wp-json\/wp\/v2\/comments?post=12360"}],"wp:featuredmedia":[{"embeddable":true,"href":"https:\/\/naillycosmetics.com\/fr\/wp-json\/wp\/v2\/media\/26136"}],"wp:attachment":[{"href":"https:\/\/naillycosmetics.com\/fr\/wp-json\/wp\/v2\/media?parent=12360"}],"wp:term":[{"taxonomy":"product_brand","embeddable":true,"href":"https:\/\/naillycosmetics.com\/fr\/wp-json\/wp\/v2\/product_brand?post=12360"},{"taxonomy":"product_cat","embeddable":true,"href":"https:\/\/naillycosmetics.com\/fr\/wp-json\/wp\/v2\/product_cat?post=12360"},{"taxonomy":"product_tag","embeddable":true,"href":"https:\/\/naillycosmetics.com\/fr\/wp-json\/wp\/v2\/product_tag?post=12360"}],"curies":[{"name":"wp","href":"https:\/\/api.w.org\/{rel}","templated":true}]}}