{"id":12346,"date":"2023-06-05T21:35:00","date_gmt":"2023-06-06T01:35:00","guid":{"rendered":"https:\/\/naillycosmetics.com\/product\/manicure-table-led-lamp-with-flexible-arm-black\/"},"modified":"2026-02-18T14:42:28","modified_gmt":"2026-02-18T19:42:28","slug":"best-professional-manicure-table-lamp","status":"publish","type":"product","link":"https:\/\/naillycosmetics.com\/fr\/produit\/best-professional-manicure-table-lamp\/","title":{"rendered":"Lampe de bureau pour manucure avec bras flexible\/pivotant"},"content":{"rendered":"<div class=\"css-yjm7z1 e1mpbtcv5\" data-automation=\"long-description\">\n<p>Lampe de table pour manucure professionnelle<\/p>\n<ul>\n<li>Conception r\u00e9glable - Le bras pivotant enti\u00e8rement r\u00e9glable peut \u00eatre facilement positionn\u00e9 pour un \u00e9clairage cibl\u00e9 et directionnel.<\/li>\n<li>Options de placement polyvalentes - Pince fixe pour un montage sur le bureau et une grande polyvalence.<\/li>\n<li>QUALIT\u00c9 PREMIUM : La lampe tient fermement gr\u00e2ce \u00e0 sa base lest\u00e9e. Le bras pivotant et l'abat-jour sont fabriqu\u00e9s en m\u00e9tal solide avec une finition noire mate, ce qui les rend durables et agr\u00e9ables \u00e0 regarder.<\/li>\n<li>Vous pouvez le fixer sur n'importe quelle surface, verticalement ou horizontalement, jusqu'\u00e0 une largeur de 5,1 cm.<\/li>\n<li>La base et l'abat-jour de la lampe peuvent \u00eatre orient\u00e9s dans presque tous les angles, le bras r\u00e9glable flexible \u00e9quilibr\u00e9 par des ressorts s'\u00e9tend jusqu'\u00e0 90 cm de hauteur, vous offrant une large zone d'\u00e9clairage dans toutes les positions dont vous avez besoin.<\/li>\n<li>Bouton ON \/ OFF.<\/li>\n<\/ul>\n<\/div>\n<p>Note importante : convient aux lampes LED E26 (vendues s\u00e9par\u00e9ment), 8 W normalement recommand\u00e9es.<\/p>","protected":false},"excerpt":{"rendered":"<p>La lampe de table pour manucure professionnelle est un \"must have\" pour toutes les proth\u00e9sistes ongulaires. Un \u00e9clairage insuffisant peut vous fatiguer les yeux et vous mettre mal \u00e0 l'aise. Les tables de manucure sont souvent dot\u00e9es d'une lampe int\u00e9gr\u00e9e, de sorte que, quel que soit l'emplacement de votre poste dans le salon, vous disposerez d'un \u00e9clairage ad\u00e9quat.<\/p>\n<p>Sp\u00e9cifications du produit :<\/p>\n<p><img loading=\"lazy\" decoding=\"async\" class=\"size-full wp-image-12498 alignleft\" src=\"http:\/\/naillycosmetics.com\/wp-content\/uploads\/2023\/06\/SWITCH-CONTROL.webp\" alt=\"SWITCH CONTROL\" width=\"125\" height=\"150\" srcset=\"https:\/\/i0.wp.com\/naillycosmetics.com\/wp-content\/uploads\/2023\/06\/SWITCH-CONTROL.webp?w=125&amp;ssl=1 125w, https:\/\/i0.wp.com\/naillycosmetics.com\/wp-content\/uploads\/2023\/06\/SWITCH-CONTROL.webp?resize=10%2C12&amp;ssl=1 10w\" sizes=\"auto, (max-width: 125px) 100vw, 125px\" \/><\/p>\n<p><img loading=\"lazy\" decoding=\"async\" class=\"size-full wp-image-12499 alignleft\" src=\"http:\/\/naillycosmetics.com\/wp-content\/uploads\/2023\/06\/ALL-TYPES-OG-BULB-LAMPS.webp\" alt=\"ALL TYPES Of BULB LAMPS\" width=\"125\" height=\"150\" srcset=\"https:\/\/i0.wp.com\/naillycosmetics.com\/wp-content\/uploads\/2023\/06\/ALL-TYPES-OG-BULB-LAMPS.webp?w=125&amp;ssl=1 125w, https:\/\/i0.wp.com\/naillycosmetics.com\/wp-content\/uploads\/2023\/06\/ALL-TYPES-OG-BULB-LAMPS.webp?resize=10%2C12&amp;ssl=1 10w\" sizes=\"auto, (max-width: 125px) 100vw, 125px\" \/><\/p>\n<p><img loading=\"lazy\" decoding=\"async\" class=\"size-full wp-image-12500 alignleft\" src=\"http:\/\/naillycosmetics.com\/wp-content\/uploads\/2023\/06\/FLEXIBLE.webp\" alt=\"FLEXIBLE\" width=\"125\" height=\"150\" srcset=\"https:\/\/i0.wp.com\/naillycosmetics.com\/wp-content\/uploads\/2023\/06\/FLEXIBLE.webp?w=125&amp;ssl=1 125w, https:\/\/i0.wp.com\/naillycosmetics.com\/wp-content\/uploads\/2023\/06\/FLEXIBLE.webp?resize=10%2C12&amp;ssl=1 10w\" sizes=\"auto, (max-width: 125px) 100vw, 125px\" \/><\/p>","protected":false},"featured_media":12497,"comment_status":"open","ping_status":"closed","template":"","meta":{"jetpack_post_was_ever_published":false,"jetpack_publicize_message":"","jetpack_publicize_feature_enabled":true,"jetpack_social_post_already_shared":false,"jetpack_social_options":{"image_generator_settings":{"template":"highway","default_image_id":0,"font":"","enabled":false},"version":2}},"product_brand":[933],"product_cat":[594],"product_tag":[598],"class_list":{"0":"post-12346","1":"product","2":"type-product","3":"status-publish","4":"has-post-thumbnail","6":"product_brand-nailly","7":"product_cat-nailly-uv-led-nail-lamps","8":"product_tag-manicure-desk-lamps","9":"product_shipping_class-cardboard-box","11":"first","12":"instock","13":"taxable","14":"shipping-taxable","15":"purchasable","16":"product-type-variable","17":"wvs-archive-product-wrapper"},"jetpack_publicize_connections":[],"jetpack-related-posts":[{"id":12356,"url":"https:\/\/naillycosmetics.com\/fr\/produit\/nailly-2in1-uv-led-lamp-and-arm-rest\/","url_meta":{"origin":12346,"position":0},"title":"H5 Dual 2in1 UV\/LED Lamp &amp; Hand Rest Black 72 Watt","author":"Serge Sahakian","date":"juin 5, 2023","format":false,"excerpt":"H5 Dual 2in1 Lampe LED UV et accoudoir (Noir). Combinaison d'une lampe \u00e0 LED UV de 72W et d'un accoudoir. Placez confortablement votre bras sur le coussin \u00e0 ongles et attendez l'application du vernis en gel, puis glissez rapidement vers le bas pour durcir le vernis en gel.","rel":"","context":"Article similaire","block_context":{"text":"Article similaire","link":""},"img":{"alt_text":"Nailly Professional H5 Dual 2in1 UV LED Lamp and Arm Rest Black 72 Watt_","src":"https:\/\/i0.wp.com\/naillycosmetics.com\/wp-content\/uploads\/2026\/02\/h5-dual-2in1-uv-led-lamp-and-hand-arm-rest-black-72-watt_-1-2.webp?fit=750%2C1000&ssl=1&resize=350%2C200","width":350,"height":200,"srcset":"https:\/\/i0.wp.com\/naillycosmetics.com\/wp-content\/uploads\/2026\/02\/h5-dual-2in1-uv-led-lamp-and-hand-arm-rest-black-72-watt_-1-2.webp?fit=750%2C1000&ssl=1&resize=350%2C200 1x, https:\/\/i0.wp.com\/naillycosmetics.com\/wp-content\/uploads\/2026\/02\/h5-dual-2in1-uv-led-lamp-and-hand-arm-rest-black-72-watt_-1-2.webp?fit=750%2C1000&ssl=1&resize=525%2C300 1.5x, https:\/\/i0.wp.com\/naillycosmetics.com\/wp-content\/uploads\/2026\/02\/h5-dual-2in1-uv-led-lamp-and-hand-arm-rest-black-72-watt_-1-2.webp?fit=750%2C1000&ssl=1&resize=700%2C400 2x"},"classes":[]},{"id":12322,"url":"https:\/\/naillycosmetics.com\/fr\/produit\/2in1-uv-led-nail-lamp-and-hand-rest-oval\/","url_meta":{"origin":12346,"position":1},"title":"H9 Dual 2in1 UV\/LED Lamp &amp; Hand Rest 48 Watt (White)","author":"Serge Sahakian","date":"juin 5, 2023","format":false,"excerpt":"H9 Dual 2in1 UV LED Nail Lamp and Hand Rest Oval (White). Combinaison d'une puissante lampe \u00e0 ongles \u00e0 LED UV de 48 W et d'un repose-mains. Placez confortablement votre bras sur le coussin \u00e0 ongles et attendez l'application du vernis en gel, puis glissez rapidement vers le bas pour durcir le vernis en gel.","rel":"","context":"Article similaire","block_context":{"text":"Article similaire","link":""},"img":{"alt_text":"Nailly Professional 2in1 UV LED Nail Lamp and Hand Rest Oval 48 Watt","src":"https:\/\/i0.wp.com\/naillycosmetics.com\/wp-content\/uploads\/2026\/02\/h9-dual-2in1-uv-led-lamp-and-hand-arm-rest-oval-white-48-watt_-1-3.webp?fit=750%2C1000&ssl=1&resize=350%2C200","width":350,"height":200,"srcset":"https:\/\/i0.wp.com\/naillycosmetics.com\/wp-content\/uploads\/2026\/02\/h9-dual-2in1-uv-led-lamp-and-hand-arm-rest-oval-white-48-watt_-1-3.webp?fit=750%2C1000&ssl=1&resize=350%2C200 1x, https:\/\/i0.wp.com\/naillycosmetics.com\/wp-content\/uploads\/2026\/02\/h9-dual-2in1-uv-led-lamp-and-hand-arm-rest-oval-white-48-watt_-1-3.webp?fit=750%2C1000&ssl=1&resize=525%2C300 1.5x, https:\/\/i0.wp.com\/naillycosmetics.com\/wp-content\/uploads\/2026\/02\/h9-dual-2in1-uv-led-lamp-and-hand-arm-rest-oval-white-48-watt_-1-3.webp?fit=750%2C1000&ssl=1&resize=700%2C400 2x"},"classes":[]},{"id":12799,"url":"https:\/\/naillycosmetics.com\/fr\/produit\/cordless-professional-multi-led-nail-lamp\/","url_meta":{"origin":12346,"position":2},"title":"Victoria VYNN Lampe professionnelle multi LED sans fil 36 Watt","author":"Serge Sahakian","date":"juin 9, 2023","format":false,"excerpt":"Victoria VYNN Cordless Professional Multi LED Nail Lamp is designed for curing all gel, acrylic gel and hybrid products. The lamp has 81 optimally placed diodes and four curing times, including the \"low heat\" mode. It is a progressive irradiation, which makes the lamp power increase gradually, and the burning\u2026","rel":"","context":"Article similaire","block_context":{"text":"Article similaire","link":""},"img":{"alt_text":"Victoria VYNN Cordless Professional Multi LED Nail Lamp","src":"https:\/\/i0.wp.com\/naillycosmetics.com\/wp-content\/uploads\/2026\/02\/victoria-vynn-cordless-professional-multi-led-nail-lamp-1-3-1.webp?fit=750%2C1000&ssl=1&resize=350%2C200","width":350,"height":200,"srcset":"https:\/\/i0.wp.com\/naillycosmetics.com\/wp-content\/uploads\/2026\/02\/victoria-vynn-cordless-professional-multi-led-nail-lamp-1-3-1.webp?fit=750%2C1000&ssl=1&resize=350%2C200 1x, https:\/\/i0.wp.com\/naillycosmetics.com\/wp-content\/uploads\/2026\/02\/victoria-vynn-cordless-professional-multi-led-nail-lamp-1-3-1.webp?fit=750%2C1000&ssl=1&resize=525%2C300 1.5x, https:\/\/i0.wp.com\/naillycosmetics.com\/wp-content\/uploads\/2026\/02\/victoria-vynn-cordless-professional-multi-led-nail-lamp-1-3-1.webp?fit=750%2C1000&ssl=1&resize=700%2C400 2x"},"classes":[]},{"id":3607,"url":"https:\/\/naillycosmetics.com\/fr\/?attachment_id=3607","url_meta":{"origin":12346,"position":3},"title":"94","author":"Serge Sahakian","date":"ao\u00fbt 24, 2022","format":false,"excerpt":"","rel":"","context":"Article similaire","block_context":{"text":"Article similaire","link":""},"img":{"alt_text":"","src":"https:\/\/i0.wp.com\/naillycosmetics.com\/wp-content\/uploads\/2020\/02\/94-1.png?fit=400%2C400&ssl=1&resize=350%2C200","width":350,"height":200},"classes":[]},{"id":11306,"url":"https:\/\/naillycosmetics.com\/fr\/produit\/best-selling-lipgloss-nails-gel-just-base\/","url_meta":{"origin":12346,"position":4},"title":"Victoria VYNN Gel Polish Just Base","author":"Serge Sahakian","date":"avril 13, 2023","format":false,"excerpt":"Une manucure r\u00e9alis\u00e9e \u00e0 l'aide d'une simple base et d'un top hybride est une tendance unique cette ann\u00e9e, sous le nom intrigant de \"Lipgloss Nails Gel\". Inspir\u00e9e du gloss, cette manucure est \u00e0 la fois subtile, naturelle et fabuleusement belle. Elle est parfaite pour tout type de manucure et...","rel":"","context":"Article similaire","block_context":{"text":"Article similaire","link":""},"img":{"alt_text":"Victoria VYNN Best Lipgloss Nails Gel Just Base Rubber Base Coat 2023 Rosen","src":"https:\/\/i0.wp.com\/naillycosmetics.com\/wp-content\/uploads\/2023\/04\/Victoria-VYNN-Best-Lipgloss-Nails-Gel-Just-Base-Rubber-Base-Coat-2023-Rosen.webp?fit=750%2C1000&ssl=1&resize=350%2C200","width":350,"height":200,"srcset":"https:\/\/i0.wp.com\/naillycosmetics.com\/wp-content\/uploads\/2023\/04\/Victoria-VYNN-Best-Lipgloss-Nails-Gel-Just-Base-Rubber-Base-Coat-2023-Rosen.webp?fit=750%2C1000&ssl=1&resize=350%2C200 1x, https:\/\/i0.wp.com\/naillycosmetics.com\/wp-content\/uploads\/2023\/04\/Victoria-VYNN-Best-Lipgloss-Nails-Gel-Just-Base-Rubber-Base-Coat-2023-Rosen.webp?fit=750%2C1000&ssl=1&resize=525%2C300 1.5x, https:\/\/i0.wp.com\/naillycosmetics.com\/wp-content\/uploads\/2023\/04\/Victoria-VYNN-Best-Lipgloss-Nails-Gel-Just-Base-Rubber-Base-Coat-2023-Rosen.webp?fit=750%2C1000&ssl=1&resize=700%2C400 2x"},"classes":[]},{"id":23683,"url":"https:\/\/naillycosmetics.com\/fr\/produit\/victoria-vynn-gel-polish-no-431-earl-grey-t\/","url_meta":{"origin":12346,"position":5},"title":"Victoria VYNN Gel Polish No. 431 Earl Grey-t","author":"Serge Sahakian","date":"novembre 19, 2025","format":false,"excerpt":"A cool, medium grey inspired by sleek city style. Ideal for office-ready, professional nails and business manicures. It\u2019s subtle but not boring \u2013 a versatile, modern neutral that works for everyday wear and is highlighted as a must-have shade for the A\/W 2025\/26 season. Collection: Fashion Follower Product Specifications: \u00a0\u2026","rel":"","context":"Article similaire","block_context":{"text":"Article similaire","link":""},"img":{"alt_text":"Victoria vynn gel polish fashion follower no. 431 earl Grey-T","src":"https:\/\/i0.wp.com\/naillycosmetics.com\/wp-content\/uploads\/2026\/02\/victoria-vynn-gel-polish-fashion-follower-no.-431-earl-grey-t.webp?fit=750%2C1000&ssl=1&resize=350%2C200","width":350,"height":200,"srcset":"https:\/\/i0.wp.com\/naillycosmetics.com\/wp-content\/uploads\/2026\/02\/victoria-vynn-gel-polish-fashion-follower-no.-431-earl-grey-t.webp?fit=750%2C1000&ssl=1&resize=350%2C200 1x, https:\/\/i0.wp.com\/naillycosmetics.com\/wp-content\/uploads\/2026\/02\/victoria-vynn-gel-polish-fashion-follower-no.-431-earl-grey-t.webp?fit=750%2C1000&ssl=1&resize=525%2C300 1.5x, https:\/\/i0.wp.com\/naillycosmetics.com\/wp-content\/uploads\/2026\/02\/victoria-vynn-gel-polish-fashion-follower-no.-431-earl-grey-t.webp?fit=750%2C1000&ssl=1&resize=700%2C400 2x"},"classes":[]}],"jetpack_sharing_enabled":true,"_links":{"self":[{"href":"https:\/\/naillycosmetics.com\/fr\/wp-json\/wp\/v2\/product\/12346","targetHints":{"allow":["GET"]}}],"collection":[{"href":"https:\/\/naillycosmetics.com\/fr\/wp-json\/wp\/v2\/product"}],"about":[{"href":"https:\/\/naillycosmetics.com\/fr\/wp-json\/wp\/v2\/types\/product"}],"replies":[{"embeddable":true,"href":"https:\/\/naillycosmetics.com\/fr\/wp-json\/wp\/v2\/comments?post=12346"}],"wp:featuredmedia":[{"embeddable":true,"href":"https:\/\/naillycosmetics.com\/fr\/wp-json\/wp\/v2\/media\/12497"}],"wp:attachment":[{"href":"https:\/\/naillycosmetics.com\/fr\/wp-json\/wp\/v2\/media?parent=12346"}],"wp:term":[{"taxonomy":"product_brand","embeddable":true,"href":"https:\/\/naillycosmetics.com\/fr\/wp-json\/wp\/v2\/product_brand?post=12346"},{"taxonomy":"product_cat","embeddable":true,"href":"https:\/\/naillycosmetics.com\/fr\/wp-json\/wp\/v2\/product_cat?post=12346"},{"taxonomy":"product_tag","embeddable":true,"href":"https:\/\/naillycosmetics.com\/fr\/wp-json\/wp\/v2\/product_tag?post=12346"}],"curies":[{"name":"wp","href":"https:\/\/api.w.org\/{rel}","templated":true}]}}