{"id":12340,"date":"2023-06-05T21:34:56","date_gmt":"2023-06-06T01:34:56","guid":{"rendered":"https:\/\/naillycosmetics.com\/product\/champion-3-professional-nail-drill-e-file-45000-rpm\/"},"modified":"2026-03-02T13:52:39","modified_gmt":"2026-03-02T18:52:39","slug":"champion-3-professional-nail-drill-e-file-45000-rpm","status":"publish","type":"product","link":"https:\/\/naillycosmetics.com\/fr\/produit\/champion-3-professional-nail-drill-e-file-45000-rpm\/","title":{"rendered":"Champion 3 Professional Nail Drill E-File 45,000 RPM"},"content":{"rendered":"","protected":false},"excerpt":{"rendered":"","protected":false},"featured_media":26161,"comment_status":"open","ping_status":"closed","template":"","meta":{"jetpack_post_was_ever_published":false,"jetpack_publicize_message":"","jetpack_publicize_feature_enabled":true,"jetpack_social_post_already_shared":false,"jetpack_social_options":{"image_generator_settings":{"template":"highway","default_image_id":0,"font":"","enabled":false},"version":2}},"product_brand":[956],"product_cat":[593],"product_tag":[599],"class_list":{"0":"post-12340","1":"product","2":"type-product","3":"status-publish","4":"has-post-thumbnail","6":"product_brand-misc","7":"product_cat-nailly-e-file-machines","8":"product_tag-e-file-machines","9":"product_shipping_class-cardboard-box","11":"first","12":"outofstock","13":"taxable","14":"shipping-taxable","15":"purchasable","16":"product-type-simple"},"jetpack_publicize_connections":[],"jetpack-related-posts":[{"id":12338,"url":"https:\/\/naillycosmetics.com\/fr\/produit\/strong-210-professional-nail-drill-e-file-45000-rpm\/","url_meta":{"origin":12340,"position":0},"title":"Strong 210 Foreuse \u00e0 clous professionnelle E-File 45,000 RPM","author":"Serge Sahakian","date":"juin 5, 2023","format":false,"excerpt":"","rel":"","context":"Article similaire","block_context":{"text":"Article similaire","link":""},"img":{"alt_text":"","src":"https:\/\/i0.wp.com\/naillycosmetics.com\/wp-content\/uploads\/2023\/06\/Strong-210-Naill-Drill-1.jpg?fit=971%2C971&ssl=1&resize=350%2C200","width":350,"height":200,"srcset":"https:\/\/i0.wp.com\/naillycosmetics.com\/wp-content\/uploads\/2023\/06\/Strong-210-Naill-Drill-1.jpg?fit=971%2C971&ssl=1&resize=350%2C200 1x, https:\/\/i0.wp.com\/naillycosmetics.com\/wp-content\/uploads\/2023\/06\/Strong-210-Naill-Drill-1.jpg?fit=971%2C971&ssl=1&resize=525%2C300 1.5x, https:\/\/i0.wp.com\/naillycosmetics.com\/wp-content\/uploads\/2023\/06\/Strong-210-Naill-Drill-1.jpg?fit=971%2C971&ssl=1&resize=700%2C400 2x"},"classes":[]},{"id":12320,"url":"https:\/\/naillycosmetics.com\/fr\/produit\/strong-204-professional-nail-drill-e-file-45000-rpm\/","url_meta":{"origin":12340,"position":1},"title":"Strong 204 Professional Nail Drill E-File 45,000 RPM","author":"Serge Sahakian","date":"juin 5, 2023","format":false,"excerpt":"","rel":"","context":"Article similaire","block_context":{"text":"Article similaire","link":""},"img":{"alt_text":"","src":"https:\/\/i0.wp.com\/naillycosmetics.com\/wp-content\/uploads\/2023\/06\/5165fsaYZDL._AC_SL1001_-2.jpg?fit=940%2C688&ssl=1&resize=350%2C200","width":350,"height":200,"srcset":"https:\/\/i0.wp.com\/naillycosmetics.com\/wp-content\/uploads\/2023\/06\/5165fsaYZDL._AC_SL1001_-2.jpg?fit=940%2C688&ssl=1&resize=350%2C200 1x, https:\/\/i0.wp.com\/naillycosmetics.com\/wp-content\/uploads\/2023\/06\/5165fsaYZDL._AC_SL1001_-2.jpg?fit=940%2C688&ssl=1&resize=525%2C300 1.5x, https:\/\/i0.wp.com\/naillycosmetics.com\/wp-content\/uploads\/2023\/06\/5165fsaYZDL._AC_SL1001_-2.jpg?fit=940%2C688&ssl=1&resize=700%2C400 2x"},"classes":[]},{"id":12324,"url":"https:\/\/naillycosmetics.com\/fr\/produit\/professional-cordless-nail-e-file-machine\/","url_meta":{"origin":12340,"position":2},"title":"US-809 E-File Foreuse \u00e9lectrique rechargeable pour clous 35 000 tr\/min","author":"Serge Sahakian","date":"juin 5, 2023","format":false,"excerpt":"Nos machines \u00e0 ongles sans fil Nailly Professional sont con\u00e7ues pour les professionnels - ces produits acc\u00e9l\u00e8rent le processus d'\u00e9limination du vernis et des cuticules tout en apportant de la pr\u00e9cision \u00e0 votre manucure ou p\u00e9dicure. Un ensemble d'outils de manucure \u00e9lectrique peut fonctionner \u00e0 la fois sur les faux ongles et les ongles naturels et peut \u00eatre multit\u00e2che : il peut...","rel":"","context":"Article similaire","block_context":{"text":"Article similaire","link":""},"img":{"alt_text":"Nailly Professional Cordless Nail E-File Machine 35,000 RPM White","src":"https:\/\/i0.wp.com\/naillycosmetics.com\/wp-content\/uploads\/2023\/06\/Nailly-Professional-Cordless-E-File-35000-RPM-US-809-White-1.webp?fit=750%2C1000&ssl=1&resize=350%2C200","width":350,"height":200,"srcset":"https:\/\/i0.wp.com\/naillycosmetics.com\/wp-content\/uploads\/2023\/06\/Nailly-Professional-Cordless-E-File-35000-RPM-US-809-White-1.webp?fit=750%2C1000&ssl=1&resize=350%2C200 1x, https:\/\/i0.wp.com\/naillycosmetics.com\/wp-content\/uploads\/2023\/06\/Nailly-Professional-Cordless-E-File-35000-RPM-US-809-White-1.webp?fit=750%2C1000&ssl=1&resize=525%2C300 1.5x, https:\/\/i0.wp.com\/naillycosmetics.com\/wp-content\/uploads\/2023\/06\/Nailly-Professional-Cordless-E-File-35000-RPM-US-809-White-1.webp?fit=750%2C1000&ssl=1&resize=700%2C400 2x"},"classes":[]},{"id":12330,"url":"https:\/\/naillycosmetics.com\/fr\/produit\/professional-cordless-electric-nail-file\/","url_meta":{"origin":12340,"position":3},"title":"PND 530 Perceuse \u00e0 ongles portable professionnelle 30 000 tours\/minute (noir)","author":"Serge Sahakian","date":"juin 5, 2023","format":false,"excerpt":"Nos limes \u00e0 ongles \u00e9lectriques sans fil Nailly Professional sont con\u00e7ues pour les professionnels - ces produits acc\u00e9l\u00e8rent le processus d'\u00e9limination du vernis et des cuticules tout en apportant de la pr\u00e9cision \u00e0 votre manucure ou p\u00e9dicure. Un ensemble d'outils de manucure \u00e9lectrique peut fonctionner \u00e0 la fois sur les faux ongles et les ongles naturels et peut \u00eatre...","rel":"","context":"Article similaire","block_context":{"text":"Article similaire","link":""},"img":{"alt_text":"Nailly Professional Cordless Electric Nail File PND 530 30,000 RPM Black","src":"https:\/\/i0.wp.com\/naillycosmetics.com\/wp-content\/uploads\/2023\/06\/Nailly-Professional-Cordless-Electric-Nail-File-PND-530-30000-RPM-Black-.webp?fit=750%2C1000&ssl=1&resize=350%2C200","width":350,"height":200,"srcset":"https:\/\/i0.wp.com\/naillycosmetics.com\/wp-content\/uploads\/2023\/06\/Nailly-Professional-Cordless-Electric-Nail-File-PND-530-30000-RPM-Black-.webp?fit=750%2C1000&ssl=1&resize=350%2C200 1x, https:\/\/i0.wp.com\/naillycosmetics.com\/wp-content\/uploads\/2023\/06\/Nailly-Professional-Cordless-Electric-Nail-File-PND-530-30000-RPM-Black-.webp?fit=750%2C1000&ssl=1&resize=525%2C300 1.5x, https:\/\/i0.wp.com\/naillycosmetics.com\/wp-content\/uploads\/2023\/06\/Nailly-Professional-Cordless-Electric-Nail-File-PND-530-30000-RPM-Black-.webp?fit=750%2C1000&ssl=1&resize=700%2C400 2x"},"classes":[]},{"id":28197,"url":"https:\/\/naillycosmetics.com\/fr\/produit\/professional-cordless-nail-e-file-machine-2\/","url_meta":{"origin":12340,"position":4},"title":"US-809 E-File Foreuse \u00e9lectrique rechargeable pour clous 35 000 tr\/min","author":"Serge Sahakian","date":"f\u00e9vrier 19, 2026","format":false,"excerpt":"Nos machines \u00e0 ongles sans fil Nailly Professional sont con\u00e7ues pour les professionnels - ces produits acc\u00e9l\u00e8rent le processus d'\u00e9limination du vernis et des cuticules tout en apportant de la pr\u00e9cision \u00e0 votre manucure ou p\u00e9dicure. Un ensemble d'outils de manucure \u00e9lectrique peut fonctionner \u00e0 la fois sur les faux ongles et les ongles naturels et peut \u00eatre multit\u00e2che : il peut...","rel":"","context":"Article similaire","block_context":{"text":"Article similaire","link":""},"img":{"alt_text":"","src":"https:\/\/i0.wp.com\/naillycosmetics.com\/wp-content\/uploads\/2026\/02\/nailly-professional-cordless-e-file-35000-rpm-us-809-white-1.webp?fit=750%2C1000&ssl=1&resize=350%2C200","width":350,"height":200,"srcset":"https:\/\/i0.wp.com\/naillycosmetics.com\/wp-content\/uploads\/2026\/02\/nailly-professional-cordless-e-file-35000-rpm-us-809-white-1.webp?fit=750%2C1000&ssl=1&resize=350%2C200 1x, https:\/\/i0.wp.com\/naillycosmetics.com\/wp-content\/uploads\/2026\/02\/nailly-professional-cordless-e-file-35000-rpm-us-809-white-1.webp?fit=750%2C1000&ssl=1&resize=525%2C300 1.5x, https:\/\/i0.wp.com\/naillycosmetics.com\/wp-content\/uploads\/2026\/02\/nailly-professional-cordless-e-file-35000-rpm-us-809-white-1.webp?fit=750%2C1000&ssl=1&resize=700%2C400 2x"},"classes":[]},{"id":20979,"url":"https:\/\/naillycosmetics.com\/fr\/produit\/victoria-vynn-cordless-nail-drill-40000-rpm\/","url_meta":{"origin":12340,"position":5},"title":"Victoria VYNN Perceuse \u00e0 clous sans fil 40 000 tr\/min","author":"Serge Sahakian","date":"juin 17, 2025","format":false,"excerpt":"The cordless nail drill from Victoria Vynn is the perfect tool for manicure and pedicure \u2013 in the salon, at home, or on the go. It\u2019s lightweight, quiet, and comfortable to use, and its elegant packaging makes transportation easy. Products Specifications: \u00a0 \u00a0 \u00a0 \u00a0 \u00a0 \u00a0","rel":"","context":"Article similaire","block_context":{"text":"Article similaire","link":""},"img":{"alt_text":"Victoria VYNN Cordless Nail Drill","src":"https:\/\/i0.wp.com\/naillycosmetics.com\/wp-content\/uploads\/2026\/02\/victoria-vynn-cordless-nail-drill-.webp?fit=750%2C1000&ssl=1&resize=350%2C200","width":350,"height":200,"srcset":"https:\/\/i0.wp.com\/naillycosmetics.com\/wp-content\/uploads\/2026\/02\/victoria-vynn-cordless-nail-drill-.webp?fit=750%2C1000&ssl=1&resize=350%2C200 1x, https:\/\/i0.wp.com\/naillycosmetics.com\/wp-content\/uploads\/2026\/02\/victoria-vynn-cordless-nail-drill-.webp?fit=750%2C1000&ssl=1&resize=525%2C300 1.5x, https:\/\/i0.wp.com\/naillycosmetics.com\/wp-content\/uploads\/2026\/02\/victoria-vynn-cordless-nail-drill-.webp?fit=750%2C1000&ssl=1&resize=700%2C400 2x"},"classes":[]}],"jetpack_sharing_enabled":true,"_links":{"self":[{"href":"https:\/\/naillycosmetics.com\/fr\/wp-json\/wp\/v2\/product\/12340","targetHints":{"allow":["GET"]}}],"collection":[{"href":"https:\/\/naillycosmetics.com\/fr\/wp-json\/wp\/v2\/product"}],"about":[{"href":"https:\/\/naillycosmetics.com\/fr\/wp-json\/wp\/v2\/types\/product"}],"replies":[{"embeddable":true,"href":"https:\/\/naillycosmetics.com\/fr\/wp-json\/wp\/v2\/comments?post=12340"}],"wp:featuredmedia":[{"embeddable":true,"href":"https:\/\/naillycosmetics.com\/fr\/wp-json\/wp\/v2\/media\/26161"}],"wp:attachment":[{"href":"https:\/\/naillycosmetics.com\/fr\/wp-json\/wp\/v2\/media?parent=12340"}],"wp:term":[{"taxonomy":"product_brand","embeddable":true,"href":"https:\/\/naillycosmetics.com\/fr\/wp-json\/wp\/v2\/product_brand?post=12340"},{"taxonomy":"product_cat","embeddable":true,"href":"https:\/\/naillycosmetics.com\/fr\/wp-json\/wp\/v2\/product_cat?post=12340"},{"taxonomy":"product_tag","embeddable":true,"href":"https:\/\/naillycosmetics.com\/fr\/wp-json\/wp\/v2\/product_tag?post=12340"}],"curies":[{"name":"wp","href":"https:\/\/api.w.org\/{rel}","templated":true}]}}