{"id":12324,"date":"2023-06-05T21:32:32","date_gmt":"2023-06-06T01:32:32","guid":{"rendered":"https:\/\/naillycosmetics.com\/product\/us-809-e-file-rechargeable-electric-nail-drill-35000-rpm-white\/"},"modified":"2026-02-18T14:42:33","modified_gmt":"2026-02-18T19:42:33","slug":"professional-cordless-nail-e-file-machine","status":"publish","type":"product","link":"https:\/\/naillycosmetics.com\/fr\/produit\/professional-cordless-nail-e-file-machine\/","title":{"rendered":"US-809 E-File Foreuse \u00e9lectrique rechargeable pour clous 35 000 tr\/min"},"content":{"rendered":"<p>US-909 Machine \u00e0 ongles sans fil rechargeable :<\/p>\n<ul class=\"a-unordered-list a-vertical a-spacing-mini\">\n<li><span class=\"a-list-item\">Utilisation multifonctionnelle de la perceuse \u00e0 clous : Con\u00e7u avec une pi\u00e8ce \u00e0 main en alliage d'aluminium de haute qualit\u00e9, il est l\u00e9ger pour un fonctionnement stable. Utilis\u00e9 pour la manucure, la p\u00e9dicure, le polissage, le modelage, etc. Il est id\u00e9al pour une utilisation professionnelle dans les salons de coiffure et pour les d\u00e9butants \u00e0 la maison.<\/span><\/li>\n<li class=\"a-spacing-small\"><span class=\"a-list-item\">Conception l\u00e9g\u00e8re et compacte : Le contr\u00f4leur compact et le poids l\u00e9ger permettent non seulement d'\u00e9conomiser de l'espace sur votre bureau, mais ils sont \u00e9galement pratiques \u00e0 transporter et conviennent \u00e0 de nombreuses occasions.<\/span><\/li>\n<li class=\"a-spacing-small\"><span class=\"a-list-item\">Kit de per\u00e7age multifonctionnel : cette lime \u00e0 ongles peut \u00eatre utilis\u00e9e pour fa\u00e7onner, polir, polir, enlever les ongles acryliques, les ongles en polygel, les ongles \u00e9pais, la poudre de trempage, les faux ongles, les ongles naturels et la peau morte des cuticules.<\/span><\/li>\n<li class=\"a-spacing-small\"><span class=\"a-list-item\">Faible chaleur, faible bruit et faibles vibrations : Cette perceuse \u00e0 clous est \u00e9quip\u00e9e d'un moteur puissant et silencieux avec une dissipation thermique intelligente, ce qui permet \u00e0 la machine de ne pas chauffer, de ne pas faire de bruit et de ne pas vibrer pendant l'utilisation.<\/span><\/li>\n<li class=\"a-spacing-small\"><span class=\"a-list-item\">Facile \u00e0 utiliser : Professionnel pour l'utilisation \u00e0 domicile ou en voyage, l'efficacit\u00e9 \u00e9lev\u00e9e et la performance stable garantissent la longue dur\u00e9e de vie de ce foret \u00e0 ongles.<\/span><\/li>\n<li>Vitesse maximale 35 000 tr\/min<\/li>\n<li>Super silencieux (faible bruit)<\/li>\n<\/ul>","protected":false},"excerpt":{"rendered":"<p>Nos limes \u00e9lectriques sans fil Nailly Professional sont con\u00e7ues pour les professionnels - ces produits acc\u00e9l\u00e8rent le processus de retrait du vernis et des cuticules tout en apportant de la pr\u00e9cision \u00e0 votre manucure ou p\u00e9dicure. Un ensemble d'outils de manucure \u00e9lectrique peut fonctionner \u00e0 la fois sur les faux ongles et les ongles naturels et peut \u00eatre multit\u00e2che : il peut limer et fa\u00e7onner vos ongles, retirer facilement le vernis en gel, enlever les ongles en acrylique \u00e0 la maison, tailler vos cuticules et polir vos callosit\u00e9s jusqu'\u00e0 ce qu'elles soient lisses.<\/p>\n<p>Sp\u00e9cifications du produit :<\/p>\n<p><img loading=\"lazy\" decoding=\"async\" class=\"size-full wp-image-12477 alignleft\" src=\"http:\/\/naillycosmetics.com\/wp-content\/uploads\/2023\/06\/HIGH-POWER-2.webp\" alt=\"HIGH POWER\" width=\"125\" height=\"150\" srcset=\"https:\/\/i0.wp.com\/naillycosmetics.com\/wp-content\/uploads\/2023\/06\/HIGH-POWER-2.webp?w=125&amp;ssl=1 125w, https:\/\/i0.wp.com\/naillycosmetics.com\/wp-content\/uploads\/2023\/06\/HIGH-POWER-2.webp?resize=10%2C12&amp;ssl=1 10w\" sizes=\"auto, (max-width: 125px) 100vw, 125px\" \/><\/p>\n<p><img loading=\"lazy\" decoding=\"async\" class=\"size-full wp-image-12466 alignleft\" src=\"http:\/\/naillycosmetics.com\/wp-content\/uploads\/2023\/06\/LITHIUM-ION-BATTERTY.webp\" alt=\"LITHIUM ION BATTERTY\" width=\"125\" height=\"150\" srcset=\"https:\/\/i0.wp.com\/naillycosmetics.com\/wp-content\/uploads\/2023\/06\/LITHIUM-ION-BATTERTY.webp?w=125&amp;ssl=1 125w, https:\/\/i0.wp.com\/naillycosmetics.com\/wp-content\/uploads\/2023\/06\/LITHIUM-ION-BATTERTY.webp?resize=10%2C12&amp;ssl=1 10w\" sizes=\"auto, (max-width: 125px) 100vw, 125px\" \/><\/p>\n<p><img loading=\"lazy\" decoding=\"async\" class=\"size-full wp-image-12467 alignleft\" src=\"http:\/\/naillycosmetics.com\/wp-content\/uploads\/2023\/06\/RECHARGEABLE-LOGO.webp\" alt=\"RECHARGEABLE LOGO\" width=\"125\" height=\"150\" srcset=\"https:\/\/i0.wp.com\/naillycosmetics.com\/wp-content\/uploads\/2023\/06\/RECHARGEABLE-LOGO.webp?w=125&amp;ssl=1 125w, https:\/\/i0.wp.com\/naillycosmetics.com\/wp-content\/uploads\/2023\/06\/RECHARGEABLE-LOGO.webp?resize=10%2C12&amp;ssl=1 10w\" sizes=\"auto, (max-width: 125px) 100vw, 125px\" \/><\/p>","protected":false},"featured_media":12517,"comment_status":"open","ping_status":"closed","template":"","meta":{"jetpack_post_was_ever_published":false,"jetpack_publicize_message":"","jetpack_publicize_feature_enabled":true,"jetpack_social_post_already_shared":false,"jetpack_social_options":{"image_generator_settings":{"template":"highway","default_image_id":0,"font":"","enabled":false},"version":2}},"product_brand":[933],"product_cat":[593],"product_tag":[599],"class_list":{"0":"post-12324","1":"product","2":"type-product","3":"status-publish","4":"has-post-thumbnail","6":"product_brand-nailly","7":"product_cat-nailly-e-file-machines","8":"product_tag-e-file-machines","9":"product_shipping_class-cardboard-box","11":"first","12":"instock","13":"taxable","14":"shipping-taxable","15":"purchasable","16":"product-type-variable","17":"wvs-archive-product-wrapper"},"jetpack_publicize_connections":[],"jetpack-related-posts":[{"id":28197,"url":"https:\/\/naillycosmetics.com\/fr\/produit\/professional-cordless-nail-e-file-machine-2\/","url_meta":{"origin":12324,"position":0},"title":"US-809 E-File Foreuse \u00e9lectrique rechargeable pour clous 35 000 tr\/min","author":"Serge Sahakian","date":"f\u00e9vrier 19, 2026","format":false,"excerpt":"Nos machines \u00e0 ongles sans fil Nailly Professional sont con\u00e7ues pour les professionnels - ces produits acc\u00e9l\u00e8rent le processus d'\u00e9limination du vernis et des cuticules tout en apportant de la pr\u00e9cision \u00e0 votre manucure ou p\u00e9dicure. Un ensemble d'outils de manucure \u00e9lectrique peut fonctionner \u00e0 la fois sur les faux ongles et les ongles naturels et peut \u00eatre multit\u00e2che : il peut...","rel":"","context":"Article similaire","block_context":{"text":"Article similaire","link":""},"img":{"alt_text":"","src":"https:\/\/i0.wp.com\/naillycosmetics.com\/wp-content\/uploads\/2026\/02\/nailly-professional-cordless-e-file-35000-rpm-us-809-white-1.webp?fit=750%2C1000&ssl=1&resize=350%2C200","width":350,"height":200,"srcset":"https:\/\/i0.wp.com\/naillycosmetics.com\/wp-content\/uploads\/2026\/02\/nailly-professional-cordless-e-file-35000-rpm-us-809-white-1.webp?fit=750%2C1000&ssl=1&resize=350%2C200 1x, https:\/\/i0.wp.com\/naillycosmetics.com\/wp-content\/uploads\/2026\/02\/nailly-professional-cordless-e-file-35000-rpm-us-809-white-1.webp?fit=750%2C1000&ssl=1&resize=525%2C300 1.5x, https:\/\/i0.wp.com\/naillycosmetics.com\/wp-content\/uploads\/2026\/02\/nailly-professional-cordless-e-file-35000-rpm-us-809-white-1.webp?fit=750%2C1000&ssl=1&resize=700%2C400 2x"},"classes":[]},{"id":12330,"url":"https:\/\/naillycosmetics.com\/fr\/produit\/professional-cordless-electric-nail-file\/","url_meta":{"origin":12324,"position":1},"title":"PND 530 Perceuse \u00e0 ongles portable professionnelle 30 000 tours\/minute (noir)","author":"Serge Sahakian","date":"juin 5, 2023","format":false,"excerpt":"Nos limes \u00e0 ongles \u00e9lectriques sans fil Nailly Professional sont con\u00e7ues pour les professionnels - ces produits acc\u00e9l\u00e8rent le processus d'\u00e9limination du vernis et des cuticules tout en apportant de la pr\u00e9cision \u00e0 votre manucure ou p\u00e9dicure. Un ensemble d'outils de manucure \u00e9lectrique peut fonctionner \u00e0 la fois sur les faux ongles et les ongles naturels et peut \u00eatre...","rel":"","context":"Article similaire","block_context":{"text":"Article similaire","link":""},"img":{"alt_text":"Nailly Professional Cordless Electric Nail File PND 530 30,000 RPM Black","src":"https:\/\/i0.wp.com\/naillycosmetics.com\/wp-content\/uploads\/2023\/06\/Nailly-Professional-Cordless-Electric-Nail-File-PND-530-30000-RPM-Black-.webp?fit=750%2C1000&ssl=1&resize=350%2C200","width":350,"height":200,"srcset":"https:\/\/i0.wp.com\/naillycosmetics.com\/wp-content\/uploads\/2023\/06\/Nailly-Professional-Cordless-Electric-Nail-File-PND-530-30000-RPM-Black-.webp?fit=750%2C1000&ssl=1&resize=350%2C200 1x, https:\/\/i0.wp.com\/naillycosmetics.com\/wp-content\/uploads\/2023\/06\/Nailly-Professional-Cordless-Electric-Nail-File-PND-530-30000-RPM-Black-.webp?fit=750%2C1000&ssl=1&resize=525%2C300 1.5x, https:\/\/i0.wp.com\/naillycosmetics.com\/wp-content\/uploads\/2023\/06\/Nailly-Professional-Cordless-Electric-Nail-File-PND-530-30000-RPM-Black-.webp?fit=750%2C1000&ssl=1&resize=700%2C400 2x"},"classes":[]},{"id":20979,"url":"https:\/\/naillycosmetics.com\/fr\/produit\/victoria-vynn-cordless-nail-drill-40000-rpm\/","url_meta":{"origin":12324,"position":2},"title":"Victoria VYNN Perceuse \u00e0 clous sans fil 40 000 tr\/min","author":"Serge Sahakian","date":"juin 17, 2025","format":false,"excerpt":"The cordless nail drill from Victoria Vynn is the perfect tool for manicure and pedicure \u2013 in the salon, at home, or on the go. It\u2019s lightweight, quiet, and comfortable to use, and its elegant packaging makes transportation easy. Products Specifications: \u00a0 \u00a0 \u00a0 \u00a0 \u00a0 \u00a0","rel":"","context":"Article similaire","block_context":{"text":"Article similaire","link":""},"img":{"alt_text":"Victoria VYNN Cordless Nail Drill","src":"https:\/\/i0.wp.com\/naillycosmetics.com\/wp-content\/uploads\/2026\/02\/victoria-vynn-cordless-nail-drill-.webp?fit=750%2C1000&ssl=1&resize=350%2C200","width":350,"height":200,"srcset":"https:\/\/i0.wp.com\/naillycosmetics.com\/wp-content\/uploads\/2026\/02\/victoria-vynn-cordless-nail-drill-.webp?fit=750%2C1000&ssl=1&resize=350%2C200 1x, https:\/\/i0.wp.com\/naillycosmetics.com\/wp-content\/uploads\/2026\/02\/victoria-vynn-cordless-nail-drill-.webp?fit=750%2C1000&ssl=1&resize=525%2C300 1.5x, https:\/\/i0.wp.com\/naillycosmetics.com\/wp-content\/uploads\/2026\/02\/victoria-vynn-cordless-nail-drill-.webp?fit=750%2C1000&ssl=1&resize=700%2C400 2x"},"classes":[]},{"id":23794,"url":"https:\/\/naillycosmetics.com\/fr\/produit\/daichong-dreamer-4th-gen-shake-switch-nail-drill\/","url_meta":{"origin":12324,"position":3},"title":"Daichong Dreamer Nail Drill Shake Switch 4\u00e8me g\u00e9n\u00e9ration","author":"Serge Sahakian","date":"f\u00e9vrier 5, 2026","format":false,"excerpt":"Discover the Daichong Dreamer 4th Gen professional nail drill. Innovative Shake Switch, smooth power, low vibration, salon-grade results. Product Specifications: \u00a0 \u00a0 \u00a0 \u00a0 \u00a0 \u00a0","rel":"","context":"Article similaire","block_context":{"text":"Article similaire","link":""},"img":{"alt_text":"daichong nail drill gen 4","src":"https:\/\/i0.wp.com\/naillycosmetics.com\/wp-content\/uploads\/2026\/02\/daichong-nail-drill-gen-4-1.webp?fit=750%2C1000&ssl=1&resize=350%2C200","width":350,"height":200,"srcset":"https:\/\/i0.wp.com\/naillycosmetics.com\/wp-content\/uploads\/2026\/02\/daichong-nail-drill-gen-4-1.webp?fit=750%2C1000&ssl=1&resize=350%2C200 1x, https:\/\/i0.wp.com\/naillycosmetics.com\/wp-content\/uploads\/2026\/02\/daichong-nail-drill-gen-4-1.webp?fit=750%2C1000&ssl=1&resize=525%2C300 1.5x, https:\/\/i0.wp.com\/naillycosmetics.com\/wp-content\/uploads\/2026\/02\/daichong-nail-drill-gen-4-1.webp?fit=750%2C1000&ssl=1&resize=700%2C400 2x"},"classes":[]},{"id":12334,"url":"https:\/\/naillycosmetics.com\/fr\/produit\/best-rechargeable-uv-led-nail-lamp-60w-s20\/","url_meta":{"origin":12324,"position":4},"title":"Lampe UV\/LED professionnelle rechargeable sans fil S20 60 Watt","author":"Serge Sahakian","date":"juin 5, 2023","format":false,"excerpt":"Nailly S20 est une lampe \u00e0 LED UV professionnelle sans fil de 66 Watt. Cette lampe \u00e0 LED UV portable sans fil est tr\u00e8s efficace. Notre meilleure lampe UV rechargeable a une dur\u00e9e de vie de 50 000 heures. La machine l\u00e9g\u00e8re et portable peut facilement gu\u00e9rir tous les types de gels et de vernis en gel...","rel":"","context":"Article similaire","block_context":{"text":"Article similaire","link":""},"img":{"alt_text":"nailly professional best rechargeable uv led nail lamp 60watt s20 cordless wireless uv led dryer","src":"https:\/\/i0.wp.com\/naillycosmetics.com\/wp-content\/uploads\/2026\/02\/nailly-professional-best-rechargeable-uv-led-nail-lamp-60watt-1-5-1.webp?fit=750%2C1000&ssl=1&resize=350%2C200","width":350,"height":200,"srcset":"https:\/\/i0.wp.com\/naillycosmetics.com\/wp-content\/uploads\/2026\/02\/nailly-professional-best-rechargeable-uv-led-nail-lamp-60watt-1-5-1.webp?fit=750%2C1000&ssl=1&resize=350%2C200 1x, https:\/\/i0.wp.com\/naillycosmetics.com\/wp-content\/uploads\/2026\/02\/nailly-professional-best-rechargeable-uv-led-nail-lamp-60watt-1-5-1.webp?fit=750%2C1000&ssl=1&resize=525%2C300 1.5x, https:\/\/i0.wp.com\/naillycosmetics.com\/wp-content\/uploads\/2026\/02\/nailly-professional-best-rechargeable-uv-led-nail-lamp-60watt-1-5-1.webp?fit=750%2C1000&ssl=1&resize=700%2C400 2x"},"classes":[]},{"id":12332,"url":"https:\/\/naillycosmetics.com\/fr\/produit\/nailly-best-cordless-uv-led-nail-lamp-s10\/","url_meta":{"origin":12324,"position":5},"title":"Lampe UV\/LED professionnelle rechargeable sans fil S10 66 Watt","author":"Serge Sahakian","date":"juin 5, 2023","format":false,"excerpt":"Nailly S10 Lampe UV LED professionnelle rechargeable sans fil 66 Watt est la lampe UV LED portable sans fil la plus efficace. Notre meilleure lampe \u00e0 LED UV sans fil a une dur\u00e9e de vie de 50 000 heures. La machine l\u00e9g\u00e8re et portable peut facilement gu\u00e9rir tous les types de gels et de vernis en gel...","rel":"","context":"Article similaire","block_context":{"text":"Article similaire","link":""},"img":{"alt_text":"Nailly professional best cordless uv led nail lamp 66watt cordless","src":"https:\/\/i0.wp.com\/naillycosmetics.com\/wp-content\/uploads\/2026\/02\/nailly-professional-cordless-uv-led-nail-lamp-66watt-1-5.webp?fit=750%2C1000&ssl=1&resize=350%2C200","width":350,"height":200,"srcset":"https:\/\/i0.wp.com\/naillycosmetics.com\/wp-content\/uploads\/2026\/02\/nailly-professional-cordless-uv-led-nail-lamp-66watt-1-5.webp?fit=750%2C1000&ssl=1&resize=350%2C200 1x, https:\/\/i0.wp.com\/naillycosmetics.com\/wp-content\/uploads\/2026\/02\/nailly-professional-cordless-uv-led-nail-lamp-66watt-1-5.webp?fit=750%2C1000&ssl=1&resize=525%2C300 1.5x, https:\/\/i0.wp.com\/naillycosmetics.com\/wp-content\/uploads\/2026\/02\/nailly-professional-cordless-uv-led-nail-lamp-66watt-1-5.webp?fit=750%2C1000&ssl=1&resize=700%2C400 2x"},"classes":[]}],"jetpack_sharing_enabled":true,"_links":{"self":[{"href":"https:\/\/naillycosmetics.com\/fr\/wp-json\/wp\/v2\/product\/12324","targetHints":{"allow":["GET"]}}],"collection":[{"href":"https:\/\/naillycosmetics.com\/fr\/wp-json\/wp\/v2\/product"}],"about":[{"href":"https:\/\/naillycosmetics.com\/fr\/wp-json\/wp\/v2\/types\/product"}],"replies":[{"embeddable":true,"href":"https:\/\/naillycosmetics.com\/fr\/wp-json\/wp\/v2\/comments?post=12324"}],"wp:featuredmedia":[{"embeddable":true,"href":"https:\/\/naillycosmetics.com\/fr\/wp-json\/wp\/v2\/media\/12517"}],"wp:attachment":[{"href":"https:\/\/naillycosmetics.com\/fr\/wp-json\/wp\/v2\/media?parent=12324"}],"wp:term":[{"taxonomy":"product_brand","embeddable":true,"href":"https:\/\/naillycosmetics.com\/fr\/wp-json\/wp\/v2\/product_brand?post=12324"},{"taxonomy":"product_cat","embeddable":true,"href":"https:\/\/naillycosmetics.com\/fr\/wp-json\/wp\/v2\/product_cat?post=12324"},{"taxonomy":"product_tag","embeddable":true,"href":"https:\/\/naillycosmetics.com\/fr\/wp-json\/wp\/v2\/product_tag?post=12324"}],"curies":[{"name":"wp","href":"https:\/\/api.w.org\/{rel}","templated":true}]}}