{"id":1225,"date":"2020-03-15T12:33:52","date_gmt":"2020-03-15T16:33:52","guid":{"rendered":"https:\/\/naillycosmetics.com\/?post_type=product&#038;p=1225"},"modified":"2026-02-19T10:26:59","modified_gmt":"2026-02-19T15:26:59","slug":"master-gel-top-coat","status":"publish","type":"product","link":"https:\/\/naillycosmetics.com\/fr\/produit\/master-gel-top-coat\/","title":{"rendered":"Victoria VYNN Master Gel Top Coat"},"content":{"rendered":"<div class=\"et_pb_row_inner et_pb_row_inner_4\">\n<div class=\"et_pb_column et_pb_column_4_4 et_pb_column_inner et_pb_column_inner_6 et-last-child\">\n<div class=\"et_pb_module et_pb_text et_pb_text_13 et_pb_bg_layout_light et_pb_text_align_left\">\n<div class=\"et_pb_text_inner\"><em>Id\u00e9al pour la finition des ongles con\u00e7us avec le syst\u00e8me Master Gel<\/em><\/div>\n<div><\/div>\n<\/div>\n<\/div>\n<\/div>\n<div class=\"et_pb_row_inner et_pb_row_inner_5 et_pb_row_1-4_1-4\">\n<div class=\"et_pb_column et_pb_column_1_4 et_pb_column_inner et_pb_column_inner_7\">\n<div class=\"et_pb_module et_pb_text et_pb_text_14 et_pb_bg_layout_light et_pb_text_align_left\">\n<div class=\"et_pb_text_inner\">\n<ul>\n<li class=\"p1\">conf\u00e8re au dessin une plus grande durabilit\u00e9 et une grande brillance<\/li>\n<li class=\"p1\">Temps de polym\u00e9risation dans une lampe LED 30 sec<\/li>\n<\/ul>\n<\/div>\n<\/div>\n<\/div>\n<\/div>","protected":false},"excerpt":{"rendered":"<p>Syst\u00e8me de gel Victoria VYNN Master<\/p>","protected":false},"featured_media":27597,"comment_status":"open","ping_status":"closed","template":"","meta":{"jetpack_post_was_ever_published":false,"jetpack_publicize_message":"","jetpack_publicize_feature_enabled":true,"jetpack_social_post_already_shared":false,"jetpack_social_options":{"image_generator_settings":{"template":"highway","default_image_id":0,"font":"","enabled":false},"version":2}},"product_brand":[932],"product_cat":[25],"product_tag":[],"class_list":{"0":"post-1225","1":"product","2":"type-product","3":"status-publish","4":"has-post-thumbnail","6":"product_brand-victoria-vynn","7":"product_cat-gel-acrylic-nails","8":"product_shipping_class-cardboard-box","10":"first","11":"instock","12":"taxable","13":"shipping-taxable","14":"purchasable","15":"product-type-simple"},"jetpack_publicize_connections":[],"jetpack-related-posts":[{"id":10897,"url":"https:\/\/naillycosmetics.com\/fr\/produit\/victoria-vynn-color-chart-master-gel\/","url_meta":{"origin":1225,"position":0},"title":"Victoria VYNN Color Chart Master Gel","author":"Serge Sahakian","date":"mars 8, 2023","format":false,"excerpt":"","rel":"","context":"Article similaire","block_context":{"text":"Article similaire","link":""},"img":{"alt_text":"Victoria VYNN Master Gel Promotional Kit","src":"https:\/\/i0.wp.com\/naillycosmetics.com\/wp-content\/uploads\/2026\/02\/color-chart-master-gel-gb-1.jpeg?fit=1200%2C1200&ssl=1&resize=350%2C200","width":350,"height":200,"srcset":"https:\/\/i0.wp.com\/naillycosmetics.com\/wp-content\/uploads\/2026\/02\/color-chart-master-gel-gb-1.jpeg?fit=1200%2C1200&ssl=1&resize=350%2C200 1x, https:\/\/i0.wp.com\/naillycosmetics.com\/wp-content\/uploads\/2026\/02\/color-chart-master-gel-gb-1.jpeg?fit=1200%2C1200&ssl=1&resize=525%2C300 1.5x, https:\/\/i0.wp.com\/naillycosmetics.com\/wp-content\/uploads\/2026\/02\/color-chart-master-gel-gb-1.jpeg?fit=1200%2C1200&ssl=1&resize=700%2C400 2x, https:\/\/i0.wp.com\/naillycosmetics.com\/wp-content\/uploads\/2026\/02\/color-chart-master-gel-gb-1.jpeg?fit=1200%2C1200&ssl=1&resize=1050%2C600 3x"},"classes":[]},{"id":17053,"url":"https:\/\/naillycosmetics.com\/fr\/produit\/victoria-vynn-master-gel-display\/","url_meta":{"origin":1225,"position":1},"title":"Victoria VYNN Master Gel Display","author":"Serge Sahakian","date":"mars 7, 2024","format":false,"excerpt":"","rel":"","context":"Article similaire","block_context":{"text":"Article similaire","link":""},"img":{"alt_text":"","src":"https:\/\/i0.wp.com\/naillycosmetics.com\/wp-content\/uploads\/2026\/02\/color-chart-display-master-gel-1.jpg?fit=1200%2C1200&ssl=1&resize=350%2C200","width":350,"height":200,"srcset":"https:\/\/i0.wp.com\/naillycosmetics.com\/wp-content\/uploads\/2026\/02\/color-chart-display-master-gel-1.jpg?fit=1200%2C1200&ssl=1&resize=350%2C200 1x, https:\/\/i0.wp.com\/naillycosmetics.com\/wp-content\/uploads\/2026\/02\/color-chart-display-master-gel-1.jpg?fit=1200%2C1200&ssl=1&resize=525%2C300 1.5x, https:\/\/i0.wp.com\/naillycosmetics.com\/wp-content\/uploads\/2026\/02\/color-chart-display-master-gel-1.jpg?fit=1200%2C1200&ssl=1&resize=700%2C400 2x, https:\/\/i0.wp.com\/naillycosmetics.com\/wp-content\/uploads\/2026\/02\/color-chart-display-master-gel-1.jpg?fit=1200%2C1200&ssl=1&resize=1050%2C600 3x"},"classes":[]},{"id":1226,"url":"https:\/\/naillycosmetics.com\/fr\/produit\/master-gel-liquid-200ml\/","url_meta":{"origin":1225,"position":2},"title":"Victoria VYNN Master Gel Liquid","author":"Serge Sahakian","date":"mars 15, 2020","format":false,"excerpt":"Syst\u00e8me de gel Victoria VYNN Master","rel":"","context":"Article similaire","block_context":{"text":"Article similaire","link":""},"img":{"alt_text":"","src":"https:\/\/i0.wp.com\/naillycosmetics.com\/wp-content\/uploads\/2026\/02\/master-gel-liquid.jpg?fit=753%2C753&ssl=1&resize=350%2C200","width":350,"height":200,"srcset":"https:\/\/i0.wp.com\/naillycosmetics.com\/wp-content\/uploads\/2026\/02\/master-gel-liquid.jpg?fit=753%2C753&ssl=1&resize=350%2C200 1x, https:\/\/i0.wp.com\/naillycosmetics.com\/wp-content\/uploads\/2026\/02\/master-gel-liquid.jpg?fit=753%2C753&ssl=1&resize=525%2C300 1.5x, https:\/\/i0.wp.com\/naillycosmetics.com\/wp-content\/uploads\/2026\/02\/master-gel-liquid.jpg?fit=753%2C753&ssl=1&resize=700%2C400 2x"},"classes":[]},{"id":15188,"url":"https:\/\/naillycosmetics.com\/fr\/produit\/victoria-vynn-color-chart-master-gel-new\/","url_meta":{"origin":1225,"position":3},"title":"Victoria VYNN Color Chart Master Gel New","author":"Serge Sahakian","date":"septembre 9, 2023","format":false,"excerpt":"","rel":"","context":"Article similaire","block_context":{"text":"Article similaire","link":""},"img":{"alt_text":"","src":"https:\/\/i0.wp.com\/naillycosmetics.com\/wp-content\/uploads\/2026\/02\/color-chart-master-gel-01-11-1.jpg?fit=1200%2C1200&ssl=1&resize=350%2C200","width":350,"height":200,"srcset":"https:\/\/i0.wp.com\/naillycosmetics.com\/wp-content\/uploads\/2026\/02\/color-chart-master-gel-01-11-1.jpg?fit=1200%2C1200&ssl=1&resize=350%2C200 1x, https:\/\/i0.wp.com\/naillycosmetics.com\/wp-content\/uploads\/2026\/02\/color-chart-master-gel-01-11-1.jpg?fit=1200%2C1200&ssl=1&resize=525%2C300 1.5x, https:\/\/i0.wp.com\/naillycosmetics.com\/wp-content\/uploads\/2026\/02\/color-chart-master-gel-01-11-1.jpg?fit=1200%2C1200&ssl=1&resize=700%2C400 2x, https:\/\/i0.wp.com\/naillycosmetics.com\/wp-content\/uploads\/2026\/02\/color-chart-master-gel-01-11-1.jpg?fit=1200%2C1200&ssl=1&resize=1050%2C600 3x"},"classes":[]},{"id":18544,"url":"https:\/\/naillycosmetics.com\/fr\/produit\/victoria-vynn-color-chart-master-gel-new-12-15\/","url_meta":{"origin":1225,"position":4},"title":"Victoria VYNN Color Chart Master Gel New 12-15","author":"Serge Sahakian","date":"ao\u00fbt 19, 2024","format":false,"excerpt":"","rel":"","context":"Article similaire","block_context":{"text":"Article similaire","link":""},"img":{"alt_text":"","src":"https:\/\/i0.wp.com\/naillycosmetics.com\/wp-content\/uploads\/2026\/02\/color-chart-master-gel-12-15.jpg?fit=1200%2C1200&ssl=1&resize=350%2C200","width":350,"height":200,"srcset":"https:\/\/i0.wp.com\/naillycosmetics.com\/wp-content\/uploads\/2026\/02\/color-chart-master-gel-12-15.jpg?fit=1200%2C1200&ssl=1&resize=350%2C200 1x, https:\/\/i0.wp.com\/naillycosmetics.com\/wp-content\/uploads\/2026\/02\/color-chart-master-gel-12-15.jpg?fit=1200%2C1200&ssl=1&resize=525%2C300 1.5x, https:\/\/i0.wp.com\/naillycosmetics.com\/wp-content\/uploads\/2026\/02\/color-chart-master-gel-12-15.jpg?fit=1200%2C1200&ssl=1&resize=700%2C400 2x, https:\/\/i0.wp.com\/naillycosmetics.com\/wp-content\/uploads\/2026\/02\/color-chart-master-gel-12-15.jpg?fit=1200%2C1200&ssl=1&resize=1050%2C600 3x"},"classes":[]},{"id":1224,"url":"https:\/\/naillycosmetics.com\/fr\/produit\/master-gel-base-coat\/","url_meta":{"origin":1225,"position":5},"title":"Victoria VYNN Master Gel Base Coat","author":"Serge Sahakian","date":"mars 15, 2020","format":false,"excerpt":"Syst\u00e8me de gel Victoria VYNN Master","rel":"","context":"Article similaire","block_context":{"text":"Article similaire","link":""},"img":{"alt_text":"","src":"https:\/\/i0.wp.com\/naillycosmetics.com\/wp-content\/uploads\/2026\/02\/master-gel-base.jpg?fit=753%2C753&ssl=1&resize=350%2C200","width":350,"height":200,"srcset":"https:\/\/i0.wp.com\/naillycosmetics.com\/wp-content\/uploads\/2026\/02\/master-gel-base.jpg?fit=753%2C753&ssl=1&resize=350%2C200 1x, https:\/\/i0.wp.com\/naillycosmetics.com\/wp-content\/uploads\/2026\/02\/master-gel-base.jpg?fit=753%2C753&ssl=1&resize=525%2C300 1.5x, https:\/\/i0.wp.com\/naillycosmetics.com\/wp-content\/uploads\/2026\/02\/master-gel-base.jpg?fit=753%2C753&ssl=1&resize=700%2C400 2x"},"classes":[]}],"jetpack_sharing_enabled":true,"_links":{"self":[{"href":"https:\/\/naillycosmetics.com\/fr\/wp-json\/wp\/v2\/product\/1225","targetHints":{"allow":["GET"]}}],"collection":[{"href":"https:\/\/naillycosmetics.com\/fr\/wp-json\/wp\/v2\/product"}],"about":[{"href":"https:\/\/naillycosmetics.com\/fr\/wp-json\/wp\/v2\/types\/product"}],"replies":[{"embeddable":true,"href":"https:\/\/naillycosmetics.com\/fr\/wp-json\/wp\/v2\/comments?post=1225"}],"wp:featuredmedia":[{"embeddable":true,"href":"https:\/\/naillycosmetics.com\/fr\/wp-json\/wp\/v2\/media\/27597"}],"wp:attachment":[{"href":"https:\/\/naillycosmetics.com\/fr\/wp-json\/wp\/v2\/media?parent=1225"}],"wp:term":[{"taxonomy":"product_brand","embeddable":true,"href":"https:\/\/naillycosmetics.com\/fr\/wp-json\/wp\/v2\/product_brand?post=1225"},{"taxonomy":"product_cat","embeddable":true,"href":"https:\/\/naillycosmetics.com\/fr\/wp-json\/wp\/v2\/product_cat?post=1225"},{"taxonomy":"product_tag","embeddable":true,"href":"https:\/\/naillycosmetics.com\/fr\/wp-json\/wp\/v2\/product_tag?post=1225"}],"curies":[{"name":"wp","href":"https:\/\/api.w.org\/{rel}","templated":true}]}}