{"id":11380,"date":"2023-04-13T23:09:49","date_gmt":"2023-04-14T03:09:49","guid":{"rendered":"https:\/\/naillycosmetics.com\/product\/victoria-vynn-soft-gel-tips-led-lamp\/"},"modified":"2026-04-06T13:32:54","modified_gmt":"2026-04-06T17:32:54","slug":"victoria-vynn-soft-gel-tips-led-lamp","status":"publish","type":"product","link":"https:\/\/naillycosmetics.com\/fr\/produit\/victoria-vynn-soft-gel-tips-led-lamp\/","title":{"rendered":"Victoria VYNN Soft Gel Tips Lampe LED"},"content":{"rendered":"<p>Soft Gel Tips LED LAMP avec spot lumineux pour la polym\u00e9risation initiale du gel, reliant la pointe \u00e0 la plaque naturelle. Con\u00e7ue pour \u00eatre utilis\u00e9e sur des ongles simples prolong\u00e9s par des SOFT GEL TIPS.<\/p>\n<p>Les lampes LED sont emball\u00e9es dans des bo\u00eetes sp\u00e9cifiques.<\/p>\n<p>M\u00e9thode rapide et innovante d'extension d'ongles en salon utilisant des pointes acryliques pr\u00e9form\u00e9es et l\u00e9g\u00e8rement satin\u00e9es. Elle se caract\u00e9rise par une application extr\u00eamement facile et l'aspect naturel des ongles rallong\u00e9s.<\/p>\n<div class=\"description\">\n<div class=\"title witle-width-2\">\n<p>Des pointes de gel pr\u00e9form\u00e9es qui offrent un aspect naturel et une application extr\u00eamement facile. Ils vous permettront de gagner du temps et la manucure que vous r\u00e9aliserez avec eux sera : rapide, r\u00e9sistante aux craquelures et d'un bel effet final.<\/p>\n<\/div>\n<\/div>\n<div class=\"product-preview-wrapper\"><\/div>","protected":false},"excerpt":{"rendered":"<p>Soft Gel Tips LED LAMP avec spot lumineux pour la polym\u00e9risation initiale du gel, reliant la pointe \u00e0 la plaque naturelle. Con\u00e7ue pour \u00eatre utilis\u00e9e sur des ongles simples prolong\u00e9s par des SOFT GEL TIPS.<\/p>\n<p>Les lampes LED sont emball\u00e9es dans des bo\u00eetes sp\u00e9cifiques.<\/p>\n<p>Sp\u00e9cifications du produit :<\/p>\n<p><a href=\"https:\/\/victoriavynn.ca\/wp-content\/uploads\/2019\/11\/SALON-QUALITY.webp\"><img loading=\"lazy\" decoding=\"async\" class=\"size-full wp-image-8772 alignleft\" src=\"https:\/\/victoriavynn.ca\/wp-content\/uploads\/2019\/11\/SALON-QUALITY.webp\" alt=\"GEL NAIL BUILDER\" width=\"125\" height=\"150\" \/><\/a> <img loading=\"lazy\" decoding=\"async\" class=\"size-medium wp-image-11514 alignleft\" src=\"https:\/\/victoriavynn.ca\/wp-content\/uploads\/2023\/04\/AVAILABLE-IN-DIFFERENT-SHAPES.webp\" alt=\"\" width=\"125\" height=\"150\" srcset=\"https:\/\/i0.wp.com\/naillycosmetics.com\/wp-content\/uploads\/2023\/04\/AVAILABLE-IN-DIFFERENT-SHAPES.webp?w=125&amp;ssl=1 125w, https:\/\/i0.wp.com\/naillycosmetics.com\/wp-content\/uploads\/2023\/04\/AVAILABLE-IN-DIFFERENT-SHAPES.webp?resize=10%2C12&amp;ssl=1 10w\" sizes=\"auto, (max-width: 125px) 100vw, 125px\" \/> <img loading=\"lazy\" decoding=\"async\" class=\"size-medium wp-image-11515 alignleft\" src=\"https:\/\/victoriavynn.ca\/wp-content\/uploads\/2023\/04\/STRONG-DURABLE.webp\" alt=\"\" width=\"125\" height=\"150\" srcset=\"https:\/\/i0.wp.com\/naillycosmetics.com\/wp-content\/uploads\/2023\/04\/STRONG-DURABLE.webp?w=125&amp;ssl=1 125w, https:\/\/i0.wp.com\/naillycosmetics.com\/wp-content\/uploads\/2023\/04\/STRONG-DURABLE.webp?resize=10%2C12&amp;ssl=1 10w\" sizes=\"auto, (max-width: 125px) 100vw, 125px\" \/> <img loading=\"lazy\" decoding=\"async\" class=\"size-medium wp-image-11516 alignleft\" src=\"https:\/\/victoriavynn.ca\/wp-content\/uploads\/2023\/04\/SOFT-GEL-NAIL-TIPS-FLEXIBLE.webp\" alt=\"\" width=\"125\" height=\"150\" srcset=\"https:\/\/i0.wp.com\/naillycosmetics.com\/wp-content\/uploads\/2023\/04\/SOFT-GEL-NAIL-TIPS-FLEXIBLE.webp?w=125&amp;ssl=1 125w, https:\/\/i0.wp.com\/naillycosmetics.com\/wp-content\/uploads\/2023\/04\/SOFT-GEL-NAIL-TIPS-FLEXIBLE.webp?resize=10%2C12&amp;ssl=1 10w\" sizes=\"auto, (max-width: 125px) 100vw, 125px\" \/><\/p>\n<p>&nbsp;<\/p>\n<p>&nbsp;<\/p>\n<p>&nbsp;<\/p>\n<p>&nbsp;<\/p>\n<p>&nbsp;<\/p>\n<p>&nbsp;<\/p>\n<p>&nbsp;<\/p>","protected":false},"featured_media":25253,"comment_status":"open","ping_status":"closed","template":"","meta":{"jetpack_post_was_ever_published":false,"jetpack_publicize_message":"","jetpack_publicize_feature_enabled":true,"jetpack_social_post_already_shared":false,"jetpack_social_options":{"image_generator_settings":{"template":"highway","default_image_id":0,"font":"","enabled":false},"version":2}},"product_brand":[932],"product_cat":[558,919],"product_tag":[92,597],"class_list":{"0":"post-11380","1":"product","2":"type-product","3":"status-publish","4":"has-post-thumbnail","6":"product_brand-victoria-vynn","7":"product_cat-soft-gel-nail-tips","8":"product_cat-nail-tools-and-accessories","9":"product_tag-nail-accessories","10":"product_tag-uv-led-nail-lamp","11":"product_shipping_class-cardboard-box","13":"first","14":"outofstock","15":"taxable","16":"shipping-taxable","17":"purchasable","18":"product-type-simple"},"jetpack_publicize_connections":[],"jetpack-related-posts":[{"id":11332,"url":"https:\/\/naillycosmetics.com\/fr\/produit\/3in1-short-round-soft-gel-tips-kit\/","url_meta":{"origin":11380,"position":0},"title":"Victoria VYNN Set d'embouts en gel souple avec embouts courts et ronds","author":"Serge Sahakian","date":"avril 13, 2023","format":false,"excerpt":"Short Round Soft Gel Tips Kit Includes: Preparation Kit (Step 1 to Step 4) + Short Round Tips (500 Pieces) + Soft Gel Tips LED Lamp Product Specifications: \u00a0 \u00a0 \u00a0 \u00a0 \u00a0 \u00a0","rel":"","context":"Article similaire","block_context":{"text":"Article similaire","link":""},"img":{"alt_text":"Short Round Soft Gel Tips Kit","src":"https:\/\/i0.wp.com\/naillycosmetics.com\/wp-content\/uploads\/2026\/02\/short-round-soft-gel-tips-kit.webp?fit=750%2C1000&ssl=1&resize=350%2C200","width":350,"height":200,"srcset":"https:\/\/i0.wp.com\/naillycosmetics.com\/wp-content\/uploads\/2026\/02\/short-round-soft-gel-tips-kit.webp?fit=750%2C1000&ssl=1&resize=350%2C200 1x, https:\/\/i0.wp.com\/naillycosmetics.com\/wp-content\/uploads\/2026\/02\/short-round-soft-gel-tips-kit.webp?fit=750%2C1000&ssl=1&resize=525%2C300 1.5x, https:\/\/i0.wp.com\/naillycosmetics.com\/wp-content\/uploads\/2026\/02\/short-round-soft-gel-tips-kit.webp?fit=750%2C1000&ssl=1&resize=700%2C400 2x"},"classes":[]}],"jetpack_sharing_enabled":true,"_links":{"self":[{"href":"https:\/\/naillycosmetics.com\/fr\/wp-json\/wp\/v2\/product\/11380","targetHints":{"allow":["GET"]}}],"collection":[{"href":"https:\/\/naillycosmetics.com\/fr\/wp-json\/wp\/v2\/product"}],"about":[{"href":"https:\/\/naillycosmetics.com\/fr\/wp-json\/wp\/v2\/types\/product"}],"replies":[{"embeddable":true,"href":"https:\/\/naillycosmetics.com\/fr\/wp-json\/wp\/v2\/comments?post=11380"}],"wp:featuredmedia":[{"embeddable":true,"href":"https:\/\/naillycosmetics.com\/fr\/wp-json\/wp\/v2\/media\/25253"}],"wp:attachment":[{"href":"https:\/\/naillycosmetics.com\/fr\/wp-json\/wp\/v2\/media?parent=11380"}],"wp:term":[{"taxonomy":"product_brand","embeddable":true,"href":"https:\/\/naillycosmetics.com\/fr\/wp-json\/wp\/v2\/product_brand?post=11380"},{"taxonomy":"product_cat","embeddable":true,"href":"https:\/\/naillycosmetics.com\/fr\/wp-json\/wp\/v2\/product_cat?post=11380"},{"taxonomy":"product_tag","embeddable":true,"href":"https:\/\/naillycosmetics.com\/fr\/wp-json\/wp\/v2\/product_tag?post=11380"}],"curies":[{"name":"wp","href":"https:\/\/api.w.org\/{rel}","templated":true}]}}