{"id":11368,"date":"2023-04-13T23:07:10","date_gmt":"2023-04-14T03:07:10","guid":{"rendered":"https:\/\/naillycosmetics.com\/product\/victoria-vynn-professional-drill-bit-ceramic-cone-4mm\/"},"modified":"2026-04-06T13:38:48","modified_gmt":"2026-04-06T17:38:48","slug":"best-professional-ceramic-cone-drill-bit","status":"publish","type":"product","link":"https:\/\/naillycosmetics.com\/fr\/produit\/best-professional-ceramic-cone-drill-bit\/","title":{"rendered":"Victoria VYNN Professional Drill Bit Ceramic Cone 4mm"},"content":{"rendered":"<p>Le meilleur foret professionnel \u00e0 c\u00f4ne en c\u00e9ramique. Principalement utilis\u00e9 pour l'\u00e9limination du gel de polissage, du gel et de l'acrylique. Longue dur\u00e9e de vie et super efficace.<\/p>\n<p>Le foret c\u00e9ramique en forme de c\u00f4ne arrondi et \u00e9troit est con\u00e7u pour travailler sur les pointes d'ongles, les masses hybrides, le gel et l'acrylique-gel. Il est recommand\u00e9 pour le nettoyage et la correction pr\u00e9cise de la face inf\u00e9rieure du bord libre.<\/p>\n<p>La pr\u00e9paration de la plaque de l'ongle est une \u00e9tape obligatoire qui ne doit pas \u00eatre n\u00e9glig\u00e9e ! Si l'on veut obtenir un dessin beau et durable, il faut travailler soigneusement les ongles et les cuticules qui les entourent. Des outils de manucure et de p\u00e9dicure de qualit\u00e9 et bien adapt\u00e9s vous permettront d'obtenir rapidement l'effet d\u00e9sir\u00e9. Familiarisez-vous avec notre offre et concentrez-vous sur le confort du travail !<\/p>","protected":false},"excerpt":{"rendered":"<p>Le meilleur foret professionnel \u00e0 c\u00f4ne en c\u00e9ramique. Principalement utilis\u00e9 pour l'\u00e9limination du gel de polissage, du gel et de l'acrylique. Longue dur\u00e9e de vie et super efficace. Le foret en c\u00e9ramique en forme de c\u00f4ne arrondi et \u00e9troit est con\u00e7u pour travailler sur les pointes d'ongles, les masses hybrides, de gel et d'acrylique-gel. Il est recommand\u00e9 pour le nettoyage et la correction pr\u00e9cise du dessous du bord libre.<\/p>\n<p>Sp\u00e9cifications du produit :<\/p>\n<p><img loading=\"lazy\" decoding=\"async\" class=\"size-full wp-image-8772 alignleft\" src=\"https:\/\/victoriavynn.ca\/wp-content\/uploads\/2019\/11\/SALON-QUALITY.webp\" alt=\"GEL NAIL BUILDER\" width=\"125\" height=\"150\" \/><\/p>\n<p><img loading=\"lazy\" decoding=\"async\" class=\"size-full wp-image-11515 alignleft\" src=\"https:\/\/victoriavynn.ca\/wp-content\/uploads\/2023\/04\/STRONG-DURABLE.webp\" alt=\"STRONG &amp; DURABLE\" width=\"125\" height=\"150\" srcset=\"https:\/\/i0.wp.com\/naillycosmetics.com\/wp-content\/uploads\/2023\/04\/STRONG-DURABLE.webp?w=125&amp;ssl=1 125w, https:\/\/i0.wp.com\/naillycosmetics.com\/wp-content\/uploads\/2023\/04\/STRONG-DURABLE.webp?resize=10%2C12&amp;ssl=1 10w\" sizes=\"auto, (max-width: 125px) 100vw, 125px\" \/><\/p>\n<p><img loading=\"lazy\" decoding=\"async\" class=\"size-full wp-image-11650\" src=\"https:\/\/victoriavynn.ca\/wp-content\/uploads\/2023\/04\/CERAMIC-DURABILITY.webp\" alt=\"CERAMIC DURABILITY\" width=\"125\" height=\"150\" srcset=\"https:\/\/i0.wp.com\/naillycosmetics.com\/wp-content\/uploads\/2023\/04\/CERAMIC-DURABILITY.webp?w=125&amp;ssl=1 125w, https:\/\/i0.wp.com\/naillycosmetics.com\/wp-content\/uploads\/2023\/04\/CERAMIC-DURABILITY.webp?resize=10%2C12&amp;ssl=1 10w\" sizes=\"auto, (max-width: 125px) 100vw, 125px\" \/><\/p>\n<p>&nbsp;<\/p>\n<p>&nbsp;<\/p>\n<p>&nbsp;<\/p>\n<p>&nbsp;<\/p>\n<p>&nbsp;<\/p>\n<p>&nbsp;<\/p>\n<p>&nbsp;<\/p>\n<p>&nbsp;<\/p>\n<p>&nbsp;<\/p>\n<p>&nbsp;<\/p>\n<p>&nbsp;<\/p>","protected":false},"featured_media":25304,"comment_status":"open","ping_status":"closed","template":"","meta":{"jetpack_post_was_ever_published":false,"jetpack_publicize_message":"","jetpack_publicize_feature_enabled":true,"jetpack_social_post_already_shared":false,"jetpack_social_options":{"image_generator_settings":{"template":"highway","default_image_id":0,"font":"","enabled":false},"version":2}},"product_brand":[932],"product_cat":[571],"product_tag":[601,600],"class_list":{"0":"post-11368","1":"product","2":"type-product","3":"status-publish","4":"has-post-thumbnail","6":"product_brand-victoria-vynn","7":"product_cat-victoria-vynn-professional-nail-drill-bits","8":"product_tag-ceramic-drill-bits","9":"product_tag-drill-bits","10":"product_shipping_class-cardboard-box","11":"pa_size-head-diameter-4-mm-working-part-15mm","13":"first","14":"instock","15":"taxable","16":"shipping-taxable","17":"purchasable","18":"product-type-simple"},"jetpack_publicize_connections":[],"jetpack-related-posts":[{"id":11370,"url":"https:\/\/naillycosmetics.com\/fr\/produit\/best-professional-ceramic-nail-drill-bit\/","url_meta":{"origin":11368,"position":0},"title":"Victoria VYNN Professional Drill Bit Ceramic Typhoon 6mm","author":"Serge Sahakian","date":"avril 13, 2023","format":false,"excerpt":"Le meilleur foret professionnel en c\u00e9ramique pour les ongles - Typhoon Format. Principalement utilis\u00e9 pour enlever le vernis en gel, le gel et l'acrylique. Longue dur\u00e9e de vie et super efficace. Le foret en c\u00e9ramique en forme de c\u00f4ne enl\u00e8ve avec pr\u00e9cision et rapidit\u00e9 le vernis hybride, le gel et la masse acrylique-gel. Lors du travail, le foret en c\u00e9ramique ne transf\u00e8re pas la chaleur...","rel":"","context":"Article similaire","block_context":{"text":"Article similaire","link":""},"img":{"alt_text":"best professional ceramic nail drill bit Typhoon 6mm","src":"https:\/\/i0.wp.com\/naillycosmetics.com\/wp-content\/uploads\/2026\/02\/best-professional-ceramic-nail-drill-bit.webp?fit=750%2C1000&ssl=1&resize=350%2C200","width":350,"height":200,"srcset":"https:\/\/i0.wp.com\/naillycosmetics.com\/wp-content\/uploads\/2026\/02\/best-professional-ceramic-nail-drill-bit.webp?fit=750%2C1000&ssl=1&resize=350%2C200 1x, https:\/\/i0.wp.com\/naillycosmetics.com\/wp-content\/uploads\/2026\/02\/best-professional-ceramic-nail-drill-bit.webp?fit=750%2C1000&ssl=1&resize=525%2C300 1.5x, https:\/\/i0.wp.com\/naillycosmetics.com\/wp-content\/uploads\/2026\/02\/best-professional-ceramic-nail-drill-bit.webp?fit=750%2C1000&ssl=1&resize=700%2C400 2x"},"classes":[]},{"id":11366,"url":"https:\/\/naillycosmetics.com\/fr\/produit\/best-professional-carbide-nail-drill-bit\/","url_meta":{"origin":11368,"position":1},"title":"Victoria VYNN Professional Drill Bit Carbide Volcano 7mm","author":"Serge Sahakian","date":"avril 13, 2023","format":false,"excerpt":"The Best Professional Carbide Nail Drill Bit - Volcano Format. Primarily used for Removal of Gel Polish, Gel & Acrylic. Long Lasting and Super Efficient. The carbide drill bit in the shape of a\u00a0rounded cone made of sintered carbide, an extremely durable raw material. Intended for removing hybrid, gel and\u2026","rel":"","context":"Article similaire","block_context":{"text":"Article similaire","link":""},"img":{"alt_text":"VICTORIA VYNN best professional carbide nail drill bit 7mm","src":"https:\/\/i0.wp.com\/naillycosmetics.com\/wp-content\/uploads\/2026\/02\/best-professional-carbide-nail-drill-bit-7mm.webp?fit=750%2C1000&ssl=1&resize=350%2C200","width":350,"height":200,"srcset":"https:\/\/i0.wp.com\/naillycosmetics.com\/wp-content\/uploads\/2026\/02\/best-professional-carbide-nail-drill-bit-7mm.webp?fit=750%2C1000&ssl=1&resize=350%2C200 1x, https:\/\/i0.wp.com\/naillycosmetics.com\/wp-content\/uploads\/2026\/02\/best-professional-carbide-nail-drill-bit-7mm.webp?fit=750%2C1000&ssl=1&resize=525%2C300 1.5x, https:\/\/i0.wp.com\/naillycosmetics.com\/wp-content\/uploads\/2026\/02\/best-professional-carbide-nail-drill-bit-7mm.webp?fit=750%2C1000&ssl=1&resize=700%2C400 2x"},"classes":[]},{"id":11362,"url":"https:\/\/naillycosmetics.com\/fr\/produit\/premium-carbide-nail-drill-bits-6mm\/","url_meta":{"origin":11368,"position":2},"title":"Victoria VYNN Professional Drill Bit Carbide Cyclone 6mm","author":"Serge Sahakian","date":"avril 13, 2023","format":false,"excerpt":"The Best Premium Carbide Nail Drill Bits - Professional Double Cyclone Format. Primarily used for Removal of Gel Polish, Gel & Acrylic. Long Lasting and Super Efficient. The cone-shaped carbide drill bit is made of sintered carbide, an extremely durable raw material. One of the strongest drill bits, it will\u2026","rel":"","context":"Article similaire","block_context":{"text":"Article similaire","link":""},"img":{"alt_text":"Victoria VYNN best premium carbide nail drill bits professional cyclone 6mm","src":"https:\/\/i0.wp.com\/naillycosmetics.com\/wp-content\/uploads\/2026\/02\/victoria-vynn-best-premium-carbide-nail-drill-bits-professional-cyclone-6mm-.webp?fit=750%2C1000&ssl=1&resize=350%2C200","width":350,"height":200,"srcset":"https:\/\/i0.wp.com\/naillycosmetics.com\/wp-content\/uploads\/2026\/02\/victoria-vynn-best-premium-carbide-nail-drill-bits-professional-cyclone-6mm-.webp?fit=750%2C1000&ssl=1&resize=350%2C200 1x, https:\/\/i0.wp.com\/naillycosmetics.com\/wp-content\/uploads\/2026\/02\/victoria-vynn-best-premium-carbide-nail-drill-bits-professional-cyclone-6mm-.webp?fit=750%2C1000&ssl=1&resize=525%2C300 1.5x, https:\/\/i0.wp.com\/naillycosmetics.com\/wp-content\/uploads\/2026\/02\/victoria-vynn-best-premium-carbide-nail-drill-bits-professional-cyclone-6mm-.webp?fit=750%2C1000&ssl=1&resize=700%2C400 2x"},"classes":[]},{"id":11364,"url":"https:\/\/naillycosmetics.com\/fr\/produit\/best-carbide-nail-drill-bits-tornado-7mm\/","url_meta":{"origin":11368,"position":3},"title":"Victoria VYNN Professional Drill Bit Carbide Tornado 7mm","author":"Serge Sahakian","date":"avril 13, 2023","format":false,"excerpt":"The Best Carbide Nail Drill Bits - Professional Tornado Format. Primarily used for Removal of Gel Polish, Gel & Acrylic. Long Lasting and Super Efficient. The rounded cone-shaped carbide drill bit is made of sintered carbide, an extremely durable raw material. This sharp drill bit is used when removing any\u2026","rel":"","context":"Article similaire","block_context":{"text":"Article similaire","link":""},"img":{"alt_text":"victoria vynn best carbide nail drill bits professional tornado 7mm","src":"https:\/\/i0.wp.com\/naillycosmetics.com\/wp-content\/uploads\/2026\/02\/best-carbide-nail-drill-bits-professional-tornado-7mm.webp?fit=750%2C1000&ssl=1&resize=350%2C200","width":350,"height":200,"srcset":"https:\/\/i0.wp.com\/naillycosmetics.com\/wp-content\/uploads\/2026\/02\/best-carbide-nail-drill-bits-professional-tornado-7mm.webp?fit=750%2C1000&ssl=1&resize=350%2C200 1x, https:\/\/i0.wp.com\/naillycosmetics.com\/wp-content\/uploads\/2026\/02\/best-carbide-nail-drill-bits-professional-tornado-7mm.webp?fit=750%2C1000&ssl=1&resize=525%2C300 1.5x, https:\/\/i0.wp.com\/naillycosmetics.com\/wp-content\/uploads\/2026\/02\/best-carbide-nail-drill-bits-professional-tornado-7mm.webp?fit=750%2C1000&ssl=1&resize=700%2C400 2x"},"classes":[]},{"id":23629,"url":"https:\/\/naillycosmetics.com\/fr\/produit\/ulka-carbide-cone-bit-blue-6mm-c615-m\/","url_meta":{"origin":11368,"position":4},"title":"\u00dcLKA M\u00e8che \u00e0 clou carbure c\u00f4ne bleu diam\u00e8tre t\u00eate 6.0 mm \/ partie travaillante 15 mm (C615-M)","author":"Serge Sahakian","date":"d\u00e9cembre 10, 2025","format":false,"excerpt":"The \u00dcLKA Carbide \u201cCone\u201d bit in blue marking is designed for cleaning side walls, removing coatings, and working on different zones of the nail. Its conical shape provides precision and access, while medium grit ensures efficiency with client comfort. Product Specifications: Shape: Cone Grit: Coarse Head Diameter: 6.0 mm Head\u2026","rel":"","context":"Article similaire","block_context":{"text":"Article similaire","link":""},"img":{"alt_text":"U\u0308LKA Carbide nail drill bit cone blue head diameter 6.0 mm : working part 15 mm (C615-M)","src":"https:\/\/i0.wp.com\/naillycosmetics.com\/wp-content\/uploads\/2026\/02\/ulka-carbide-nail-drill-bit-cone-blue-head-diameter-6.0-mm-working-part-15-mm-c615-m-1-2.webp?fit=750%2C1000&ssl=1&resize=350%2C200","width":350,"height":200,"srcset":"https:\/\/i0.wp.com\/naillycosmetics.com\/wp-content\/uploads\/2026\/02\/ulka-carbide-nail-drill-bit-cone-blue-head-diameter-6.0-mm-working-part-15-mm-c615-m-1-2.webp?fit=750%2C1000&ssl=1&resize=350%2C200 1x, https:\/\/i0.wp.com\/naillycosmetics.com\/wp-content\/uploads\/2026\/02\/ulka-carbide-nail-drill-bit-cone-blue-head-diameter-6.0-mm-working-part-15-mm-c615-m-1-2.webp?fit=750%2C1000&ssl=1&resize=525%2C300 1.5x, https:\/\/i0.wp.com\/naillycosmetics.com\/wp-content\/uploads\/2026\/02\/ulka-carbide-nail-drill-bit-cone-blue-head-diameter-6.0-mm-working-part-15-mm-c615-m-1-2.webp?fit=750%2C1000&ssl=1&resize=700%2C400 2x"},"classes":[]},{"id":23723,"url":"https:\/\/naillycosmetics.com\/fr\/produit\/ulka-carbide-cone-bit-green-6mm-c615-c\/","url_meta":{"origin":11368,"position":5},"title":"\u00dcLKA M\u00e8che \u00e0 clouer en carbure, c\u00f4ne vert, t\u00eate 6.0 mm \/ partie travaillante 15 mm (C615-C)","author":"Serge Sahakian","date":"d\u00e9cembre 10, 2025","format":false,"excerpt":"The \u00dcLKA Carbide \u201cCone\u201d bit with green marking is intended for intensive salon work. It allows fast removal of durable materials like gels and acrylics, maintaining stability and control throughout the process. Product Specifications: Shape: Cone Grit: Coarse Head Diameter: 6.0 mm Head Length: 15 mm Material: High-quality tungsten carbide\u2026","rel":"","context":"Article similaire","block_context":{"text":"Article similaire","link":""},"img":{"alt_text":"U\u0308LKA Carbide nail drill bit cone green head diameter 6.0 mm : working part 15 mm (C615-C)","src":"https:\/\/i0.wp.com\/naillycosmetics.com\/wp-content\/uploads\/2026\/02\/ulka-carbide-nail-drill-bit-cone-green-head-diameter-6.0-mm-working-part-15-mm-c615-c-1-1.webp?fit=750%2C1000&ssl=1&resize=350%2C200","width":350,"height":200,"srcset":"https:\/\/i0.wp.com\/naillycosmetics.com\/wp-content\/uploads\/2026\/02\/ulka-carbide-nail-drill-bit-cone-green-head-diameter-6.0-mm-working-part-15-mm-c615-c-1-1.webp?fit=750%2C1000&ssl=1&resize=350%2C200 1x, https:\/\/i0.wp.com\/naillycosmetics.com\/wp-content\/uploads\/2026\/02\/ulka-carbide-nail-drill-bit-cone-green-head-diameter-6.0-mm-working-part-15-mm-c615-c-1-1.webp?fit=750%2C1000&ssl=1&resize=525%2C300 1.5x, https:\/\/i0.wp.com\/naillycosmetics.com\/wp-content\/uploads\/2026\/02\/ulka-carbide-nail-drill-bit-cone-green-head-diameter-6.0-mm-working-part-15-mm-c615-c-1-1.webp?fit=750%2C1000&ssl=1&resize=700%2C400 2x"},"classes":[]}],"jetpack_sharing_enabled":true,"_links":{"self":[{"href":"https:\/\/naillycosmetics.com\/fr\/wp-json\/wp\/v2\/product\/11368","targetHints":{"allow":["GET"]}}],"collection":[{"href":"https:\/\/naillycosmetics.com\/fr\/wp-json\/wp\/v2\/product"}],"about":[{"href":"https:\/\/naillycosmetics.com\/fr\/wp-json\/wp\/v2\/types\/product"}],"replies":[{"embeddable":true,"href":"https:\/\/naillycosmetics.com\/fr\/wp-json\/wp\/v2\/comments?post=11368"}],"wp:featuredmedia":[{"embeddable":true,"href":"https:\/\/naillycosmetics.com\/fr\/wp-json\/wp\/v2\/media\/25304"}],"wp:attachment":[{"href":"https:\/\/naillycosmetics.com\/fr\/wp-json\/wp\/v2\/media?parent=11368"}],"wp:term":[{"taxonomy":"product_brand","embeddable":true,"href":"https:\/\/naillycosmetics.com\/fr\/wp-json\/wp\/v2\/product_brand?post=11368"},{"taxonomy":"product_cat","embeddable":true,"href":"https:\/\/naillycosmetics.com\/fr\/wp-json\/wp\/v2\/product_cat?post=11368"},{"taxonomy":"product_tag","embeddable":true,"href":"https:\/\/naillycosmetics.com\/fr\/wp-json\/wp\/v2\/product_tag?post=11368"}],"curies":[{"name":"wp","href":"https:\/\/api.w.org\/{rel}","templated":true}]}}