{"id":11364,"date":"2023-04-13T23:07:06","date_gmt":"2023-04-14T03:07:06","guid":{"rendered":"https:\/\/naillycosmetics.com\/product\/victoria-vynn-professional-drill-bit-carbide-tornado-7mm\/"},"modified":"2026-05-01T13:12:50","modified_gmt":"2026-05-01T17:12:50","slug":"best-carbide-nail-drill-bits-tornado-7mm","status":"publish","type":"product","link":"https:\/\/naillycosmetics.com\/fr\/produit\/best-carbide-nail-drill-bits-tornado-7mm\/","title":{"rendered":"Victoria VYNN Professional Drill Bit Carbide Tornado 7mm"},"content":{"rendered":"<p>Les meilleurs forets \u00e0 ongles en carbure - Format professionnel Tornado. Principalement utilis\u00e9 pour enlever le vernis en gel, le gel et l'acrylique. Longue dur\u00e9e de vie et super efficace.<\/p>\n<p>Le foret en carbure en forme de c\u00f4ne arrondi est fabriqu\u00e9 en carbure fritt\u00e9, une mati\u00e8re premi\u00e8re extr\u00eamement durable. Cette m\u00e8che tranchante est utilis\u00e9e pour enlever tout type d'enduit et pour tailler les ongles.<\/p>\n<p>La pr\u00e9paration de la plaque de l'ongle est une \u00e9tape obligatoire qui ne doit pas \u00eatre n\u00e9glig\u00e9e ! Si l'on veut obtenir un dessin beau et durable, il faut travailler soigneusement les ongles et les cuticules qui les entourent. Des outils de manucure et de p\u00e9dicure de qualit\u00e9 et bien adapt\u00e9s vous permettront d'obtenir rapidement l'effet d\u00e9sir\u00e9. Familiarisez-vous avec notre offre et concentrez-vous sur le confort du travail !<\/p>","protected":false},"excerpt":{"rendered":"<p>Les meilleurs forets \u00e0 ongles en carbure - Format professionnel Tornado. Principalement utilis\u00e9 pour enlever le vernis en gel, le gel et l'acrylique. Longue dur\u00e9e de vie et super efficace. Le foret en carbure en forme de c\u00f4ne arrondi est fabriqu\u00e9 en carbure fritt\u00e9, une mati\u00e8re premi\u00e8re extr\u00eamement durable. Ce foret tranchant est utilis\u00e9 pour enlever tout type de compos\u00e9 et pour tailler les ongles.<\/p>\n<p>Sp\u00e9cifications du produit :<\/p>\n<p><img loading=\"lazy\" decoding=\"async\" class=\"size-full wp-image-8772 alignleft\" src=\"https:\/\/victoriavynn.ca\/wp-content\/uploads\/2019\/11\/SALON-QUALITY.webp\" alt=\"GEL NAIL BUILDER\" width=\"125\" height=\"150\" \/><\/p>\n<p><img loading=\"lazy\" decoding=\"async\" class=\"size-full wp-image-11515 alignleft\" src=\"https:\/\/victoriavynn.ca\/wp-content\/uploads\/2023\/04\/STRONG-DURABLE.webp\" alt=\"STRONG &amp; DURABLE\" width=\"125\" height=\"150\" srcset=\"https:\/\/i0.wp.com\/naillycosmetics.com\/wp-content\/uploads\/2023\/04\/STRONG-DURABLE.webp?w=125&amp;ssl=1 125w, https:\/\/i0.wp.com\/naillycosmetics.com\/wp-content\/uploads\/2023\/04\/STRONG-DURABLE.webp?resize=10%2C12&amp;ssl=1 10w\" sizes=\"auto, (max-width: 125px) 100vw, 125px\" \/><\/p>\n<p><img loading=\"lazy\" decoding=\"async\" class=\"size-full wp-image-11649 alignleft\" src=\"https:\/\/victoriavynn.ca\/wp-content\/uploads\/2023\/04\/CARBIDE-MATERIAL.webp\" alt=\"CARBIDE MATERIAL\" width=\"125\" height=\"150\" srcset=\"https:\/\/i0.wp.com\/naillycosmetics.com\/wp-content\/uploads\/2023\/04\/CARBIDE-MATERIAL.webp?w=125&amp;ssl=1 125w, https:\/\/i0.wp.com\/naillycosmetics.com\/wp-content\/uploads\/2023\/04\/CARBIDE-MATERIAL.webp?resize=10%2C12&amp;ssl=1 10w\" sizes=\"auto, (max-width: 125px) 100vw, 125px\" \/><\/p>\n<p>&nbsp;<\/p>\n<p>&nbsp;<\/p>\n<p>&nbsp;<\/p>\n<p>&nbsp;<\/p>\n<p>&nbsp;<\/p>\n<p>&nbsp;<\/p>\n<p>&nbsp;<\/p>\n<p>&nbsp;<\/p>\n<p>&nbsp;<\/p>\n<p>&nbsp;<\/p>\n<p>&nbsp;<\/p>","protected":false},"featured_media":25330,"comment_status":"open","ping_status":"closed","template":"","meta":{"jetpack_post_was_ever_published":false,"jetpack_publicize_message":"","jetpack_publicize_feature_enabled":true,"jetpack_social_post_already_shared":false,"jetpack_social_options":{"image_generator_settings":{"template":"highway","default_image_id":0,"font":"","enabled":false},"version":2}},"product_brand":[932],"product_cat":[571],"product_tag":[603,359,600],"class_list":{"0":"post-11364","1":"product","2":"type-product","3":"status-publish","4":"has-post-thumbnail","6":"product_brand-victoria-vynn","7":"product_cat-victoria-vynn-professional-nail-drill-bits","8":"product_tag-carbide-drill-bits","9":"product_tag-carbide-nail-drill-bit-cone","10":"product_tag-drill-bits","11":"product_shipping_class-cardboard-box","12":"pa_size-head-diameter-7-mm-working-part-15mm","14":"first","15":"instock","16":"taxable","17":"shipping-taxable","18":"purchasable","19":"product-type-simple"},"jetpack_publicize_connections":[],"jetpack-related-posts":[{"id":12362,"url":"https:\/\/naillycosmetics.com\/fr\/produit\/nailly-professional-ceramic-nail-drill-bit-flame-medium-coarse-3-32-blue\/","url_meta":{"origin":11364,"position":0},"title":"Nailly Professional Ceramic Nail Drill Bit Flame Medium Coarse 3\/32\u2033 Blue","author":"Serge Sahakian","date":"juin 5, 2023","format":false,"excerpt":"","rel":"","context":"Article similaire","block_context":{"text":"Article similaire","link":""},"img":{"alt_text":"","src":"https:\/\/i0.wp.com\/naillycosmetics.com\/wp-content\/uploads\/2026\/02\/ceramic-nail-drill-bit-flame-33222-c-medium-2-1.png?fit=750%2C1000&ssl=1&resize=350%2C200","width":350,"height":200,"srcset":"https:\/\/i0.wp.com\/naillycosmetics.com\/wp-content\/uploads\/2026\/02\/ceramic-nail-drill-bit-flame-33222-c-medium-2-1.png?fit=750%2C1000&ssl=1&resize=350%2C200 1x, https:\/\/i0.wp.com\/naillycosmetics.com\/wp-content\/uploads\/2026\/02\/ceramic-nail-drill-bit-flame-33222-c-medium-2-1.png?fit=750%2C1000&ssl=1&resize=525%2C300 1.5x, https:\/\/i0.wp.com\/naillycosmetics.com\/wp-content\/uploads\/2026\/02\/ceramic-nail-drill-bit-flame-33222-c-medium-2-1.png?fit=750%2C1000&ssl=1&resize=700%2C400 2x"},"classes":[]},{"id":22500,"url":"https:\/\/naillycosmetics.com\/fr\/produit\/victoria-vynn-gel-polish-no-425-macarose\/","url_meta":{"origin":11364,"position":1},"title":"Victoria VYNN Gel Polish No. 425 MacaRose","author":"Serge Sahakian","date":"septembre 16, 2025","format":false,"excerpt":"Le vernis en gel n\u00b0 425 MacaRose est le blush doux de l'\u00e9l\u00e9gance - un rose poudr\u00e9 aussi d\u00e9licat que les p\u00e9tales de rose et parfait pour des ongles f\u00e9minins et intemporels. Collection : Cherry on Top La collection Cherry on Top est une friandise pour vos ongles - une gamme de vernis gel sans TPO inspir\u00e9e de desserts d\u00e9cadents....","rel":"","context":"Article similaire","block_context":{"text":"Article similaire","link":""},"img":{"alt_text":"victoria vynn salon gel polish cherry on top collection macarose 425","src":"https:\/\/i0.wp.com\/naillycosmetics.com\/wp-content\/uploads\/2026\/02\/victoria-vynn-salon-gel-polish-cherry-on-top-collection-macarose-425.webp?fit=750%2C1000&ssl=1&resize=350%2C200","width":350,"height":200,"srcset":"https:\/\/i0.wp.com\/naillycosmetics.com\/wp-content\/uploads\/2026\/02\/victoria-vynn-salon-gel-polish-cherry-on-top-collection-macarose-425.webp?fit=750%2C1000&ssl=1&resize=350%2C200 1x, https:\/\/i0.wp.com\/naillycosmetics.com\/wp-content\/uploads\/2026\/02\/victoria-vynn-salon-gel-polish-cherry-on-top-collection-macarose-425.webp?fit=750%2C1000&ssl=1&resize=525%2C300 1.5x, https:\/\/i0.wp.com\/naillycosmetics.com\/wp-content\/uploads\/2026\/02\/victoria-vynn-salon-gel-polish-cherry-on-top-collection-macarose-425.webp?fit=750%2C1000&ssl=1&resize=700%2C400 2x"},"classes":[]},{"id":22498,"url":"https:\/\/naillycosmetics.com\/fr\/produit\/victoria-vynn-gel-polish-no-426-mocha-eclair\/","url_meta":{"origin":11364,"position":2},"title":"Victoria VYNN Gel Polish No. 426 Mocha \u00c9clair","author":"Serge Sahakian","date":"septembre 16, 2025","format":false,"excerpt":"Le vernis en gel n\u00b0 426 \u201cMocha \u00c9clair\u201d est un riche brun caf\u00e9 avec un effet chat-eye scintillant, donnant aux ongles un aspect brillant et glac\u00e9 au chocolat. Avec sa formule auto-nivelante, son s\u00e9chage UV\/LED et son retrait facile par trempage, c'est le m\u00e9lange parfait d'\u00e9l\u00e9gance et de drame dans la collection Cherry on Top. Collection : Cherry on Top Cherry on...","rel":"","context":"Article similaire","block_context":{"text":"Article similaire","link":""},"img":{"alt_text":"victoria vynn salon gel polish cherry on top collection mocha eclaire 426","src":"https:\/\/i0.wp.com\/naillycosmetics.com\/wp-content\/uploads\/2026\/02\/victoria-vynn-salon-gel-polish-cherry-on-top-collection-mocha-eclaire-426.webp?fit=750%2C1000&ssl=1&resize=350%2C200","width":350,"height":200,"srcset":"https:\/\/i0.wp.com\/naillycosmetics.com\/wp-content\/uploads\/2026\/02\/victoria-vynn-salon-gel-polish-cherry-on-top-collection-mocha-eclaire-426.webp?fit=750%2C1000&ssl=1&resize=350%2C200 1x, https:\/\/i0.wp.com\/naillycosmetics.com\/wp-content\/uploads\/2026\/02\/victoria-vynn-salon-gel-polish-cherry-on-top-collection-mocha-eclaire-426.webp?fit=750%2C1000&ssl=1&resize=525%2C300 1.5x, https:\/\/i0.wp.com\/naillycosmetics.com\/wp-content\/uploads\/2026\/02\/victoria-vynn-salon-gel-polish-cherry-on-top-collection-mocha-eclaire-426.webp?fit=750%2C1000&ssl=1&resize=700%2C400 2x"},"classes":[]},{"id":22496,"url":"https:\/\/naillycosmetics.com\/fr\/produit\/victoria-vynn-gel-polish-no-427-cat-eye-sparkle-brownie\/","url_meta":{"origin":11364,"position":3},"title":"Victoria VYNN Gel Polish No. 427 Cat Eye Sparkle Brownie","author":"Serge Sahakian","date":"septembre 16, 2025","format":false,"excerpt":"Le vernis en gel n\u00b0 426 \u201cMocha \u00c9clair\u201d est un riche brun caf\u00e9 avec un effet chat-eye scintillant, donnant aux ongles un aspect brillant, glac\u00e9 au chocolat. Avec sa formule auto-nivelante, son s\u00e9chage UV\/LED et son retrait facile par trempage, c'est le m\u00e9lange parfait d'\u00e9l\u00e9gance et de drame dans la collection Cherry on Top. Collection : Cherry on Top Collection Cherry on Top...","rel":"","context":"Article similaire","block_context":{"text":"Article similaire","link":""},"img":{"alt_text":"victoria vynn salon gel polish cherry on top collection sparkle brownie 427","src":"https:\/\/i0.wp.com\/naillycosmetics.com\/wp-content\/uploads\/2026\/02\/victoria-vynn-salon-gel-polish-cherry-on-top-collection-sparkle-brownie-427.webp?fit=750%2C1000&ssl=1&resize=350%2C200","width":350,"height":200,"srcset":"https:\/\/i0.wp.com\/naillycosmetics.com\/wp-content\/uploads\/2026\/02\/victoria-vynn-salon-gel-polish-cherry-on-top-collection-sparkle-brownie-427.webp?fit=750%2C1000&ssl=1&resize=350%2C200 1x, https:\/\/i0.wp.com\/naillycosmetics.com\/wp-content\/uploads\/2026\/02\/victoria-vynn-salon-gel-polish-cherry-on-top-collection-sparkle-brownie-427.webp?fit=750%2C1000&ssl=1&resize=525%2C300 1.5x, https:\/\/i0.wp.com\/naillycosmetics.com\/wp-content\/uploads\/2026\/02\/victoria-vynn-salon-gel-polish-cherry-on-top-collection-sparkle-brownie-427.webp?fit=750%2C1000&ssl=1&resize=700%2C400 2x"},"classes":[]},{"id":22504,"url":"https:\/\/naillycosmetics.com\/fr\/produit\/victoria-vynn-gel-polish-no-423-pavlover\/","url_meta":{"origin":11364,"position":4},"title":"Victoria VYNN Gel Polish No. 423 PavLover","author":"Serge Sahakian","date":"septembre 16, 2025","format":false,"excerpt":"Le vernis en gel n\u00b0 424 \u201cNugat\u201d est un beige chaud et cr\u00e9meux inspir\u00e9 par le nougat. C'est une couleur neutre chic et polyvalente, parfaite pour des ongles \u00e9l\u00e9gants de tous les jours ou comme base pour des designs cr\u00e9atifs. Collection : Cherry on Top La collection Cherry on Top est un r\u00e9gal sucr\u00e9 pour vos ongles - un vernis gel sans TPO...","rel":"","context":"Article similaire","block_context":{"text":"Article similaire","link":""},"img":{"alt_text":"victoria vynn salon gel polish cherry on top collection pav lover no. 424","src":"https:\/\/i0.wp.com\/naillycosmetics.com\/wp-content\/uploads\/2026\/02\/victoria-vynn-salon-gel-polish-cherry-on-top-collection-pav-lover.webp?fit=750%2C1000&ssl=1&resize=350%2C200","width":350,"height":200,"srcset":"https:\/\/i0.wp.com\/naillycosmetics.com\/wp-content\/uploads\/2026\/02\/victoria-vynn-salon-gel-polish-cherry-on-top-collection-pav-lover.webp?fit=750%2C1000&ssl=1&resize=350%2C200 1x, https:\/\/i0.wp.com\/naillycosmetics.com\/wp-content\/uploads\/2026\/02\/victoria-vynn-salon-gel-polish-cherry-on-top-collection-pav-lover.webp?fit=750%2C1000&ssl=1&resize=525%2C300 1.5x, https:\/\/i0.wp.com\/naillycosmetics.com\/wp-content\/uploads\/2026\/02\/victoria-vynn-salon-gel-polish-cherry-on-top-collection-pav-lover.webp?fit=750%2C1000&ssl=1&resize=700%2C400 2x"},"classes":[]},{"id":23703,"url":"https:\/\/naillycosmetics.com\/fr\/produit\/victoria-vynn-gel-polish-no-433-jeanious\/","url_meta":{"origin":11364,"position":5},"title":"Victoria VYNN Gel Polish No. 433 Jeanious","author":"Serge Sahakian","date":"novembre 19, 2025","format":false,"excerpt":"A denim navy that feels like your favorite pair of jeans: reliable, relaxed and always stylish. This shade brings casual, urban character to everyday nails and is great for all-over color or combined with nudes and whites for trendy, street-style designs. Collection:\u00a0Fashion Follower Product Specifications: \u00a0 \u00a0 \u00a0 \u00a0 \u00a0\u2026","rel":"","context":"Article similaire","block_context":{"text":"Article similaire","link":""},"img":{"alt_text":"Victoria vynn gel polish fashion follower no. 433 Jeanious","src":"https:\/\/i0.wp.com\/naillycosmetics.com\/wp-content\/uploads\/2026\/02\/victoria-vynn-gel-polish-fashion-follower-no.-433-jeanious.webp?fit=750%2C1000&ssl=1&resize=350%2C200","width":350,"height":200,"srcset":"https:\/\/i0.wp.com\/naillycosmetics.com\/wp-content\/uploads\/2026\/02\/victoria-vynn-gel-polish-fashion-follower-no.-433-jeanious.webp?fit=750%2C1000&ssl=1&resize=350%2C200 1x, https:\/\/i0.wp.com\/naillycosmetics.com\/wp-content\/uploads\/2026\/02\/victoria-vynn-gel-polish-fashion-follower-no.-433-jeanious.webp?fit=750%2C1000&ssl=1&resize=525%2C300 1.5x, https:\/\/i0.wp.com\/naillycosmetics.com\/wp-content\/uploads\/2026\/02\/victoria-vynn-gel-polish-fashion-follower-no.-433-jeanious.webp?fit=750%2C1000&ssl=1&resize=700%2C400 2x"},"classes":[]}],"jetpack_sharing_enabled":true,"_links":{"self":[{"href":"https:\/\/naillycosmetics.com\/fr\/wp-json\/wp\/v2\/product\/11364","targetHints":{"allow":["GET"]}}],"collection":[{"href":"https:\/\/naillycosmetics.com\/fr\/wp-json\/wp\/v2\/product"}],"about":[{"href":"https:\/\/naillycosmetics.com\/fr\/wp-json\/wp\/v2\/types\/product"}],"replies":[{"embeddable":true,"href":"https:\/\/naillycosmetics.com\/fr\/wp-json\/wp\/v2\/comments?post=11364"}],"wp:featuredmedia":[{"embeddable":true,"href":"https:\/\/naillycosmetics.com\/fr\/wp-json\/wp\/v2\/media\/25330"}],"wp:attachment":[{"href":"https:\/\/naillycosmetics.com\/fr\/wp-json\/wp\/v2\/media?parent=11364"}],"wp:term":[{"taxonomy":"product_brand","embeddable":true,"href":"https:\/\/naillycosmetics.com\/fr\/wp-json\/wp\/v2\/product_brand?post=11364"},{"taxonomy":"product_cat","embeddable":true,"href":"https:\/\/naillycosmetics.com\/fr\/wp-json\/wp\/v2\/product_cat?post=11364"},{"taxonomy":"product_tag","embeddable":true,"href":"https:\/\/naillycosmetics.com\/fr\/wp-json\/wp\/v2\/product_tag?post=11364"}],"curies":[{"name":"wp","href":"https:\/\/api.w.org\/{rel}","templated":true}]}}