{"id":11348,"date":"2023-04-13T23:06:50","date_gmt":"2023-04-14T03:06:50","guid":{"rendered":"https:\/\/naillycosmetics.com\/product\/pharm-foot-paradise-touch-set-spa-ritual\/"},"modified":"2026-02-18T14:09:45","modified_gmt":"2026-02-18T19:09:45","slug":"pharm-foot-best-body-scrub-and-body-butter","status":"publish","type":"product","link":"https:\/\/naillycosmetics.com\/fr\/produit\/pharm-foot-best-body-scrub-and-body-butter\/","title":{"rendered":"Pharm Foot Paradise Touch Set (SPA Ritual Paradise Touch)"},"content":{"rendered":"<p>L'ensemble des meilleurs gommages et beurres pour le corps comprend :<\/p>\n<ul>\n<li class=\"product_title entry-title\"><a href=\"https:\/\/victoriavynn.ca\/product\/pharm-foot-best-hand-and-body-scrub\/\" target=\"_blank\" rel=\"noopener\">Pharm Foot Paradise Scrub 120ml (SPA Ritual Paradise Touch)<\/a><\/li>\n<li><a href=\"https:\/\/victoriavynn.ca\/product\/pharm-foot-best-hand-and-body-butter\/\" target=\"_blank\" rel=\"noopener\">Pharm Foot Paradise Butter 120ml (SPA Ritual Paradise Touch)<\/a><\/li>\n<\/ul>\n<p>Enrichis de 100% ingr\u00e9dients naturels tels que les huiles d'abricot, d'avocat, d'amande douce, le beurre de karit\u00e9 et la cire d'abeille, le SPA Ritual Scrub &amp; Butter laisse la peau merveilleusement hydrat\u00e9e, douce comme de la soie et \u00e9clatante. Le parfum des huiles essentielles de bergamote et de pamplemousse aux propri\u00e9t\u00e9s aromath\u00e9rapeutiques d\u00e9tend, am\u00e9liore l'humeur et ajoute de l'\u00e9nergie aux agrumes.<\/p>\n<p>&nbsp;<\/p>","protected":false},"excerpt":{"rendered":"<p>L'ensemble des meilleurs gommages et beurres pour le corps comprend :<\/p>\n<ul>\n<li class=\"product_title entry-title\"><a href=\"https:\/\/victoriavynn.ca\/product\/pharm-foot-best-hand-and-body-scrub\/\">Pharm Foot Paradise Scrub 120ml (SPA Ritual Paradise Touch)<\/a><\/li>\n<li><a href=\"https:\/\/victoriavynn.ca\/product\/pharm-foot-best-hand-and-body-butter\/\">Pharm Foot Paradise Butter 120ml (SPA Ritual Paradise Touch)<\/a><\/li>\n<\/ul>\n<p>Enrichis de 100% ingr\u00e9dients naturels tels que les huiles d'abricot, d'avocat, d'amande douce, le beurre de karit\u00e9 et la cire d'abeille, le SPA Ritual Scrub &amp; Butter laisse la peau merveilleusement hydrat\u00e9e, douce comme de la soie et \u00e9clatante. Le parfum des huiles essentielles de bergamote et de pamplemousse aux propri\u00e9t\u00e9s aromath\u00e9rapeutiques d\u00e9tend, am\u00e9liore l'humeur et ajoute de l'\u00e9nergie aux agrumes.<\/p>\n<p>Sp\u00e9cifications du produit :<\/p>\n<p><img loading=\"lazy\" decoding=\"async\" class=\"size-full wp-image-8772 alignleft\" src=\"https:\/\/victoriavynn.ca\/wp-content\/uploads\/2019\/11\/SALON-QUALITY.webp\" alt=\"GEL NAIL BUILDER\" width=\"125\" height=\"150\" \/><\/p>\n<p><img loading=\"lazy\" decoding=\"async\" class=\"size-full wp-image-8446 alignleft\" src=\"https:\/\/victoriavynn.ca\/wp-content\/uploads\/2022\/12\/SUPER-MOISTURISER.png\" alt=\"\" width=\"125\" height=\"125\" srcset=\"https:\/\/i0.wp.com\/naillycosmetics.com\/wp-content\/uploads\/2022\/12\/SUPER-MOISTURISER.png?w=125&amp;ssl=1 125w, https:\/\/i0.wp.com\/naillycosmetics.com\/wp-content\/uploads\/2022\/12\/SUPER-MOISTURISER.png?resize=100%2C100&amp;ssl=1 100w, https:\/\/i0.wp.com\/naillycosmetics.com\/wp-content\/uploads\/2022\/12\/SUPER-MOISTURISER.png?resize=32%2C32&amp;ssl=1 32w, https:\/\/i0.wp.com\/naillycosmetics.com\/wp-content\/uploads\/2022\/12\/SUPER-MOISTURISER.png?resize=50%2C50&amp;ssl=1 50w\" sizes=\"auto, (max-width: 125px) 100vw, 125px\" \/><\/p>\n<p><img loading=\"lazy\" decoding=\"async\" class=\"size-full wp-image-11699 alignleft\" src=\"https:\/\/victoriavynn.ca\/wp-content\/uploads\/2023\/04\/NATURAL-INGREDIENTS.webp\" alt=\"NATURAL INGREDIENTS\" width=\"125\" height=\"150\" srcset=\"https:\/\/i0.wp.com\/naillycosmetics.com\/wp-content\/uploads\/2023\/04\/NATURAL-INGREDIENTS.webp?w=125&amp;ssl=1 125w, https:\/\/i0.wp.com\/naillycosmetics.com\/wp-content\/uploads\/2023\/04\/NATURAL-INGREDIENTS.webp?resize=10%2C12&amp;ssl=1 10w\" sizes=\"auto, (max-width: 125px) 100vw, 125px\" \/><\/p>\n<p>&nbsp;<\/p>\n<p>&nbsp;<\/p>\n<p>&nbsp;<\/p>\n<p>&nbsp;<\/p>\n<p>&nbsp;<\/p>\n<p>&nbsp;<\/p>\n<p>&nbsp;<\/p>","protected":false},"featured_media":25362,"comment_status":"open","ping_status":"closed","template":"","meta":{"jetpack_post_was_ever_published":false,"jetpack_publicize_message":"","jetpack_publicize_feature_enabled":true,"jetpack_social_post_already_shared":false,"jetpack_social_options":{"image_generator_settings":{"template":"highway","default_image_id":0,"font":"","enabled":false},"version":2}},"product_brand":[955],"product_cat":[554,572],"product_tag":[573],"class_list":{"0":"post-11348","1":"product","2":"type-product","3":"status-publish","4":"has-post-thumbnail","6":"product_brand-pharm-foot","7":"product_cat-pharm-foot-sets","8":"product_cat-spa-ritual-paradise-touch","9":"product_tag-spa-ritual-paradise-touch","10":"product_shipping_class-cardboard-box","11":"pa_size-120-ml-x-2","13":"first","14":"outofstock","15":"taxable","16":"shipping-taxable","17":"purchasable","18":"product-type-simple"},"jetpack_publicize_connections":[],"jetpack-related-posts":[{"id":11352,"url":"https:\/\/naillycosmetics.com\/fr\/produit\/pharm-foot-best-hand-and-body-scrub\/","url_meta":{"origin":11348,"position":0},"title":"Pharm Foot Paradise Scrub 120ml (SPA Ritual Paradise Touch)","author":"Serge Sahakian","date":"avril 13, 2023","format":false,"excerpt":"SPA Ritual Paradise Touch Scrub is the Best Hand and Body Scrub which is especially used for gentle body skin peeling and manual foot massage. Enriched with 100% natural ingredients such as apricot, avocado, sweet almond oils, shea butter and beeswax, the SPA Ritual Scrub leaves the skin wonderfully moisturized,\u2026","rel":"","context":"Article similaire","block_context":{"text":"Article similaire","link":""},"img":{"alt_text":"Victoria VYNN Pharm Foot SPA Ritual Paradise Touch Best Hand and Body Scrub bergamot & grapefruit","src":"https:\/\/i0.wp.com\/naillycosmetics.com\/wp-content\/uploads\/2026\/02\/victoria-vynn-pharm-foot-spa-ritual-paradise-touch-best-hand-and-body-scrub-bergamot-grapefruit-.webp?fit=750%2C1000&ssl=1&resize=350%2C200","width":350,"height":200,"srcset":"https:\/\/i0.wp.com\/naillycosmetics.com\/wp-content\/uploads\/2026\/02\/victoria-vynn-pharm-foot-spa-ritual-paradise-touch-best-hand-and-body-scrub-bergamot-grapefruit-.webp?fit=750%2C1000&ssl=1&resize=350%2C200 1x, https:\/\/i0.wp.com\/naillycosmetics.com\/wp-content\/uploads\/2026\/02\/victoria-vynn-pharm-foot-spa-ritual-paradise-touch-best-hand-and-body-scrub-bergamot-grapefruit-.webp?fit=750%2C1000&ssl=1&resize=525%2C300 1.5x, https:\/\/i0.wp.com\/naillycosmetics.com\/wp-content\/uploads\/2026\/02\/victoria-vynn-pharm-foot-spa-ritual-paradise-touch-best-hand-and-body-scrub-bergamot-grapefruit-.webp?fit=750%2C1000&ssl=1&resize=700%2C400 2x"},"classes":[]},{"id":11350,"url":"https:\/\/naillycosmetics.com\/fr\/produit\/pharm-foot-best-hand-and-body-butter\/","url_meta":{"origin":11348,"position":1},"title":"Pharm Foot Paradise Butter 120ml (SPA Ritual Paradise Touch)","author":"Serge Sahakian","date":"avril 13, 2023","format":false,"excerpt":"SPA Ritual Paradise Touch Butter is the Best Hand and Body Butter which is especially used to keep the skin of the whole body in perfect condition, healthy, radiant and nourished. Enriched with 100% natural ingredients such as apricot, avocado, sweet almond oils, shea butter and beeswax, the SPA Ritual\u2026","rel":"","context":"Article similaire","block_context":{"text":"Article similaire","link":""},"img":{"alt_text":"Victoria VYNN Pharm Foot SPA Ritual Paradise Touch Best Hand and Body butter bergamot & grapefruit","src":"https:\/\/i0.wp.com\/naillycosmetics.com\/wp-content\/uploads\/2026\/02\/victoria-vynn-pharm-foot-spa-ritual-paradise-touch-best-hand-and-body-butter-bergamot-grapefruit-1-1.webp?fit=750%2C1000&ssl=1&resize=350%2C200","width":350,"height":200,"srcset":"https:\/\/i0.wp.com\/naillycosmetics.com\/wp-content\/uploads\/2026\/02\/victoria-vynn-pharm-foot-spa-ritual-paradise-touch-best-hand-and-body-butter-bergamot-grapefruit-1-1.webp?fit=750%2C1000&ssl=1&resize=350%2C200 1x, https:\/\/i0.wp.com\/naillycosmetics.com\/wp-content\/uploads\/2026\/02\/victoria-vynn-pharm-foot-spa-ritual-paradise-touch-best-hand-and-body-butter-bergamot-grapefruit-1-1.webp?fit=750%2C1000&ssl=1&resize=525%2C300 1.5x, https:\/\/i0.wp.com\/naillycosmetics.com\/wp-content\/uploads\/2026\/02\/victoria-vynn-pharm-foot-spa-ritual-paradise-touch-best-hand-and-body-butter-bergamot-grapefruit-1-1.webp?fit=750%2C1000&ssl=1&resize=700%2C400 2x"},"classes":[]},{"id":15180,"url":"https:\/\/naillycosmetics.com\/fr\/produit\/pharm-foot-glamour-scrub-120ml-spa-ritual\/","url_meta":{"origin":11348,"position":2},"title":"Pharm Foot Glamour Scrub 120ml (SPA Ritual)","author":"Serge Sahakian","date":"septembre 9, 2023","format":false,"excerpt":"GOMMAGE SUCRE POUR LE CORPS ENTIER mangue et noix de coco","rel":"","context":"Article similaire","block_context":{"text":"Article similaire","link":""},"img":{"alt_text":"","src":"https:\/\/i0.wp.com\/naillycosmetics.com\/wp-content\/uploads\/2026\/02\/spa-ritual-glamour-scrub-120ml-1.jpg?fit=1200%2C1200&ssl=1&resize=350%2C200","width":350,"height":200,"srcset":"https:\/\/i0.wp.com\/naillycosmetics.com\/wp-content\/uploads\/2026\/02\/spa-ritual-glamour-scrub-120ml-1.jpg?fit=1200%2C1200&ssl=1&resize=350%2C200 1x, https:\/\/i0.wp.com\/naillycosmetics.com\/wp-content\/uploads\/2026\/02\/spa-ritual-glamour-scrub-120ml-1.jpg?fit=1200%2C1200&ssl=1&resize=525%2C300 1.5x, https:\/\/i0.wp.com\/naillycosmetics.com\/wp-content\/uploads\/2026\/02\/spa-ritual-glamour-scrub-120ml-1.jpg?fit=1200%2C1200&ssl=1&resize=700%2C400 2x, https:\/\/i0.wp.com\/naillycosmetics.com\/wp-content\/uploads\/2026\/02\/spa-ritual-glamour-scrub-120ml-1.jpg?fit=1200%2C1200&ssl=1&resize=1050%2C600 3x"},"classes":[]},{"id":23575,"url":"https:\/\/naillycosmetics.com\/fr\/produit\/pharm-foot-spa-ritual-orange-clove-scrub-and-butter-for-feet-hands-and-body-with-natural-oils\/","url_meta":{"origin":11348,"position":3},"title":"Pharm Foot SPA Ritual Orange &amp; Clove Scrub and Butter for Feet Hands and body with natural oils (gommage et beurre pour les pieds, les mains et le corps avec des huiles naturelles)","author":"Serge Sahakian","date":"novembre 19, 2025","format":false,"excerpt":"","rel":"","context":"Article similaire","block_context":{"text":"Article similaire","link":""},"img":{"alt_text":"","src":"https:\/\/i0.wp.com\/naillycosmetics.com\/wp-content\/uploads\/2026\/02\/spa-ritual-set-orange-clove-4-1.jpg?fit=1200%2C1200&ssl=1&resize=350%2C200","width":350,"height":200,"srcset":"https:\/\/i0.wp.com\/naillycosmetics.com\/wp-content\/uploads\/2026\/02\/spa-ritual-set-orange-clove-4-1.jpg?fit=1200%2C1200&ssl=1&resize=350%2C200 1x, https:\/\/i0.wp.com\/naillycosmetics.com\/wp-content\/uploads\/2026\/02\/spa-ritual-set-orange-clove-4-1.jpg?fit=1200%2C1200&ssl=1&resize=525%2C300 1.5x, https:\/\/i0.wp.com\/naillycosmetics.com\/wp-content\/uploads\/2026\/02\/spa-ritual-set-orange-clove-4-1.jpg?fit=1200%2C1200&ssl=1&resize=700%2C400 2x, https:\/\/i0.wp.com\/naillycosmetics.com\/wp-content\/uploads\/2026\/02\/spa-ritual-set-orange-clove-4-1.jpg?fit=1200%2C1200&ssl=1&resize=1050%2C600 3x"},"classes":[]},{"id":23573,"url":"https:\/\/naillycosmetics.com\/fr\/produit\/pharm-foot-spa-ritual-rice-milk-cherry-blossom-scrub-and-butter-for-feet-hands-and-body\/","url_meta":{"origin":11348,"position":4},"title":"Pharm Foot SPA Ritual Rice Milk &amp; Cherry Blossom Scrub and Butter for Feet Hands and body (gommage et beurre pour les pieds, les mains et le corps)","author":"Serge Sahakian","date":"novembre 19, 2025","format":false,"excerpt":"","rel":"","context":"Article similaire","block_context":{"text":"Article similaire","link":""},"img":{"alt_text":"","src":"https:\/\/i0.wp.com\/naillycosmetics.com\/wp-content\/uploads\/2026\/02\/spa-ritual-set-rice-milk-cherry-blossom-4-1.jpg?fit=1200%2C1200&ssl=1&resize=350%2C200","width":350,"height":200,"srcset":"https:\/\/i0.wp.com\/naillycosmetics.com\/wp-content\/uploads\/2026\/02\/spa-ritual-set-rice-milk-cherry-blossom-4-1.jpg?fit=1200%2C1200&ssl=1&resize=350%2C200 1x, https:\/\/i0.wp.com\/naillycosmetics.com\/wp-content\/uploads\/2026\/02\/spa-ritual-set-rice-milk-cherry-blossom-4-1.jpg?fit=1200%2C1200&ssl=1&resize=525%2C300 1.5x, https:\/\/i0.wp.com\/naillycosmetics.com\/wp-content\/uploads\/2026\/02\/spa-ritual-set-rice-milk-cherry-blossom-4-1.jpg?fit=1200%2C1200&ssl=1&resize=700%2C400 2x, https:\/\/i0.wp.com\/naillycosmetics.com\/wp-content\/uploads\/2026\/02\/spa-ritual-set-rice-milk-cherry-blossom-4-1.jpg?fit=1200%2C1200&ssl=1&resize=1050%2C600 3x"},"classes":[]},{"id":15168,"url":"https:\/\/naillycosmetics.com\/fr\/produit\/pharm-foot-spa-ritual-glamour-oil-120ml\/","url_meta":{"origin":11348,"position":5},"title":"Pharm Foot SPA RITUAL Glamour Oil 120ml","author":"Serge Sahakian","date":"septembre 9, 2023","format":false,"excerpt":"","rel":"","context":"Article similaire","block_context":{"text":"Article similaire","link":""},"img":{"alt_text":"","src":"https:\/\/i0.wp.com\/naillycosmetics.com\/wp-content\/uploads\/2026\/02\/spa-ritual-glamour-oil-1.jpg?fit=1200%2C1200&ssl=1&resize=350%2C200","width":350,"height":200,"srcset":"https:\/\/i0.wp.com\/naillycosmetics.com\/wp-content\/uploads\/2026\/02\/spa-ritual-glamour-oil-1.jpg?fit=1200%2C1200&ssl=1&resize=350%2C200 1x, https:\/\/i0.wp.com\/naillycosmetics.com\/wp-content\/uploads\/2026\/02\/spa-ritual-glamour-oil-1.jpg?fit=1200%2C1200&ssl=1&resize=525%2C300 1.5x, https:\/\/i0.wp.com\/naillycosmetics.com\/wp-content\/uploads\/2026\/02\/spa-ritual-glamour-oil-1.jpg?fit=1200%2C1200&ssl=1&resize=700%2C400 2x, https:\/\/i0.wp.com\/naillycosmetics.com\/wp-content\/uploads\/2026\/02\/spa-ritual-glamour-oil-1.jpg?fit=1200%2C1200&ssl=1&resize=1050%2C600 3x"},"classes":[]}],"jetpack_sharing_enabled":true,"_links":{"self":[{"href":"https:\/\/naillycosmetics.com\/fr\/wp-json\/wp\/v2\/product\/11348","targetHints":{"allow":["GET"]}}],"collection":[{"href":"https:\/\/naillycosmetics.com\/fr\/wp-json\/wp\/v2\/product"}],"about":[{"href":"https:\/\/naillycosmetics.com\/fr\/wp-json\/wp\/v2\/types\/product"}],"replies":[{"embeddable":true,"href":"https:\/\/naillycosmetics.com\/fr\/wp-json\/wp\/v2\/comments?post=11348"}],"wp:featuredmedia":[{"embeddable":true,"href":"https:\/\/naillycosmetics.com\/fr\/wp-json\/wp\/v2\/media\/25362"}],"wp:attachment":[{"href":"https:\/\/naillycosmetics.com\/fr\/wp-json\/wp\/v2\/media?parent=11348"}],"wp:term":[{"taxonomy":"product_brand","embeddable":true,"href":"https:\/\/naillycosmetics.com\/fr\/wp-json\/wp\/v2\/product_brand?post=11348"},{"taxonomy":"product_cat","embeddable":true,"href":"https:\/\/naillycosmetics.com\/fr\/wp-json\/wp\/v2\/product_cat?post=11348"},{"taxonomy":"product_tag","embeddable":true,"href":"https:\/\/naillycosmetics.com\/fr\/wp-json\/wp\/v2\/product_tag?post=11348"}],"curies":[{"name":"wp","href":"https:\/\/api.w.org\/{rel}","templated":true}]}}