{"id":11340,"date":"2023-04-13T23:06:32","date_gmt":"2023-04-14T03:06:32","guid":{"rendered":"https:\/\/naillycosmetics.com\/product\/pharm-foot-herbal-remedy-1250g-ozone-oil-herbs-line\/"},"modified":"2026-04-06T13:22:48","modified_gmt":"2026-04-06T17:22:48","slug":"salon-herbal-pedicure-salt-1250g","status":"publish","type":"product","link":"https:\/\/naillycosmetics.com\/fr\/produit\/salon-herbal-pedicure-salt-1250g\/","title":{"rendered":"Pharm Foot Herbal reMEDY 1250g (Ligne Ozone Oil &amp; Herbs)"},"content":{"rendered":"<div class=\"title\">\n<p>Meilleur sel de p\u00e9dicure \u00e0 base de plantes de salon.<\/p>\n<p>Pharm Foot Herbal reMEDY est un produit tr\u00e8s bien class\u00e9 en mati\u00e8re de soulagement.  Herbal reMEDY soulage les pieds fatigu\u00e9s et lourds et r\u00e9duit leur gonflement.<\/p>\n<p>Pour le salon et la maison - Capacit\u00e9 <strong>1250g<\/strong><br \/>\n(environ 30 traitements)<\/p>\n<p>&nbsp;<\/p>\n<p>RECOMMANDATIONS<br \/>\n<strong>reM\u00e9diation \u00e0 base de plantes<\/strong><\/p>\n<\/div>\n<div class=\"text text-2\">\n<ul>\n<li>sel de bain de pieds iode-brome<\/li>\n<li>pour les peaux \u00e0 probl\u00e8mes pr\u00e9sentant des troubles du microbiome cutan\u00e9<\/li>\n<li>pour les traitements qui soutiennent la lutte contre la teigne, les verrues virales<\/li>\n<li>recommand\u00e9 en cas de probl\u00e8mes rhumatologiques, de gonflement et de pieds fatigu\u00e9s<\/li>\n<li>pour les peaux normales et les peaux ayant tendance \u00e0 l'hyperhidrose<\/li>\n<\/ul>\n<div class=\"title\">\n<p>&nbsp;<\/p>\n<p>EFFET<br \/>\n<strong>reM\u00e9diation \u00e0 base de plantes<\/strong><\/p>\n<\/div>\n<div class=\"text text-2\">\n<ul>\n<li>soulage les pieds fatigu\u00e9s et lourds et r\u00e9duit leur gonflement<\/li>\n<li>favorise la r\u00e9g\u00e9n\u00e9ration de la peau du pied<\/li>\n<li>poss\u00e8de des propri\u00e9t\u00e9s aromath\u00e9rapeutiques<\/li>\n<\/ul>\n<div class=\"title\">\n<p>&nbsp;<\/p>\n<p>MODE D'EMPLOI<br \/>\n<strong>reM\u00e9diation \u00e0 base de plantes<\/strong><\/p>\n<\/div>\n<div class=\"text text-2\">\n<ul>\n<li>pr\u00e9parer une solution avec 40 g de sel et 3 litres d'eau ti\u00e8de<\/li>\n<li>temps de bain jusqu'\u00e0 20 min<\/li>\n<li>utiliser 1 \u00e0 2 fois par semaine ou selon les recommandations d'un podologue<\/li>\n<li>les meilleurs r\u00e9sultats peuvent \u00eatre obtenus par une utilisation syst\u00e9matique<\/li>\n<\/ul>\n<p>&nbsp;<\/p>\n<p>INGREDIENTS<br \/>\n<strong>reM\u00e9diation \u00e0 base de plantes<\/strong><\/p>\n<p>Chlorure de sodium, huile d'olive ozonis\u00e9e, huile de feuilles de Rosmarinus Officinalis, huile d'Origanum Vulgare, huile de Lavandula Angustifolia, Linalool, CI 47005, CI 42080, CI 19140.<\/p>\n<\/div>\n<\/div>\n<\/div>","protected":false},"excerpt":{"rendered":"<p>Meilleur sel de p\u00e9dicure \u00e0 base de plantes de salon.<\/p>\n<p>Pharm Foot Herbal reMEDY est un produit tr\u00e8s bien class\u00e9 en mati\u00e8re de soulagement.  Herbal reMEDY soulage les pieds fatigu\u00e9s et lourds et r\u00e9duit leur gonflement.<\/p>\n<p>Pour le salon et la maison - Capacit\u00e9 <strong>1250g<\/strong><br \/>\n(environ 30 traitements)<\/p>\n<p>Sp\u00e9cifications des produits :<\/p>\n<p><img loading=\"lazy\" decoding=\"async\" class=\"size-full wp-image-11786 alignleft\" src=\"https:\/\/victoriavynn.ca\/wp-content\/uploads\/2023\/04\/IMPROVEMENT-OF-SKIN-CONDITION-2.webp\" alt=\"IMPROVEMENT OF SKIN CONDITION\" width=\"125\" height=\"150\" srcset=\"https:\/\/i0.wp.com\/naillycosmetics.com\/wp-content\/uploads\/2023\/04\/IMPROVEMENT-OF-SKIN-CONDITION-2.webp?w=125&amp;ssl=1 125w, https:\/\/i0.wp.com\/naillycosmetics.com\/wp-content\/uploads\/2023\/04\/IMPROVEMENT-OF-SKIN-CONDITION-2.webp?resize=10%2C12&amp;ssl=1 10w\" sizes=\"auto, (max-width: 125px) 100vw, 125px\" \/><\/p>\n<p><img loading=\"lazy\" decoding=\"async\" class=\"size-full wp-image-11783 alignleft\" src=\"https:\/\/victoriavynn.ca\/wp-content\/uploads\/2023\/04\/SOOTHING-EFFECT-PHARM-FOOT.webp\" alt=\"SOOTHING EFFECT PHARM FOOT\" width=\"125\" height=\"150\" srcset=\"https:\/\/i0.wp.com\/naillycosmetics.com\/wp-content\/uploads\/2023\/04\/SOOTHING-EFFECT-PHARM-FOOT.webp?w=125&amp;ssl=1 125w, https:\/\/i0.wp.com\/naillycosmetics.com\/wp-content\/uploads\/2023\/04\/SOOTHING-EFFECT-PHARM-FOOT.webp?resize=10%2C12&amp;ssl=1 10w\" sizes=\"auto, (max-width: 125px) 100vw, 125px\" \/><\/p>\n<p><img loading=\"lazy\" decoding=\"async\" class=\"size-full wp-image-11800 alignleft\" src=\"https:\/\/victoriavynn.ca\/wp-content\/uploads\/2023\/04\/AROMATHERAPEUTIC-PROPERTIES.webp\" alt=\"AROMATHERAPEUTIC PROPERTIES\" width=\"125\" height=\"150\" srcset=\"https:\/\/i0.wp.com\/naillycosmetics.com\/wp-content\/uploads\/2023\/04\/AROMATHERAPEUTIC-PROPERTIES.webp?w=125&amp;ssl=1 125w, https:\/\/i0.wp.com\/naillycosmetics.com\/wp-content\/uploads\/2023\/04\/AROMATHERAPEUTIC-PROPERTIES.webp?resize=10%2C12&amp;ssl=1 10w\" sizes=\"auto, (max-width: 125px) 100vw, 125px\" \/><\/p>\n<p>&nbsp;<\/p>\n<p>&nbsp;<\/p>\n<p>&nbsp;<\/p>\n<p>&nbsp;<\/p>\n<p>&nbsp;<\/p>\n<p>&nbsp;<\/p>","protected":false},"featured_media":25411,"comment_status":"open","ping_status":"closed","template":"","meta":{"jetpack_post_was_ever_published":false,"jetpack_publicize_message":"","jetpack_publicize_feature_enabled":true,"jetpack_social_post_already_shared":false,"jetpack_social_options":{"image_generator_settings":{"template":"highway","default_image_id":0,"font":"","enabled":false},"version":2}},"product_brand":[955],"product_cat":[557],"product_tag":[582],"class_list":{"0":"post-11340","1":"product","2":"type-product","3":"status-publish","4":"has-post-thumbnail","6":"product_brand-pharm-foot","7":"product_cat-ozone-oil-herbs-line","8":"product_tag-salt","9":"product_shipping_class-cardboard-box","10":"pa_size-1250-g","12":"first","13":"instock","14":"taxable","15":"shipping-taxable","16":"purchasable","17":"product-type-simple"},"jetpack_publicize_connections":[],"jetpack-related-posts":[{"id":11342,"url":"https:\/\/naillycosmetics.com\/fr\/produit\/best-pedicure-relaxing-salt-herbal-remedy\/","url_meta":{"origin":11340,"position":0},"title":"Pharm Foot Herbal reMEDY 500g (Ligne Ozone Oil &amp; Herbs)","author":"Serge Sahakian","date":"avril 13, 2023","format":false,"excerpt":"Le meilleur sel relaxant pour p\u00e9dicure. Pharm Foot Herbal reMEDY est un produit tr\u00e8s bien class\u00e9 en mati\u00e8re de soulagement.  Herbal reMEDY soulage les pieds fatigu\u00e9s et lourds et r\u00e9duit leur gonflement. Pour usage domestique - Capacit\u00e9 500g (environ 12 traitements) Sp\u00e9cifications des produits : \u00a0 \u00a0 \u00a0 \u00a0 \u00a0 \u00a0","rel":"","context":"Article similaire","block_context":{"text":"Article similaire","link":""},"img":{"alt_text":"Pharm Foot best pedicure relaxing salt Pharm Foot 500g","src":"https:\/\/i0.wp.com\/naillycosmetics.com\/wp-content\/uploads\/2026\/02\/pharm-foot-best-pedicure-relaxing-salt-pharm-foot-500g.webp?fit=750%2C1000&ssl=1&resize=350%2C200","width":350,"height":200,"srcset":"https:\/\/i0.wp.com\/naillycosmetics.com\/wp-content\/uploads\/2026\/02\/pharm-foot-best-pedicure-relaxing-salt-pharm-foot-500g.webp?fit=750%2C1000&ssl=1&resize=350%2C200 1x, https:\/\/i0.wp.com\/naillycosmetics.com\/wp-content\/uploads\/2026\/02\/pharm-foot-best-pedicure-relaxing-salt-pharm-foot-500g.webp?fit=750%2C1000&ssl=1&resize=525%2C300 1.5x, https:\/\/i0.wp.com\/naillycosmetics.com\/wp-content\/uploads\/2026\/02\/pharm-foot-best-pedicure-relaxing-salt-pharm-foot-500g.webp?fit=750%2C1000&ssl=1&resize=700%2C400 2x"},"classes":[]},{"id":11346,"url":"https:\/\/naillycosmetics.com\/fr\/produit\/best-soothing-pedicure-foam-ozone-herbs\/","url_meta":{"origin":11340,"position":1},"title":"Pharm Foot reLIEF MOUSSE 105ml (Ozone Oil &amp; Herbs Line)","author":"Serge Sahakian","date":"avril 13, 2023","format":false,"excerpt":"Pharm Foot reLIEF MOUSSE figure parmi les meilleures mousses de p\u00e9dicure apaisantes. Gr\u00e2ce \u00e0 ses propri\u00e9t\u00e9s r\u00e9g\u00e9n\u00e9ratrices, apaisantes et calmantes, reLIEF MOUSSE donne la sensation de jambes l\u00e9g\u00e8res et repos\u00e9es. Elle am\u00e9liore \u00e9galement l'\u00e9tat de la peau et la renforce, tout en la rafra\u00eechissant en douceur....","rel":"","context":"Article similaire","block_context":{"text":"Article similaire","link":""},"img":{"alt_text":"Pharm Foot Best Soothing Pedicure Foam Victoria VYNN","src":"https:\/\/i0.wp.com\/naillycosmetics.com\/wp-content\/uploads\/2026\/02\/pharm-foot-best-soothing-pedicure-foam-victoria-vynn-.webp?fit=750%2C1000&ssl=1&resize=350%2C200","width":350,"height":200,"srcset":"https:\/\/i0.wp.com\/naillycosmetics.com\/wp-content\/uploads\/2026\/02\/pharm-foot-best-soothing-pedicure-foam-victoria-vynn-.webp?fit=750%2C1000&ssl=1&resize=350%2C200 1x, https:\/\/i0.wp.com\/naillycosmetics.com\/wp-content\/uploads\/2026\/02\/pharm-foot-best-soothing-pedicure-foam-victoria-vynn-.webp?fit=750%2C1000&ssl=1&resize=525%2C300 1.5x, https:\/\/i0.wp.com\/naillycosmetics.com\/wp-content\/uploads\/2026\/02\/pharm-foot-best-soothing-pedicure-foam-victoria-vynn-.webp?fit=750%2C1000&ssl=1&resize=700%2C400 2x"},"classes":[]},{"id":11003,"url":"https:\/\/naillycosmetics.com\/fr\/produit\/pharm-foot-best-foot-bath-salts-1250g\/","url_meta":{"origin":11340,"position":2},"title":"Pharm Foot FRESH CRYSTALS 1250g (All in Line)","author":"Serge Sahakian","date":"mars 9, 2023","format":false,"excerpt":"Pharm Foot FRESH CRYSTALS - REFRESHING FOOT BATH SALT est nomm\u00e9 parmi les meilleurs sels de bain pour les pieds. Gr\u00e2ce \u00e0 ses propri\u00e9t\u00e9s rafra\u00eechissantes et relaxantes, FRESH CRYSTALS donne la sensation de jambes l\u00e9g\u00e8res et bien repos\u00e9es. Il am\u00e9liore \u00e9galement l'\u00e9tat de la peau et la renforce. A utiliser en salon...","rel":"","context":"Article similaire","block_context":{"text":"Article similaire","link":""},"img":{"alt_text":"Pharm Foot best foot bath salts refreshing crystals 1250g copy","src":"https:\/\/i0.wp.com\/naillycosmetics.com\/wp-content\/uploads\/2026\/02\/pharm-foot-best-foot-bath-salts-refreshinf-crystals-1250g-copy.webp?fit=750%2C1000&ssl=1&resize=350%2C200","width":350,"height":200,"srcset":"https:\/\/i0.wp.com\/naillycosmetics.com\/wp-content\/uploads\/2026\/02\/pharm-foot-best-foot-bath-salts-refreshinf-crystals-1250g-copy.webp?fit=750%2C1000&ssl=1&resize=350%2C200 1x, https:\/\/i0.wp.com\/naillycosmetics.com\/wp-content\/uploads\/2026\/02\/pharm-foot-best-foot-bath-salts-refreshinf-crystals-1250g-copy.webp?fit=750%2C1000&ssl=1&resize=525%2C300 1.5x, https:\/\/i0.wp.com\/naillycosmetics.com\/wp-content\/uploads\/2026\/02\/pharm-foot-best-foot-bath-salts-refreshinf-crystals-1250g-copy.webp?fit=750%2C1000&ssl=1&resize=700%2C400 2x"},"classes":[]},{"id":11344,"url":"https:\/\/naillycosmetics.com\/fr\/produit\/best-protective-pedicure-barrier-ointment\/","url_meta":{"origin":11340,"position":3},"title":"Pharm Foot PREVENTIC SALVE 75ml (Ozone Oil &amp; Herbs Line)","author":"Serge Sahakian","date":"avril 13, 2023","format":false,"excerpt":"Pharm Foot PREVENTIC SALVE figure parmi les meilleures pommades protectrices pour les pieds, la peau, les mains et le corps. Elle forme une couche occlusive qui prot\u00e8ge la peau de la perte d'humidit\u00e9 et des facteurs externes. En outre, il renforce et am\u00e9liore l'\u00e9tat de la peau. Pour les salons et l'usage domestique...","rel":"","context":"Article similaire","block_context":{"text":"Article similaire","link":""},"img":{"alt_text":"pharm foot best protective pedicure barrier ointment pharm foot","src":"https:\/\/i0.wp.com\/naillycosmetics.com\/wp-content\/uploads\/2026\/02\/pharm-foot-best-protective-pedicure-barrier-ointment-pharm-foot.webp?fit=750%2C1000&ssl=1&resize=350%2C200","width":350,"height":200,"srcset":"https:\/\/i0.wp.com\/naillycosmetics.com\/wp-content\/uploads\/2026\/02\/pharm-foot-best-protective-pedicure-barrier-ointment-pharm-foot.webp?fit=750%2C1000&ssl=1&resize=350%2C200 1x, https:\/\/i0.wp.com\/naillycosmetics.com\/wp-content\/uploads\/2026\/02\/pharm-foot-best-protective-pedicure-barrier-ointment-pharm-foot.webp?fit=750%2C1000&ssl=1&resize=525%2C300 1.5x, https:\/\/i0.wp.com\/naillycosmetics.com\/wp-content\/uploads\/2026\/02\/pharm-foot-best-protective-pedicure-barrier-ointment-pharm-foot.webp?fit=750%2C1000&ssl=1&resize=700%2C400 2x"},"classes":[]},{"id":10819,"url":"https:\/\/naillycosmetics.com\/fr\/produit\/ozon-guard-150ml-spray-for-foot-odor\/","url_meta":{"origin":11340,"position":4},"title":"Pharm Foot OZON GUARD 150ml (Ozone Oil Line)","author":"Serge Sahakian","date":"mars 1, 2023","format":false,"excerpt":"Pharm Foot OZONE GUARD - SPRAY PROTECTEUR \u00e0 l'huile d'olive ozon\u00e9e est vraiment le meilleur spray contre les odeurs de pieds. Caract\u00e9ris\u00e9 par ses propri\u00e9t\u00e9s antimicrobiennes et antibact\u00e9riennes, OZONE GUARD r\u00e9duit la transpiration et rafra\u00eechit les pieds. Ne dess\u00e8che pas la peau et peut \u00eatre utilis\u00e9 sur une peau s\u00e8che. Recommand\u00e9 pour les personnes...","rel":"","context":"Article similaire","block_context":{"text":"Article similaire","link":""},"img":{"alt_text":"pharm foot best spray for foot odor Ozone Guard 150ml","src":"https:\/\/i0.wp.com\/naillycosmetics.com\/wp-content\/uploads\/2026\/02\/pharm-foot-best-spray-for-foot-odor-ozone-guard-150ml-1-4.webp?fit=750%2C1000&ssl=1&resize=350%2C200","width":350,"height":200,"srcset":"https:\/\/i0.wp.com\/naillycosmetics.com\/wp-content\/uploads\/2026\/02\/pharm-foot-best-spray-for-foot-odor-ozone-guard-150ml-1-4.webp?fit=750%2C1000&ssl=1&resize=350%2C200 1x, https:\/\/i0.wp.com\/naillycosmetics.com\/wp-content\/uploads\/2026\/02\/pharm-foot-best-spray-for-foot-odor-ozone-guard-150ml-1-4.webp?fit=750%2C1000&ssl=1&resize=525%2C300 1.5x, https:\/\/i0.wp.com\/naillycosmetics.com\/wp-content\/uploads\/2026\/02\/pharm-foot-best-spray-for-foot-odor-ozone-guard-150ml-1-4.webp?fit=750%2C1000&ssl=1&resize=700%2C400 2x"},"classes":[]},{"id":10999,"url":"https:\/\/naillycosmetics.com\/fr\/produit\/pharm-foot-best-foot-antibacterial-spray\/","url_meta":{"origin":11340,"position":5},"title":"Pharm Foot SEPTI STARTER 300ml (All in Line)","author":"Serge Sahakian","date":"mars 9, 2023","format":false,"excerpt":"Pharm Foot SEPTI STARTER - REFRESHING SPRAY est class\u00e9 parmi les meilleures ventes de sprays antibact\u00e9riens pour les pieds. Gr\u00e2ce \u00e0 ses propri\u00e9t\u00e9s rafra\u00eechissantes et relaxantes, SEPTI STARTER procure une agr\u00e9able sensation de fra\u00eecheur.  En outre, il \u00e9limine les odeurs d\u00e9sagr\u00e9ables des pieds et tue les bact\u00e9ries. Pour utilisation en salon - Capacit\u00e9 300ml (environ 100...","rel":"","context":"Article similaire","block_context":{"text":"Article similaire","link":""},"img":{"alt_text":"Pharm Foot best foot antibacterial spray Septi Starter 300ml","src":"https:\/\/i0.wp.com\/naillycosmetics.com\/wp-content\/uploads\/2026\/02\/pharm-foot-best-foot-antibacterial-spray-septi-starter-300ml.webp?fit=750%2C1000&ssl=1&resize=350%2C200","width":350,"height":200,"srcset":"https:\/\/i0.wp.com\/naillycosmetics.com\/wp-content\/uploads\/2026\/02\/pharm-foot-best-foot-antibacterial-spray-septi-starter-300ml.webp?fit=750%2C1000&ssl=1&resize=350%2C200 1x, https:\/\/i0.wp.com\/naillycosmetics.com\/wp-content\/uploads\/2026\/02\/pharm-foot-best-foot-antibacterial-spray-septi-starter-300ml.webp?fit=750%2C1000&ssl=1&resize=525%2C300 1.5x, https:\/\/i0.wp.com\/naillycosmetics.com\/wp-content\/uploads\/2026\/02\/pharm-foot-best-foot-antibacterial-spray-septi-starter-300ml.webp?fit=750%2C1000&ssl=1&resize=700%2C400 2x"},"classes":[]}],"jetpack_sharing_enabled":true,"_links":{"self":[{"href":"https:\/\/naillycosmetics.com\/fr\/wp-json\/wp\/v2\/product\/11340","targetHints":{"allow":["GET"]}}],"collection":[{"href":"https:\/\/naillycosmetics.com\/fr\/wp-json\/wp\/v2\/product"}],"about":[{"href":"https:\/\/naillycosmetics.com\/fr\/wp-json\/wp\/v2\/types\/product"}],"replies":[{"embeddable":true,"href":"https:\/\/naillycosmetics.com\/fr\/wp-json\/wp\/v2\/comments?post=11340"}],"wp:featuredmedia":[{"embeddable":true,"href":"https:\/\/naillycosmetics.com\/fr\/wp-json\/wp\/v2\/media\/25411"}],"wp:attachment":[{"href":"https:\/\/naillycosmetics.com\/fr\/wp-json\/wp\/v2\/media?parent=11340"}],"wp:term":[{"taxonomy":"product_brand","embeddable":true,"href":"https:\/\/naillycosmetics.com\/fr\/wp-json\/wp\/v2\/product_brand?post=11340"},{"taxonomy":"product_cat","embeddable":true,"href":"https:\/\/naillycosmetics.com\/fr\/wp-json\/wp\/v2\/product_cat?post=11340"},{"taxonomy":"product_tag","embeddable":true,"href":"https:\/\/naillycosmetics.com\/fr\/wp-json\/wp\/v2\/product_tag?post=11340"}],"curies":[{"name":"wp","href":"https:\/\/api.w.org\/{rel}","templated":true}]}}