{"id":11324,"date":"2023-04-13T23:05:45","date_gmt":"2023-04-14T03:05:45","guid":{"rendered":"https:\/\/naillycosmetics.com\/product\/victoria-vynn-soft-gel-tips-set-with-long-coffin-tips\/"},"modified":"2026-02-18T13:43:54","modified_gmt":"2026-02-18T18:43:54","slug":"soft-gel-tips-long-coffin-kit","status":"publish","type":"product","link":"https:\/\/naillycosmetics.com\/fr\/produit\/soft-gel-tips-long-coffin-kit\/","title":{"rendered":"Victoria VYNN Set d'embouts en gel souple avec embouts longs en forme de cercueil"},"content":{"rendered":"<p>Le kit Soft Gel Tips Long Coffin comprend : Kit de pr\u00e9paration (de l'\u00e9tape 1 \u00e0 l'\u00e9tape 4) + Embouts longs (500 pi\u00e8ces) + Embouts en gel souple - Lampe LED<\/p>\n<p>M\u00e9thode rapide et innovante d'extension d'ongles en salon utilisant des pointes acryliques pr\u00e9form\u00e9es et l\u00e9g\u00e8rement satin\u00e9es. Elle se caract\u00e9rise par une application extr\u00eamement facile et l'aspect naturel des ongles rallong\u00e9s.<\/p>\n<div class=\"description\">\n<div class=\"title witle-width-2\">\n<p>Des pointes de gel pr\u00e9form\u00e9es qui offrent un aspect naturel et une application extr\u00eamement facile. Ils vous permettront de gagner du temps et la manucure que vous r\u00e9aliserez avec eux sera : rapide, r\u00e9sistante aux craquelures et d'un bel effet final.<\/p>\n<\/div>\n<\/div>","protected":false},"excerpt":{"rendered":"<p>Le kit Soft Gel Tips Long Coffin comprend : Kit de pr\u00e9paration (de l'\u00e9tape 1 \u00e0 l'\u00e9tape 4) + Embouts longs (500 pi\u00e8ces) + Embouts en gel souple - Lampe LED<\/p>\n<p>Sp\u00e9cifications du produit :<\/p>\n<p><a href=\"https:\/\/victoriavynn.ca\/wp-content\/uploads\/2019\/11\/SALON-QUALITY.webp\"><img loading=\"lazy\" decoding=\"async\" class=\"size-full wp-image-8772 alignleft\" src=\"https:\/\/victoriavynn.ca\/wp-content\/uploads\/2019\/11\/SALON-QUALITY.webp\" alt=\"GEL NAIL BUILDER\" width=\"125\" height=\"150\" \/><\/a> <img loading=\"lazy\" decoding=\"async\" class=\"size-medium wp-image-11514 alignleft\" src=\"https:\/\/victoriavynn.ca\/wp-content\/uploads\/2023\/04\/AVAILABLE-IN-DIFFERENT-SHAPES.webp\" alt=\"\" width=\"125\" height=\"150\" srcset=\"https:\/\/i0.wp.com\/naillycosmetics.com\/wp-content\/uploads\/2023\/04\/AVAILABLE-IN-DIFFERENT-SHAPES.webp?w=125&amp;ssl=1 125w, https:\/\/i0.wp.com\/naillycosmetics.com\/wp-content\/uploads\/2023\/04\/AVAILABLE-IN-DIFFERENT-SHAPES.webp?resize=10%2C12&amp;ssl=1 10w\" sizes=\"auto, (max-width: 125px) 100vw, 125px\" \/> <img loading=\"lazy\" decoding=\"async\" class=\"size-medium wp-image-11515 alignleft\" src=\"https:\/\/victoriavynn.ca\/wp-content\/uploads\/2023\/04\/STRONG-DURABLE.webp\" alt=\"\" width=\"125\" height=\"150\" srcset=\"https:\/\/i0.wp.com\/naillycosmetics.com\/wp-content\/uploads\/2023\/04\/STRONG-DURABLE.webp?w=125&amp;ssl=1 125w, https:\/\/i0.wp.com\/naillycosmetics.com\/wp-content\/uploads\/2023\/04\/STRONG-DURABLE.webp?resize=10%2C12&amp;ssl=1 10w\" sizes=\"auto, (max-width: 125px) 100vw, 125px\" \/> <img loading=\"lazy\" decoding=\"async\" class=\"size-medium wp-image-11516 alignleft\" src=\"https:\/\/victoriavynn.ca\/wp-content\/uploads\/2023\/04\/SOFT-GEL-NAIL-TIPS-FLEXIBLE.webp\" alt=\"\" width=\"125\" height=\"150\" srcset=\"https:\/\/i0.wp.com\/naillycosmetics.com\/wp-content\/uploads\/2023\/04\/SOFT-GEL-NAIL-TIPS-FLEXIBLE.webp?w=125&amp;ssl=1 125w, https:\/\/i0.wp.com\/naillycosmetics.com\/wp-content\/uploads\/2023\/04\/SOFT-GEL-NAIL-TIPS-FLEXIBLE.webp?resize=10%2C12&amp;ssl=1 10w\" sizes=\"auto, (max-width: 125px) 100vw, 125px\" \/><\/p>\n<p>&nbsp;<\/p>\n<p>&nbsp;<\/p>\n<p>&nbsp;<\/p>\n<p>&nbsp;<\/p>\n<p>&nbsp;<\/p>\n<p>&nbsp;<\/p>","protected":false},"featured_media":25489,"comment_status":"open","ping_status":"closed","template":"","meta":{"jetpack_post_was_ever_published":false,"jetpack_publicize_message":"","jetpack_publicize_feature_enabled":true,"jetpack_social_post_already_shared":false,"jetpack_social_options":{"image_generator_settings":{"template":"highway","default_image_id":0,"font":"","enabled":false},"version":2}},"product_brand":[932],"product_cat":[558],"product_tag":[562],"class_list":{"0":"post-11324","1":"product","2":"type-product","3":"status-publish","4":"has-post-thumbnail","6":"product_brand-victoria-vynn","7":"product_cat-soft-gel-nail-tips","8":"product_tag-bundles","9":"product_shipping_class-cardboard-box","11":"first","12":"instock","13":"taxable","14":"shipping-taxable","15":"purchasable","16":"product-type-simple"},"jetpack_publicize_connections":[],"jetpack-related-posts":[{"id":11310,"url":"https:\/\/naillycosmetics.com\/fr\/produit\/soft-gel-tips-long-coffin-500-pieces\/","url_meta":{"origin":11324,"position":0},"title":"Victoria VYNN Soft Gel Tips Long Coffin 500 Pieces","author":"Serge Sahakian","date":"avril 13, 2023","format":false,"excerpt":"Embouts en gel souple Long Coffin. Pointes de gel pr\u00e9form\u00e9es qui donnent un aspect naturel et permettent une application extr\u00eamement facile. L'emballage contient les tailles : 0-9. Sp\u00e9cifications du produit : \u00a0 \u00a0 \u00a0 \u00a0 \u00a0 \u00a0","rel":"","context":"Article similaire","block_context":{"text":"Article similaire","link":""},"img":{"alt_text":"soft gel tips long coffin tips","src":"https:\/\/i0.wp.com\/naillycosmetics.com\/wp-content\/uploads\/2026\/02\/soft-gel-tips-long-coffin-tips-1-3.webp?fit=750%2C1000&ssl=1&resize=350%2C200","width":350,"height":200,"srcset":"https:\/\/i0.wp.com\/naillycosmetics.com\/wp-content\/uploads\/2026\/02\/soft-gel-tips-long-coffin-tips-1-3.webp?fit=750%2C1000&ssl=1&resize=350%2C200 1x, https:\/\/i0.wp.com\/naillycosmetics.com\/wp-content\/uploads\/2026\/02\/soft-gel-tips-long-coffin-tips-1-3.webp?fit=750%2C1000&ssl=1&resize=525%2C300 1.5x, https:\/\/i0.wp.com\/naillycosmetics.com\/wp-content\/uploads\/2026\/02\/soft-gel-tips-long-coffin-tips-1-3.webp?fit=750%2C1000&ssl=1&resize=700%2C400 2x"},"classes":[]},{"id":11326,"url":"https:\/\/naillycosmetics.com\/fr\/produit\/soft-gel-tips-long-stiletto-kit\/","url_meta":{"origin":11324,"position":1},"title":"Victoria VYNN Set de pointes en gel souple avec longues pointes stiletto","author":"Serge Sahakian","date":"avril 13, 2023","format":false,"excerpt":"Le kit Soft Gel Tips Long Stiletto comprend : Kit de pr\u00e9paration (\u00e9tape 1 \u00e0 \u00e9tape 4) + pointes de stiletto longues (500 pi\u00e8ces) + pointes de gel souple Lampe LED Sp\u00e9cifications du produit : \u00a0 \u00a0 \u00a0 \u00a0 \u00a0 \u00a0","rel":"","context":"Article similaire","block_context":{"text":"Article similaire","link":""},"img":{"alt_text":"soft gel tips long stiletto kit","src":"https:\/\/i0.wp.com\/naillycosmetics.com\/wp-content\/uploads\/2026\/02\/soft-gel-tips-long-stiletto-kit-.webp?fit=750%2C1000&ssl=1&resize=350%2C200","width":350,"height":200,"srcset":"https:\/\/i0.wp.com\/naillycosmetics.com\/wp-content\/uploads\/2026\/02\/soft-gel-tips-long-stiletto-kit-.webp?fit=750%2C1000&ssl=1&resize=350%2C200 1x, https:\/\/i0.wp.com\/naillycosmetics.com\/wp-content\/uploads\/2026\/02\/soft-gel-tips-long-stiletto-kit-.webp?fit=750%2C1000&ssl=1&resize=525%2C300 1.5x, https:\/\/i0.wp.com\/naillycosmetics.com\/wp-content\/uploads\/2026\/02\/soft-gel-tips-long-stiletto-kit-.webp?fit=750%2C1000&ssl=1&resize=700%2C400 2x"},"classes":[]},{"id":11336,"url":"https:\/\/naillycosmetics.com\/fr\/produit\/victoria-vynn-soft-gel-tips-starter-kit\/","url_meta":{"origin":11324,"position":2},"title":"Kit de d\u00e9marrage Victoria VYNN Soft Gel Tips","author":"Serge Sahakian","date":"avril 13, 2023","format":false,"excerpt":"Le kit de d\u00e9marrage Soft Gel Tips comprend : Kit de pr\u00e9paration (\u00e9tape 1 \u00e0 \u00e9tape 4) + Tips Medium Almond (500 pi\u00e8ces) + Lampe LED Soft Gel Tips Sp\u00e9cifications du produit : \u00a0 \u00a0 \u00a0 \u00a0 \u00a0 \u00a0 \u00a0","rel":"","context":"Article similaire","block_context":{"text":"Article similaire","link":""},"img":{"alt_text":"Soft Gel Tips Starter Kit","src":"https:\/\/i0.wp.com\/naillycosmetics.com\/wp-content\/uploads\/2026\/02\/soft-gel-tips-starter-kit.webp?fit=750%2C1000&ssl=1&resize=350%2C200","width":350,"height":200,"srcset":"https:\/\/i0.wp.com\/naillycosmetics.com\/wp-content\/uploads\/2026\/02\/soft-gel-tips-starter-kit.webp?fit=750%2C1000&ssl=1&resize=350%2C200 1x, https:\/\/i0.wp.com\/naillycosmetics.com\/wp-content\/uploads\/2026\/02\/soft-gel-tips-starter-kit.webp?fit=750%2C1000&ssl=1&resize=525%2C300 1.5x, https:\/\/i0.wp.com\/naillycosmetics.com\/wp-content\/uploads\/2026\/02\/soft-gel-tips-starter-kit.webp?fit=750%2C1000&ssl=1&resize=700%2C400 2x"},"classes":[]}],"jetpack_sharing_enabled":true,"_links":{"self":[{"href":"https:\/\/naillycosmetics.com\/fr\/wp-json\/wp\/v2\/product\/11324","targetHints":{"allow":["GET"]}}],"collection":[{"href":"https:\/\/naillycosmetics.com\/fr\/wp-json\/wp\/v2\/product"}],"about":[{"href":"https:\/\/naillycosmetics.com\/fr\/wp-json\/wp\/v2\/types\/product"}],"replies":[{"embeddable":true,"href":"https:\/\/naillycosmetics.com\/fr\/wp-json\/wp\/v2\/comments?post=11324"}],"wp:featuredmedia":[{"embeddable":true,"href":"https:\/\/naillycosmetics.com\/fr\/wp-json\/wp\/v2\/media\/25489"}],"wp:attachment":[{"href":"https:\/\/naillycosmetics.com\/fr\/wp-json\/wp\/v2\/media?parent=11324"}],"wp:term":[{"taxonomy":"product_brand","embeddable":true,"href":"https:\/\/naillycosmetics.com\/fr\/wp-json\/wp\/v2\/product_brand?post=11324"},{"taxonomy":"product_cat","embeddable":true,"href":"https:\/\/naillycosmetics.com\/fr\/wp-json\/wp\/v2\/product_cat?post=11324"},{"taxonomy":"product_tag","embeddable":true,"href":"https:\/\/naillycosmetics.com\/fr\/wp-json\/wp\/v2\/product_tag?post=11324"}],"curies":[{"name":"wp","href":"https:\/\/api.w.org\/{rel}","templated":true}]}}